{"id":26691,"date":"2025-11-28T20:43:27","date_gmt":"2025-11-28T20:43:27","guid":{"rendered":"https:\/\/asura.lv\/product\/charger-skyrc-t100-2-x-50w\/"},"modified":"2025-12-12T14:46:20","modified_gmt":"2025-12-12T12:46:20","slug":"charger-skyrc-t100-2-x-50w","status":"publish","type":"product","link":"https:\/\/asura.lv\/et\/toode\/charger-skyrc-t100-2-x-50w\/","title":{"rendered":"Laadija SkyRC T100 2 x 50W"},"content":{"rendered":"<p><img decoding=\"async\" src=\"https:\/\/b2b.innpro.pl\/data\/include\/cms\/2Szymon\/SkyRC\/t100\/t100-1.jpg\" alt=\"2Szymon\/SkyRC\/t100\/t100-1\"><\/p>\n<h3>Kahekordne v\u00f5imsus ja mobiilsus<\/h3>\n<p>SkyRC T100 laadija on kahekanaliline laadija, mis suudab laadida v\u00f5i t\u00fchjendada k\u00f5iki levinumaid akut\u00fc\u00fcpe. Nutikas disain v\u00f5imaldab sujuvat \u00fchendust tasakaalustaja portide ja XT60 pistikuga. Laadija on v\u00e4ikese suurusega, kuid sellel on kuni 100 vatti v\u00f5imsust aku laadimiseks 5 ampri juures. Laadijal on ka AGM ja k\u00fclmlaadimise re\u017eiimid pliiakude ja AGM akude laadimiseks madalamatel temperatuuridel.<\/p>\n<p><img decoding=\"async\" src=\"https:\/\/b2b.innpro.pl\/data\/include\/cms\/2Szymon\/SkyRC\/t100\/t100-2.jpg\" alt=\"2Szymon\/SkyRC\/t100\/t100-2\"><\/p>\n<h3>Kaks laadimisahelat<\/h3>\n<p>T100 v\u00f5imaldab \u00fchendada kaks akut, misj\u00e4rel laeb see need nutikalt ja automaatselt maksimaalse mahutavusega. Akudel v\u00f5ivad olla erinevad spetsifikatsioonid ja need v\u00f5ivad olla t\u00e4iesti erinevat t\u00fc\u00fcpi.<\/p>\n<p><img decoding=\"async\" src=\"https:\/\/b2b.innpro.pl\/data\/include\/cms\/2Szymon\/SkyRC\/t100\/T100-3.jpg\" alt=\"2Szymon\/SkyRC\/t100\/T100-3\"><\/p>\n<h3>Universaalne XT60 pistik<\/h3>\n<p>T\u00e4nap\u00e4eval on T100 laadijasse sisse ehitatud k\u00f5ige populaarsem XT60 pistik, mis v\u00f5imaldab meil h\u00f5lpsalt \u00fchendada ja laadida tavaliselt kasutatavaid akusid. XT60 hoiab \u00e4ra vale polaarsuse probleemi ja tagab v\u00e4ga stabiilse \u00fchenduse.<\/p>\n<p><img decoding=\"async\" src=\"https:\/\/b2b.innpro.pl\/data\/include\/cms\/2Szymon\/SkyRC\/t100\/t100-6.jpg\" alt=\"2Szymon\/SkyRC\/t100\/t100-6\"><\/p>\n<h3>Suurem t\u00e4psus pinge lugemisel<\/h3>\n<p>Laadija tarkvara on \u00e4\u00e4rmiselt optimeeritud, v\u00f5imaldades aku pinget kuvada kuni kolme k\u00fcmnendkoha t\u00e4psusega. T100-ga on laadimise ajal v\u00f5imalik saavutada \u00e4\u00e4rmiselt t\u00e4pne pinge m\u00f5\u00f5tmine.<\/p>\n<p><img decoding=\"async\" src=\"https:\/\/b2b.innpro.pl\/data\/include\/cms\/2Szymon\/SkyRC\/t100\/t100-4.jpg\" alt=\"2Szymon\/SkyRC\/t100\/t100-4\"><\/p>\n<h3>AGM- ja k\u00fclmlaadimise re\u017eiimid<\/h3>\n<p>AGM-akud on vastupidavamad ja kergemad kui t\u00fc\u00fcpilised pliiakud. Kuigi m\u00f5lemal akut\u00fc\u00fcbil on samad p\u00f5hikomponendid, muudab nende keemiline struktuur nad v\u00e4ga erinevaks. Sel p\u00f5hjusel on T100-l AGM-akude laadimisre\u017eiim. \u00c4rge kunagi laadige AGM-akusid tavalise laadijaga Pb-re\u017eiimis. Lisaks on T100-l madalate temperatuuride jaoks optimeeritud K\u00dcLM re\u017eiim.<\/p>\n<p><img decoding=\"async\" src=\"https:\/\/b2b.innpro.pl\/data\/include\/cms\/2Szymon\/SkyRC\/t100\/t100-5.jpg\" alt=\"2Szymon\/SkyRC\/t100\/t100-5\"><\/p>\n<h3>Kaasas<\/h3>\n<ul>\n<li>T200 laadija<\/li>\n<li>Toitekaabel<\/li>\n<\/ul>\n<div class=\"table-wrapper\">\n<table>\n<tbody>\n<tr>\n<th>Toiteallikas<\/th>\n<td>Vahelduvvool 100\u2013240 V<\/td>\n<\/tr>\n<tr>\n<th>Laadimisv\u00f5imsus<\/th>\n<td>100 W (50 W x 2)<\/td>\n<\/tr>\n<tr>\n<th>T\u00fchjendamine v\u00f5imsus<\/th>\n<td>10W<\/td>\n<\/tr>\n<tr>\n<th>Aku t\u00fc\u00fcp<\/th>\n<td>LiPo\/LiIon\/LiFe\/LiHV 2-4S, NiMH\/NiCd 6-8S, Pb 6\/12V<\/td>\n<\/tr>\n<tr>\n<th>Aku mahtuvus LiPo\/LiIon\/LiFe\/LiHV 100-50000 mAh, NiMH \/ NiCd 100-50000 mAh, Pb 100-50000 mAh<\/th>\n<td>Laadimisvool<\/td>\n<\/tr>\n<tr>\n<th>0,1 &#8211; 5 A<\/th>\n<td>Laadimispinge LiPo:<\/td>\n<\/tr>\n<tr>\n<th>4,18-4,25V\/element, LiIon: 4,08\u20134,2 V\/element, LiFe: 3,58\u20133,7 V\/element LiHV: 4,25\u20134,5 V\/element, NiMH\/NiCD \u2013 Delta-Peak tuvastamine, Pb Normal: 2,4 V\/element, Pb AGM: 2,45 V, Pb Cold: 2,45 V<\/th>\n<td>LiPo t\u00fchjenduspinge:<\/td>\n<\/tr>\n<tr>\n<th>3,0\u20133,3 V\/element, LiIon: 2,9\u20133,2 V\/element, LiFe: 2,6\u20132,9 V\/element LiHV: 3,1\u20133,4 V\/element, NiMH\/NiCD \u2013 0,1\u20131,1 V\/element<\/th>\n<td>Tasakaalustaja<\/td>\n<\/tr>\n<tr>\n<th>2\u20134S<\/th>\n<td>Korpuse materjal <\/td>\n<\/tr>\n<tr>\n<th>Plast<\/th>\n<td>M\u00f5\u00f5tmed <\/td>\n<\/tr>\n<tr>\n<th>100 x 90 x 127 mm<\/th>\n<td>Kaal <\/td>\n<\/tr>\n<tr>\n<th>500 g<\/th>\n<td>Taimer <\/td>\n<\/tr>\n<tr>\n<th>1\u2013170 minutit<\/th>\n<td>T\u00f6\u00f6temperatuur <\/td>\n<\/tr>\n<tr>\n<th>0\u201340 \u00b0C<\/th>\n<td>Ekraan <\/td>\n<\/tr>\n<tr>\n<th>2&#215;16 LCD taustavalgustusega<\/th>\n<td>V\u00e4lised pordid<\/td>\n<\/tr>\n<tr>\n<th>Tasakaalustaja pistikupesa XH 2-4S, XT60 naine<\/th>\n<\/tbody>\n<\/table>\n<\/div>\n","protected":false},"excerpt":{"rendered":"<p>Kahekordne v\u00f5imsus ja mobiilsus SkyRC T100 laadija on kahekanaliline laadija, mis suudab laadida v\u00f5i t\u00fchjendada k\u00f5iki levinumaid akut\u00fc\u00fcpe. Nutikas disain v\u00f5imaldab sujuvat \u00fchendust tasakaalustaja portide ja XT60 pistikuga. Laadija on v\u00e4ikese suurusega, kuid sellel on kuni 100 vatti v\u00f5imsust aku laadimiseks 5 ampri juures. Laadijal on ka AGM ja k\u00fclmlaadimise re\u017eiimid pliiakude ja AGM akude [&#8230;]\n","protected":false},"featured_media":26692,"comment_status":"open","ping_status":"closed","template":"","meta":[],"product_brand":[82],"product_cat":[1437],"product_tag":[],"class_list":{"0":"post-26691","1":"product","2":"type-product","3":"status-publish","4":"has-post-thumbnail","6":"product_brand-skyrc","7":"product_cat-chargers","9":"first","10":"outofstock","11":"taxable","12":"shipping-taxable","13":"purchasable","14":"product-type-simple"},"aioseo_notices":[],"_links":{"self":[{"href":"https:\/\/asura.lv\/et\/wp-json\/wp\/v2\/product\/26691","targetHints":{"allow":["GET"]}}],"collection":[{"href":"https:\/\/asura.lv\/et\/wp-json\/wp\/v2\/product"}],"about":[{"href":"https:\/\/asura.lv\/et\/wp-json\/wp\/v2\/types\/product"}],"replies":[{"embeddable":true,"href":"https:\/\/asura.lv\/et\/wp-json\/wp\/v2\/comments?post=26691"}],"wp:featuredmedia":[{"embeddable":true,"href":"https:\/\/asura.lv\/et\/wp-json\/wp\/v2\/media\/26692"}],"wp:attachment":[{"href":"https:\/\/asura.lv\/et\/wp-json\/wp\/v2\/media?parent=26691"}],"wp:term":[{"taxonomy":"product_brand","embeddable":true,"href":"https:\/\/asura.lv\/et\/wp-json\/wp\/v2\/product_brand?post=26691"},{"taxonomy":"product_cat","embeddable":true,"href":"https:\/\/asura.lv\/et\/wp-json\/wp\/v2\/product_cat?post=26691"},{"taxonomy":"product_tag","embeddable":true,"href":"https:\/\/asura.lv\/et\/wp-json\/wp\/v2\/product_tag?post=26691"}],"curies":[{"name":"wp","href":"https:\/\/api.w.org\/{rel}","templated":true}]}}