{"id":26781,"date":"2025-11-28T20:43:21","date_gmt":"2025-11-28T20:43:21","guid":{"rendered":"https:\/\/asura.lv\/product\/ruigpro-360%d0%b2-strap-mount-for-dji-osmo-action\/"},"modified":"2025-12-12T14:46:13","modified_gmt":"2025-12-12T12:46:13","slug":"ruigpro-360%d0%b2-strap-mount-for-dji-osmo-action","status":"publish","type":"product","link":"https:\/\/asura.lv\/et\/toode\/ruigpro-360%d0%b2-strap-mount-for-dji-osmo-action\/","title":{"rendered":"RUIGPRO 360\u00b0 rihmakinnitus DJI Osmo Actionile"},"content":{"rendered":"<h3>RUIGPRO 360\u00b0 rihmakinnitus DJI Osmo Actionile<\/h3>\n<p>Kinnitus \u00fchildub DJI Osmo Actioniga. Kinnitage kaamera kindlalt seljakoti, vesti v\u00f5i v\u00f6\u00f6 k\u00fclge. Tugevama topeltvedruga on kinnituse keskosa stabiilsem ja l\u00f6\u00f6gikindlam. Alusel on 360\u00b0 p\u00f6\u00f6rlemisv\u00f5imalus, mis pakub teile veelgi suuremat mugavust ja valikuv\u00f5imalusi selle kasutamisel.<\/p>\n<p>\n<img decoding=\"async\" alt=\"\" border=\"0\" src=\"https:\/\/assets.innpro.pl\/14729\/18457\/DCA6908-1.jpg\"\/>\n<\/p>\n<div class=\"table-wrapper\">\n<p>B\u00a0<\/p>\n<h3><\/h3>\n<table>\n<tbody>\n<tr>\n<th>Mudel<\/th>\n<td>DCA6908<\/td>\n<\/tr>\n<tr>\n<th>M\u00f5\u00f5tmed<\/th>\n<td>85 mm x 48 mm x 52 mm<\/td>\n<\/tr>\n<tr>\n<th>Kaal<\/th>\n<td>70 g<\/td>\n<\/tr>\n<tr>\n<th>\u00dchilduvus<\/th>\n<td>DJI Osmo Action<\/td>\n<\/tr>\n<\/tbody>\n<\/table>\n<\/div>\n","protected":false},"excerpt":{"rendered":"<p>RUIGPRO 360\u00b0 rihmakinnitus DJI Osmo Actionile Kinnitus \u00fchildub DJI Osmo Actioniga. Kinnitage kaamera kindlalt seljakoti, vesti v\u00f5i v\u00f6\u00f6 k\u00fclge. Tugevama topeltvedruga on kinnituse keskosa stabiilsem ja l\u00f6\u00f6gikindlam. Alusel on 360\u00b0 p\u00f6\u00f6rlemisv\u00f5imalus, mis pakub teile veelgi suuremat mugavust ja valikuv\u00f5imalusi selle kasutamisel. B\u00a0 Mudel DCA6908 M\u00f5\u00f5tmed 85 mm x 48 mm x 52 mm Kaal 70 [&#8230;]\n","protected":false},"featured_media":26782,"comment_status":"open","ping_status":"closed","template":"","meta":[],"product_brand":[149],"product_cat":[936],"product_tag":[],"class_list":{"0":"post-26781","1":"product","2":"type-product","3":"status-publish","4":"has-post-thumbnail","6":"product_brand-puluz","7":"product_cat-for-sports-cameras","9":"first","10":"outofstock","11":"taxable","12":"shipping-taxable","13":"purchasable","14":"product-type-simple"},"aioseo_notices":[],"_links":{"self":[{"href":"https:\/\/asura.lv\/et\/wp-json\/wp\/v2\/product\/26781","targetHints":{"allow":["GET"]}}],"collection":[{"href":"https:\/\/asura.lv\/et\/wp-json\/wp\/v2\/product"}],"about":[{"href":"https:\/\/asura.lv\/et\/wp-json\/wp\/v2\/types\/product"}],"replies":[{"embeddable":true,"href":"https:\/\/asura.lv\/et\/wp-json\/wp\/v2\/comments?post=26781"}],"wp:featuredmedia":[{"embeddable":true,"href":"https:\/\/asura.lv\/et\/wp-json\/wp\/v2\/media\/26782"}],"wp:attachment":[{"href":"https:\/\/asura.lv\/et\/wp-json\/wp\/v2\/media?parent=26781"}],"wp:term":[{"taxonomy":"product_brand","embeddable":true,"href":"https:\/\/asura.lv\/et\/wp-json\/wp\/v2\/product_brand?post=26781"},{"taxonomy":"product_cat","embeddable":true,"href":"https:\/\/asura.lv\/et\/wp-json\/wp\/v2\/product_cat?post=26781"},{"taxonomy":"product_tag","embeddable":true,"href":"https:\/\/asura.lv\/et\/wp-json\/wp\/v2\/product_tag?post=26781"}],"curies":[{"name":"wp","href":"https:\/\/api.w.org\/{rel}","templated":true}]}}