{"id":26871,"date":"2025-11-28T20:43:11","date_gmt":"2025-11-28T20:43:11","guid":{"rendered":"https:\/\/asura.lv\/product\/double-shoulder-harness-puluz-for-cameras-pu6002\/"},"modified":"2025-12-12T14:46:06","modified_gmt":"2025-12-12T12:46:06","slug":"double-shoulder-harness-puluz-for-cameras-pu6002","status":"publish","type":"product","link":"https:\/\/asura.lv\/et\/toode\/double-shoulder-harness-puluz-for-cameras-pu6002\/","title":{"rendered":"Puluz kaameratele m\u00f5eldud topelt\u00f5larihm PU6002"},"content":{"rendered":"<p><img decoding=\"async\" src=\"https:\/\/b2b.innpro.eu\/data\/include\/cms\/Blazej-grafiki\/rozne\/1.png\"><\/p>\n<h3>Praktilised fotograafide tugisidemed<\/h3>\n<p>Kvaliteetsest nailonist valmistatud fototugesid on \u00e4\u00e4rmiselt vastupidavad. Need v\u00f5imaldavad teil korraga kanda kahte kaamerat. Saate kaamerad h\u00f5lpsalt ja kiiresti eemaldada ning alati kasutada seda, mida just vajate. T\u00e4nu kvaliteetse vahu kasutamisele on tugisidemed \u00e4\u00e4rmiselt mugavad ja k\u00e4ep\u00e4rased kanda isegi mitu tundi j\u00e4rjest. Need jaotavad kaamera raskuse \u00fchtlaselt, ilma et teie selgroog oleks koormatud.<\/p>\n<p><img decoding=\"async\" src=\"https:\/\/b2b.innpro.eu\/data\/include\/cms\/5przemek\/Puluz\/PU6002\/PU6002_6.jpg\"><\/p>\n<h3>Universaalsed<\/h3>\n<p>Need v\u00f5imaldavad teil kasutada \u00fchte kahest kaamerast, samal ajal kui teine \u200b\u200bj\u00e4\u00e4b vabalt paigale. T\u00e4nu juhtmestiku mitmek\u00fclgsusele saab seda kasutada enamiku turul olevate peegelkaameratega.<\/p>\n<p><img decoding=\"async\" src=\"https:\/\/b2b.innpro.eu\/data\/include\/cms\/5przemek\/Puluz\/PU6002\/PU6002_7.jpg\"><\/p>\n<h3>Komplektis:<\/h3>\n<ul>\n<li>1 juhtmestik<\/li>\n<\/ul>\n<div class=\"table-wrapper\">\n<table>\n<tbody>\n<tr>\n<th>Mudel<\/th>\n<td>PU6002<\/td>\n<\/tr>\n<\/tbody>\n<\/table>\n<\/div>\n","protected":false},"excerpt":{"rendered":"<p>Praktilised fotograafide tugisidemed Kvaliteetsest nailonist valmistatud fototugesid on \u00e4\u00e4rmiselt vastupidavad. Need v\u00f5imaldavad teil korraga kanda kahte kaamerat. Saate kaamerad h\u00f5lpsalt ja kiiresti eemaldada ning alati kasutada seda, mida just vajate. T\u00e4nu kvaliteetse vahu kasutamisele on tugisidemed \u00e4\u00e4rmiselt mugavad ja k\u00e4ep\u00e4rased kanda isegi mitu tundi j\u00e4rjest. Need jaotavad kaamera raskuse \u00fchtlaselt, ilma et teie selgroog oleks [&#8230;]\n","protected":false},"featured_media":26872,"comment_status":"open","ping_status":"closed","template":"","meta":[],"product_brand":[149],"product_cat":[1044],"product_tag":[],"class_list":{"0":"post-26871","1":"product","2":"type-product","3":"status-publish","4":"has-post-thumbnail","6":"product_brand-puluz","7":"product_cat-straps-mounts-and-holders","9":"first","10":"outofstock","11":"taxable","12":"shipping-taxable","13":"purchasable","14":"product-type-simple"},"aioseo_notices":[],"_links":{"self":[{"href":"https:\/\/asura.lv\/et\/wp-json\/wp\/v2\/product\/26871","targetHints":{"allow":["GET"]}}],"collection":[{"href":"https:\/\/asura.lv\/et\/wp-json\/wp\/v2\/product"}],"about":[{"href":"https:\/\/asura.lv\/et\/wp-json\/wp\/v2\/types\/product"}],"replies":[{"embeddable":true,"href":"https:\/\/asura.lv\/et\/wp-json\/wp\/v2\/comments?post=26871"}],"wp:featuredmedia":[{"embeddable":true,"href":"https:\/\/asura.lv\/et\/wp-json\/wp\/v2\/media\/26872"}],"wp:attachment":[{"href":"https:\/\/asura.lv\/et\/wp-json\/wp\/v2\/media?parent=26871"}],"wp:term":[{"taxonomy":"product_brand","embeddable":true,"href":"https:\/\/asura.lv\/et\/wp-json\/wp\/v2\/product_brand?post=26871"},{"taxonomy":"product_cat","embeddable":true,"href":"https:\/\/asura.lv\/et\/wp-json\/wp\/v2\/product_cat?post=26871"},{"taxonomy":"product_tag","embeddable":true,"href":"https:\/\/asura.lv\/et\/wp-json\/wp\/v2\/product_tag?post=26871"}],"curies":[{"name":"wp","href":"https:\/\/api.w.org\/{rel}","templated":true}]}}