{"id":26949,"date":"2025-11-29T00:15:00","date_gmt":"2025-11-29T00:15:00","guid":{"rendered":"https:\/\/asura.lv\/product\/1-zone-hose-timer-rainpoint-itv105\/"},"modified":"2025-12-12T15:22:50","modified_gmt":"2025-12-12T13:22:50","slug":"1-zone-hose-timer-rainpoint-itv105","status":"publish","type":"product","link":"https:\/\/asura.lv\/et\/toode\/1-zone-hose-timer-rainpoint-itv105\/","title":{"rendered":"1-tsooniline vooliku taimer Rainpoint ITV105"},"content":{"rendered":"<h3>1-tsooniline vooliku taimer Rainpoint ITV105<\/h3>\n<p>RainPoint ITV105 1-tsooniline niisutuskontroller v\u00f5imaldab teil oma aia kastmist t\u00e4pselt hallata. Suur LCD-ekraan (vedelkristallekraan) muudab seadistamise lihtsaks, samas kui ketas ja nupud v\u00f5imaldavad teil kiiresti seadistada kastmise algusaja, pikkuse ja sageduse. Valida on erinevate ts\u00fckliliste re\u017eiimide vahel. Kastmist on v\u00f5imalik k\u00e4sitsi alustada ilma ajakava muutmata. Sisseehitatud metallfilter, tugevdatud korpus ja IP65 (rahvusvaheline kaitsereiting &#8211; kaitse tolmu ja veejoa eest) veekindluse klass tagavad vastupidavuse ja ilmastikukindluse.<\/p>\n<p>\n<img decoding=\"async\" alt=\"Sterownik nawadniania zamontowany na kranie obok tryskaj\u0414\u2026cego zraszacza ogrodowego\" border=\"0\" src=\"https:\/\/assets.innpro.pl\/17647\/23398\/1.jpg\"\/>\n<\/p>\n<h3>Paindlikud ajakavad<\/h3>\n<p>Seade v\u00f5imaldab teil seadistada kastmise iga 1-12 tunni v\u00f5i iga 1-7 p\u00e4eva j\u00e4rel. See v\u00f5imaldab teil kohandada ts\u00fckleid nii sagedast kastmist vajavate kui ka p\u00f5uakindlamate taimede jaoks, v\u00e4hendades samal ajal veetarbimist.<\/p>\n<p>\n<img decoding=\"async\" alt=\"Sterownik nawadniania podczas deszczu w ogrodzie.\" border=\"0\" src=\"https:\/\/assets.innpro.pl\/17647\/23398\/7.jpg\"\/>\n<\/p>\n<h3>Reguleeritav kastmise kestus<\/h3>\n<p>Kastmise kestust saab seadistada 1 minutist kuni 3 tunni ja 59 minutini. See lahendus tagab kontrolli aeda antava vee hulga \u00fcle, aidates v\u00e4ltida \u00fclekastmist ja mulla \u00fclek\u00fcllastumist.<\/p>\n<p>\n<img alt=\"K\u00e4sitsi kastmise funktsioon ei sega seatud ajakava, mis on kasulik ajutise veevajaduse korral. Samuti on v\u00f5imalik kastmist vihma korral edasi l\u00fckata - 24, 48 v\u00f5i 72 tunni v\u00f5rra. See aitab teil v\u00e4ltida taimede \u00fclekastmist.<\/p>\n<p>\n<img decoding=\"async\" alt=\"Sterownik nawadniania zamontowany na kranie, w tle para podlewaj\u0414\u2026ca ogr\u0413\u0456d.\" border=\"0\" src=\"https:\/\/assets.innpro.pl\/17647\/23398\/6.jpg\"\/>\n<\/p>\n<h3>Lihtsalt loetav ekraan<\/h3>\n<p>Suur taustvalgustusega LCD-ekraan n\u00e4itab praeguseid seadeid, muutes programmeerimise lihtsaks isegi h\u00e4maras. Juhtimine toimub intuitiivse valikuketta ja nuppude abil.<\/p>\n<p>\n<img decoding=\"async\" alt=\"Zbli\u0415\u0458enie na sterownik nawadniania z wy\u0415\u203awietlaczem\" border=\"0\" src=\"https:\/\/assets.innpro.pl\/17647\/23398\/2.jpg\"\/>\n<\/p>\n<h3>Suur vastupidavus ja tihedus<\/h3>\n<p>Kontrolleril on sisseehitatud metallfilter, lekkekindel tihend ja tugevdatud konstruktsioonielemendid. Seade talub kuni 8 baari r\u00f5hku ja on veekindel vastavalt IP65 standardile, tagades ohutu kasutamise tavalistes aiatingimustes.<\/p>\n<p>\n<img decoding=\"async\" alt=\"Sterownik nawadniania na \u0415\u203acianie obok doniczki z ro\u0415\u203alinami\" border=\"0\" src=\"https:\/\/assets.innpro.pl\/17647\/23398\/5.jpg\"\/>\n<\/p>\n<h3>Komplektis:<\/h3>\n<ul class=\"list-disc pl-5\">\n<li>1-tsooniline niisutuskontroller<\/li>\n<li>Tihendusteip<\/li>\n<li>Tihend<\/li>\n<li>Kiirjuhend<\/li>\n<li>Kasutusjuhend<\/li>\n<\/ul>\n<div class=\"table-wrapper\">\n<p>\u0412\u00a0<\/p>\n<h3><\/h3>\n<table>\n<tbody>\n<tr>\n<th>Tootja<\/th>\n<td>RainPoint<\/td>\n<\/tr>\n<tr>\n<th>Mudel<\/th>\n<td>ITV105<\/td>\n<\/tr>\n<tr>\n<th>T\u00f6\u00f6r\u00f5hk<\/th>\n<td>0,5\u20138 baari<\/td>\n<\/tr>\n<tr>\n<th>Maksimaalne vooluhulk<\/th>\n<td>35 l\/min<\/td>\n<\/tr>\n<tr>\n<th>Veekindluse klass<\/th>\n<td>IP65<\/td>\n<\/tr>\n<tr>\n<th>T\u00f6\u00f6temperatuuri vahemik<\/th>\n<td>3 \u00b0C &#8211; 50 \u00b0C<\/td>\n<\/tr>\n<tr>\n<th>Kastmissagedus<\/th>\n<td>Iga 1\u201312 tunni v\u00f5i iga 1\u20137 p\u00e4eva j\u00e4rel<\/td>\n<\/tr>\n<tr>\n<th>Kastmise kestus<\/th>\n<td>1 minutist kuni 3 tundi 59 minutit<\/td>\n<\/tr>\n<tr>\n<th>Vee sisselaskeava<\/th>\n<td>BSP (Briti standardtoru keermega) 3\/4&#8243; v\u00f5i 1&#8243; kraanile<\/td>\n<\/tr>\n<tr>\n<th>Vee v\u00e4ljalaskeava<\/th>\n<td>3\/4&#8243; aiavoolikule<\/td>\n<\/tr>\n<tr>\n<th>Toiteallikas<\/th>\n<td>2\u0413 \u2014 AA patareid (1,5 V, ei kuulu komplekti)<\/td>\n<\/tr>\n<\/tbody>\n<\/table>\n<\/div>\n","protected":false},"excerpt":{"rendered":"<p>1-tsooniline vooliku taimer Rainpoint ITV105 RainPoint ITV105 1-tsooniline niisutuskontroller v\u00f5imaldab teil oma aia kastmist t\u00e4pselt hallata. Suur LCD-ekraan (vedelkristallekraan) muudab seadistamise lihtsaks, samas kui ketas ja nupud v\u00f5imaldavad teil kiiresti seadistada kastmise algusaja, pikkuse ja sageduse. Valida on erinevate ts\u00fckliliste re\u017eiimide vahel. Kastmist on v\u00f5imalik k\u00e4sitsi alustada ilma ajakava muutmata. Sisseehitatud metallfilter, tugevdatud korpus ja [&#8230;]\n","protected":false},"featured_media":26950,"comment_status":"open","ping_status":"closed","template":"","meta":[],"product_brand":[781],"product_cat":[1086],"product_tag":[],"class_list":{"0":"post-26949","1":"product","2":"type-product","3":"status-publish","4":"has-post-thumbnail","6":"product_brand-rainpoint","7":"product_cat-irrigation-systems","9":"first","10":"outofstock","11":"taxable","12":"shipping-taxable","13":"purchasable","14":"product-type-simple"},"aioseo_notices":[],"_links":{"self":[{"href":"https:\/\/asura.lv\/et\/wp-json\/wp\/v2\/product\/26949","targetHints":{"allow":["GET"]}}],"collection":[{"href":"https:\/\/asura.lv\/et\/wp-json\/wp\/v2\/product"}],"about":[{"href":"https:\/\/asura.lv\/et\/wp-json\/wp\/v2\/types\/product"}],"replies":[{"embeddable":true,"href":"https:\/\/asura.lv\/et\/wp-json\/wp\/v2\/comments?post=26949"}],"wp:featuredmedia":[{"embeddable":true,"href":"https:\/\/asura.lv\/et\/wp-json\/wp\/v2\/media\/26950"}],"wp:attachment":[{"href":"https:\/\/asura.lv\/et\/wp-json\/wp\/v2\/media?parent=26949"}],"wp:term":[{"taxonomy":"product_brand","embeddable":true,"href":"https:\/\/asura.lv\/et\/wp-json\/wp\/v2\/product_brand?post=26949"},{"taxonomy":"product_cat","embeddable":true,"href":"https:\/\/asura.lv\/et\/wp-json\/wp\/v2\/product_cat?post=26949"},{"taxonomy":"product_tag","embeddable":true,"href":"https:\/\/asura.lv\/et\/wp-json\/wp\/v2\/product_tag?post=26949"}],"curies":[{"name":"wp","href":"https:\/\/api.w.org\/{rel}","templated":true}]}}