{"id":27057,"date":"2025-11-29T00:14:49","date_gmt":"2025-11-29T00:14:49","guid":{"rendered":"https:\/\/asura.lv\/product\/elegoo-pla-filament-orange\/"},"modified":"2025-12-12T15:22:36","modified_gmt":"2025-12-12T13:22:36","slug":"elegoo-pla-filament-orange","status":"publish","type":"product","link":"https:\/\/asura.lv\/et\/toode\/elegoo-pla-filament-orange\/","title":{"rendered":"ELEGOO PLA+ filament (oran\u017e)"},"content":{"rendered":"<h3>ELEGOO PLA+ filament (oran\u017e)<\/h3>\n<p>Oran\u017e ELEGOO filament on suurep\u00e4rane valik neile, kes otsivad intensiivseid ja k\u00fcllastunud v\u00e4rve. Materjalil on sile pind ja see tagab k\u00f5rge prindidetailsuse, mis sobib h\u00e4sti nii protot\u00fc\u00fcpide kui ka kaunistuste jaoks. See p\u00f5hineb PLA+-l (pol\u00fclaktiid pluss &#8211; taimset p\u00e4ritolu biolagunev materjal, rikastatud vastupidavuse suurendamiseks m\u00f5eldud lisanditega). Pool sisaldab 1 kg filamenti.<\/p>\n<p>\n<img decoding=\"async\" alt=\" Drukarka 3D ELEGOO na drewnianym stola obok kolorowych szpul filamentu w r\u0413\u0456\u0415\u0458nych kolorach\" border=\"0\" src=\"https:\/\/assets.innpro.pl\/17575\/23289\/3.jpg\"\/>\n<\/p>\n<h3>Vastupidavus ja t\u00e4psus<\/h3>\n<p>Suurema pragunemiskindluse ja parema kihilise konsistentsiga on PLA+ vastupidavam kui tavaline PLA, kuid samas sama lihtne printida. J\u00e4rjepidev l\u00e4bim\u00f5\u00f5t 1,75 mm ja m\u00f5\u00f5tmete t\u00e4psus \u00b1 0,02 mm tagavad sujuva materjali etteande ja v\u00e4iksema ummistuste ohu. Sile pind ja hea soojusjuhtivus tagavad isegi keerukamate mudelite puhta ja deformatsioonita printimise.<\/p>\n<p>\n<img decoding=\"async\" alt=\"Kaks ELEGOO kiudfilamenti v\u00e4rviliste pomara\u0415\u201eczowym\" border=\"0\" src=\"https:\/\/assets.innpro.pl\/17575\/23289\/2.jpg\"\/>\n<\/p>\n<h3>Mugavus ja \u00fchilduvus<\/h3>\n<p>Materjal on \u00fchtlaselt keritud ja k\u00e4sitsi kontrollitud, v\u00e4hendades sasipuntrate ohtu. Kogu asi on vaakumpakendatud niiskuseimajaga, nii et p\u00e4rast avamist saate kohe printima hakata. Toode sobib enamiku FDM-printeritega (Fused Deposition Modeling &#8211; 3D-printimistehnoloogia, mille puhul materjal sulatatakse ja kantakse kihtidena peale), mis toetavad 1,75 mm filamenti.<\/p>\n<p>\n<img decoding=\"async\" alt=\" 3D-filamendi v\u00e4rviline ost kahe kihiga \" border=\"0\" src=\"https:\/\/assets.innpro.pl\/17575\/23289\/4.jpg\"\/>\n<\/p>\n<div class=\"table-wrapper\">\n<p>\u00a0<\/p>\n<h3>\u00dcldine<\/h3>\n<table>\n<tbody>\n<tr>\n<th>Tootja<\/th>\n<td>ELEGOO<\/td>\n<\/tr>\n<tr>\n<th>Mudel<\/th>\n<td>50.203.0073<\/td>\n<\/tr>\n<tr>\n<th>V\u00e4rv<\/th>\n<td>Oran\u017e<\/td>\n<\/tr>\n<tr>\n<th>Kaal<\/th>\n<td>1 kg<\/td>\n<\/tr>\n<\/tbody>\n<\/table>\n<p>\u00a0<\/p>\n<h3>Soovitatavad printimisseaded<\/h3>\n<table>\n<tbody>\n<tr>\n<th>Kuivamisseaded enne printimist<\/th>\n<td>55 \u00b1 5 \u00b0C<\/td>\n<\/tr>\n<tr>\n<th>\u00dcmbritseva \u00f5hu temperatuur ja niiskus<\/th>\n<td>\u2264 50 \u00b0C, \u2264 20% suhteline \u00f5huniiskus (hoiustada koos niiskuseimajaga)<\/td>\n<\/tr>\n<tr>\n<th>D\u00fc\u00fcsi temperatuur<\/th>\n<td>200\u2013230 \u00b0C<\/td>\n<\/tr>\n<tr>\n<th>Laua temperatuur (s\u00f5ltuvalt printerist ja pinnast)<\/th>\n<td>35\u201365 \u00b0C<\/td>\n<\/tr>\n<tr>\n<th>T\u00f6\u00f6pinna t\u00fc\u00fcp<\/th>\n<td>Tekstureeritud PEI (pol\u00fceeterimiid \u2013 vastupidav materjal, mis hoiab prinditud kujutisi h\u00e4sti) v\u00f5i muud \u00fchilduvad plaadid<\/td>\n<\/tr>\n<tr>\n<th>Tr\u00fckikiirus<\/th>\n<td>V\u00e4hem kui 280 mm\/s<\/td>\n<\/tr>\n<\/tbody>\n<\/table>\n<p>\u0412\u00a0<\/p>\n<h3>F\u00fc\u00fcsikalised omadused<\/h3>\n<table>\n<tbody>\n<tr>\n<th>Tihedus<\/th>\n<td>1,30 g\/cm\u00b2<\/td>\n<\/tr>\n<tr>\n<th>Sulamistemperatuur punkt<\/th>\n<td>161 \u00b0C<\/td>\n<\/tr>\n<tr>\n<th>Paindetemperatuur koormuse all<\/th>\n<td>56 \u00b0C<\/td>\n<\/tr>\n<tr>\n<th>Pehmenemistemperatuur (Vicat&#8217;i test)<\/th>\n<td>63 \u00b0C<\/td>\n<\/tr>\n<\/tbody>\n<\/table>\n<p>\u0412\u00a0<\/p>\n<h3>Mehaanilised omadused<\/h3>\n<table>\n<tbody>\n<tr>\n<th>T\u00f5mbetugevus (XY &#8211; m\u00f5\u00f5tmine tehakse tr\u00fcki horisontaaltasapinnal, kus materjal on k\u00f5ige tugevam)<\/th>\n<td>38 \u00b1 2 MPa<\/td>\n<\/tr>\n<tr>\n<th>Pikenemine katkemiseni (XY)<\/th>\n<td>7,9% \u00b1 1,6%<\/td>\n<\/tr>\n<tr>\n<th>Paindetugevus (XY)<\/th>\n<td>74 \u00b1 4 MPa<\/td>\n<\/tr>\n<tr>\n<th>Paindemoodul (XY)<\/th>\n<td>2979 \u00b1 156 MPa<\/td>\n<\/tr>\n<tr>\n<th>L\u00f6\u00f6gitugevus (XY)<\/th>\n<td>65,5 \u00b1 3,6 kJ\/m\u00b2<\/td>\n<\/tr>\n<\/tbody>\n<\/table>\n<\/div>\n","protected":false},"excerpt":{"rendered":"<p>ELEGOO PLA+ filament (oran\u017e) Oran\u017e ELEGOO filament on suurep\u00e4rane valik neile, kes otsivad intensiivseid ja k\u00fcllastunud v\u00e4rve. Materjalil on sile pind ja see tagab k\u00f5rge prindidetailsuse, mis sobib h\u00e4sti nii protot\u00fc\u00fcpide kui ka kaunistuste jaoks. See p\u00f5hineb PLA+-l (pol\u00fclaktiid pluss &#8211; taimset p\u00e4ritolu biolagunev materjal, rikastatud vastupidavuse suurendamiseks m\u00f5eldud lisanditega). Pool sisaldab 1 kg filamenti. [&#8230;]\n","protected":false},"featured_media":27058,"comment_status":"open","ping_status":"closed","template":"","meta":[],"product_brand":[694],"product_cat":[975],"product_tag":[],"class_list":{"0":"post-27057","1":"product","2":"type-product","3":"status-publish","4":"has-post-thumbnail","6":"product_brand-elegoo","7":"product_cat-filaments","9":"first","10":"outofstock","11":"taxable","12":"shipping-taxable","13":"purchasable","14":"product-type-simple"},"aioseo_notices":[],"_links":{"self":[{"href":"https:\/\/asura.lv\/et\/wp-json\/wp\/v2\/product\/27057","targetHints":{"allow":["GET"]}}],"collection":[{"href":"https:\/\/asura.lv\/et\/wp-json\/wp\/v2\/product"}],"about":[{"href":"https:\/\/asura.lv\/et\/wp-json\/wp\/v2\/types\/product"}],"replies":[{"embeddable":true,"href":"https:\/\/asura.lv\/et\/wp-json\/wp\/v2\/comments?post=27057"}],"wp:featuredmedia":[{"embeddable":true,"href":"https:\/\/asura.lv\/et\/wp-json\/wp\/v2\/media\/27058"}],"wp:attachment":[{"href":"https:\/\/asura.lv\/et\/wp-json\/wp\/v2\/media?parent=27057"}],"wp:term":[{"taxonomy":"product_brand","embeddable":true,"href":"https:\/\/asura.lv\/et\/wp-json\/wp\/v2\/product_brand?post=27057"},{"taxonomy":"product_cat","embeddable":true,"href":"https:\/\/asura.lv\/et\/wp-json\/wp\/v2\/product_cat?post=27057"},{"taxonomy":"product_tag","embeddable":true,"href":"https:\/\/asura.lv\/et\/wp-json\/wp\/v2\/product_tag?post=27057"}],"curies":[{"name":"wp","href":"https:\/\/api.w.org\/{rel}","templated":true}]}}