{"id":27075,"date":"2025-11-29T00:14:48","date_gmt":"2025-11-29T00:14:48","guid":{"rendered":"https:\/\/asura.lv\/product\/filament-pla-galaxy-elegoo-peacock-blue\/"},"modified":"2025-12-12T15:22:36","modified_gmt":"2025-12-12T13:22:36","slug":"filament-pla-galaxy-elegoo-peacock-blue","status":"publish","type":"product","link":"https:\/\/asura.lv\/et\/toode\/filament-pla-galaxy-elegoo-peacock-blue\/","title":{"rendered":"Filament PLA Galaxy ELEGOO (paabulinnu sinine)"},"content":{"rendered":"<h3>ELEGOO Galaxy PLA filament (paabulinnu sinine)<\/h3>\n<p>ELEGOO filament paabulinnu sinise toonis k\u00f6idab pilku oma intensiivse v\u00e4rvi ja peene s\u00e4deleva l\u00e4ikega. Valgust peegeldavad osakesed annavad pinnale ainulaadse iseloomu, mist\u00f5ttu sobib see ideaalselt dekoratsioonide, kujukeste ja projektide jaoks, mis peaksid silma paistma. Toode p\u00f5hineb PLA-l (pol\u00fclaktiid \u2013 biolagunev taimse p\u00e4ritoluga plast) ja pooli kohta on 1 kg materjali.<\/p>\n<p>\n<img decoding=\"async\" alt=\"Drukarka 3D z wydrukowanym niebieskim obiektem w kszta\u0415\u201acie jajka smoka na platformie, obok szpule niebieskiego filamentu i kolorowe kryszta\u0415\u201ay w tle\" border=\"0\" src=\"https:\/\/assets.innpro.pl\/17574\/23288\/3.jpg\"\/>\n<\/p>\n<h3>\u00dcllatusteta printimine<\/h3>\n<p>V\u00e4ga t\u00e4pse l\u00e4bim\u00f5\u00f5duga 1,75 mm ja m\u00f5\u00f5tmete tolerantsiga \u00b1 0,02 mm suunatakse h\u00f5\u00f5gniit ekstruuderisse \u00fchtlaselt ja ilma ummistusteta. Valmis mudelid tulevad printerist v\u00e4lja siledad, h\u00e4sti renderdatud ja ilma v\u00e4hem stabiilsetele filamentidele iseloomulike defektideta, nagu \u00f5humullid ja n\u00f6\u00f6rid. Brokaadilisandid ei m\u00f5juta printimisparameetreid negatiivselt.<\/p>\n<p>\n<img decoding=\"async\" alt=\"Model sportowego samochodu wydrukowany w 3D w niebieskim kolorze\" border=\"0\" src=\"https:\/\/assets.innpro.pl\/17574\/23288\/4.jpg\"\/>\n<\/p>\n<h3>Praktiline ja kasutusvalmis<\/h3>\n<p>Iga pool on masinrullitud, k\u00e4sitsi kontrollitud ja vaakumpakendatud niiskuseimajaga, et tagada selle v\u00e4rske ja kasutusvalmis olek kohe p\u00e4rast avamist. Galaxy PLA t\u00f6\u00f6tab enamiku FDM (fused 3D printimise) printeritega, mis toetavad 1,75 mm l\u00e4bim\u00f5\u00f5duga filamenti. See on hea valik nii algajatele kui ka kogenumatele kasutajatele.<\/p>\n<p>\n<img decoding=\"async\" alt=\"Szpula niebieskiego filamentu 3D w przezroczystej obudowie obok wydrukowanego obiektu w kszta\u0415\u201acie jajka smoka z tekstur\u0414\u2026 \u0415\u201ausek\" border=\"0\" src=\"https:\/\/assets.innnpro.8pl\/2727jpg\/27\"\/8pl.\n<\/p>\n<div class=\"table-wrapper\">\n<p>\u00a0<\/p>\n<h3>\u00dcldine<\/h3>\n<table>\n<tbody>\n<tr>\n<th>Tootja<\/th>\n<td>ELEGOO<\/td>\n<\/tr>\n<tr>\n<th>Mudel<\/th>\n<td>50.203.0261<\/td>\n<\/tr>\n<tr>\n<th>V\u00e4rv<\/th>\n<td>Paabulinnu sinine<\/td>\n<\/tr>\n<tr>\n<th>Kaal<\/th>\n<td>1 kg<\/td>\n<\/tr>\n<\/tbody>\n<\/table>\n<p>\u00a0<\/p>\n<h3>Soovitatavad printimisseaded<\/h3>\n<table>\n<tbody>\n<tr>\n<th>Kuivamisseaded enne printimist<\/th>\n<td>55 \u00b1 5 \u00b0C<\/td>\n<\/tr>\n<tr>\n<th>\u00dcmbritseva \u00f5hu temperatuur ja niiskus<\/th>\n<td>\u2264 50 \u00b0C \u2264 20% suhteline \u00f5huniiskus (hoiustada koos niiskuseimajaga)<\/td>\n<\/tr>\n<tr>\n<th>D\u00fc\u00fcsi temperatuur<\/th>\n<td>190\u2013230 \u00b0C<\/td>\n<\/tr>\n<tr>\n<th>Laua temperatuur (s\u00f5ltuvalt printerist ja pinnast)<\/th>\n<td>35\u201365 \u00b0C<\/td>\n<\/tr>\n<tr>\n<th>T\u00f6\u00f6pinna t\u00fc\u00fcp<\/th>\n<td>Tekstureeritud PEI (pol\u00fceeterimiid \u2013 vastupidav, kleepuv materjal, mida kasutatakse 3D-printimise alusena) v\u00f5i muu \u00fchilduv pind<\/td>\n<\/tr>\n<tr>\n<th>Printimiskiirus<\/th>\n<td>V\u00e4hem kui 280 mm\/s<\/td>\n<\/tr>\n<\/tbody>\n<\/table>\n<p>\u0412\u00a0<\/p>\n<h3>F\u00fc\u00fcsikalised omadused<\/h3>\n<table>\n<tbody>\n<tr>\n<th>Tihedus<\/th>\n<td>1,21 g\/cm\u00b2<\/td>\n<\/tr>\n<tr>\n<th>Sulamistemperatuur<\/th>\n<td>162 \u00b0C<\/td>\n<\/tr>\n<tr>\n<th>Paindetemperatuur koormuse all<\/th>\n<td>56 \u00b0C<\/td>\n<\/tr>\n<tr>\n<th>Pehmenemistemperatuur (Vicat&#8217;i test)<\/th>\n<td>62 \u00b0C<\/td>\n<\/tr>\n<\/tbody>\n<\/table>\n<p>\u0412\u00a0<\/p>\n<h3>Mehaanilised omadused<\/h3>\n<table>\n<tbody>\n<tr>\n<th>T\u00f5mbetugevus (XY-m\u00f5\u00f5tmine tehtud tr\u00fcki horisontaaltasapinnal, kus materjal on k\u00f5ige tugevam)<\/th>\n<td>38 \u00b1 3 MPa<\/td>\n<\/tr>\n<tr>\n<th>Pikenemine katkemiseni (XY)<\/th>\n<td>8,7% \u00b1 1,2%<\/td>\n<\/tr>\n<tr>\n<th>Paindetugevus (XY)<\/th>\n<td>75 \u00b1 2 MPa<\/td>\n<\/tr>\n<tr>\n<th>Paindemoodul (XY)<\/th>\n<td>2719 \u00b1 179 MPa<\/td>\n<\/tr>\n<tr>\n<th>L\u00f6\u00f6gitugevus (XY)<\/th>\n<td>56,3 \u00b1 3,5 kJ\/m\u00b2<\/td>\n<\/tr>\n<\/tbody>\n<\/table>\n<\/div>\n","protected":false},"excerpt":{"rendered":"<p>ELEGOO Galaxy PLA filament (paabulinnu sinine) ELEGOO filament paabulinnu sinise toonis k\u00f6idab pilku oma intensiivse v\u00e4rvi ja peene s\u00e4deleva l\u00e4ikega. Valgust peegeldavad osakesed annavad pinnale ainulaadse iseloomu, mist\u00f5ttu sobib see ideaalselt dekoratsioonide, kujukeste ja projektide jaoks, mis peaksid silma paistma. Toode p\u00f5hineb PLA-l (pol\u00fclaktiid \u2013 biolagunev taimse p\u00e4ritoluga plast) ja pooli kohta on 1 kg [&#8230;]\n","protected":false},"featured_media":27076,"comment_status":"open","ping_status":"closed","template":"","meta":[],"product_brand":[694],"product_cat":[975],"product_tag":[],"class_list":{"0":"post-27075","1":"product","2":"type-product","3":"status-publish","4":"has-post-thumbnail","6":"product_brand-elegoo","7":"product_cat-filaments","9":"first","10":"outofstock","11":"taxable","12":"shipping-taxable","13":"purchasable","14":"product-type-simple"},"aioseo_notices":[],"_links":{"self":[{"href":"https:\/\/asura.lv\/et\/wp-json\/wp\/v2\/product\/27075","targetHints":{"allow":["GET"]}}],"collection":[{"href":"https:\/\/asura.lv\/et\/wp-json\/wp\/v2\/product"}],"about":[{"href":"https:\/\/asura.lv\/et\/wp-json\/wp\/v2\/types\/product"}],"replies":[{"embeddable":true,"href":"https:\/\/asura.lv\/et\/wp-json\/wp\/v2\/comments?post=27075"}],"wp:featuredmedia":[{"embeddable":true,"href":"https:\/\/asura.lv\/et\/wp-json\/wp\/v2\/media\/27076"}],"wp:attachment":[{"href":"https:\/\/asura.lv\/et\/wp-json\/wp\/v2\/media?parent=27075"}],"wp:term":[{"taxonomy":"product_brand","embeddable":true,"href":"https:\/\/asura.lv\/et\/wp-json\/wp\/v2\/product_brand?post=27075"},{"taxonomy":"product_cat","embeddable":true,"href":"https:\/\/asura.lv\/et\/wp-json\/wp\/v2\/product_cat?post=27075"},{"taxonomy":"product_tag","embeddable":true,"href":"https:\/\/asura.lv\/et\/wp-json\/wp\/v2\/product_tag?post=27075"}],"curies":[{"name":"wp","href":"https:\/\/api.w.org\/{rel}","templated":true}]}}