{"id":27099,"date":"2025-11-29T00:14:45","date_gmt":"2025-11-29T00:14:45","guid":{"rendered":"https:\/\/asura.lv\/product\/filament-pla-anycubic-1-kg-peach-fuzz\/"},"modified":"2025-12-12T15:22:32","modified_gmt":"2025-12-12T13:22:32","slug":"filament-pla-anycubic-1-kg-peach-fuzz","status":"publish","type":"product","link":"https:\/\/asura.lv\/et\/toode\/filament-pla-anycubic-1-kg-peach-fuzz\/","title":{"rendered":"Filament PLA Anycubic 1 KG (virsikukarva)"},"content":{"rendered":"<h3>PLA Anycubic 1 KG (Peach Fuzz) filament.<\/h3>\n<p>PLA Anycubic filament \u00fchendab endas t\u00e4psuse ja keskkonnakaitse. T\u00e4iusliku ja puhta kerimisv\u00f5imega pool tagab sujuva ja katkematu printimisprotsessi ning \u00fchtlane l\u00e4bim\u00f5\u00f5t tolerantsiga \u00b10,02 mm v\u00e4listab \u00f5humullid ja d\u00fc\u00fcside ummistumise ohu. V\u00e4rv p\u00fcsib intensiivsena esimesest kihist viimase kihini ja biolagunev PLA (pol\u00fclaktiid on \u00fcks populaarsemaid 3D-printimiseks kasutatavaid materjale) looduslikult kasvatatud maisist on teadlik planeedis\u00f5bralik valik. Lisaks optimeerib sisseehitatud RFiD (raadiosageduslik identifitseerimine, tehnoloogia objektide juhtmevabaks tuvastamiseks raadiolainete abil) kiip automaatselt printeri parameetreid, tagades ideaalsed tulemused ilma k\u00e4sitsi kalibreerimise vajaduseta. Anycubicuga saavutab iga projekt s\u00e4ra ja tippkvaliteedi.<\/p>\n<p>\n<img decoding=\"async\" alt=\"Anycubicu v\u00e4rviline filament, mille puhul on vaja arvutit kasutada abivahendina\u2026 printige 3D-d.\" border=\"0\" src=\"https:\/\/assets.innpro.pl\/17556\/23263\/1.jpg\"\/>\n<\/p>\n<h3>T\u00e4iuslik kerimine ilma sasipuntrateta<\/h3>\n<p>Anycubicu filamendipool on loodud tagama materjali t\u00e4iusliku kerimise. T\u00e4nu filamendi pinge t\u00e4psele juhtimisele ei pea te muretsema kinnikiilumise ega ootamatute katkestuste p\u00e4rast. Iga Anycubici filamendi meeter kulgeb sujuvalt ja segamatult, mille tulemuseks on stabiilne ja katkematu printimisprotsess.<\/p>\n<p>\n<img decoding=\"async\" alt=\"Figurka przedstawiaj\u0414\u2026ca karuzel\u0414\u2122 bianka v\u00e4rvitoonides, s\u00e4ilitades \u00f6\u00f6siti v\u00e4rvi.\" border=\"0\" src=\"https:\/\/assets.innpro.pl\/17556\/23263\/5.jpg\"\/>\n<\/p>\n<h3>T\u00e4iuslik t\u00e4psus ja v\u00e4rvi\u00fchtlus<\/h3>\n<p>Filmi l\u00e4bim\u00f5\u00f5t on \u00fchtlane tolerantsiga +0,02 mm, mis tagab \u00f5humullide puudumise ja v\u00e4listab t\u00e4ielikult d\u00fc\u00fcsi ummistumise ohu. Iga prindikiht n\u00e4eb v\u00e4lja \u00fchtlane ja sile ning v\u00e4rv p\u00fcsib intensiivne ja j\u00e4rjepidev projekti algusest l\u00f5puni.<\/p>\n<p>\n<img decoding=\"async\" alt=\"Cztery rolki filament\u0413\u0456w w r\u0413\u0456\u0415\u0458nych kolorach na b\u0415\u201a\u0414\u2122kitnym tle.\" border=\"0\" src=\"https:\/\/assets.innpro.pl\/17556\/23263\/6.jpg\"\/>\n<\/p>\n<h3>Keskkonnas\u00f5bralik materjal<\/h3>\n<p>Anycubici filamendis kasutatav PLA on valmistatud piimhappest, mis tekib maisit\u00e4rklise v\u00f5i muude taimede k\u00e4\u00e4ritamisel. T\u00e4nu oma biolagunevale olemusele on see planeedis\u00f5bralik ja t\u00e4iesti ohutu kasutada. Anycubicu valides ei hooli te mitte ainult oma prinditud t\u00f6\u00f6 kvaliteedist, vaid ka keskkonnast.<\/p>\n<p>\n<img decoding=\"async\" alt=\"Minu arvuti v\u00e4rviliste 3D-printimise abivahenditega...\" border=\"0\" src=\"https:\/\/assets.innpro.pl\/17556\/23263\/3.jpg\"\/>\n<\/p>\n<h3>Nutikad seaded RFiD-tehnoloogiaga<\/h3>\n<p>Spoolerisse sisseehitatud RFiD-kiip t\u00f6\u00f6tab Anycubic Color Engine Pro-ga, et automaatselt tuvastada filamendi t\u00fc\u00fcp ja reguleerida printeri parameetreid. Printimisseaded optimeeritakse mitte-invasiivselt, v\u00f5imaldades teil saavutada parimaid tulemusi ilma seadet k\u00e4sitsi kalibreerimata.<\/p>\n<p>\n<img decoding=\"async\" alt=\"T\u00f5en\u00e4oliselt on seadme k\u00e4sitsi kalibreerimisel vaja vaid m\u00f5nda silmapiiril olevat pilti optimeerida ja 3D-printimise abistamiseks kasutada.\" border=\"0\" src=\"https:\/\/assets.innpro.pl\/17556\/23263\/4.jpg\"\/>\n<\/p>\n<div class=\"table-wrapper\">\n<p>B\u00a0<\/p>\n<h3><\/h3>\n<table>\n<tbody>\n<tr>\n<th>Tootja<\/th>\n<td>Anycubic<\/td>\n<\/tr>\n<tr>\n<th>Mudel<\/th>\n<td>IPHPL17-106<\/td>\n<\/tr>\n<tr>\n<th>Materjal<\/th>\n<td>PLA<\/td>\n<\/tr>\n<tr>\n<th>M\u00f5\u00f5tmed<\/th>\n<td>1,75 \u00b1 0,02 mm<\/td>\n<\/tr>\n<tr>\n<th>Kogupikkus<\/th>\n<td>330 m<\/td>\n<\/tr>\n<tr>\n<th>Kaal<\/th>\n<td>1 kg<\/td>\n<\/tr>\n<tr>\n<th>K\u00f5vadus<\/th>\n<td>81D<\/td>\n<\/tr>\n<tr>\n<th>D\u00fc\u00fcsi temperatuur<\/th>\n<td>200\u2013210 \u00b0C<\/td>\n<\/tr>\n<tr>\n<th>K\u00fcttelaua temperatuur<\/th>\n<td>50\u201360 \u00b0C<\/td>\n<\/tr>\n<tr>\n<th>T\u00f5mbetugevus<\/th>\n<td>61 MPa<\/td>\n<\/tr>\n<tr>\n<th>Maht<\/th>\n<td>1,23 g\/cm\u00b2<\/td>\n<\/tr>\n<tr>\n<th>V\u00e4rvus<\/th>\n<td>Virsikukarva<\/td>\n<\/tr>\n<\/tbody>\n<\/table>\n<\/div>\n","protected":false},"excerpt":{"rendered":"<p>PLA Anycubic 1 KG (Peach Fuzz) filament. PLA Anycubic filament \u00fchendab endas t\u00e4psuse ja keskkonnakaitse. T\u00e4iusliku ja puhta kerimisv\u00f5imega pool tagab sujuva ja katkematu printimisprotsessi ning \u00fchtlane l\u00e4bim\u00f5\u00f5t tolerantsiga \u00b10,02 mm v\u00e4listab \u00f5humullid ja d\u00fc\u00fcside ummistumise ohu. V\u00e4rv p\u00fcsib intensiivsena esimesest kihist viimase kihini ja biolagunev PLA (pol\u00fclaktiid on \u00fcks populaarsemaid 3D-printimiseks kasutatavaid materjale) looduslikult [&#8230;]\n","protected":false},"featured_media":27100,"comment_status":"open","ping_status":"closed","template":"","meta":[],"product_brand":[617],"product_cat":[975],"product_tag":[],"class_list":{"0":"post-27099","1":"product","2":"type-product","3":"status-publish","4":"has-post-thumbnail","6":"product_brand-anycubic","7":"product_cat-filaments","9":"first","10":"outofstock","11":"taxable","12":"shipping-taxable","13":"purchasable","14":"product-type-simple"},"aioseo_notices":[],"_links":{"self":[{"href":"https:\/\/asura.lv\/et\/wp-json\/wp\/v2\/product\/27099","targetHints":{"allow":["GET"]}}],"collection":[{"href":"https:\/\/asura.lv\/et\/wp-json\/wp\/v2\/product"}],"about":[{"href":"https:\/\/asura.lv\/et\/wp-json\/wp\/v2\/types\/product"}],"replies":[{"embeddable":true,"href":"https:\/\/asura.lv\/et\/wp-json\/wp\/v2\/comments?post=27099"}],"wp:featuredmedia":[{"embeddable":true,"href":"https:\/\/asura.lv\/et\/wp-json\/wp\/v2\/media\/27100"}],"wp:attachment":[{"href":"https:\/\/asura.lv\/et\/wp-json\/wp\/v2\/media?parent=27099"}],"wp:term":[{"taxonomy":"product_brand","embeddable":true,"href":"https:\/\/asura.lv\/et\/wp-json\/wp\/v2\/product_brand?post=27099"},{"taxonomy":"product_cat","embeddable":true,"href":"https:\/\/asura.lv\/et\/wp-json\/wp\/v2\/product_cat?post=27099"},{"taxonomy":"product_tag","embeddable":true,"href":"https:\/\/asura.lv\/et\/wp-json\/wp\/v2\/product_tag?post=27099"}],"curies":[{"name":"wp","href":"https:\/\/api.w.org\/{rel}","templated":true}]}}