{"id":27171,"date":"2025-11-29T00:14:39","date_gmt":"2025-11-29T00:14:39","guid":{"rendered":"https:\/\/asura.lv\/product\/x-sense-xc04-wx-carbon-monoxide-detector\/"},"modified":"2025-12-12T15:22:26","modified_gmt":"2025-12-12T13:22:26","slug":"x-sense-xc04-wx-carbon-monoxide-detector","status":"publish","type":"product","link":"https:\/\/asura.lv\/et\/toode\/x-sense-xc04-wx-carbon-monoxide-detector\/","title":{"rendered":"X-Sense XC04-WX vingugaasidetektor"},"content":{"rendered":"<h3>X-Sense XC04-WX vingugaasiandur<\/h3>\n<p>X-Sense XC04-WX vingugaasiandur on teie usaldusv\u00e4\u00e4rne valvekoer, mis hoiab teie kodu \u00f6\u00f6p\u00e4evaringselt turvalisena. Varustatud tundliku elektrokeemilise anduriga, annab see teile koheselt m\u00e4rku, kui tuvastatakse k\u00f5rge vingugaasi tase. V\u00f5imalus \u00fchenduda X-Sense Home Security rakendusega WiFi (2,4 GHz) kaudu v\u00f5imaldab teil j\u00e4lgida CO taset reaalajas ning v\u00f5imalusega jagada alarmi l\u00e4hedastega on k\u00f5igil pereliikmetel juurdep\u00e4\u00e4s koduturvalisuse teabele, olenemata nende asukohast.<\/p>\n<p>\n<img decoding=\"async\" alt=\"Bia\u0415\u201ay detektor CO na safce nocnej obok \u0415\u201a\u0413\u0456\u0415\u0458ka z ksi\u0414\u2026\u0415\u0458kami i ro\u0415\u203alin\u0414\u2026\" border=\"0\" src=\"https:\/\/assets.innpro.pl\/10839\/12770\/8.jpg\"\/>\n<\/p>\n<h3>T\u00f5hus vingugaasi tuvastamine<\/h3>\n<p>X-Sense XC04-WX j\u00e4lgib CO taset vahemikus 30 kuni 999 ppm ja reageerib vastavalt selle kontsentratsioonile. 30 ppm kontsentratsioonil k\u00e4ivitub alarm 120 minuti p\u00e4rast, 300 ppm tasemel aga on reageerimisaeg vaid 3 minutit. K\u00f5rge tundlikkus annab kiire hoiatuse ohust ja vali alarm (kuni 85 dB) tagab, et signaali on kuulda isegi suurtes ruumides.<\/p>\n<p>\n<img decoding=\"async\" alt=\"Telefon, millel on suur CO-h\u00e4ire, on varustatud CO-s\u00fcmbolitega detektoriga, mis on v\u00f5imeline seda kuulma\" border=\"0\" src=\"https:\/\/assets.innpro.pl\/10839\/12770\/4.jpg\"\/>\n<\/p>\n<h3>Intuitiivne kasutamine ja mitmek\u00fclgsed kinnitusv\u00f5imalused<\/h3>\n<p>Andurit saab paigaldada seinale v\u00f5i asetada tasasele pinnale, mis annab sellele paindlikkuse sobituda igasse interj\u00f6\u00f6ri. Ere LCD-ekraan koos LED-tuledega (roheline, kollane ja punane) teavitab teid seadme olekust, v\u00f5imaldades teil h\u00f5lpsalt kontrollida CO taset, aku olekut ja h\u00e4irere\u017eiimi.<\/p>\n<p>\n<img decoding=\"async\" alt=\"Bia\u0415\u201ay detektor CO z dwoma niebieskimi wy\u0415\u203awietlaczami pokazuj\u0414\u2026cymi 30 PPM i symbolami CO\" border=\"0\" src=\"https:\/\/assets.innpro.pl\/10839\/12770\/5.jpg\"\/>\n<\/p>\n<h3>Kuni 10 aastat t\u00f6\u00f6iga<\/h3>\n<p>Pikaajalist kaitset silmas pidades on XC04-WX anduril kuni 10-aastane eluiga. Seda toidab vahetatav CR123A patarei, mis kestab kuni aasta, pakkudes minimaalset hooldust. Olenemata sellest, kas olete kodus v\u00f5i pikemat aega eemal, v\u00f5ite loota usaldusv\u00e4\u00e4rsele alarmi toimimisele veel aastaid.<\/p>\n<p>\n<img decoding=\"async\" alt=\"Telefoni rakendusega saab luua \u00fchenduse ja kasutada CO-detektorit mustade v\u00f5rgusilma s\u00fcmbolitega Wi-Fi kaudu\" border=\"0\" src=\"https:\/\/assets.innpro.pl\/10839\/12770\/1.jpg\"\/>\n<\/p>\n<h3>T\u00e4ielik kontroll turvalisuse \u00fcle<\/h3>\n<p>Pole t\u00e4htis, kus te asute, teil on t\u00e4ielik \u00fclevaade olukorrast oma kodus! Push-teavituste abil saadab X-Sense XC04-WX kohe hoiatuse, kui vingugaasi tase \u00fcletab ohutuid standardeid \u2013 isegi enne helisignaali andmist. Lisaks registreerib andur tuvastatud k\u00f5rgeima CO kontsentratsiooni, mis v\u00f5imaldab teil naasmisel anal\u00fc\u00fcsida v\u00f5imalikke ohte.<\/p>\n<p>\n<img decoding=\"async\" alt=\"Telefon, millel on samav\u00e4\u00e4rne h\u00e4ire CO kontsentratsiooniga 100 PPM\" border=\"0\" src=\"https:\/\/assets.innpro.pl\/10839\/12770\/7.jpg\"\/>\n<\/p>\n<h3>Komplektis:<\/h3>\n<ul class=\"list-disc pl-5\">\n<li>CO andur (paigaldatud akuga)<\/li>\n<li>Kruvid x2<\/li>\n<li>Paisumispoldid x2<\/li>\n<li>Kasutusjuhend<\/li>\n<\/ul>\n<div class=\"table-wrapper\">\n<p>B\u00a0<\/p>\n<h3><\/h3>\n<table>\n<tbody>\n<tr>\n<th>Tootja<\/th>\n<td>X-Sense<\/td>\n<\/tr>\n<tr>\n<th>Mudel<\/th>\n<td>XC04-WX<\/td>\n<\/tr>\n<tr>\n<th>Anduri t\u00fc\u00fcp<\/th>\n<td>Elektrokeemiline<\/td>\n<\/tr>\n<tr>\n<th>Ohutusstandard<\/th>\n<td>EN 50291-1:2018<\/td>\n<\/tr>\n<tr>\n<th>Anduri eluiga<\/th>\n<td>10 aastat<\/td>\n<\/tr>\n<tr>\n<th>Toiteallikas<\/th>\n<td>CR123A patarei (vahetatav)<\/td>\n<\/tr>\n<tr>\n<th>Aku eluiga<\/th>\n<td>1 aasta<\/td>\n<\/tr>\n<tr>\n<th>Alarmi helitugevus<\/th>\n<td>V\u2030\u0490 85 dB juures 3 m sagedusel 3,2 \u00b1 0,3 kHz<\/td>\n<\/tr>\n<tr>\n<th>T\u00f6\u00f6temperatuuri vahemik<\/th>\n<td>4 kuni 38 \u00b0C<\/td>\n<\/tr>\n<tr>\n<th>T\u00f6\u00f6\u00f5hu niiskus<\/th>\n<td>10\u201385% (mittekondenseeruv)<\/td>\n<\/tr>\n<tr>\n<th>Wi-Fi-\u00fchenduvus<\/th>\n<td>2,4 GHz (IEEE 802.11b\/g\/n, ei \u00fchildu 5 GHz v\u00f5rkudega)<\/td>\n<\/tr>\n<tr>\n<th>Rakenduse funktsioonid<\/th>\n<td>Push-teavitused (CO-h\u00e4ire, aku t\u00fchi, rike, CO-h\u00e4ire ennetamine), seadme jagamine pereliikmetega<\/td>\n<\/tr>\n<tr>\n<th>Ekraan<\/th>\n<td>LCD-ekraan m\u00e4luga maksimaalse CO-taseme jaoks.<\/td>\n<\/tr>\n<tr>\n<th>CO-taseme reageerimisajad.<\/th>\n<td>30 ppm \u2013 \u00fcle 120 minuti; 50 ppm \u2013 60\u201390 minutit; 100 ppm \u2013 10\u201340 minutit; 300 ppm \u2013 0\u20133 minutit<\/td>\n<\/tr>\n<tr>\n<th>M\u00f5\u00f5tmed<\/th>\n<td>135 x 63 x 24 mm<\/td>\n<\/tr>\n<tr>\n<th>Kaal<\/th>\n<td>88 g<\/td>\n<\/tr>\n<\/tbody>\n<\/table>\n<\/div>\n","protected":false},"excerpt":{"rendered":"<p>X-Sense XC04-WX vingugaasiandur X-Sense XC04-WX vingugaasiandur on teie usaldusv\u00e4\u00e4rne valvekoer, mis hoiab teie kodu \u00f6\u00f6p\u00e4evaringselt turvalisena. Varustatud tundliku elektrokeemilise anduriga, annab see teile koheselt m\u00e4rku, kui tuvastatakse k\u00f5rge vingugaasi tase. V\u00f5imalus \u00fchenduda X-Sense Home Security rakendusega WiFi (2,4 GHz) kaudu v\u00f5imaldab teil j\u00e4lgida CO taset reaalajas ning v\u00f5imalusega jagada alarmi l\u00e4hedastega on k\u00f5igil pereliikmetel juurdep\u00e4\u00e4s [&#8230;]\n","protected":false},"featured_media":27172,"comment_status":"open","ping_status":"closed","template":"","meta":[],"product_brand":[678],"product_cat":[948],"product_tag":[],"class_list":{"0":"post-27171","1":"product","2":"type-product","3":"status-publish","4":"has-post-thumbnail","6":"product_brand-x-sense","7":"product_cat-sensors","9":"first","10":"outofstock","11":"taxable","12":"shipping-taxable","13":"purchasable","14":"product-type-simple"},"aioseo_notices":[],"_links":{"self":[{"href":"https:\/\/asura.lv\/et\/wp-json\/wp\/v2\/product\/27171","targetHints":{"allow":["GET"]}}],"collection":[{"href":"https:\/\/asura.lv\/et\/wp-json\/wp\/v2\/product"}],"about":[{"href":"https:\/\/asura.lv\/et\/wp-json\/wp\/v2\/types\/product"}],"replies":[{"embeddable":true,"href":"https:\/\/asura.lv\/et\/wp-json\/wp\/v2\/comments?post=27171"}],"wp:featuredmedia":[{"embeddable":true,"href":"https:\/\/asura.lv\/et\/wp-json\/wp\/v2\/media\/27172"}],"wp:attachment":[{"href":"https:\/\/asura.lv\/et\/wp-json\/wp\/v2\/media?parent=27171"}],"wp:term":[{"taxonomy":"product_brand","embeddable":true,"href":"https:\/\/asura.lv\/et\/wp-json\/wp\/v2\/product_brand?post=27171"},{"taxonomy":"product_cat","embeddable":true,"href":"https:\/\/asura.lv\/et\/wp-json\/wp\/v2\/product_cat?post=27171"},{"taxonomy":"product_tag","embeddable":true,"href":"https:\/\/asura.lv\/et\/wp-json\/wp\/v2\/product_tag?post=27171"}],"curies":[{"name":"wp","href":"https:\/\/api.w.org\/{rel}","templated":true}]}}