{"id":27177,"date":"2025-11-29T00:14:38","date_gmt":"2025-11-29T00:14:38","guid":{"rendered":"https:\/\/asura.lv\/product\/dual-control-panel-shelly-wall-display-x2-wifi-blu-silver-blu-ht\/"},"modified":"2025-12-12T15:22:24","modified_gmt":"2025-12-12T13:22:24","slug":"dual-control-panel-shelly-wall-display-x2-wifi-blu-silver-blu-ht","status":"publish","type":"product","link":"https:\/\/asura.lv\/et\/toode\/dual-control-panel-shelly-wall-display-x2-wifi-blu-silver-blu-ht\/","title":{"rendered":"Kahe juhtpaneeliga Shelly seinaekraan X2 WiFi\/BLU (h\u00f5bedane) + BLU H&#038;T"},"content":{"rendered":"<h3>Kahekordne juhtpaneel Shelly Wall Display X2 WiFi\/BLU (h\u00f5bedane) + BLU H&#038;T<\/h3>\n<p>Shelly Wall Display X2 on juhtpaneel, millel on 6,95-tolline v\u00e4rviline puutetundlik ekraan ja sisseehitatud 5-ampriline relee, mis v\u00f5imaldab teil juhtida valgustust, j\u00e4lgida energiatarbimist, reguleerida temperatuuri ja niiskust ning luua automatiseerimisstseene. Integreerimisega Shelly Smart Controli rakenduse ja Home Assistantiga saate juurdep\u00e4\u00e4su kogu funktsionaalsusele \u00fchest liidesest. Komplekti kuuluv Shelly BLU H&#038;T andur v\u00f5imaldab t\u00e4pseid keskkonnan\u00e4iteid ja seadmete automaatseid reaktsioone. Toode ei vaja t\u00e4iendavat jaoturit ja \u00fchendub otse WiFi v\u00f5i Bluetoothi \u200b\u200bkaudu. See v\u00f5ib toimida ka Bluetooth-l\u00fc\u00fcsina teistele BLE-seadmetele. Saate selle edukalt seinakarbi paigaldada.<\/p>\n<p>\n<img decoding=\"async\" alt=\"Hea paneel... on v\u00e4ga mugav, kui soovite oma kodu kasutada, kuid see on ka nutika kodu funktsioon.\" border=\"0\" src=\"https:\/\/assets.innpro.pl\/17484\/23133\/4 \u2014 koopia.jpg\"\/>\n<\/p>\n<h3>Kohandatav ekraan<\/h3>\n<p>6,95-tolline v\u00e4rviline puutetundlik ekraan pakub mugavat juhtimist ja intuitiivset navigeerimist. Saate kohandada avakuva, et kuvada kuni 6 k\u00f5ige sagedamini kasutatavat seadet v\u00f5i stseeni. \u017destidega juhtimine ja laiekraani- ja portreere\u017eiimi vahel vahetamine muudavad selle kasutamise erinevates paigaldustingimustes lihtsaks. Ekraan saab t\u00f6\u00f6tada ekraanis\u00e4\u00e4stja re\u017eiimis, mis sobib h\u00e4sti esinduslikes ruumides. Lisaks on saadaval j\u00e4rjehoidjad lemmikseadmete, stseenide ja r\u00fchmade jaoks.<\/p>\n<p>\n<img decoding=\"async\" alt=\"Zbli\u0415\u0458enie panelu steruj\u0414\u2026cego z ekranem dotykowym in ma\u0415\u201aym czujnikiem, pokazuj\u0414\u2026ce szczeg\u0413\u0456\u0415\u201ace wyko\u0415\u201eczenia i interfejsu.\" border=\"0\" src=\"https:\/\/assets.innpro.pl\/17484\/23133\/6 \u0938\u093f\u0932\u094d\u091f\u093e\u0932\"\/>\n<\/p>\n<h3>Temperatuuri ja niiskuse reguleerimine<\/h3>\n<p>Shelly BLU H&#038;T anduriga t\u00f6\u00f6tades toimib paneel lokaalse termostaadina. Kogutud temperatuuri- ja niiskusandmed v\u00f5imaldavad reaalajas juhtida k\u00fctet, ventilatsiooni v\u00f5i kliimaseadet. See lahendus lihtsustab optimaalsete sisetingimuste s\u00e4ilitamist ja reageerimist keskkonnamuutustele, n\u00e4iteks hallituse ennetamist niisketes ruumides. Automaatika v\u00f5ib h\u00f5lmata ventilaatorite, \u00f5hukuivatite v\u00f5i niisutajate aktiveerimist. Seadet saab kasutada ka kasvuhoonetes taimedele optimaalse mikrokliima s\u00e4ilitamiseks.<\/p>\n<p>\n<img decoding=\"async\" alt=\"Osoba dotyka ekranu dotykowego zamontowanego na bia\u0455\u201aej \u0415\u203acianie w nowoczesnym wn\u0414\u2122trzu mieszkania.\" border=\"0\" src=\"https:\/\/assets.innpro.pl\/17484\/23133\/2 \u2014 koopia.jpg\"\/>\n<\/p>\n<h3>Energiatarbimise j\u00e4lgimine<\/h3>\n<p>Paneel t\u00f6\u00f6tab Shelly PM-seadmetega ja v\u00f5imaldab teil j\u00e4lgida iga ruumi energiatarbimist. See aitab teil tuvastada energiamahukaid seadmeid ja optimeerida energiatarbimist, mis omakorda t\u00e4hendab madalamaid arveid ja suuremat energiat\u00f5husust. Samuti on v\u00f5imalik ebanormaalsele energiatarbimisele kaugjuhtimise teel reageerida, mis suurendab kontrolli ja turvalisust.<\/p>\n<p>\n<img decoding=\"async\" alt=\"Ekraanil on n\u00e4ha, kuidas paneelid on ebatavaliselt kaugjuhtimise teel n\u00e4htavad, et saaksite neid kaugjuhtimise teel j\u00e4lgida.\" border=\"0\" src=\"https:\/\/assets.innpro.pl\/17484\/23133\/1 \u2014 koopia.jpg\"\/>\n<\/p>\n<h3>Integratsioon automatiseerimiss\u00fcsteemidega<\/h3>\n<p>Seade t\u00f6\u00f6tab Shelly Smart Controli rakenduse ja Home Assistant s\u00fcsteemiga. See v\u00f5imaldab teil k\u00f5iki seadmeid eemalt hallata, ajakavasid ja automatiseeringuid luua ning oma kodu juhtida k\u00f5ikjal maailmas. S\u00fcsteem toetab ka MQTT ja webhooki jagamist (kuni 20 koos v\u00f5imalusega m\u00e4\u00e4rata 2 URL-i), andes teile t\u00e4ieliku integreerimisvabaduse t\u00e4iustatud installides.<\/p>\n<p>\n<img decoding=\"async\" alt=\"Ekraanil on n\u00e4ha, kuidas arvutit, muusikat ja helisid vaadata.\" border=\"0\" src=\"https:\/\/assets.innpro.pl\/17484\/23133\/3 \u2014 koopia.jpg\"\/>\n<\/p>\n<h3>Multifunktsionaalsed andurid<\/h3>\n<p>Valgustugevuse anduri, niiskusanduri, temperatuurianduri, mikrofoni, l\u00e4hedusanduri ja G-anduri abil saate luua t\u00e4iustatud automatiseeritud stseene olenevalt ruumi tingimustest. Tuled saavad automaatselt sisse l\u00fclituda liikumise tuvastamisel v\u00f5i teatud heledustaseme saavutamisel. Lisaturvalisuse tagamiseks saate ka teateid ootamatute temperatuurimuutuste kohta.<\/p>\n<p>\n<img decoding=\"async\" alt=\"T\u00e4ienda paneeli tehniliste n\u00e4itajatega.\" border=\"0\" src=\"https:\/\/assets.innpro.pl\/17484\/23133\/8 \u2014 koopia.jpg\"\/>\n<\/p>\n<h3>Seadmete ja r\u00fchmade juhtimine<\/h3>\n<p>Toode v\u00f5imaldab teil otse juhtida \u00fcksikuid seadmeid, r\u00fchmi ja stseene, mis on m\u00e4\u00e4ratud konkreetsetele ruumidele. K\u00f5ik k\u00f5ige olulisemad funktsioonid on alati avakuval k\u00e4ep\u00e4rast. Lihtsalt loetav liides navigeerimisvahekaartidega ruumide, r\u00fchmade ja stseenide jaoks parandab kasutajakogemust suuremates kodus\u00fcsteemides.<\/p>\n<p>\n<img decoding=\"async\" alt=\"Hea paneeli kuvamine, j\u00e4lgimine ja interaktsioonide loomine.\" border=\"0\" src=\"https:\/\/assets.innpro.pl\/17484\/23133\/9 \u2014 koopia.jpg\"\/>\n<\/p>\n<h3>Heli ja teavituste tugi<\/h3>\n<p>Integreeritud 0,8-vatine k\u00f5lar v\u00f5imaldab teil esitada muusikat, teavitusi, alarme ja muid helisignaale. Seadme saab \u00fchendada Bluetooth-k\u00f5larite v\u00f5i Sonos-s\u00fcsteemiga.<\/p>\n<p>\n<img decoding=\"async\" alt=\"Prostok\u0414\u2026tne urz\u0414\u2026dzenie z monitorem dotykowym widoczne pod k\u0414\u2026tem to portami z boku.\" border=\"0\" src=\"https:\/\/assets.innpro.pl\/17484\/23133\/7.jpg\"\/>\n<\/p>\n<div class=\"table-wrapper\">\n<p>\u0412\u00a0<\/p>\n<h3>\u00dcldine<\/h3>\n<table>\n<tbody>\n<tr>\n<th>Tootja<\/th>\n<td>Shelly<\/td>\n<\/tr>\n<tr>\n<th>Mudel<\/th>\n<td>WDX2(SL)+BLUHT(ivory)<\/td>\n<\/tr>\n<\/tbody>\n<\/table>\n<p>\u0412\u00a0<\/p>\n<h3>F\u00fc\u00fcsikalised parameetrid<\/h3>\n<table>\n<tbody>\n<tr>\n<th>M\u00f5\u00f5tmed (K x L x S)<\/th>\n<td>87 x 178 x 33 mm<\/td>\n<\/tr>\n<tr>\n<th>Kaal<\/th>\n<td>256 g<\/td>\n<\/tr>\n<tr>\n<th>Puutetundlik ekraan<\/th>\n<td>5-punktiline mahtuvuslik ekraan<\/td>\n<\/tr>\n<tr>\n<th>Kruviklemmi maksimaalne pingutusmoment<\/th>\n<td>0,4 Nm \/ 3,5 naela (lbin)<\/td>\n<\/tr>\n<tr>\n<th>Juhtme ristl\u00f5ige<\/th>\n<td>0,2 kuni 2,5 mm\u00b2 (j\u00e4ik traat, mitmekiuline traat, l\u00e4biviikudega)<\/td>\n<\/tr>\n<tr>\n<th>Juhtme koorimise pikkus<\/th>\n<td>6 kuni 7 mm<\/td>\n<\/tr>\n<tr>\n<th>Paigaldus<\/th>\n<td>Seinakarp<\/td>\n<\/tr>\n<tr>\n<th>Korpuse materjal<\/th>\n<td>Plast, alumiinium, klaas<\/td>\n<\/tr>\n<tr>\n<th>Korpuse v\u00e4rv<\/th>\n<td>H\u00f5bedane<\/td>\n<\/tr>\n<tr>\n<th>K\u00f5lar<\/th>\n<td>0,8 W \u00b3\u20141<\/td>\n<\/tr>\n<\/tbody>\n<\/table>\n<p>\u00b3\u00a0<\/p>\n<h3>Keskkonnatingimused<\/h3>\n<table>\n<tbody>\n<tr>\n<th>T\u00f6\u00f6temperatuur<\/th>\n<td>-20 \u00b0C kuni 40 \u00b0C<\/td>\n<\/tr>\n<tr>\n<th>T\u00f6\u00f6niiskus<\/th>\n<td>30% kuni 70% suhteline \u00f5huniiskus<\/td>\n<\/tr>\n<tr>\n<th>Maksimaalne t\u00f6\u00f6k\u00f5rgus<\/th>\n<td>2000 m<\/td>\n<\/tr>\n<\/tbody>\n<\/table>\n<p>\u0412\u00a0<\/p>\n<h3>Elektrilised parameetrid<\/h3>\n<table>\n<tbody>\n<tr>\n<th>Toiteallikas<\/th>\n<td>230 V vahelduvvool, 50\/60 Hz<\/td>\n<\/tr>\n<tr>\n<th>Energiatarve<\/th>\n<td>< 1 W<\/td>\n<\/tr>\n<tr>\n<th>Toiteallikas USB-C kaudu<\/th>\n<td>5 V alalisvool, 1 A<\/td>\n<\/tr>\n<\/tbody>\n<\/table>\n<p>\u0412\u00a0<\/p>\n<h3>V\u00e4ljundparameetrid<\/h3>\n<table>\n<tbody>\n<tr>\n<th>Maksimaalne l\u00fclitusv\u00f5imsus Pinge<\/th>\n<td>230 VAC<\/td>\n<\/tr>\n<tr>\n<th>Maksimaalne l\u00fclitusvool<\/th>\n<td>5 A<\/td>\n<\/tr>\n<\/tbody>\n<\/table>\n<p>B\u00a0<\/p>\n<h3>Andurid ja m\u00f5\u00f5tmised<\/h3>\n<table>\n<tbody>\n<tr>\n<th>Sisemine temperatuuriandur<\/th>\n<td>Ei<\/td>\n<\/tr>\n<tr>\n<th>\u00dcmbritseva \u00f5hu temperatuuriandur<\/th>\n<td>Jah<\/td>\n<\/tr>\n<tr>\n<th>Niiskusandur<\/th>\n<td>Jah<\/td>\n<\/tr>\n<tr>\n<th>Valgusandur<\/th>\n<td>Jah<\/td>\n<\/tr>\n<tr>\n<th>Mikrofon<\/th>\n<td>Jah<\/td>\n<\/tr>\n<tr>\n<th>\u00dclekoormusandur (G-andur)<\/th>\n<td>Jah<\/td>\n<\/tr>\n<tr>\n<th>L\u00e4hedusandur andur<\/th>\n<td>Jah<\/td>\n<\/tr>\n<\/tbody>\n<\/table>\n<p>\u0412\u00a0<\/p>\n<h3>Wi-Fi<\/h3>\n<table>\n<tbody>\n<tr>\n<th>Protokoll<\/th>\n<td>802.11 b\/g\/n<\/td>\n<\/tr>\n<tr>\n<th>Ribalaius<\/th>\n<td>2412\u20132472 MHz<\/td>\n<\/tr>\n<tr>\n<th>Maksimaalne edastusv\u00f5imsus<\/th>\n<td>< 20 dBm<\/td>\n<\/tr>\n<tr>\n<th>Ulatus<\/th>\n<td>Kuni 30 m siseruumides ja 50 m \u00f5ues (s\u00f5ltuvalt kohalikest tingimustest) tingimused)<\/td>\n<\/tr>\n<\/tbody>\n<\/table>\n<p>\u0412\u00a0<\/p>\n<h3>Bluetooth<\/h3>\n<table>\n<tbody>\n<tr>\n<th>Protokoll<\/th>\n<td>5.0<\/td>\n<\/tr>\n<tr>\n<th>Ribalaius<\/th>\n<td>2402\u20132480 MHz<\/td>\n<\/tr>\n<tr>\n<th>Maksimaalne edastusv\u00f5imsus<\/th>\n<td>< 4 dBm<\/td>\n<\/tr>\n<tr>\n<th>Ulatus<\/th>\n<td>Kuni 10 m siseruumides ja 30 m \u00f5ues (s\u00f5ltuvalt kohalikest tingimustest)<\/td>\n<\/tr>\n<\/tbody>\n<\/table>\n<p>\u0412\u00a0<\/p>\n<h3>Mikroprotsessor\u00fcksus<\/h3>\n<table>\n<tbody>\n<tr>\n<th>Protsessor<\/th>\n<td>SC7731E, neljatuumaline A7 1.3 GHz<\/td>\n<\/tr>\n<tr>\n<th>RAM<\/th>\n<td>1 GB<\/td>\n<\/tr>\n<tr>\n<th>V\u00e4lkm\u00e4lu<\/th>\n<td>4 GB<\/td>\n<\/tr>\n<tr>\n<th>Operatsioonis\u00fcsteem<\/th>\n<td>Android 8.1<\/td>\n<\/tr>\n<\/tbody>\n<\/table>\n<p>B\u00a0<\/p>\n<h3>Tarkvarafunktsioonid<\/h3>\n<table>\n<tbody>\n<tr>\n<th>Ajakavade arv<\/th>\n<td>20<\/td>\n<\/tr>\n<tr>\n<th>Veebikonksud (URL-i jagamised)<\/th>\n<td>20 v\u00f5imalusega m\u00e4\u00e4rata 2 URL-i veebikonksu kohta<\/td>\n<\/tr>\n<tr>\n<th>Skriptimise tugi<\/th>\n<td>Ei<\/td>\n<\/tr>\n<tr>\n<th>MQTT tugi<\/th>\n<td>Jah<\/td>\n<\/tr>\n<\/tbody>\n<\/table>\n<\/div>\n","protected":false},"excerpt":{"rendered":"<p>Kahekordne juhtpaneel Shelly Wall Display X2 WiFi\/BLU (h\u00f5bedane) + BLU H&#038;T Shelly Wall Display X2 on juhtpaneel, millel on 6,95-tolline v\u00e4rviline puutetundlik ekraan ja sisseehitatud 5-ampriline relee, mis v\u00f5imaldab teil juhtida valgustust, j\u00e4lgida energiatarbimist, reguleerida temperatuuri ja niiskust ning luua automatiseerimisstseene. Integreerimisega Shelly Smart Controli rakenduse ja Home Assistantiga saate juurdep\u00e4\u00e4su kogu funktsionaalsusele \u00fchest liidesest. [&#8230;]\n","protected":false},"featured_media":27178,"comment_status":"open","ping_status":"closed","template":"","meta":[],"product_brand":[551],"product_cat":[951],"product_tag":[],"class_list":{"0":"post-27177","1":"product","2":"type-product","3":"status-publish","4":"has-post-thumbnail","6":"product_brand-shelly","7":"product_cat-control-panels","9":"first","10":"outofstock","11":"taxable","12":"shipping-taxable","13":"purchasable","14":"product-type-simple"},"aioseo_notices":[],"_links":{"self":[{"href":"https:\/\/asura.lv\/et\/wp-json\/wp\/v2\/product\/27177","targetHints":{"allow":["GET"]}}],"collection":[{"href":"https:\/\/asura.lv\/et\/wp-json\/wp\/v2\/product"}],"about":[{"href":"https:\/\/asura.lv\/et\/wp-json\/wp\/v2\/types\/product"}],"replies":[{"embeddable":true,"href":"https:\/\/asura.lv\/et\/wp-json\/wp\/v2\/comments?post=27177"}],"wp:featuredmedia":[{"embeddable":true,"href":"https:\/\/asura.lv\/et\/wp-json\/wp\/v2\/media\/27178"}],"wp:attachment":[{"href":"https:\/\/asura.lv\/et\/wp-json\/wp\/v2\/media?parent=27177"}],"wp:term":[{"taxonomy":"product_brand","embeddable":true,"href":"https:\/\/asura.lv\/et\/wp-json\/wp\/v2\/product_brand?post=27177"},{"taxonomy":"product_cat","embeddable":true,"href":"https:\/\/asura.lv\/et\/wp-json\/wp\/v2\/product_cat?post=27177"},{"taxonomy":"product_tag","embeddable":true,"href":"https:\/\/asura.lv\/et\/wp-json\/wp\/v2\/product_tag?post=27177"}],"curies":[{"name":"wp","href":"https:\/\/api.w.org\/{rel}","templated":true}]}}