{"id":27219,"date":"2025-11-29T00:14:35","date_gmt":"2025-11-29T00:14:35","guid":{"rendered":"https:\/\/asura.lv\/product\/avatto-zws16-smart-water-leak-detector\/"},"modified":"2025-12-12T15:22:21","modified_gmt":"2025-12-12T13:22:21","slug":"avatto-zws16-smart-water-leak-detector","status":"publish","type":"product","link":"https:\/\/asura.lv\/et\/toode\/avatto-zws16-smart-water-leak-detector\/","title":{"rendered":"Avatto ZWS16 nutikas veelekke detektor"},"content":{"rendered":"<h3>Avatto ZWS16 nutikas veelekkeandur<\/h3>\n<p>Hoidke oma kodu turvaliselt Avatto ZWS16 nutika veelekkeanduriga. See v\u00e4ike, kuid \u00e4\u00e4rmiselt praktiline seade tuvastab koheselt vee olemasolu ja saadab teie nutitelefonile teate. T\u00e4nu ZigBee \u00fchenduvusele t\u00f6\u00f6tab see Smart Life&#8217;i ja Tuya rakendustega, v\u00f5imaldades teil olukorda reaalajas j\u00e4lgida k\u00f5ikjalt. ZWS16 reageerib koheselt \u2013 see tuvastab isegi v\u00e4ikese lekke pesumasina, n\u00f5udepesumasina all, vannitoas v\u00f5i akvaariumis, aidates v\u00e4ltida kulukaid remondit\u00f6id ja kaotusi.<\/p>\n<p>\n<img decoding=\"async\" alt=\"\u00dcmar punase tulega \u00fcleujutusandur, mis on asetatud p\u00f5randale \u00fclevooluvanni k\u00f5rvale\" border=\"0\" src=\"https:\/\/assets.innpro.pl\/18534\/24658\/2.jpg\"\/>\n<\/p>\n<h3>Kohesed teated ja kaugj\u00e4lgimine<\/h3>\n<p>Vee tuvastamisel saadab andur rakendusele reaalajas teate. See v\u00f5imaldab teil kiiresti reageerida \u2013 l\u00fclitage veevarustus v\u00e4lja, \u00fchendage elekter lahti v\u00f5i paluge kellelgi sekkuda, isegi kui olete kodust eemal. K\u00f5ik s\u00fcndmused salvestatakse ajalukku, nii et saate t\u00e4ieliku \u00fclevaate probleemi toimumise ajast ja asukohast.<\/p>\n<p>\n<img decoding=\"async\" alt=\"\u00dcleujutusandur lekkiva veetoru all ja nutitelefoni ekraanil kuvatakse vee tuvastamise hoiatust\" border=\"0\" src=\"https:\/\/assets.innpro.pl\/18534\/24658\/4.jpg\"\/>\n<\/p>\n<h3>Koost\u00f6\u00f6 ZigBee s\u00fcsteemiga<\/h3>\n<p>Avatto ZWS16 andur t\u00f6\u00f6tab ZigBee 3.0 tehnoloogial ja vajab \u00fchendust ZigBee l\u00fc\u00fcsiga (m\u00fc\u00fcakse eraldi). Seet\u00f5ttu pakub see stabiilset \u00fchenduvust, v\u00e4ikest energiatarbimist ja v\u00f5imalust integreeruda teiste nutika kodu seadmetega. Saate luua nutikaid stsenaariume, n\u00e4iteks: &#8220;Lekke tuvastamisel l\u00fclitage toide v\u00e4lja&#8221; v\u00f5i &#8220;Kui andur tuvastab vett, k\u00e4ivitage helisignaal&#8221;. Sellised automatiseeringud suurendavad ohutust ja pakuvad igap\u00e4evasel kasutamisel meelerahu.<\/p>\n<p>\n<img decoding=\"async\" alt=\"\u00dcleujutusandur p\u00f5randal pesumasina k\u00f5rval, nutitelefoni k\u00f5rval, mille rakendus seadet tuvastab\" border=\"0\" src=\"https:\/\/assets.innpro.pl\/18534\/24658\/3.jpg\"\/>\n<\/p>\n<h3>Madal energiatarve ja pikk t\u00f6\u00f6aeg<\/h3>\n<p>Avatto ZWS16 t\u00f6\u00f6tab CR2032 (3V) patareiga, mis tagab tavap\u00e4rase kasutamise korral (kuni 20 aktiveerimist p\u00e4evas) enam kui aasta t\u00f6\u00f6aega. Seade annab teile teada, kui patarei on t\u00fchjenemas, nii et teil on alati aega see v\u00e4lja vahetada. Energias\u00e4\u00e4stlik disain tagab anduri usaldusv\u00e4\u00e4rse ja pikaajalise hoolduseta t\u00f6\u00f6.<\/p>\n<p>\n<img decoding=\"async\" alt=\"L\u00e4hivaade \u00fcmmargusest \u00fcleujutusandurist, millel on veepiisad korpusel, ja nutitelefonist koos teavitusseadetega\" border=\"0\" src=\"https:\/\/assets.innpro.pl\/18534\/24658\/1.jpg\"\/>\n<\/p>\n<h3>Nutikas integratsioon ja automatiseerimine<\/h3>\n<p>Rakenduse abil saate anduri \u00fchendada teiste Tuya v\u00f5i Smart Life seadmetega, n\u00e4iteks nutikate ventiilide, pistikupesade v\u00f5i releedega. Niipea kui andur tuvastab vett, saab see automaatselt toite v\u00e4lja l\u00fclitada, solenoidventiili sulgeda v\u00f5i h\u00e4iresignaali k\u00e4ivitada \u2013 k\u00f5ik see ilma teie sekkumiseta. See on ideaalne lahendus neile, kes soovivad luua t\u00e4ielikult automatiseeritud ja turvalise kodu.<\/p>\n<p>\n<img decoding=\"async\" alt=\"Nutitelefon rakendusega \u00fcleujutusanduri jaoks maja taustal, suumiga, mis n\u00e4itab andurit p\u00f5randal toru all\" border=\"0\" src=\"https:\/\/assets.innpro.pl\/18534\/24658\/5.jpg\"\/>\n<\/p>\n<div class=\"table-wrapper\">\n<p>\u0412\u00a0<\/p>\n<h3><\/h3>\n<table>\n<tbody>\n<tr>\n<th>Tootja<\/th>\n<td>Avatto<\/td>\n<\/tr>\n<tr>\n<th>Mudel<\/th>\n<td>ZWS16<\/td>\n<\/tr>\n<tr>\n<th>Traadita tehnoloogia<\/th>\n<td>ZigBee<\/td>\n<\/tr>\n<tr>\n<th>T\u00f6\u00f6pinge<\/th>\n<td>DC 3 V (CR2032 aku)<\/td>\n<\/tr>\n<tr>\n<th>Edastussagedus<\/th>\n<td>2,4 GHz<\/td>\n<\/tr>\n<tr>\n<th>T\u00f6\u00f6temperatuuri vahemik<\/th>\n<td>-10 \u00b0C kuni 55 \u00b0C<\/td>\n<\/tr>\n<tr>\n<th>Aku t\u00fchjenemise indikaator<\/th>\n<td>Jah<\/td>\n<\/tr>\n<tr>\n<th>Aku t\u00f6\u00f6iga<\/th>\n<td>Rohkem kui aasta (20 aktiveerimisega p\u00e4evas)<\/td>\n<\/tr>\n<tr>\n<th>Tuvastusmeetod<\/th>\n<td>Veeandur<\/td>\n<\/tr>\n<tr>\n<th>M\u00f5\u00f5tmed<\/th>\n<td>\u009859,5 mm \u00d7 17 mm<\/td>\n<\/tr>\n<\/tbody>\n<\/table>\n<\/div>\n","protected":false},"excerpt":{"rendered":"<p>Avatto ZWS16 nutikas veelekkeandur Hoidke oma kodu turvaliselt Avatto ZWS16 nutika veelekkeanduriga. See v\u00e4ike, kuid \u00e4\u00e4rmiselt praktiline seade tuvastab koheselt vee olemasolu ja saadab teie nutitelefonile teate. T\u00e4nu ZigBee \u00fchenduvusele t\u00f6\u00f6tab see Smart Life&#8217;i ja Tuya rakendustega, v\u00f5imaldades teil olukorda reaalajas j\u00e4lgida k\u00f5ikjalt. ZWS16 reageerib koheselt \u2013 see tuvastab isegi v\u00e4ikese lekke pesumasina, n\u00f5udepesumasina all, [&#8230;]\n","protected":false},"featured_media":27220,"comment_status":"open","ping_status":"closed","template":"","meta":[],"product_brand":[466],"product_cat":[948],"product_tag":[],"class_list":{"0":"post-27219","1":"product","2":"type-product","3":"status-publish","4":"has-post-thumbnail","6":"product_brand-avatto","7":"product_cat-sensors","9":"first","10":"outofstock","11":"taxable","12":"shipping-taxable","13":"purchasable","14":"product-type-simple"},"aioseo_notices":[],"_links":{"self":[{"href":"https:\/\/asura.lv\/et\/wp-json\/wp\/v2\/product\/27219","targetHints":{"allow":["GET"]}}],"collection":[{"href":"https:\/\/asura.lv\/et\/wp-json\/wp\/v2\/product"}],"about":[{"href":"https:\/\/asura.lv\/et\/wp-json\/wp\/v2\/types\/product"}],"replies":[{"embeddable":true,"href":"https:\/\/asura.lv\/et\/wp-json\/wp\/v2\/comments?post=27219"}],"wp:featuredmedia":[{"embeddable":true,"href":"https:\/\/asura.lv\/et\/wp-json\/wp\/v2\/media\/27220"}],"wp:attachment":[{"href":"https:\/\/asura.lv\/et\/wp-json\/wp\/v2\/media?parent=27219"}],"wp:term":[{"taxonomy":"product_brand","embeddable":true,"href":"https:\/\/asura.lv\/et\/wp-json\/wp\/v2\/product_brand?post=27219"},{"taxonomy":"product_cat","embeddable":true,"href":"https:\/\/asura.lv\/et\/wp-json\/wp\/v2\/product_cat?post=27219"},{"taxonomy":"product_tag","embeddable":true,"href":"https:\/\/asura.lv\/et\/wp-json\/wp\/v2\/product_tag?post=27219"}],"curies":[{"name":"wp","href":"https:\/\/api.w.org\/{rel}","templated":true}]}}