{"id":27357,"date":"2025-11-29T00:14:21","date_gmt":"2025-11-29T00:14:21","guid":{"rendered":"https:\/\/asura.lv\/product\/tws-qcy-buds-ht15-anc-earphones-white\/"},"modified":"2025-12-12T15:22:06","modified_gmt":"2025-12-12T13:22:06","slug":"tws-qcy-buds-ht15-anc-earphones-white","status":"publish","type":"product","link":"https:\/\/asura.lv\/et\/toode\/tws-qcy-buds-ht15-anc-earphones-white\/","title":{"rendered":"TWS QCY Buds HT15 ANC k\u00f5rvaklapid (valged)"},"content":{"rendered":"<h3><strong>TWS QCY Buds HT15 ANC k\u00f5rvaklapid (valged)<\/strong><\/h3>\n<p>Avastage TWS QCY Buds HT15 k\u00f5rvaklappidega uuendusliku tehnoloogia ja mugavuse ideaalne kombinatsioon. T\u00e4nu adaptiivsele m\u00fcrasummutusele, mis kohandub automaatselt teie keskkonnaga, ja kuue mikrofoni komplektile, mis tagavad loomulikud ja selged vestlused, pakuvad need k\u00f5rvaklapid teile erakordse helikogemuse igas olukorras. Rikkalik ja detailne heli, kohandatavad ekvalaiseri seaded, mugav ergonoomiline disain ja muljetavaldav kuni 25-tunnine t\u00f6\u00f6aeg laadimis\u00fcmbrisega muudavad QCY Buds HT15 suurep\u00e4raseks valikuks n\u00f5udlikele kasutajatele, kes hindavad k\u00f5rgeimat helikvaliteeti.<\/p>\n<p>\n<img decoding=\"async\" alt=\"Czarne bezprzewodowe s\u0155\u201auchawki douszne w eiu \u0415\u201aaduj\u0414\u2026cym obok zamni\u0414\u2122tego bia\u0415\u201aeo eiu, usawione na janym piasku.\" border=\"0\" src=\"https:\/\/assets.innpro.pl\/17474\/23113\/1.jpg\"\/>\n<\/p>\n<h3><strong>Sukeldu puhta heli maailma<\/strong><\/h3>\n<p>Avasta t\u00f5eline muusika kuulamise nauding TWS QCY Buds HT15 k\u00f5rvaklappidega. T\u00e4iustatud adaptiivse m\u00fcrasummutustehnoloogiaga (ANC) reguleerivad k\u00f5rvaklapid automaatselt v\u00e4liste helide summutustaset, k\u00f5rvaldades t\u00f5husalt kuni 97% m\u00fcrast. Olgu tegemist l\u00e4rmaka t\u00e4nava, rahvarohke metroo v\u00f5i vestlusi t\u00e4is kontoriga, saad alati nautida kristallselget ja moonutamata heli.<\/p>\n<p>\n<img decoding=\"async\" alt=\" Bia\u0144a s\u017auchawka przedstawiona w przekroju z widocznymi elementami przetwornika i uk\u0159edu d\u0155\u0454wi\u0154\u2122kowego.\" border=\"0\" src=\"https:\/\/assets.innpro.pl\/17474\/23113\/4.jpg\"\/>\n<\/p>\n<h3><strong>Selge h\u00e4\u00e4l iga vestluse ajal<\/strong><\/h3>\n<p>QCY Buds HT15 k\u00f5rvaklappidesse sisseehitatud kuni kuue mikrofoni komplekt on loodud selgete ja loomulike telefonivestluste jaoks. Spetsiaalne tuulekindel disain ja t\u00e4iustatud m\u00fcrasummutustehnoloogia muudavad teie h\u00e4\u00e4le selgeks ja arusaadavaks isegi m\u00fcrarikkas keskkonnas r\u00e4\u00e4kides. R\u00e4\u00e4kige vabalt, kus iganes te ka poleks!<\/p>\n<p>\n<img decoding=\"async\" alt=\"Mul on palju mugavamaid ja mugavamaid k\u00f5lapindu, eriti k\u00fclma ilmaga.\" border=\"0\" src=\"https:\/\/assets.innpro.pl\/17474\/23113\/2.jpg\"\/>\n<\/p>\n<h3><strong>Kohandatud igale olukorrale \u2013 neli ANC-re\u017eiimi<\/strong><\/h3>\n<p>QCY Buds HT15 k\u00f5rvaklapid pakuvad nelja spetsiaalselt loodud m\u00fcrasummutusre\u017eiimi \u2013 siseruumides, \u00fchistranspordis, rahvahulga ja tuulevastased re\u017eiimid. Iga\u00fcks neist kohandab m\u00fcrasummutustaset t\u00e4pselt vastavalt teie praegustele vajadustele, tagades mugava kuulamise ja ideaalsed keskendumistingimused. Samuti on olemas loomuliku l\u00e4bipaistvuse re\u017eiim, mis v\u00f5imaldab teil muusikat kuulata ilma, et teid katkestataks olulisest teabest v\u00f5i \u00fcmbritsevatest vestlustest. Liiguge linnas turvaliselt ja p\u00fcsige \u00fcmbritsevaga \u00fchenduses, nautides samal ajal suurep\u00e4rast helikvaliteeti.<\/p>\n<p>\n<img decoding=\"async\" alt=\"M\u00f5nikord n\u00e4eb kobieta siedzi przy oknie w kawiarni, nosz\u0414\u2026c bia\u0415\u201a\u0414\u2026 s\u0415\u201auchawk\u0414\u2122 bezprzewodow\u0414\u2026.\" border=\"0\" src=\"https:\/\/assets.innpro.pl\/17474\/23113\/3.jpg\"\/>\n<\/p>\n<h3><strong>Heli, mis pakub naudingut<\/strong><\/h3>\n<p>T\u00e4nu d\u00fcnaamilistele biomembraaniga draiveritele pakuvad QCY Buds HT15 k\u00f5rvaklapid rikkalikku, t\u00e4idlast ja detailset heli. Muusikat taasesitatakse erakordse selguse ja s\u00fcgavusega, olenemata \u017eanrist. Lisaks on k\u00f5rvaklapid t\u00e4nu laiale valikule ekvalaiseri eelh\u00e4\u00e4lestustele (sh rokk, klassikaline, v\u00f5imendatud bass, vokaal, pop) ja v\u00f5imalusele luua oma s\u00e4tteid kohanduvad iga loo ja teie individuaalsete eelistustega.<\/p>\n<p>\n<img decoding=\"async\" alt=\"Kunstiteadlikud viisid selle loomiseks ja nende kohandamiseks... nii saate luua oma lemmikmuusika.\" border=\"0\" src=\"https:\/\/assets.innpro.pl\/17474\/23113\/7.jpg\"\/>\n<\/p>\n<h3><strong>Mugavus, spetsiaalne rakendus ja energia kogu p\u00e4evaks<\/strong><\/h3>\n<p>QCY Buds HT15 k\u00f5rvaklappidel on \u00fcli\u00f5huke disain (ainult 25,5 mm) ja ergonoomiline disain, mis tagab stabiilsuse ja mugava kandmise isegi pikkade tundide jooksul. Komplektis on erineva suurusega k\u00f5rvapadjad, mis sobivad ideaalselt k\u00f5rvaklappide kujuga, tagades nullr\u00f5hu ja maksimaalse mugavuse. K\u00f5rvaklappide laetav aku pakub \u00fche laadimisega kuni 5,5 tundi pidevat muusikaesitust ja laadimis\u00fcmbrisega kombineerituna kuni 25 tundi. Vaid 10-minutilisest laadimisest piisab tunniseks kasutamiseks, nii et teil on muusika alati k\u00e4ep\u00e4rast. Lisaks saate spetsiaalse QCY rakendusega isikup\u00e4rastada ANC ja EQ s\u00e4tteid, leida kadunud k\u00f5rvaklappe, kontrollida laadimistaset, aktiveerida m\u00e4ngure\u017eiimi ja unere\u017eiimi ning v\u00e4rskendada p\u00fcsivara.<\/p>\n<p>\n<img decoding=\"async\" alt=\"Bia\u0415\u201ae s\u0415\u201auchawki bezprzewodowe w otwartym etui le\u0415\u0458\u0414\u2026ce na stole obok winyla i odtwarzacza musyki.\" border=\"0\" src=\"https:\/\/assets.innpro.pl\/17474\/23113\/5.jpg\"\/>\n<\/p>\n<h3><strong>Topelt\u00fchenduse funktsioon ja k\u00f5rvaklappide juhtimine<\/strong><\/h3>\n<p>Topelt\u00fchenduse funktsiooni abil saab k\u00f5rvaklapid korraga \u00fchendada kahe seadmega, mis v\u00f5imaldab nende vahel sujuvat vahetamist. Lisaks pakub madala latentsusega re\u017eiim (0,068 sekundit) suurep\u00e4rast kogemust mobiilim\u00e4ngude m\u00e4ngimisel. Lihtsad ja intuitiivsed puutetundlikud juhtnupud v\u00f5imaldavad teil h\u00f5lpsalt taasesitust hallata, k\u00f5nedele vastata ja neid tagasi l\u00fckata, lugusid vahetada, h\u00e4\u00e4lassistenti aktiveerida ja ANC-re\u017eiimide vahel vahetada \u2013 k\u00f5ik \u00fche puudutusega.<\/p>\n<p>\n<img decoding=\"async\" alt=\"Bia\u015bnie s\u015buchawki bezprzewodowe z \u0442\u043e\u0446\u0414\u2026 faktur\u0414\u2026, puutetundliku ekraani vahetamine, neutraalne puutetundlik ekraan.\" border=\"0\" src=\"https:\/\/assets.innpro.pl\/17474\/23113\/6.jpg\"\/>\n<\/p>\n<h3>Kaasas<\/h3>\n<ul class=\"list-disc pl-5\">\n<li>k\u00f5rvaklapid<\/li>\n<li>USB-C kaabel<\/li>\n<li>k\u00f5rvaklapid x2<\/li>\n<li>kasutusjuhend<\/li>\n<\/ul>\n<div class=\"table-wrapper\">\n<p>\u0412\u00a0<\/p>\n<h3><\/h3>\n<table>\n<tbody>\n<tr>\n<th>Tootja<\/th>\n<td>QCY<\/td>\n<\/tr>\n<tr>\n<th>Mudel<\/th>\n<td>HT15<\/td>\n<\/tr>\n<tr>\n<th>V\u00e4rv<\/th>\n<td>Valge<\/td>\n<\/tr>\n<tr>\n<th>Bluetoothi \u200b\u200bversioon<\/th>\n<td>5.4<\/td>\n<\/tr>\n<tr>\n<th>\u00dchilduv s\u00fcsteemid<\/th>\n<td>iOS, Android<\/td>\n<\/tr>\n<tr>\n<th>Bluetoothi \u200b\u200bleviala<\/th>\n<td>10 m<\/td>\n<\/tr>\n<tr>\n<th>Veekindel<\/th>\n<td>IPX4<\/td>\n<\/tr>\n<tr>\n<th>T\u00f6\u00f6aeg<\/th>\n<td>25 tundi laadimis\u00fcmbrisega (18 tundi ANC sissel\u00fclitatult)<br \/>5,5 tundi \u00fche laadimisega (4 tundi ANC sissel\u00fclitatult)<\/td>\n<\/tr>\n<tr>\n<th>Profiilid<\/th>\n<td>HFP, A2DP, AVRCP<\/td>\n<\/tr>\n<tr>\n<th>Aku mahtuvus<\/th>\n<td>350 mAh laadimis\u00fcmbris<br \/>32 mAh telefon<\/td>\n<\/tr>\n<tr>\n<th>Laadimisport<\/th>\n<td>USB-C<\/td>\n<\/tr>\n<tr>\n<th>M\u00f5\u00f5tmed<\/th>\n<td>33,6 x 20,7 x 23,4 mm telefonitoru<br \/>49,1 x 56 x 28,3 mm laadimis\u00fcmbris<\/td>\n<\/tr>\n<\/tbody>\n<\/table>\n<\/div>\n","protected":false},"excerpt":{"rendered":"<p>TWS QCY Buds HT15 ANC k\u00f5rvaklapid (valged) Avastage TWS QCY Buds HT15 k\u00f5rvaklappidega uuendusliku tehnoloogia ja mugavuse ideaalne kombinatsioon. T\u00e4nu adaptiivsele m\u00fcrasummutusele, mis kohandub automaatselt teie keskkonnaga, ja kuue mikrofoni komplektile, mis tagavad loomulikud ja selged vestlused, pakuvad need k\u00f5rvaklapid teile erakordse helikogemuse igas olukorras. Rikkalik ja detailne heli, kohandatavad ekvalaiseri seaded, mugav ergonoomiline disain [&#8230;]\n","protected":false},"featured_media":27358,"comment_status":"open","ping_status":"closed","template":"","meta":[],"product_brand":[396],"product_cat":[954],"product_tag":[],"class_list":{"0":"post-27357","1":"product","2":"type-product","3":"status-publish","4":"has-post-thumbnail","6":"product_brand-qcy","7":"product_cat-tws","9":"first","10":"outofstock","11":"taxable","12":"shipping-taxable","13":"purchasable","14":"product-type-simple"},"aioseo_notices":[],"_links":{"self":[{"href":"https:\/\/asura.lv\/et\/wp-json\/wp\/v2\/product\/27357","targetHints":{"allow":["GET"]}}],"collection":[{"href":"https:\/\/asura.lv\/et\/wp-json\/wp\/v2\/product"}],"about":[{"href":"https:\/\/asura.lv\/et\/wp-json\/wp\/v2\/types\/product"}],"replies":[{"embeddable":true,"href":"https:\/\/asura.lv\/et\/wp-json\/wp\/v2\/comments?post=27357"}],"wp:featuredmedia":[{"embeddable":true,"href":"https:\/\/asura.lv\/et\/wp-json\/wp\/v2\/media\/27358"}],"wp:attachment":[{"href":"https:\/\/asura.lv\/et\/wp-json\/wp\/v2\/media?parent=27357"}],"wp:term":[{"taxonomy":"product_brand","embeddable":true,"href":"https:\/\/asura.lv\/et\/wp-json\/wp\/v2\/product_brand?post=27357"},{"taxonomy":"product_cat","embeddable":true,"href":"https:\/\/asura.lv\/et\/wp-json\/wp\/v2\/product_cat?post=27357"},{"taxonomy":"product_tag","embeddable":true,"href":"https:\/\/asura.lv\/et\/wp-json\/wp\/v2\/product_tag?post=27357"}],"curies":[{"name":"wp","href":"https:\/\/api.w.org\/{rel}","templated":true}]}}