{"id":27399,"date":"2025-11-29T00:14:17","date_gmt":"2025-11-29T00:14:17","guid":{"rendered":"https:\/\/asura.lv\/product\/sonoff-zbm5-3c-86w-3-channel-zigbee-smart-touch-wall-switch\/"},"modified":"2025-12-12T15:22:00","modified_gmt":"2025-12-12T13:22:00","slug":"sonoff-zbm5-3c-86w-3-channel-zigbee-smart-touch-wall-switch","status":"publish","type":"product","link":"https:\/\/asura.lv\/et\/toode\/sonoff-zbm5-3c-86w-3-channel-zigbee-smart-touch-wall-switch\/","title":{"rendered":"Sonoff ZBM5-3C-86W (3-kanaliline) Zigbee nutikas puutetundlik seinal\u00fcliti"},"content":{"rendered":"<h3>Sonoff ZBM5-3C-86W (3-kanaliline) Zigbee nutikas puutetundlik seinal\u00fcliti<\/h3>\n<p>Avastage nutika valgustuse juhtimise mugavus Sonoff ZBM5-3C-86W abil. Tegemist on Zigbee puutetundliku kolmekanalilise l\u00fclitiga, mis t\u00f6\u00f6tab nii neutraaljuhtmega kui ka ilma. Saate selle h\u00f5lpsalt integreerida eWeLinki rakenduse ja Zigbee l\u00fc\u00fcsiga, et juhtida valgusteid nutitelefonist v\u00f5i Alexa v\u00f5i Google Home&#8217;i h\u00e4\u00e4le abil. Saate m\u00e4\u00e4rata ajakavasid, luua nutikaid stseene ja automatiseeringuid ning relee eraldamise funktsioon v\u00f5imaldab teie nutikatel pirnidel j\u00e4\u00e4da sisse ka siis, kui l\u00fcliti v\u00e4lja l\u00fclitate. Sonoff ZBM5-3C-86W pakub sujuvat koostalitlusv\u00f5imet avatud l\u00e4htekoodiga s\u00fcsteemidega, andes teile t\u00e4ieliku kontrolli oma kodu valgustuse \u00fcle \u2013 olenemata sellest, kui uus teie paigaldis on.<\/p>\n<p>\n<img decoding=\"async\" alt=\"T\u00f5en\u00e4oliselt on SONOFFi nutikad t\u00fc\u00fcpilised valgustid, mis sobivad teie valitud geomeetriliste plokkidega\" border=\"0\" src=\"https:\/\/assets.innpro.pl\/17505\/23163\/3.jpg\"\/>\n<\/p>\n<h3>\u00dchildub teie koduga<\/h3>\n<p>Sonoff ZBM5 l\u00fcliti on loodud sobima enamiku kodupaigaldistega \u2013 nii nendega, millel puudub neutraaljuhe (t\u00fc\u00fcpiline enne 1980. aastaid ehitatud hoonetes) kui ka nendega, millel on neutraaljuhe (leidub uuemates v\u00f5i renoveeritud hoonetes). See lahendus v\u00f5imaldab teil automatiseerimise potentsiaali t\u00e4iel m\u00e4\u00e4ral \u00e4ra kasutada, olenemata sellest, kas elate vanemas v\u00f5i uuemas majas.<\/p>\n<p>\n<img decoding=\"async\" alt=\"Kobieta w be\u0415\u0458owej koszuli nakrywa st\u0413\u0456\u0415\u201a z drewnianym blatem, szarymi talerzami i traw\u0414\u2026 pampasow\u0414\u2026 w wazonie\" border=\"0\" src=\"https:\/\/assets.innpro.pl\/17505\/23163\/1.jpg\"\/>\n<\/p>\n<h3>Juhtimine teie k\u00e4tes<\/h3>\n<p>Haldage oma valgustust k\u00f5ikjal maailmas eWeLinki rakendusega, mis on saadaval nii iOS-ile kui ka Androidile. Saate oma l\u00fcliti olekut igal ajal kontrollida, tulesid eemalt sisse v\u00f5i v\u00e4lja l\u00fclitada ning s\u00e4tteid vastavalt oma vajadustele kohandada. Pange t\u00e4hele, et seadme kaugjuhtimisfunktsioonide t\u00e4ielikuks kasutamiseks on vaja \u00fchilduvat SONOFF Zigbee v\u00e4ravat, n\u00e4iteks iHost, NSPanel Pro, ZBBridge-U, ZBBridge-P v\u00f5i ZBDongle-E\/-P.<\/p>\n<p>\n<img decoding=\"async\" alt=\"Kobieta \u0415\u203api\u0414\u2026ca w \u0415\u201a\u0413\u0456\u0415\u0458ku z bia\u0415\u201a\u0414\u2026 po\u0415\u203aciel\u0414\u2026 przy \u0415\u203acianie z inteligentnym \u043f\ufffdze\u0415\u201a\u0414\u2026cznikiem i lampk\u0414\u2026 non\u0414\u2026\" border=\"0\" src=\"https:\/\/assets.innpro.pl\/17505\/23163\/4.jpg\"\/>\n<\/p>\n<h3>Teie mugavuse huvides<\/h3>\n<p>Tagage rahulik uni, m\u00e4\u00e4rates ajakava, mis l\u00fclitab teie elutoa v\u00f5i magamistoa tuled automaatselt soovitud ajal v\u00e4lja. Rakenduse ajastamisfunktsiooni abil saate m\u00e4\u00e4rata, millal tuled peaksid v\u00e4lja l\u00fclituma, toetades tervislikumat p\u00e4eva- ja \u00f6\u00f6r\u00fctmi oma kodus. Kas teil on kiired k\u00e4ed? L\u00fclitage tuled sisse lihtsa h\u00e4\u00e4lk\u00e4sklusega. L\u00fcliti t\u00f6\u00f6tab Alexa ja Google Home&#8217;iga, v\u00f5imaldades teil oma tulesid mugavalt juhtida ilma telefoni puudutamata. Lisaks integreerub Sonoff ZBM5 Zigbee2MQTT ja ZHA toega h\u00f5lpsalt avatud l\u00e4htekoodiga platvormidega, et luua terviklik nutika kodu s\u00fcsteem, mis t\u00f6\u00f6tab erinevate tootjate seadmetega.<\/p>\n<p>\n<img decoding=\"async\" alt=\"Kobieta w ruchu przechodzi przez nowoczesny salon z be\u0415\u0458ow\u0414\u2026 sof\u0414\u2026 i drewnian\u0414\u2026 pod\u0415\u201aog\u0414\u2026\" border=\"0\" src=\"https:\/\/assets.innpro.pl\/17505\/23163\/2.jpg\"\/>\n<\/p>\n<h3>Automatiseerimine ja nutikad stseenid<\/h3>\n<p>Looge oma elustiilile kohandatud isikup\u00e4rastatud stseene. Zigbee protokolli abil saate seadistada magamistoa valgustuse kahesuunalise juhtimise Zigbee juhtmevaba nupu abil v\u00f5i automatiseerida tulede sisse- ja v\u00e4ljal\u00fclitamist Zigbee anduri signaali p\u00f5hjal. See lahendus v\u00f5imaldab teil oma igap\u00e4evaseid tegevusi lihtsustada, automatiseerides valgustust vastavalt teie vajadustele. Sonoff ZBM5 v\u00f5imaldab teil kasutada ka relee eemaldamise funktsiooni, nii et nutikad pirnid ei kaota voolu, kui seinal\u00fcliti on v\u00e4lja l\u00fclitatud.<\/p>\n<p>\n<img decoding=\"async\" alt=\"S\u00fcsivara intelligentsete SONOFFi pirnide ja nende l\u00fclitite voolukatkestus\" border=\"0\" src=\"https:\/\/assets.innpro.pl\/17505\/23163\/5.jpg\"\/>\n<\/p>\n<h3>Kaasas<\/h3>\n<ul class=\"list-disc pl-5\">\n<li>puutetundlik l\u00fcliti<\/li>\n<li>kinnituskruvid x2<\/li>\n<li>kasutusjuhend<\/li>\n<\/ul>\n<div class=\"table-wrapper\">\n<p>\u0412\u00a0<\/p>\n<h3><\/h3>\n<table>\n<tbody>\n<tr>\n<th>Tootja<\/th>\n<td>Sonoff<\/td>\n<\/tr>\n<tr>\n<th>Mudel<\/th>\n<td>ZBM5-3C-86W<\/td>\n<\/tr>\n<tr>\n<th>Minimaalne koormus<\/th>\n<td>3W (ilma neutraaljuhtmeta)<\/td>\n<\/tr>\n<tr>\n<th>Traadita \u00fchenduvus<\/th>\n<td>Zigbee 3.0<\/td>\n<\/tr>\n<tr>\n<th>V\u00e4rv<\/th>\n<td>Valge<\/td>\n<\/tr>\n<tr>\n<th>Korpuse materjal<\/th>\n<td>PC, CRS<\/td>\n<\/tr>\n<tr>\n<th>M\u00f5\u00f5tmed<\/th>\n<td>87 x 87 x 40,2 mm<\/td>\n<\/tr>\n<tr>\n<th>T\u00f6\u00f6re\u017eiim Temperatuur<\/th>\n<td>-10\u201340 \u00b0C<\/td>\n<\/tr>\n<tr>\n<th>Nimitus<\/th>\n<td>100\u2013240 V ~ 50\/60 Hz 10 A\/kanal, maksimaalne takistuslik koormus kokku 10 A<\/td>\n<\/tr>\n<tr>\n<th>LED<\/th>\n<td>400 W @ 240 V\/kanal, 200 W @ 100 V\/kanal, kokku 400 W @ 240 V, 200 W @ 100 V<\/td>\n<\/tr>\n<tr>\n<th>Kanalite arv<\/th>\n<td>3<\/td>\n<\/tr>\n<\/tbody>\n<\/table>\n<\/div>\n","protected":false},"excerpt":{"rendered":"<p>Sonoff ZBM5-3C-86W (3-kanaliline) Zigbee nutikas puutetundlik seinal\u00fcliti Avastage nutika valgustuse juhtimise mugavus Sonoff ZBM5-3C-86W abil. Tegemist on Zigbee puutetundliku kolmekanalilise l\u00fclitiga, mis t\u00f6\u00f6tab nii neutraaljuhtmega kui ka ilma. Saate selle h\u00f5lpsalt integreerida eWeLinki rakenduse ja Zigbee l\u00fc\u00fcsiga, et juhtida valgusteid nutitelefonist v\u00f5i Alexa v\u00f5i Google Home&#8217;i h\u00e4\u00e4le abil. Saate m\u00e4\u00e4rata ajakavasid, luua nutikaid stseene ja [&#8230;]\n","protected":false},"featured_media":27400,"comment_status":"open","ping_status":"closed","template":"","meta":[],"product_brand":[203],"product_cat":[930],"product_tag":[],"class_list":{"0":"post-27399","1":"product","2":"type-product","3":"status-publish","4":"has-post-thumbnail","6":"product_brand-sonoff","7":"product_cat-switches","9":"first","10":"outofstock","11":"taxable","12":"shipping-taxable","13":"purchasable","14":"product-type-simple"},"aioseo_notices":[],"_links":{"self":[{"href":"https:\/\/asura.lv\/et\/wp-json\/wp\/v2\/product\/27399","targetHints":{"allow":["GET"]}}],"collection":[{"href":"https:\/\/asura.lv\/et\/wp-json\/wp\/v2\/product"}],"about":[{"href":"https:\/\/asura.lv\/et\/wp-json\/wp\/v2\/types\/product"}],"replies":[{"embeddable":true,"href":"https:\/\/asura.lv\/et\/wp-json\/wp\/v2\/comments?post=27399"}],"wp:featuredmedia":[{"embeddable":true,"href":"https:\/\/asura.lv\/et\/wp-json\/wp\/v2\/media\/27400"}],"wp:attachment":[{"href":"https:\/\/asura.lv\/et\/wp-json\/wp\/v2\/media?parent=27399"}],"wp:term":[{"taxonomy":"product_brand","embeddable":true,"href":"https:\/\/asura.lv\/et\/wp-json\/wp\/v2\/product_brand?post=27399"},{"taxonomy":"product_cat","embeddable":true,"href":"https:\/\/asura.lv\/et\/wp-json\/wp\/v2\/product_cat?post=27399"},{"taxonomy":"product_tag","embeddable":true,"href":"https:\/\/asura.lv\/et\/wp-json\/wp\/v2\/product_tag?post=27399"}],"curies":[{"name":"wp","href":"https:\/\/api.w.org\/{rel}","templated":true}]}}