{"id":27483,"date":"2025-11-29T00:14:10","date_gmt":"2025-11-29T00:14:10","guid":{"rendered":"https:\/\/asura.lv\/product\/zeblaze-stratos-4-smartwatch-black\/"},"modified":"2025-12-12T15:21:54","modified_gmt":"2025-12-12T13:21:54","slug":"zeblaze-stratos-4-smartwatch-black","status":"publish","type":"product","link":"https:\/\/asura.lv\/et\/toode\/zeblaze-stratos-4-smartwatch-black\/","title":{"rendered":"Zeblaze Stratos 4 nutikell (must)"},"content":{"rendered":"<h3>Zeblaze Stratos 4 nutikell (must)<\/h3>\n<p>Zeblaze Stratos 4 on esmaklassiline nutikell, mis on kartmatu igas v\u00e4ljakutses \u2013 see toimib h\u00e4sti nii m\u00e4gedes, vee all, \u00e4\u00e4rmises k\u00fclmas kui ka kuumas. See pakub t\u00e4pset GNSS-navigatsioonis\u00fcsteemi, MIL-STD-810H s\u00f5jalise standardiga \u00fchilduvat vastupidavust, enam kui 170 spordire\u017eiimi, \u00f6\u00f6p\u00e4evaringset tervisej\u00e4lgimist ja kuni 60-p\u00e4evast aku t\u00f6\u00f6aega. Oma vastupidava disaini, integreeritud LED-taskulambi, Bluetooth-k\u00f5nede v\u00f5imaluse ja v\u00f5rgu\u00fchenduseta h\u00e4\u00e4lassistendi funktsiooniga annab kell vabaduse minna sinna, kus teised seadmed eba\u00f5nnestuvad. See on ideaalne valik maadeavastajatele, sportlastele ja k\u00f5igile, kes ei tea s\u00f5na kompromiss!<\/p>\n<p>\n<img decoding=\"async\" alt=\"\" border=\"0\" src=\"https:\/\/assets.innpro.pl\/17333\/22915\/5.jpg\"\/>\n<\/p>\n<h3>AMOLED-ekraan on valmis igaks olukorraks<\/h3>\n<p>Stratos 4 on varustatud 1,43-tollise AMOLED-ekraaniga, mille eraldusv\u00f5ime on 391 PPI ja mis pakub teravat ja k\u00fcllastunud pilti isegi eredas p\u00e4ikesevalguses. Kuni 1000 niti heledusega ja 76% ekraani ja korpuse suhtega on kaardid, treeningandmed ja teavitused ideaalselt n\u00e4htavad ja h\u00f5lpsasti loetavad. Lisaks kuvavad spetsiaalselt v\u00e4listingimustes kasutamiseks m\u00f5eldud sihverplaadid olulist teavet h\u00f5lpsasti loetavas vormingus ning GloryFitPro rakenduse sadade lisasihverplaatide valik v\u00f5imaldab teil kella v\u00e4limust kohandada mis tahes tegevuse jaoks \u2013 alates ronimisest kuni \u00e4rikohtumiseni.<\/p>\n<p>\n<img decoding=\"async\" alt=\"\" border=\"0\" src=\"https:\/\/assets.innpro.pl\/17333\/22915\/3.jpg\"\/>\n<\/p>\n<h3>Vastupidav s\u00f5jav\u00e4eklassi konstruktsioon<\/h3>\n<p>Stratos 4 on loodud toimima \u00e4\u00e4rmuslikes tingimustes. 316L roostevabast terasest korpus, kere tugevdamiseks m\u00f5eldud s\u00fcsinikkate, spetsiaalne nuppude kaitse ja karastatud Corning Gorilla klaas tagavad vastupidavuse l\u00f6\u00f6kidele, korrosioonile ja muutuvatele ilmastikutingimustele. Kell on l\u00e4binud rea s\u00f5jalisi teste, sealhulgas k\u00f5rguse, niiskuse, termilise \u0161oki, soolase vee ja kukkumiskindluse. Lisaks t\u00f6\u00f6tab Stratos 4 sujuvalt temperatuuridel -40 \u00b0C kuni 50 \u00b0C \u2013 seega sobib see ideaalselt nii talispordihuvilistele kui ka k\u00f5rbeuurijatele.<\/p>\n<p>\n<img decoding=\"async\" alt=\"\" border=\"0\" src=\"https:\/\/assets.innpro.pl\/17333\/22915\/4.jpg\"\/>\n<\/p>\n<h3>Muljetavaldav aku vastupidavus<\/h3>\n<p>T\u00e4nu 500 mAh akule suudab nutikell energias\u00e4\u00e4sture\u017eiimis t\u00f6\u00f6tada kuni 60 p\u00e4eva, tavakasutuse korral umbes 30 p\u00e4eva ja intensiivse kasutamise korral umbes 18 p\u00e4eva. Lisaks v\u00f5imaldavad spetsiaalselt loodud elektroonika ja madala temperatuuri re\u017eiim usaldusv\u00e4\u00e4rset t\u00f6\u00f6d isegi raske k\u00fclma ilmaga \u2013 kuni 18 p\u00e4eva, kui GPS on v\u00e4lja l\u00fclitatud, v\u00f5i kuni 21 tundi, kui seda kasutate.<\/p>\n<p>\n<img decoding=\"async\" alt=\"\" border=\"0\" src=\"https:\/\/assets.innpro.pl\/17333\/22915\/2.jpg\"\/>\n<\/p>\n<h3>Kuni 6 navigatsioonis\u00fcsteemi \u2013 t\u00e4pne asukoha m\u00e4\u00e4ramine<\/h3>\n<p>Zeblaze Stratos 4 toetab kuni kuut navigatsioonis\u00fcsteemi: GPS, GLONASS, Galileo, QZSS, NAVIC ja BDS. Suure j\u00f5udlusega GPS-antenn ja t\u00e4iustatud positsioneerimisalgoritmid v\u00f5imaldavad t\u00e4pset marsruudi j\u00e4lgimist olenemata asukohast. \u00dche kl\u00f5psuga tagasip\u00f6\u00f6rdumise funktsioon v\u00f5imaldab teil turvaliselt alguspunkti naasta ning sisseehitatud kompass, k\u00f5rgusm\u00f5\u00f5tja ja baromeeter pakuvad t\u00e4pseid \u00fcmbritsevaid andmeid \u2013 ideaalne tundmatul maastikul navigeerimiseks.<\/p>\n<p>\n<img decoding=\"async\" alt=\"\" border=\"0\" src=\"https:\/\/assets.innpro.pl\/17333\/22915\/6.jpg\"\/>\n<\/p>\n<h3>Rohkem kui 170 spordire\u017eiimi ja t\u00e4iustatud m\u00f5\u00f5dikud<\/h3>\n<p>Stratos 4 pakub enam kui 170 spordire\u017eiimi, sealhulgas jooksmine, jalgrattas\u00f5it, ujumine (nii basseinis kui ka avavees), triatlon v\u00f5i ronimine. Kell tuvastab automaatselt viis populaarset spordiala: k\u00f5ndimine, jooksmine, jalgrattas\u00f5it, orbiidil treenimine ja s\u00f5udmisharjutused. See j\u00e4lgib reaalajas pulssi, tempot, distantsi, maksimaalset hapnikutarbimist, marsruute ja muid andmeid. Lisaks v\u00f5imaldab pidev GPS-i kalibreerimine veelgi t\u00e4psemaid n\u00e4ite.<\/p>\n<p>\n<img decoding=\"async\" alt=\"\" border=\"0\" src=\"https:\/\/assets.innpro.pl\/17333\/22915\/8.jpg\"\/>\n<\/p>\n<h3>Loodud ujumiseks ja vees t\u00f6\u00f6tamiseks<\/h3>\n<p>5 ATM-i veekindluse ja IP69K veekindluse reitinguga Stratos 4 saab vihma, higi ja uputusega v\u00e4ga h\u00e4sti hakkama. Kell m\u00f5\u00f5dab vee all pulssi, tunneb \u00e4ra ujumisstiili, loeb liigutusi ja arvutab tempot. Samuti salvestab see SWOLF-i ja l\u00e4bitud vahemaad. See on suurep\u00e4rane t\u00f6\u00f6riist ujumistreeningu efektiivsuse anal\u00fc\u00fcsimiseks!<\/p>\n<p>\n<img decoding=\"async\" alt=\"\" border=\"0\" src=\"https:\/\/assets.innpro.pl\/17333\/22915\/1.jpg\"\/>\n<\/p>\n<h3>T\u00e4iustatud tervise j\u00e4lgimine \u00f6\u00f6p\u00e4evaringselt<\/h3>\n<p>Kell j\u00e4lgib t\u00e4pselt pulssi, vere hapnikuk\u00fcllastust (SpO2), stressitaset ja hingamiskvaliteeti. Samuti annab see m\u00e4rku, kui pulss on liiga madal v\u00f5i k\u00f5rge, ning pakub hingamisharjutusi. Naistele on saadaval ka ts\u00fckli j\u00e4lgimise funktsioonid. Lisaks j\u00e4lgib nutikell individuaalseid unefaase ja p\u00e4evasi uinakuid, anal\u00fc\u00fcsides une kvaliteeti.<\/p>\n<p>\n<img decoding=\"async\" alt=\"\" border=\"0\" src=\"https:\/\/assets.innpro.pl\/17333\/22915\/10.jpg\"\/>\n<\/p>\n<h3>P\u00fcsi \u00fchenduses ilma telefoni j\u00e4rele haaramata<\/h3>\n<p>Mikrofoni ja k\u00f5lari abil saad otse kellast Bluetooth-k\u00f5nesid vastu v\u00f5tta ja teha. Lisaks v\u00f5imaldab sisseehitatud v\u00f5rgu\u00fchenduseta h\u00e4\u00e4lassistent valitud funktsioone mugavalt lihtsate k\u00e4sklustega kasutada \u2013 ilma interneti\u00fchenduseta.<\/p>\n<p>\n<img decoding=\"async\" alt=\"\" border=\"0\" src=\"https:\/\/assets.innpro.pl\/17333\/22915\/11.jpg\"\/>\n<\/p>\n<h3>Palju kasulikke funktsioone<\/h3>\n<p>Zeblaze Stratos 4 pakub palju funktsioone, mis sobivad suurep\u00e4raselt igap\u00e4evaseks kasutamiseks. N\u00e4iteks saate seda kasutada kaamera ja muusikapleieri juhtimiseks, m\u00e4rguannete kontrollimiseks ja \u00e4ratuskellade seadistamiseks. Muuhulgas on olemas ka ilmateade, taskulamp, stopper, kalkulaator v\u00f5i nutitelefoni asukoha m\u00e4\u00e4ramise valik.<\/p>\n<p>\n<img decoding=\"async\" alt=\"\" border=\"0\" src=\"https:\/\/assets.innpro.pl\/17333\/22915\/12.jpg\"\/>\n<\/p>\n<h3>T\u00e4ielik integratsioon GloryFitPro rakendusega<\/h3>\n<p>Nutikell \u00fchendub GloryFitPro rakendusega, mis annab juurdep\u00e4\u00e4su kogu teie tervisestatistikale ja treeningandmetele. See v\u00f5imaldab teil mugavalt oma edusamme j\u00e4lgida! Samuti saate sirvida sadu lisakella sihverplaate ja need oma seadmesse h\u00f5lpsalt installida.<\/p>\n<p>\n<img decoding=\"async\" alt=\"\" border=\"0\" src=\"https:\/\/assets.innpro.pl\/17333\/22915\/7.jpg\"\/>\n<\/p>\n<h3>Kaasas<\/h3>\n<ul class=\"list-disc pl-5\">\n<li>Nutikell<\/li>\n<li>Magnetiline laadimiskaabel<\/li>\n<li>Kasutusjuhend<\/li>\n<\/ul>\n<div class=\"table-wrapper\">\n<p>\u0412\u00a0<\/p>\n<h3><\/h3>\n<table>\n<tbody>\n<tr>\n<th>Tootja<\/th>\n<td>Zeblaze<\/td>\n<\/tr>\n<tr>\n<th>Mudel<\/th>\n<td>Stratos 4<\/td>\n<\/tr>\n<tr>\n<th>V\u00e4rv<\/th>\n<td>Must<\/td>\n<\/tr>\n<tr>\n<th>M\u00f5\u00f5tmed<\/th>\n<td>49 x 49 x 14 mm<\/td>\n<\/tr>\n<tr>\n<th>Kaal<\/th>\n<td>63 g rihmaga, 42,5 g ilma rihmata<\/td>\n<\/tr>\n<tr>\n<th>\u00dcmbrise materjal<\/th>\n<td>Metallist raam + s\u00fcsinikkate + 316L roostevaba teras<\/td>\n<\/tr>\n<tr>\n<th>Ekraani materjal<\/th>\n<td>Corning\u00ae Gorilla\u00ae klaas<\/td>\n<\/tr>\n<tr>\n<th>Nuppude arv<\/th>\n<td>3<\/td>\n<\/tr>\n<tr>\n<th>Veekindluse klass<\/th>\n<td>5 ATM ja IP69K<\/td>\n<\/tr>\n<tr>\n<th>Ekraani t\u00fc\u00fcp<\/th>\n<td>AMOLED<\/td>\n<\/tr>\n<tr>\n<th>Ekraan Suurus<\/th>\n<td>1,43&#8221;<\/td>\n<\/tr>\n<tr>\n<th>Eraldusv\u00f5ime<\/th>\n<td>466\u0413\u2014466 pikslit<\/td>\n<\/tr>\n<tr>\n<th>PPI<\/th>\n<td>391 PPI<\/td>\n<\/tr>\n<tr>\n<th>Heledus<\/th>\n<td>Kuni 1000 nitti<\/td>\n<\/tr>\n<tr>\n<th>Alati sisse l\u00fclitatud ekraanire\u017eiim<\/th>\n<td>Toetatud<\/td>\n<\/tr>\n<tr>\n<th>GPS<\/th>\n<td>Sisseehitatud GNSS ja 6 satelliidis\u00fcsteemi (GPS, GLONASS, GALILEO, NAVIC, QZSS, BDS), GPS-i abi l\u00fchikese positsioneerimise jaoks<\/td>\n<\/tr>\n<tr>\n<th>Liikumisandurid<\/th>\n<td>Kompass, g\u00fcroskoop, geomagnetiline andur, baromeetriline k\u00f5rgusm\u00f5\u00f5tur, kiirendusm\u00f5\u00f5tur<\/td>\n<\/tr>\n<tr>\n<th>Tervisefunktsioonid<\/th>\n<td>Pulss j\u00e4lgimine, vere hapnikuk\u00fcllastuse j\u00e4lgimine (SpO\u0432)<\/td>\n<\/tr>\n<tr>\n<th>Taskulamp<\/th>\n<td>Jah<\/td>\n<\/tr>\n<tr>\n<th>K\u00f5lar ja mikrofon<\/th>\n<td>Jah<\/td>\n<\/tr>\n<tr>\n<th>\u00dchenduvus<\/th>\n<td>BLE 5.3<\/td>\n<\/tr>\n<tr>\n<th>Aku mahtuvus<\/th>\n<td>500 mAh, laetav liitiumpol\u00fcmeeraku<\/td>\n<\/tr>\n<tr>\n<th>T\u00f6\u00f6aeg energias\u00e4\u00e4sture\u017eiimis<\/th>\n<td>Kuni 60 p\u00e4eva<\/td>\n<\/tr>\n<tr>\n<th>T\u00f6\u00f6aeg tavalisel kasutamisel<\/th>\n<td>Kuni 30 p\u00e4eva<\/td>\n<\/tr>\n<tr>\n<th>T\u00f6\u00f6aeg intensiivsel kasutamisel<\/th>\n<td>Kuni 18 p\u00e4eva<\/td>\n<\/tr>\n<tr>\n<th>Laadimismeetod<\/th>\n<td>Laadimiskaabel<\/td>\n<\/tr>\n<tr>\n<th>Laadimine aeg<\/th>\n<td>Ligikaudne 1,5 tundi<\/td>\n<\/tr>\n<tr>\n<th>Rihma materjal<\/th>\n<td>Silikoon<\/td>\n<\/tr>\n<tr>\n<th>Rihma laius<\/th>\n<td>22 mm<\/td>\n<\/tr>\n<tr>\n<th>Randme minimaalne ja maksimaalne \u00fcmberm\u00f5\u00f5t<\/th>\n<td>130\u2013235 mm<\/td>\n<\/tr>\n<tr>\n<th>Aktiivsuse j\u00e4lgimine<\/th>\n<td>Aktiivsuse logi, sammuloendur, r\u00fcht, liikumisriba (kuvatakse seadmes p\u00e4rast tegevusetuse perioodi; selle l\u00e4htestamiseks k\u00f5ndige paar minutit), automaatne eesm\u00e4rk (kell \u00f5pib teie aktiivsuse taset ja m\u00e4\u00e4rab p\u00e4evase sammude eesm\u00e4rgi), p\u00f5letatud kalorid, tempo ja vahemaa reaalajas<\/td>\n<\/tr>\n<tr>\n<th>24-tunnine j\u00e4lgimine<\/th>\n<td>Pulss (hoiatustega), sammud, r\u00fcht, kalorid, vahemaa<\/td>\n<\/tr>\n<tr>\n<th>K\u00e4sitsi m\u00f5\u00f5tmine<\/th>\n<td>Pulss, vere hapnikuk\u00fcllastus (SpO\u201a), stress tase<\/td>\n<\/tr>\n<tr>\n<th>Une j\u00e4lgimine<\/th>\n<td>Unefaasid (sh REM-une), uinakud, unegraafik, une hindamine ja anal\u00fc\u00fcs<\/td>\n<\/tr>\n<tr>\n<th>Hingamisharjutused<\/th>\n<td>Jah<\/td>\n<\/tr>\n<tr>\n<th>Menstruaalts\u00fckli j\u00e4lgimine<\/th>\n<td>Jah<\/td>\n<\/tr>\n<tr>\n<th>Spordire\u017eiimide arv<\/th>\n<td>Rohkem kui 170<\/td>\n<\/tr>\n<tr>\n<th>Nutikas \u00e4ratundmine<\/th>\n<td>K\u00f5ndimine, jooksmine, jalgrattas\u00f5it, orbiter, s\u00f5udmine, liikumatus<\/td>\n<\/tr>\n<tr>\n<th>Saadaval olevad jooksuprofiilid<\/th>\n<td>Marsruudi import, distants, GPS-p\u00f5hine aeg ja tempo, aktiivsuse eesm\u00e4rgi kohandamine, reaalajas sammud, keskmine kiirus, keskmine tempo, minimaalne pulsisagedus, maksimaalne pulsisagedus, keskmine pulsisagedus, kalorid, pulsivahemik (soojendus, kaalulangus, vastupidavus, anaeroobne, ekstreemne), kella aktiivsus ajalugu<\/td>\n<\/tr>\n<tr>\n<th>Vaikimisi spordialad<\/th>\n<td>\u00d5ues jooksmine, \u00f5ues k\u00f5ndimine, sises k\u00f5ndimine, sises jooksmine, \u00f5ues jalgrattas\u00f5it, sises jalgrattas\u00f5it, basseinis ujumine, avaveeujumine, triatlon, m\u00e4gironimine, orbiter, s\u00f5udmine, tantsimine, vabatreening<\/td>\n<\/tr>\n<tr>\n<th>Fitness<\/th>\n<td>\u00dcldine treening, rajajooks, plyomeetria, stepper, k\u00f5ndija, HIIT, fitness, r\u00fchmatreening, jooga (erinevad asendid), h\u00fcppen\u00f6\u00f6r, Pilates, segafitness, funktsionaaltreening, fitness-treening, kickboxing, poks, vabastiil, karate, vehklemine, keretreening, poksiaeroobika, kendo, \u00fcksikv\u00f5im, paarisv\u00f5imlemine, ringtreening, aeroobika, P90X, raskustega treening, MMA, trepid, raskuste t\u00f5stmine, barre, k\u00e4telseis, kergej\u00f5ustik, turniiriv\u00f5imlemine, vaimu- ja kehaharjutused, venitusharjutused, segaaeroobika, traditsiooniline plyomeetria, risttreening, v\u00f5imlemine, astmetreening<\/td>\n<\/tr>\n<tr>\n<th>Vesi spordialad<\/th>\n<td>Vabastiilis ujumine, klassikaline ujumine, seliliujumine, liblikujumine, sukeldumine, \u00fcldised veetegevused, purjetamine, surfamine, parvetamine, draakonipaadiga ujumine, kergpaadiga ujumine, s\u00f5udmine, jetis\u00f5it, aerusurfamine, sukeldumine, parvetamine, langevarjuga lendamine, veesuuskadega surfamine, veepall, purjelauas\u00f5it, parvetamine, vesifitness<\/td>\n<\/tr>\n<tr>\n<th>Tantsimine<\/th>\n<td>\u00dcldine tants, k\u00f5hutants, d\u017e\u00e4sstants, ladina tants, ballett, t\u00e4navatants, ruuttants, zumba, peotants, stepptants<\/td>\n<\/tr>\n<tr>\n<th>Ekstreemspordialad<\/th>\n<td>Rulas\u00f5it, kaljuronimine, benji-h\u00fcpped, parkour, BMX, orienteerumine, langevarjuh\u00fcpped, v\u00f5idus\u00f5it, \u00fcldised ekstreemspordialad<\/td>\n<\/tr>\n<tr>\n<th>Meelelahutussport<\/th>\n<td>\u00dcldine meelelahutussport, rulluisutamine, v\u00f5itluskunstid, tai chi, hula-hoop, taldrikus\u00f5it, noolem\u00e4ng, vibulaskmine, ratsutamine, arkaadm\u00e4ngud, lohe lendamine k\u00f6ievedu, kiiged, trepist ronimine, takistusrada, kalap\u00fc\u00fck, jahipidamine, t\u00f5ukerattad, paraplaaniga lendamine, meeskonnaspordialad, fitness-videom\u00e4ngud, matkamine, ratsasport ja l\u00f5busad m\u00e4ngud<\/td>\n<\/tr>\n<tr>\n<th>Pallim\u00e4ngud<\/th>\n<td>\u00dcldised pallim\u00e4ngud, korvpall, sulgpall, lauatennis, tennis, piljard, keegel, v\u00f5rkpall, sulgpall, k\u00e4sipall, pesapall, softball, kriket, Ameerika jalgpall, rannajalgpall, rannav\u00f5rkpall, hoki, squash, rotangpall, dodgeball, jalgpall, golf, polo, Ameerika squash, ragbi, goalball, viskamine, varustus.<\/td>\n<\/tr>\n<tr>\n<th>Talispordialad<\/th>\n<td>\u00dcldised j\u00e4\u00e4spordialad, uisutamine, j\u00e4\u00e4hoki, curling, mootorsaaniga s\u00f5itmine, kelgutamine, laskesuusatamine, murdmaasuusatamine, suusatamine, lumelauas\u00f5it, r\u00e4\u00e4tsamatk<\/td>\n<\/tr>\n<tr>\n<th>Muud spordialad<\/th>\n<td>Liftis\u00f5it, eskalaatoriga s\u00f5itmine, aiandus majapidamist\u00f6\u00f6d, autojuhtimine, meditatsioon, paigal seismine, kummardamine, ratastoolis liikumine<\/td>\n<\/tr>\n<tr>\n<th>Nutitelefoni funktsioonid<\/th>\n<td>Bluetooth-telefonik\u00f5ned, h\u00e4\u00e4lassistent, muusika ja kaamera juhtimine, k\u00f5ne- ja SMS-teavitused, rakenduste teavitused, telefoni otsimine<\/td>\n<\/tr>\n<tr>\n<th>Ajafunktsioonid<\/th>\n<td>Maailmakell, kuup\u00e4ev ja kellaaeg, GPS-s\u00fcnkroniseerimine, automaatne suveajale \u00fcleminek, stopper, taimer, \u00e4ratuskell<\/td>\n<\/tr>\n<tr>\n<th>Igap\u00e4evased funktsioonid<\/th>\n<td>Ilmaprognoos (7 p\u00e4eva), taskulamp, kalkulaator, parool, taustvalgus \u00fclest\u00f5stmisel<\/td>\n<\/tr>\n<tr>\n<th>Re\u017eiimid<\/th>\n<td>Energias\u00e4\u00e4st, &#8220;\u00e4rge segage&#8221;, AOD, ekraanilukk, vaikne re\u017eiim<\/td>\n<\/tr>\n<tr>\n<th>Rakendus<\/th>\n<td>GloryFitPro<\/td>\n<\/tr>\n<tr>\n<th>Toetatud seadmed<\/th>\n<td>Android 5.0 v\u00f5i iOS 11.0 ja uuem<\/td>\n<\/tr>\n<tr>\n<th>Andmed jagamine<\/th>\n<td>S\u00fcnkroniseerimine Apple Healthi ja Stravaga<\/td>\n<\/tr>\n<tr>\n<th>S\u00fcsteemi vaikeseadete arv<\/th>\n<td>7<\/td>\n<\/tr>\n<tr>\n<th>Nupud GloryFitPro rakenduses<\/th>\n<td>\u00dcle 500<\/td>\n<\/tr>\n<tr>\n<th>Alati sisse l\u00fclitatud nuppude arv<\/th>\n<td>20<\/td>\n<\/tr>\n<tr>\n<th>Nupud kohandamine<\/th>\n<td>Toetatud<\/td>\n<\/tr>\n<tr>\n<th>Kella keeled<\/th>\n<td>Inglise, portugali, vene, poola, hispaania, prantsuse, itaalia, saksa, hollandi, t\u00fcrgi, bengali, indoneesia, tai, t\u0161ehhi, heebrea, ungari, rumeenia, vietnami, soome, norra, rootsi, taani, Uus-Meremaa, kreeka, araabia, ukraina, korea, jaapani, lihtsustatud hiina, traditsiooniline hiina<\/td>\n<\/tr>\n<tr>\n<th>GloryFitPro rakenduse keeled<\/th>\n<td>Inglise, portugali, vene, poola, hispaania, prantsuse Itaalia, saksa, hollandi, t\u00fcrgi, bengali, indoneesia, tai, t\u0161ehhi, heebrea, ungari, rumeenia, vietnami, soome, norra, rootsi, taani, Uus-Meremaa, kreeka, araabia, ukraina, korea, jaapani, lihtsustatud hiina, traditsiooniline hiina keel<\/td>\n<\/tr>\n<tr>\n<th>Teavituskeeled<\/th>\n<td>Inglise, portugali, vene, poola, hispaania, prantsuse, itaalia, saksa, hollandi, t\u00fcrgi, bengali, indoneesia, tai, t\u0161ehhi, heebrea, ungari, rumeenia, vietnami, soome, norra, rootsi, taani, Uus-Meremaa, kreeka, araabia, ukraina, korea, jaapani, lihtsustatud hiina, traditsiooniline hiina keel<\/td>\n<\/tr>\n<tr>\n<th>T\u00f6\u00f6temperatuuri vahemik<\/th>\n<td>Alates -40 \u00b0C kuni 50 \u00b0C (alla -40 \u00b0C v\u00f5ivad aku t\u00f6\u00f6 piirangud olla)<\/td>\n<\/tr>\n<\/tbody>\n<\/table>\n<\/div>\n","protected":false},"excerpt":{"rendered":"<p>Zeblaze Stratos 4 nutikell (must) Zeblaze Stratos 4 on esmaklassiline nutikell, mis on kartmatu igas v\u00e4ljakutses \u2013 see toimib h\u00e4sti nii m\u00e4gedes, vee all, \u00e4\u00e4rmises k\u00fclmas kui ka kuumas. See pakub t\u00e4pset GNSS-navigatsioonis\u00fcsteemi, MIL-STD-810H s\u00f5jalise standardiga \u00fchilduvat vastupidavust, enam kui 170 spordire\u017eiimi, \u00f6\u00f6p\u00e4evaringset tervisej\u00e4lgimist ja kuni 60-p\u00e4evast aku t\u00f6\u00f6aega. Oma vastupidava disaini, integreeritud LED-taskulambi, Bluetooth-k\u00f5nede [&#8230;]\n","protected":false},"featured_media":27484,"comment_status":"open","ping_status":"closed","template":"","meta":[],"product_brand":[546],"product_cat":[984],"product_tag":[],"class_list":{"0":"post-27483","1":"product","2":"type-product","3":"status-publish","4":"has-post-thumbnail","6":"product_brand-zeblaze","7":"product_cat-smartwatches-smartwatches","9":"first","10":"outofstock","11":"taxable","12":"shipping-taxable","13":"purchasable","14":"product-type-simple"},"aioseo_notices":[],"_links":{"self":[{"href":"https:\/\/asura.lv\/et\/wp-json\/wp\/v2\/product\/27483","targetHints":{"allow":["GET"]}}],"collection":[{"href":"https:\/\/asura.lv\/et\/wp-json\/wp\/v2\/product"}],"about":[{"href":"https:\/\/asura.lv\/et\/wp-json\/wp\/v2\/types\/product"}],"replies":[{"embeddable":true,"href":"https:\/\/asura.lv\/et\/wp-json\/wp\/v2\/comments?post=27483"}],"wp:featuredmedia":[{"embeddable":true,"href":"https:\/\/asura.lv\/et\/wp-json\/wp\/v2\/media\/27484"}],"wp:attachment":[{"href":"https:\/\/asura.lv\/et\/wp-json\/wp\/v2\/media?parent=27483"}],"wp:term":[{"taxonomy":"product_brand","embeddable":true,"href":"https:\/\/asura.lv\/et\/wp-json\/wp\/v2\/product_brand?post=27483"},{"taxonomy":"product_cat","embeddable":true,"href":"https:\/\/asura.lv\/et\/wp-json\/wp\/v2\/product_cat?post=27483"},{"taxonomy":"product_tag","embeddable":true,"href":"https:\/\/asura.lv\/et\/wp-json\/wp\/v2\/product_tag?post=27483"}],"curies":[{"name":"wp","href":"https:\/\/api.w.org\/{rel}","templated":true}]}}