{"id":27555,"date":"2025-11-29T00:13:06","date_gmt":"2025-11-29T00:13:06","guid":{"rendered":"https:\/\/asura.lv\/product\/etui-sunnylife-x5-b04-dla-insta360-x5\/"},"modified":"2025-12-12T15:21:07","modified_gmt":"2025-12-12T13:21:07","slug":"etui-sunnylife-x5-b04-dla-insta360-x5","status":"publish","type":"product","link":"https:\/\/asura.lv\/et\/toode\/etui-sunnylife-x5-b04-dla-insta360-x5\/","title":{"rendered":"Etui Sunnylife X5-B04 dla Insta360 X5"},"content":{"rendered":"<h3>Sunnylife X5-B04 \u00fcmbris Insta360 X5 jaoks<\/h3>\n<p>Kas otsite \u00fcmbrist, mis mitte ainult ei kaitse teie Insta360 X5 v\u00f5i X4 kaamerat ideaalselt, vaid mahutab ka k\u00f5ik vajalikud lisatarvikud? Sunnylife X5-B04 on l\u00e4bim\u00f5eldud lahendus sisuloojatele, kes hindavad oma seadmete puhul korda, mobiilsust ja turvalisust. Tugev l\u00f6\u00f6gi- ja kriimustuskindel konstruktsioon, spetsiaalne tasku tarvikute jaoks, eraldi sektsioonid ja pehme siseviimistlus muudavad selle \u00fcmbrise ideaalseks nii reisimiseks kui ka igap\u00e4evaseks kasutamiseks.<\/p>\n<p>\n<img decoding=\"async\" alt=\"\" border=\"0\" src=\"https:\/\/assets.innpro.pl\/16036\/20224\/1.jpg\"\/>\n<\/p>\n<h3>Igale varustusele eraldi ruum<\/h3>\n<p>Sunnylife X5-B04 \u00fcmbris on disainitud Insta360 X5 ja X4 kaamerakasutajaid silmas pidades, pakkudes eraldi pesasid kaamerakorpuse, objektiivivarjuki, Bullet Time&#8217;i kinnituse, selfipulkade (sh 85 cm v\u00f5i Bullet Time 2.0 versioon), kuni kuue aku (sh \u00fcks kaameras ja kaks laadimisjaamas), laadimisjaama ja muude tarvikute, n\u00e4iteks m\u00e4lukaartide, objektiivivarjukite ja kaablite jaoks. See hoiab k\u00f5ik esemed korras ja alati k\u00e4ep\u00e4rast.<\/p>\n<p>\n<img decoding=\"async\" alt=\"\" border=\"0\" src=\"https:\/\/assets.innpro.pl\/16036\/20224\/2.jpg\"\/>\n<\/p>\n<h3>Kaitse, millele saate kindel olla<\/h3>\n<p>K\u00f5va ja l\u00f6\u00f6gikindel \u00fcmbris kaitseb teie seadmeid t\u00f5husalt mehaaniliste kahjustuste eest, samas kui \u00fcmbrise pehme flanellvooder kaitseb ekraani ja objektiivi kriimustuste eest. Lisaks pakub spetsiaalselt disainitud flanellkate kaamera \u00f5rnadele pindadele t\u00e4iendavat kaitsekihti isegi pikkade reiside ajal.<\/p>\n<p>\n<img decoding=\"async\" alt=\"\" border=\"0\" src=\"https:\/\/assets.innpro.pl\/16036\/20224\/3.jpg\"\/>\n<\/p>\n<h3>Kompaktne suurus, suur mahutavus<\/h3>\n<p>Vaatamata kompaktsele suurusele pakub \u00fcmbris t\u00e4nu nutikale sisepaigutusele palju mahutavust. T\u00f5mblukk avab juurdep\u00e4\u00e4su t\u00e4iendavale avarale sahtlile v\u00e4ikeste tarvikute jaoks \u2013 ideaalne kaablite, kaante, m\u00e4lukaartide v\u00f5i muude v\u00e4ikeste esemete jaoks. T\u00e4nu oma suurusele mahub kogu asi reisikotti v\u00f5i seljakotti, muutes Sunnylife X5-B04 ideaalseks kaaslaseks igal reisil.<\/p>\n<p>\n<img decoding=\"async\" alt=\"\" border=\"0\" src=\"https:\/\/assets.innpro.pl\/16036\/20224\/5.jpg\"\/>\n<\/p>\n<div class=\"table-wrapper\">\n<p>\u0412\u00a0<\/p>\n<h3><\/h3>\n<table>\n<tbody>\n<tr>\n<th>Tootja<\/th>\n<td>Sunnylife<\/td>\n<\/tr>\n<tr>\n<th>Mudel<\/th>\n<td>X5-B04<\/td>\n<\/tr>\n<tr>\n<th>\u00dchilduvus<\/th>\n<td>Insta360 X5\/4<\/td>\n<\/tr>\n<tr>\n<th>Valmistamismaterjal<\/th>\n<td>Kangas, flanell<\/td>\n<\/tr>\n<tr>\n<th>Kaal<\/th>\n<td>129 g<\/td>\n<\/tr>\n<tr>\n<th>M\u00f5\u00f5tmed<\/th>\n<td>168 x 90 x 70 mm<\/td>\n<\/tr>\n<\/tbody>\n<\/table>\n<\/div>\n","protected":false},"excerpt":{"rendered":"<p>Sunnylife X5-B04 \u00fcmbris Insta360 X5 jaoks Kas otsite \u00fcmbrist, mis mitte ainult ei kaitse teie Insta360 X5 v\u00f5i X4 kaamerat ideaalselt, vaid mahutab ka k\u00f5ik vajalikud lisatarvikud? Sunnylife X5-B04 on l\u00e4bim\u00f5eldud lahendus sisuloojatele, kes hindavad oma seadmete puhul korda, mobiilsust ja turvalisust. Tugev l\u00f6\u00f6gi- ja kriimustuskindel konstruktsioon, spetsiaalne tasku tarvikute jaoks, eraldi sektsioonid ja pehme [&#8230;]\n","protected":false},"featured_media":27556,"comment_status":"open","ping_status":"closed","template":"","meta":[],"product_brand":[432],"product_cat":[939],"product_tag":[],"class_list":{"0":"post-27555","1":"product","2":"type-product","3":"status-publish","4":"has-post-thumbnail","6":"product_brand-sunnylife","7":"product_cat-cases-and-covers","9":"first","10":"outofstock","11":"taxable","12":"shipping-taxable","13":"purchasable","14":"product-type-simple"},"aioseo_notices":[],"_links":{"self":[{"href":"https:\/\/asura.lv\/et\/wp-json\/wp\/v2\/product\/27555","targetHints":{"allow":["GET"]}}],"collection":[{"href":"https:\/\/asura.lv\/et\/wp-json\/wp\/v2\/product"}],"about":[{"href":"https:\/\/asura.lv\/et\/wp-json\/wp\/v2\/types\/product"}],"replies":[{"embeddable":true,"href":"https:\/\/asura.lv\/et\/wp-json\/wp\/v2\/comments?post=27555"}],"wp:featuredmedia":[{"embeddable":true,"href":"https:\/\/asura.lv\/et\/wp-json\/wp\/v2\/media\/27556"}],"wp:attachment":[{"href":"https:\/\/asura.lv\/et\/wp-json\/wp\/v2\/media?parent=27555"}],"wp:term":[{"taxonomy":"product_brand","embeddable":true,"href":"https:\/\/asura.lv\/et\/wp-json\/wp\/v2\/product_brand?post=27555"},{"taxonomy":"product_cat","embeddable":true,"href":"https:\/\/asura.lv\/et\/wp-json\/wp\/v2\/product_cat?post=27555"},{"taxonomy":"product_tag","embeddable":true,"href":"https:\/\/asura.lv\/et\/wp-json\/wp\/v2\/product_tag?post=27555"}],"curies":[{"name":"wp","href":"https:\/\/api.w.org\/{rel}","templated":true}]}}