{"id":27567,"date":"2025-11-29T00:13:05","date_gmt":"2025-11-29T00:13:05","guid":{"rendered":"https:\/\/asura.lv\/product\/sunnylife-zj942-r-bike-mount-for-action-5-pro-insta360-go-3s-gopro-13\/"},"modified":"2025-12-12T15:21:07","modified_gmt":"2025-12-12T13:21:07","slug":"sunnylife-zj942-r-bike-mount-for-action-5-pro-insta360-go-3s-gopro-13","status":"publish","type":"product","link":"https:\/\/asura.lv\/et\/toode\/sunnylife-zj942-r-bike-mount-for-action-5-pro-insta360-go-3s-gopro-13\/","title":{"rendered":"Sunnylife ZJ942-R jalgrattahoidik Action 5 Pro \/ Insta360 GO 3S \/ GoPro 13 kaameratele"},"content":{"rendered":"<h3>Sunnylife ZJ942-R jalgrattahoidik Action 5 Pro\/Insta360 GO 3S\/GoPro 13 jaoks<\/h3>\n<p>J\u00e4\u00e4dvusta iga hetk t\u00e4iesti uuest vaatenurgast Sunnylife ZJ942-R jalgrattahoidikuga. See peenelt valmistatud alumiiniumist sadula alla paigaldatav hoidik v\u00f5imaldab j\u00e4\u00e4dvustada vaadet enda tagant v\u00f5i seda, kuidas sa tagakaamera kaadris v\u00e4lja n\u00e4ed. See \u00fchildub enamiku spordikaameratega (n\u00e4iteks Action 5 Pro, Insta360 GO 3S v\u00f5i GoPro 13) ning tagab stabiilsuse, kiire paigaldamise ja kaitse teie varustusele ja jalgrattale. See on ideaalne lahendus jalgrattas\u00f5idu ja filmimise entusiastidele.<\/p>\n<p>\n<img decoding=\"async\" alt=\"\" border=\"0\" src=\"https:\/\/assets.innpro.pl\/16038\/20226\/3.jpg\"\/>\n<\/p>\n<h3>Salvesta, mis sinu taga toimub<\/h3>\n<p>Hoidiku paigaldamine jalgratta sadula alla v\u00f5imaldab sul salvestada, mis sinu taga toimub \u2013 olenemata sellest, kas soovid j\u00e4\u00e4dvustada vaadet rajalt v\u00f5i olla peategelane tagantvaates. See on suurep\u00e4rane viis oma kaadritele mitmekesisust lisada ja d\u00fcnaamilisemat videomaterjali luua.<\/p>\n<p>\n<img decoding=\"async\" alt=\"\" border=\"0\" src=\"https:\/\/assets.innpro.pl\/16038\/20226\/2.jpg\"\/>\n<\/p>\n<h3>Tugev CNC-alumiiniumkonstruktsioon<\/h3>\n<p>Sunnylife ZJ942-R hoidik on valmistatud kergest, kuid \u00e4\u00e4rmiselt vastupidavast CNC-t\u00f6\u00f6deldud alumiiniumsulamist. See disain pakub vastupidavust l\u00f6\u00f6kidele ja maastikutingimustele, s\u00e4ilitades samal ajal kerge kaalu, mis ei koorma teie jalgratast.<\/p>\n<p>\n<img decoding=\"async\" alt=\"\" border=\"0\" src=\"https:\/\/assets.innpro.pl\/16038\/20226\/5.jpg\"\/>\n<\/p>\n<h3>\u00dchildub enamiku spordikaameratega<\/h3>\n<p>Kinnitus on varustatud standardse 3-haruga liidesega, mis 1\/4-tollise adapteri abil t\u00f6\u00f6tab enamiku turul olevate spordikaameratega. See v\u00f5imaldab teil kasutada oma lemmikvarustust ilma t\u00e4iendavate kinnituste ostmiseta.<\/p>\n<p>\n<img decoding=\"async\" alt=\"\" border=\"0\" src=\"https:\/\/assets.innpro.pl\/16038\/20226\/6.jpg\"\/>\n<\/p>\n<h3>Stabiilne kinnitus ja kiire paigaldus<\/h3>\n<p>Komplektis on kuuskantv\u00f5ti, mis v\u00f5imaldab teil kiiresti ja Paigaldage kinnitus kindlalt sadula alla. Kogu asi pole mitte ainult lihtne paigaldada, vaid ka \u00e4\u00e4rmiselt stabiilne &#8211; isegi n\u00f5udlikel marsruutidel ja suurel kiirusel.<\/p>\n<p>\n<img decoding=\"async\" alt=\"\" border=\"0\" src=\"https:\/\/assets.innpro.pl\/16038\/20226\/4.jpg\"\/>\n<\/p>\n<h3>Ohutu teie jalgrattale<\/h3>\n<p>Pehmed silikoonpadjad kaitsevad teie jalgratta raami kriimustuste eest ja parandavad haarduvust sadulapinnal. Nendega v\u00f5ite olla kindel, et nii teie jalgratas kui ka kaamera on s\u00f5idu ajal korralikult kaitstud.<\/p>\n<p>\n<img decoding=\"async\" alt=\"\" border=\"0\" src=\"https:\/\/assets.innpro.pl\/16038\/20226\/1.jpg\"\/>\n<\/p>\n<h3>Kaasas<\/h3>\n<ul class=\"list-disc pl-5\">\n<li>Jalgratta sadulakinnitus<\/li>\n<li>Lukustuskruvi<\/li>\n<li>Kuuskant v\u00f5ti<\/li>\n<li>Kasutusjuhend<\/li>\n<\/ul>\n<div class=\"table-wrapper\">\n<p>\u0412\u00a0<\/p>\n<h3><\/h3>\n<table>\n<tbody>\n<tr>\n<th>Tootja<\/th>\n<td>Sunnylife<\/td>\n<\/tr>\n<tr>\n<th>Mudel<\/th>\n<td>ZJ942-R<\/td>\n<\/tr>\n<tr>\n<th>\u00dchilduvus<\/th>\n<td>Action 5 Pro\/ Insta360 GO 3S\/ GoPro 13<\/td>\n<\/tr>\n<tr>\n<th>Valmistamismaterjal<\/th>\n<td>Alumiiniumisulam, silikoon<\/td>\n<\/tr>\n<tr>\n<th>Kaal<\/th>\n<td>51 g<\/td>\n<\/tr>\n<tr>\n<th>V\u00e4rv<\/th>\n<td>Punane<\/td>\n<\/tr>\n<\/tbody>\n<\/table>\n<\/div>\n","protected":false},"excerpt":{"rendered":"<p>Sunnylife ZJ942-R jalgrattahoidik Action 5 Pro\/Insta360 GO 3S\/GoPro 13 jaoks J\u00e4\u00e4dvusta iga hetk t\u00e4iesti uuest vaatenurgast Sunnylife ZJ942-R jalgrattahoidikuga. See peenelt valmistatud alumiiniumist sadula alla paigaldatav hoidik v\u00f5imaldab j\u00e4\u00e4dvustada vaadet enda tagant v\u00f5i seda, kuidas sa tagakaamera kaadris v\u00e4lja n\u00e4ed. See \u00fchildub enamiku spordikaameratega (n\u00e4iteks Action 5 Pro, Insta360 GO 3S v\u00f5i GoPro 13) ning [&#8230;]\n","protected":false},"featured_media":27568,"comment_status":"open","ping_status":"closed","template":"","meta":[],"product_brand":[432],"product_cat":[1044],"product_tag":[],"class_list":{"0":"post-27567","1":"product","2":"type-product","3":"status-publish","4":"has-post-thumbnail","6":"product_brand-sunnylife","7":"product_cat-straps-mounts-and-holders","9":"first","10":"outofstock","11":"taxable","12":"shipping-taxable","13":"purchasable","14":"product-type-simple"},"aioseo_notices":[],"_links":{"self":[{"href":"https:\/\/asura.lv\/et\/wp-json\/wp\/v2\/product\/27567","targetHints":{"allow":["GET"]}}],"collection":[{"href":"https:\/\/asura.lv\/et\/wp-json\/wp\/v2\/product"}],"about":[{"href":"https:\/\/asura.lv\/et\/wp-json\/wp\/v2\/types\/product"}],"replies":[{"embeddable":true,"href":"https:\/\/asura.lv\/et\/wp-json\/wp\/v2\/comments?post=27567"}],"wp:featuredmedia":[{"embeddable":true,"href":"https:\/\/asura.lv\/et\/wp-json\/wp\/v2\/media\/27568"}],"wp:attachment":[{"href":"https:\/\/asura.lv\/et\/wp-json\/wp\/v2\/media?parent=27567"}],"wp:term":[{"taxonomy":"product_brand","embeddable":true,"href":"https:\/\/asura.lv\/et\/wp-json\/wp\/v2\/product_brand?post=27567"},{"taxonomy":"product_cat","embeddable":true,"href":"https:\/\/asura.lv\/et\/wp-json\/wp\/v2\/product_cat?post=27567"},{"taxonomy":"product_tag","embeddable":true,"href":"https:\/\/asura.lv\/et\/wp-json\/wp\/v2\/product_tag?post=27567"}],"curies":[{"name":"wp","href":"https:\/\/api.w.org\/{rel}","templated":true}]}}