{"id":27765,"date":"2025-11-29T00:12:44","date_gmt":"2025-11-29T00:12:44","guid":{"rendered":"https:\/\/asura.lv\/product\/sunnylife-protective-case-with-strap-and-lanyard-for-osmo-pocket-3-gray\/"},"modified":"2025-12-12T15:20:54","modified_gmt":"2025-12-12T13:20:54","slug":"sunnylife-protective-case-with-strap-and-lanyard-for-osmo-pocket-3-gray","status":"publish","type":"product","link":"https:\/\/asura.lv\/et\/toode\/sunnylife-protective-case-with-strap-and-lanyard-for-osmo-pocket-3-gray\/","title":{"rendered":"Sunnylife kaitse\u00fcmbris rihma ja kaelapaelaga Osmo Pocket 3 kaamerale (hall)"},"content":{"rendered":"<h3>Sunnylife kaitse\u00fcmbris rihma ja kaelan\u00f6\u00f6riga Osmo Pocket 3 kaamerale (hall)<\/h3>\n<p>Sunnylife \u00fcmbris DJI Osmo Pocket 3 kaamerale on ideaalne lahendus k\u00f5igile filmihuvilistele, kes soovivad oma varustust turvaliselt hoida ja samal ajal k\u00e4ep\u00e4rast hoida olulisi lisatarvikuid. Magnetfiltrite hoiustamise v\u00f5imalus ja t\u00e4iendav m\u00e4lukaartide hoiustamisruum pakuvad mugavust igap\u00e4evasel kasutamisel, samas kui \u00fchilduvus originaalse DJI kattega garanteerib t\u00e4iendava kaitsetaseme.<\/p>\n<p>\n<img decoding=\"async\" alt=\"\" border=\"0\" src=\"https:\/\/assets.innpro.pl\/15745\/19810\/1.jpg\"\/>\n<\/p>\n<h3>Magnetfiltrite hoiustamine<\/h3>\n<p>Kaane sees on magnetilised pesad, mis v\u00f5imaldavad teil hoida originaalseid DJI filtreid, lainurkobjektiivide katid ja Sunnylife filtreid. T\u00e4nu universaalsele suurusele \u00fchildub toode enamiku turul populaarsete filtritega. See on suurep\u00e4rane viis, kuidas tarvikuid alati k\u00e4ep\u00e4rast hoida!<\/p>\n<p>\n<img decoding=\"async\" alt=\"\" border=\"0\" src=\"https:\/\/assets.innpro.pl\/15745\/19810\/2.jpg\"\/>\n<\/p>\n<h3>Eraldi koht m\u00e4lukaartidele<\/h3>\n<p>\u00dcmbrisel on ka pesad microSD-kaartide jaoks (ilma magnetiteta), mis v\u00f5imaldab varum\u00e4luseadmeid korrastada ja turvaliselt hoiustada. See on praktiline lahendus, eriti pikemate salvestuste v\u00f5i reisimise korral.<\/p>\n<p>\n<img decoding=\"async\" alt=\"\" border=\"0\" src=\"https:\/\/assets.innpro.pl\/15745\/19810\/4.jpg\"\/>\n<\/p>\n<h3>\u00dchilduvus originaalkattega<\/h3>\n<p>Toode sobib ideaalselt DJI Osmo Pocket 3 originaalkaitsekattega. Paindliku silikoonriba kasutamine tagab kahe elemendi vahel stabiilse \u00fchenduse, mis suurendab kogu komplekti kaitset &#8211; nii stabilisaatori kui ka objektiivi v\u00f5i ekraani.<\/p>\n<p>\n<img decoding=\"async\" alt=\"\" border=\"0\" src=\"https:\/\/assets.innpro.pl\/15745\/19810\/6.jpg\"\/>\n<\/p>\n<h3>Mugav kaasaskandmine ja kiire juurdep\u00e4\u00e4s<\/h3>\n<p>Komplektiga on kaasas pael ja kaelarihm, mis teeb kaamera transportimise lihtsaks ja tagab kiire juurdep\u00e4\u00e4su seadmetele. Lisaks avaneb kaas \u00fche liigutusega ja v\u00f5imaldab teil salvestamist peaaegu kohe alustada.<\/p>\n<p>\n<img decoding=\"async\" alt=\"\" border=\"0\" src=\"https:\/\/assets.innpro.pl\/15745\/19810\/3.jpg\"\/>\n<\/p>\n<h3>Kahjustuskindlus<\/h3>\n<p>Vastupidav disain kaitseb Osmo Pocket 3 kaamerat t\u00f5husalt tolmu, kriimustuste ja l\u00f6\u00f6kide eest. Pehme sisemine vooder neelab l\u00f6\u00f6ke veelgi, tagades \u00f5rnade komponentide ja paigaldatud filtrite ohutuse.<\/p>\n<p>\n<img decoding=\"async\" alt=\"\" border=\"0\" src=\"https:\/\/assets.innpro.pl\/15745\/19810\/7.jpg\"\/>\n<\/p>\n<h3>T\u00e4ielik funktsionaalsus<\/h3>\n<p>\u00dcmbris on loodud nii, et see ei piiraks juurdep\u00e4\u00e4su portidele, ei segaks laadimist ega originaaltarvikute paigaldamist. See v\u00f5imaldab teil seadet laadida ja DJI kinnitust kasutada ilma kaant eemaldamata. Samal ajal on toodet v\u00e4ga lihtne paigaldada.<\/p>\n<p>\n<img decoding=\"async\" alt=\"\" border=\"0\" src=\"https:\/\/assets.innpro.pl\/15745\/19810\/5.jpg\"\/>\n<\/p>\n<h3>Kaasas<\/h3>\n<ul class=\"list-disc pl-5\">\n<li>\u00dcmbris<\/li>\n<li>Kaelarihm<\/li>\n<li>Pael<\/li>\n<\/ul>\n<div class=\"table-wrapper\">\n<p>\u0412\u00a0<\/p>\n<h3><\/h3>\n<table>\n<tbody>\n<tr>\n<th>Tootja<\/th>\n<td>Sunnylife<\/td>\n<\/tr>\n<tr>\n<th>Mudel<\/th>\n<td>OP3-K990-GY<\/td>\n<\/tr>\n<tr>\n<th>V\u00e4rv<\/th>\n<td>Hall<\/td>\n<\/tr>\n<tr>\n<th>Materjal<\/th>\n<td>Plast<\/td>\n<\/tr>\n<tr>\n<th>\u00dchilduvus<\/th>\n<td>DJI Osmo Pocket 3<\/td>\n<\/tr>\n<tr>\n<th>Kaal<\/th>\n<td>35g<\/td>\n<\/tr>\n<tr>\n<th>M\u00f5\u00f5tmed<\/th>\n<td>54 x 142 x 44mm<\/td>\n<\/tr>\n<tr>\n<th>Paela pikkus<\/th>\n<td>20,5 cm<\/td>\n<\/tr>\n<tr>\n<th>Rihm pikkus<\/th>\n<td>40\u201379 cm (reguleeritav)<\/td>\n<\/tr>\n<\/tbody>\n<\/table>\n<\/div>\n","protected":false},"excerpt":{"rendered":"<p>Sunnylife kaitse\u00fcmbris rihma ja kaelan\u00f6\u00f6riga Osmo Pocket 3 kaamerale (hall) Sunnylife \u00fcmbris DJI Osmo Pocket 3 kaamerale on ideaalne lahendus k\u00f5igile filmihuvilistele, kes soovivad oma varustust turvaliselt hoida ja samal ajal k\u00e4ep\u00e4rast hoida olulisi lisatarvikuid. Magnetfiltrite hoiustamise v\u00f5imalus ja t\u00e4iendav m\u00e4lukaartide hoiustamisruum pakuvad mugavust igap\u00e4evasel kasutamisel, samas kui \u00fchilduvus originaalse DJI kattega garanteerib t\u00e4iendava kaitsetaseme. [&#8230;]\n","protected":false},"featured_media":27766,"comment_status":"open","ping_status":"closed","template":"","meta":[],"product_brand":[432],"product_cat":[873],"product_tag":[],"class_list":{"0":"post-27765","1":"product","2":"type-product","3":"status-publish","4":"has-post-thumbnail","6":"product_brand-sunnylife","7":"product_cat-for-gimbals","9":"first","10":"outofstock","11":"taxable","12":"shipping-taxable","13":"purchasable","14":"product-type-simple"},"aioseo_notices":[],"_links":{"self":[{"href":"https:\/\/asura.lv\/et\/wp-json\/wp\/v2\/product\/27765","targetHints":{"allow":["GET"]}}],"collection":[{"href":"https:\/\/asura.lv\/et\/wp-json\/wp\/v2\/product"}],"about":[{"href":"https:\/\/asura.lv\/et\/wp-json\/wp\/v2\/types\/product"}],"replies":[{"embeddable":true,"href":"https:\/\/asura.lv\/et\/wp-json\/wp\/v2\/comments?post=27765"}],"wp:featuredmedia":[{"embeddable":true,"href":"https:\/\/asura.lv\/et\/wp-json\/wp\/v2\/media\/27766"}],"wp:attachment":[{"href":"https:\/\/asura.lv\/et\/wp-json\/wp\/v2\/media?parent=27765"}],"wp:term":[{"taxonomy":"product_brand","embeddable":true,"href":"https:\/\/asura.lv\/et\/wp-json\/wp\/v2\/product_brand?post=27765"},{"taxonomy":"product_cat","embeddable":true,"href":"https:\/\/asura.lv\/et\/wp-json\/wp\/v2\/product_cat?post=27765"},{"taxonomy":"product_tag","embeddable":true,"href":"https:\/\/asura.lv\/et\/wp-json\/wp\/v2\/product_tag?post=27765"}],"curies":[{"name":"wp","href":"https:\/\/api.w.org\/{rel}","templated":true}]}}