{"id":27909,"date":"2025-11-29T00:12:32","date_gmt":"2025-11-29T00:12:32","guid":{"rendered":"https:\/\/asura.lv\/product\/telesin-tempered-glass-for-dji-osmo-action-5-4-3\/"},"modified":"2025-12-12T15:20:46","modified_gmt":"2025-12-12T13:20:46","slug":"telesin-tempered-glass-for-dji-osmo-action-5-4-3","status":"publish","type":"product","link":"https:\/\/asura.lv\/et\/toode\/telesin-tempered-glass-for-dji-osmo-action-5-4-3\/","title":{"rendered":"TELESIN karastatud klaas DJI Osmo Action 5\/4\/3 kaamerale"},"content":{"rendered":"<h3>TELESIN karastatud klaas DJI Osmo Action 5\/4\/3 jaoks<\/h3>\n<p>Kaitse oma kaamera ekraane ja objektiivi kahjustuste eest. Telesin OA-FLM-007 2.5D karastatud klaas kaitseb seadme neid elemente kriimustuste, rasvaste plekkide v\u00f5i s\u00f5rmej\u00e4lgede eest. Lisatarvikut on v\u00e4ga lihtne paigaldada ja see ei m\u00f5juta seadme mugavust &#8211; see v\u00f5imaldab mugavat puutetundlikku kasutamist ja tagab suurep\u00e4rase pildikvaliteedi.<\/p>\n<p>\n<img decoding=\"async\" alt=\"\" border=\"0\" src=\"https:\/\/assets.innpro.pl\/15623\/19628\/3.jpg\"\/>\n<\/p>\n<h3>See kaitseb teie kaamerat<\/h3>\n<p>Telesini 2.5D karastatud klaas sobib ideaalselt kaamera ekraanidele ja objektiivile &#8211; see kleepub neile ideaalselt, kaitstes neid tolmu ja mustuse eest. See kaitseb neid ka kriimustuste ja muude kahjustuste eest. Lisaks ei j\u00e4\u00e4 neile t\u00e4nu spetsiaalsele kattele s\u00f5rmej\u00e4lgi, plekke ega rasvaseid plekke. OA-FLM-007-ga on teie kaamera kaitstud!<\/p>\n<p>\n<img decoding=\"async\" alt=\"\" border=\"0\" src=\"https:\/\/assets.innpro.pl\/15623\/19628\/4.jpg\"\/>\n<\/p>\n<h3>Kiire ja lihtne paigaldus<\/h3>\n<p>Lisaseadme paigaldamine ei tekita teile v\u00e4himatki probleemi. Telesini elektrostaatiline karastatud klaas on \u00e4\u00e4rmiselt lihtne ja kiire paigaldada \u2013 j\u00e4tke h\u00fcvasti t\u00fc\u00fctute ja raskesti eemaldatavate \u00f5humullidega! Komplekt sisaldab ka alkoholiga immutatud salvr\u00e4tte ja tolmueemalduskleebiseid, mis aitavad teil objektiivi ja ekraane klaasi paigaldamiseks ette valmistada.<\/p>\n<p>\n<img decoding=\"async\" alt=\"\" border=\"0\" src=\"https:\/\/assets.innpro.pl\/15623\/19628\/6.jpg\"\/>\n<\/p>\n<h3>Mugav k\u00e4sitsemine<\/h3>\n<p>2,5D karastatud klaas on puudutusele v\u00e4ga meeldiv, mis muudab kaamera kasutamise mugavaks. Seda iseloomustab ka 99% valguse l\u00e4bilaskvus, nii et saate nautida selget ja teravat pilti ning t\u00f5etruult taasesitatud v\u00e4rve. Samuti ei pea te muretsema viivituse ega muude seadme t\u00f6\u00f6ga seotud probleemide p\u00e4rast. P\u00e4rast klaasi paigaldamist reageerib ekraan puudutusele endiselt kiiresti ja sujuvalt.<\/p>\n<p>\n<img decoding=\"async\" alt=\"\" border=\"0\" src=\"https:\/\/assets.innpro.pl\/15623\/19628\/1.jpg\"\/>\n<\/p>\n<h3>Kaasas<\/h3>\n<ul class=\"list-disc pl-5\">\n<li>Karastatud klaas objektiivile<\/li>\n<li>Karastatud klaas esiklaasile<\/li>\n<li>Karastatud klaas tagaklaasile<\/li>\n<li>Alkoholiga immutatud salvr\u00e4tikud<\/li>\n<li>Tolmueemalduskleebised<\/li>\n<\/ul>\n<div class=\"table-wrapper\">\n<p>\u0412\u00a0<\/p>\n<h3><\/h3>\n<table>\n<tbody>\n<tr>\n<th>Tootja<\/th>\n<td>Telesin<\/td>\n<\/tr>\n<tr>\n<th>Mudel<\/th>\n<td>OA-FLM-007<\/td>\n<\/tr>\n<tr>\n<th>Materjal<\/th>\n<td>Karastatud klaas<\/td>\n<\/tr>\n<tr>\n<th>Sobib<\/th>\n<td>DJI Osmo Action 5\/4\/3<\/td>\n<\/tr>\n<p>-le<br \/>\n<\/tbody>\n<\/table>\n<\/div>\n","protected":false},"excerpt":{"rendered":"<p>TELESIN karastatud klaas DJI Osmo Action 5\/4\/3 jaoks Kaitse oma kaamera ekraane ja objektiivi kahjustuste eest. Telesin OA-FLM-007 2.5D karastatud klaas kaitseb seadme neid elemente kriimustuste, rasvaste plekkide v\u00f5i s\u00f5rmej\u00e4lgede eest. Lisatarvikut on v\u00e4ga lihtne paigaldada ja see ei m\u00f5juta seadme mugavust &#8211; see v\u00f5imaldab mugavat puutetundlikku kasutamist ja tagab suurep\u00e4rase pildikvaliteedi. See kaitseb teie [&#8230;]\n","protected":false},"featured_media":27910,"comment_status":"open","ping_status":"closed","template":"","meta":[],"product_brand":[296],"product_cat":[936],"product_tag":[],"class_list":{"0":"post-27909","1":"product","2":"type-product","3":"status-publish","4":"has-post-thumbnail","6":"product_brand-telesin","7":"product_cat-for-sports-cameras","9":"first","10":"outofstock","11":"taxable","12":"shipping-taxable","13":"purchasable","14":"product-type-simple"},"aioseo_notices":[],"_links":{"self":[{"href":"https:\/\/asura.lv\/et\/wp-json\/wp\/v2\/product\/27909","targetHints":{"allow":["GET"]}}],"collection":[{"href":"https:\/\/asura.lv\/et\/wp-json\/wp\/v2\/product"}],"about":[{"href":"https:\/\/asura.lv\/et\/wp-json\/wp\/v2\/types\/product"}],"replies":[{"embeddable":true,"href":"https:\/\/asura.lv\/et\/wp-json\/wp\/v2\/comments?post=27909"}],"wp:featuredmedia":[{"embeddable":true,"href":"https:\/\/asura.lv\/et\/wp-json\/wp\/v2\/media\/27910"}],"wp:attachment":[{"href":"https:\/\/asura.lv\/et\/wp-json\/wp\/v2\/media?parent=27909"}],"wp:term":[{"taxonomy":"product_brand","embeddable":true,"href":"https:\/\/asura.lv\/et\/wp-json\/wp\/v2\/product_brand?post=27909"},{"taxonomy":"product_cat","embeddable":true,"href":"https:\/\/asura.lv\/et\/wp-json\/wp\/v2\/product_cat?post=27909"},{"taxonomy":"product_tag","embeddable":true,"href":"https:\/\/asura.lv\/et\/wp-json\/wp\/v2\/product_tag?post=27909"}],"curies":[{"name":"wp","href":"https:\/\/api.w.org\/{rel}","templated":true}]}}