{"id":27963,"date":"2025-11-29T00:12:24","date_gmt":"2025-11-29T00:12:24","guid":{"rendered":"https:\/\/asura.lv\/product\/telesin-storage-bag-for-dji-osmo-pocket-3\/"},"modified":"2025-12-12T15:20:43","modified_gmt":"2025-12-12T13:20:43","slug":"telesin-storage-bag-for-dji-osmo-pocket-3","status":"publish","type":"product","link":"https:\/\/asura.lv\/et\/toode\/telesin-storage-bag-for-dji-osmo-pocket-3\/","title":{"rendered":"Telesin hoiukott DJI Osmo Pocket 3 jaoks"},"content":{"rendered":"<h3>Telesin hoiukott DJI Osmo Pocket 3 jaoks<\/h3>\n<p>Telesin hoiukott DJI Osmo Pocket 3 jaoks on kompaktne, kuid v\u00e4ga mahukas lahendus seadmete ja tarvikute hoiustamiseks. T\u00e4nu nutikale disainile ja paindlikele sektsioonidele mahutab kott kaamera, kinnitused, mikrofoni, kaablid ja muud tarvikud \u2013 k\u00f5ik \u00fches kohas. Oluline on see, et korraldaja t\u00f6\u00f6tab mitte ainult foto-\/videovarustuse jaoks, vaid ka meigikoti v\u00f5i reisikotina. See on \u00fcks aksessuaar mitmeks otstarbeks.<\/p>\n<p>\n<img decoding=\"async\" alt=\"\" border=\"0\" src=\"https:\/\/assets.innpro.pl\/15619\/19624\/6.jpg\"\/>\n<\/p>\n<h3>Paindlik ruumikorraldus<\/h3>\n<p>Koti sisemus on loodud maksimaalseks isikup\u00e4rastamiseks. Paindlikud rihmad ja reguleeritavad vaheseinad v\u00f5imaldavad teil sisemust vastavalt oma vajadustele kohandada \u2013 olenemata sellest, kas v\u00f5tate kaasa kaamera, akupanga v\u00f5i tualett-tarvete komplekti. Kogu kott sulgub tugeva lukuga ja niiskuskindlast materjalist v\u00e4limine kiht kaitseb sisu pritsmete ja tolmu eest.<\/p>\n<p>\n<img decoding=\"async\" alt=\"\" border=\"0\" src=\"https:\/\/assets.innpro.pl\/15619\/19624\/2.jpg\"\/>\n<\/p>\n<h3>Valmis igaks marsruudiks<\/h3>\n<p>Koti v\u00e4lisk\u00fcljel on takjapael, mis v\u00f5imaldab kinnitada isikup\u00e4rastatud embleeme \u2013 ideaalne neile, kellele meeldib, et k\u00f5ik oleks &#8220;omamoodi&#8221;. T\u00e4nu kompaktsele suurusele ja kergele disainile sobib kott suurep\u00e4raselt nii seljakotis kui ka jalgratta k\u00fclge kinnitatuna v\u00f5i k\u00e4es kandmiseks. See on praktiline ja stiilne lahendus neile, kes soovivad, et nende varustus oleks alati tegutsemisvalmis.<\/p>\n<p>\n<img decoding=\"async\" alt=\"\" border=\"0\" src=\"https:\/\/assets.innpro.pl\/15619\/19624\/7.jpg\"\/>\n<\/p>\n<div class=\"table-wrapper\">\n<p>\u0412\u00a0<\/p>\n<h3><\/h3>\n<table>\n<tbody>\n<tr>\n<th>Tootja<\/th>\n<td>Telesin<\/td>\n<\/tr>\n<tr>\n<th>Tootjakood<\/th>\n<td>S6-PRC-08-TDJ<\/td>\n<\/tr>\n<tr>\n<th>\u00dchilduvus<\/th>\n<td>DJI Osmo Pocket 3<\/td>\n<\/tr>\n<\/tbody>\n<\/table>\n<\/div>\n","protected":false},"excerpt":{"rendered":"<p>Telesin hoiukott DJI Osmo Pocket 3 jaoks Telesin hoiukott DJI Osmo Pocket 3 jaoks on kompaktne, kuid v\u00e4ga mahukas lahendus seadmete ja tarvikute hoiustamiseks. T\u00e4nu nutikale disainile ja paindlikele sektsioonidele mahutab kott kaamera, kinnitused, mikrofoni, kaablid ja muud tarvikud \u2013 k\u00f5ik \u00fches kohas. Oluline on see, et korraldaja t\u00f6\u00f6tab mitte ainult foto-\/videovarustuse jaoks, vaid ka [&#8230;]\n","protected":false},"featured_media":27964,"comment_status":"open","ping_status":"closed","template":"","meta":[],"product_brand":[296],"product_cat":[1359],"product_tag":[],"class_list":{"0":"post-27963","1":"product","2":"type-product","3":"status-publish","4":"has-post-thumbnail","6":"product_brand-telesin","7":"product_cat-bags","9":"first","10":"outofstock","11":"taxable","12":"shipping-taxable","13":"purchasable","14":"product-type-simple"},"aioseo_notices":[],"_links":{"self":[{"href":"https:\/\/asura.lv\/et\/wp-json\/wp\/v2\/product\/27963","targetHints":{"allow":["GET"]}}],"collection":[{"href":"https:\/\/asura.lv\/et\/wp-json\/wp\/v2\/product"}],"about":[{"href":"https:\/\/asura.lv\/et\/wp-json\/wp\/v2\/types\/product"}],"replies":[{"embeddable":true,"href":"https:\/\/asura.lv\/et\/wp-json\/wp\/v2\/comments?post=27963"}],"wp:featuredmedia":[{"embeddable":true,"href":"https:\/\/asura.lv\/et\/wp-json\/wp\/v2\/media\/27964"}],"wp:attachment":[{"href":"https:\/\/asura.lv\/et\/wp-json\/wp\/v2\/media?parent=27963"}],"wp:term":[{"taxonomy":"product_brand","embeddable":true,"href":"https:\/\/asura.lv\/et\/wp-json\/wp\/v2\/product_brand?post=27963"},{"taxonomy":"product_cat","embeddable":true,"href":"https:\/\/asura.lv\/et\/wp-json\/wp\/v2\/product_cat?post=27963"},{"taxonomy":"product_tag","embeddable":true,"href":"https:\/\/asura.lv\/et\/wp-json\/wp\/v2\/product_tag?post=27963"}],"curies":[{"name":"wp","href":"https:\/\/api.w.org\/{rel}","templated":true}]}}