{"id":27975,"date":"2025-11-29T00:12:23","date_gmt":"2025-11-29T00:12:23","guid":{"rendered":"https:\/\/asura.lv\/product\/telesin-eva-storage-bag-for-dji-action-3-4-5-size-m\/"},"modified":"2025-12-12T15:20:42","modified_gmt":"2025-12-12T13:20:42","slug":"telesin-eva-storage-bag-for-dji-action-3-4-5-size-m","status":"publish","type":"product","link":"https:\/\/asura.lv\/et\/toode\/telesin-eva-storage-bag-for-dji-action-3-4-5-size-m\/","title":{"rendered":"Telesin EVA hoiukott DJI Action 3\/4\/5 droonile (suurus M)"},"content":{"rendered":"<h3>Telesin EVA hoiukott DJI Action 3\/4\/5 (suurus M) jaoks<\/h3>\n<p>Telesin EVA kaitsev hoiukott on loodud DJI Action 3, 4 ja 5 kaamerate kasutajatele ning oma l\u00f6\u00f6gi- ja r\u00f5hukindla disainiga kaitseb see teie seadmeid transportimise ajal mehaaniliste kahjustuste eest. Selle kompaktne, kuid mahukas formaat t\u00e4hendab, et see mahub seljakotti, kotti v\u00f5i isegi \u00f5ue riputada &#8211; t\u00e4nu kaasasolevale karabiinik\u00e4epidemele.<\/p>\n<p>\n<img decoding=\"async\" alt=\"\" border=\"0\" src=\"https:\/\/assets.innpro.pl\/15617\/19622\/6.jpg\"\/>\n<\/p>\n<h3>L\u00e4bim\u00f5eldud sisemus ja veekindel kate<\/h3>\n<p>Korpuse sisemus on valmistatud kontuurvahust, mis sobib ideaalselt kaamera ja lisatarvikute kujuga &#8211; ND-filtritest m\u00e4lukaartide ja kiirkinnitusalusteni. Igal esemel on oma koht, mist\u00f5ttu on seda lihtne korras hoida ja kiirem kasutada v\u00e4litingimustes. Lisaboonusena kaitseb pritsmekindel v\u00e4liskest sisu niiskuse eest, n\u00e4iteks j\u00e4rskude ilmastikumuutuste ajal.<\/p>\n<p>\n<img decoding=\"async\" alt=\"\" border=\"0\" src=\"https:\/\/assets.innpro.pl\/15617\/19622\/1.jpg\"\/>\n<\/p>\n<h3>Liikuvus ja mugavus<\/h3>\n<p>Telesini kott kaalub alla 180 grammi ja selle m\u00f5\u00f5tmed (180\u2013138\u201360 mm) muudavad selle ideaalseks neile, kes soovivad, et kogu oma varustus oleks alati k\u00e4ep\u00e4rast. Selle saab kinnitada seljakoti k\u00fclge, kanda k\u00e4es v\u00f5i lihtsalt reisikoti k\u00fcljetaskusse pista. See on praktiline lahendus nii vlogijatele kui ka reisijatele, kes hindavad korda, kiirust ja varustuse ohutust.<\/p>\n<p>\n<img decoding=\"async\" alt=\"\" border=\"0\" src=\"https:\/\/assets.innpro.pl\/15617\/19622\/3.jpg\"\/>\n<\/p>\n<div class=\"table-wrapper\">\n<p>\u0412\u00a0<\/p>\n<h3><\/h3>\n<table>\n<tbody>\n<tr>\n<th>Tootja<\/th>\n<td>Telesin<\/td>\n<\/tr>\n<tr>\n<th>Tootjakood<\/th>\n<td>S6-PRC-06-TDJ<\/td>\n<\/tr>\n<tr>\n<th>\u00dchilduvus<\/th>\n<td>DJI Action 5Pro, Action 4, Action 3 ja sarnased mudelid<\/td>\n<\/tr>\n<tr>\n<th>Veekindel<\/th>\n<td>Pritsmekindel vastupidav<\/td>\n<\/tr>\n<tr>\n<th>Omadused<\/th>\n<td>L\u00f6\u00f6gikindel, muljumiskindel<\/td>\n<\/tr>\n<tr>\n<th>M\u00f5\u00f5tmed<\/th>\n<td>180\u2013138\u201360 mm<\/td>\n<\/tr>\n<tr>\n<th>Kaal<\/th>\n<td>177,8 g<\/td>\n<\/tr>\n<tr><\/tr>\n<\/tbody>\n<\/table>\n<\/div>\n","protected":false},"excerpt":{"rendered":"<p>Telesin EVA hoiukott DJI Action 3\/4\/5 (suurus M) jaoks Telesin EVA kaitsev hoiukott on loodud DJI Action 3, 4 ja 5 kaamerate kasutajatele ning oma l\u00f6\u00f6gi- ja r\u00f5hukindla disainiga kaitseb see teie seadmeid transportimise ajal mehaaniliste kahjustuste eest. Selle kompaktne, kuid mahukas formaat t\u00e4hendab, et see mahub seljakotti, kotti v\u00f5i isegi \u00f5ue riputada &#8211; t\u00e4nu [&#8230;]\n","protected":false},"featured_media":27976,"comment_status":"open","ping_status":"closed","template":"","meta":[],"product_brand":[296],"product_cat":[1359],"product_tag":[],"class_list":{"0":"post-27975","1":"product","2":"type-product","3":"status-publish","4":"has-post-thumbnail","6":"product_brand-telesin","7":"product_cat-bags","9":"first","10":"outofstock","11":"taxable","12":"shipping-taxable","13":"purchasable","14":"product-type-simple"},"aioseo_notices":[],"_links":{"self":[{"href":"https:\/\/asura.lv\/et\/wp-json\/wp\/v2\/product\/27975","targetHints":{"allow":["GET"]}}],"collection":[{"href":"https:\/\/asura.lv\/et\/wp-json\/wp\/v2\/product"}],"about":[{"href":"https:\/\/asura.lv\/et\/wp-json\/wp\/v2\/types\/product"}],"replies":[{"embeddable":true,"href":"https:\/\/asura.lv\/et\/wp-json\/wp\/v2\/comments?post=27975"}],"wp:featuredmedia":[{"embeddable":true,"href":"https:\/\/asura.lv\/et\/wp-json\/wp\/v2\/media\/27976"}],"wp:attachment":[{"href":"https:\/\/asura.lv\/et\/wp-json\/wp\/v2\/media?parent=27975"}],"wp:term":[{"taxonomy":"product_brand","embeddable":true,"href":"https:\/\/asura.lv\/et\/wp-json\/wp\/v2\/product_brand?post=27975"},{"taxonomy":"product_cat","embeddable":true,"href":"https:\/\/asura.lv\/et\/wp-json\/wp\/v2\/product_cat?post=27975"},{"taxonomy":"product_tag","embeddable":true,"href":"https:\/\/asura.lv\/et\/wp-json\/wp\/v2\/product_tag?post=27975"}],"curies":[{"name":"wp","href":"https:\/\/api.w.org\/{rel}","templated":true}]}}