{"id":27981,"date":"2025-11-29T00:12:23","date_gmt":"2025-11-29T00:12:23","guid":{"rendered":"https:\/\/asura.lv\/product\/telesin-eva-storage-bag-for-dji-action-3-4-5-size-l\/"},"modified":"2025-12-12T15:20:43","modified_gmt":"2025-12-12T13:20:43","slug":"telesin-eva-storage-bag-for-dji-action-3-4-5-size-l","status":"publish","type":"product","link":"https:\/\/asura.lv\/et\/toode\/telesin-eva-storage-bag-for-dji-action-3-4-5-size-l\/","title":{"rendered":"Telesin EVA hoiukott DJI Action 3\/4\/5 droonile (suurus L)"},"content":{"rendered":"<h3>Telesin EVA hoiukott DJI Action 3\/4\/5 jaoks (suurus L)<\/h3>\n<p>Telesin EVA kaitsev hoiukott on m\u00f5eldud DJI Action 3, 4 ja 5 kaamerate kasutajatele ning oma l\u00f6\u00f6gi- ja r\u00f5hukindla disainiga kaitseb see teie seadmeid transportimise ajal mehaaniliste kahjustuste eest. Selle kompaktne, kuid mahukas formaat t\u00e4hendab, et kogu teie varustus mahub mugavalt seljakotti v\u00f5i kotti.<\/p>\n<p>\n<img decoding=\"async\" alt=\"\" border=\"0\" src=\"https:\/\/assets.innpro.pl\/15618\/19623\/1.jpg\"\/>\n<\/p>\n<h3>L\u00e4bim\u00f5eldud sisemus ja veekindel kate<\/h3>\n<p>Korpuse sisemus on valmistatud kontuurvahust, mis sobib ideaalselt kaamera ja lisatarvikute kujuga \u2013 alates ND-filtritest kuni m\u00e4lukaartide ja kiirkinnitusalusteni. Igal esemel on oma koht, mist\u00f5ttu on seda lihtne korras hoida ja kiirem kasutada. Lisaboonusena kaitseb pritsmekindel v\u00e4liskest sisu niiskuse eest, n\u00e4iteks j\u00e4rskude ilmastikumuutuste ajal.<\/p>\n<p>\n<img decoding=\"async\" alt=\"\" border=\"0\" src=\"https:\/\/assets.innpro.pl\/15618\/19623\/6.jpg\"\/>\n<\/p>\n<h3>Liikuvus ja mugavus<\/h3>\n<p>Telesini kott kaalub vaid 420 grammi ja selle m\u00f5\u00f5tmed (262 x 206 x 65,5 mm) muudavad selle ideaalseks neile, kes soovivad, et kogu oma varustus oleks alati k\u00e4ep\u00e4rast. Selle saab kinnitada seljakoti k\u00fclge v\u00f5i lihtsalt matkakoti taskusse pista. See on praktiline lahendus nii vlogijatele kui ka reisijatele, kes hindavad korda, kiirust ja varustuse ohutust.<\/p>\n<p>\n<img decoding=\"async\" alt=\"\" border=\"0\" src=\"https:\/\/assets.innpro.pl\/15618\/19623\/4.jpg\"\/>\n<\/p>\n<div class=\"table-wrapper\">\n<p>\u0412\u00a0<\/p>\n<h3><\/h3>\n<table>\n<tbody>\n<tr>\n<th>Tootja<\/th>\n<td>Telesin<\/td>\n<\/tr>\n<tr>\n<th>Tootjakood<\/th>\n<td>S6-PRC-05-TDJ<\/td>\n<\/tr>\n<tr>\n<th>\u00dchilduvus<\/th>\n<td>DJI Action 5Pro, Action 4, Action 3 ja sarnased mudelid<\/td>\n<\/tr>\n<tr>\n<th>Veekindel<\/th>\n<td>Pritsmekindel vastupidav<\/td>\n<\/tr>\n<tr>\n<th>Omadused<\/th>\n<td>P\u00f5rkukindel, muljumiskindel<\/td>\n<\/tr>\n<tr>\n<th>M\u00f5\u00f5tmed<\/th>\n<td>262 x 206 x 65,5 mm<\/td>\n<\/tr>\n<tr>\n<th>Kaal<\/th>\n<td>420 g<\/td>\n<\/tr>\n<\/tbody>\n<\/table>\n<\/div>\n","protected":false},"excerpt":{"rendered":"<p>Telesin EVA hoiukott DJI Action 3\/4\/5 jaoks (suurus L) Telesin EVA kaitsev hoiukott on m\u00f5eldud DJI Action 3, 4 ja 5 kaamerate kasutajatele ning oma l\u00f6\u00f6gi- ja r\u00f5hukindla disainiga kaitseb see teie seadmeid transportimise ajal mehaaniliste kahjustuste eest. Selle kompaktne, kuid mahukas formaat t\u00e4hendab, et kogu teie varustus mahub mugavalt seljakotti v\u00f5i kotti. L\u00e4bim\u00f5eldud sisemus [&#8230;]\n","protected":false},"featured_media":27982,"comment_status":"open","ping_status":"closed","template":"","meta":[],"product_brand":[296],"product_cat":[1359],"product_tag":[],"class_list":{"0":"post-27981","1":"product","2":"type-product","3":"status-publish","4":"has-post-thumbnail","6":"product_brand-telesin","7":"product_cat-bags","9":"first","10":"outofstock","11":"taxable","12":"shipping-taxable","13":"purchasable","14":"product-type-simple"},"aioseo_notices":[],"_links":{"self":[{"href":"https:\/\/asura.lv\/et\/wp-json\/wp\/v2\/product\/27981","targetHints":{"allow":["GET"]}}],"collection":[{"href":"https:\/\/asura.lv\/et\/wp-json\/wp\/v2\/product"}],"about":[{"href":"https:\/\/asura.lv\/et\/wp-json\/wp\/v2\/types\/product"}],"replies":[{"embeddable":true,"href":"https:\/\/asura.lv\/et\/wp-json\/wp\/v2\/comments?post=27981"}],"wp:featuredmedia":[{"embeddable":true,"href":"https:\/\/asura.lv\/et\/wp-json\/wp\/v2\/media\/27982"}],"wp:attachment":[{"href":"https:\/\/asura.lv\/et\/wp-json\/wp\/v2\/media?parent=27981"}],"wp:term":[{"taxonomy":"product_brand","embeddable":true,"href":"https:\/\/asura.lv\/et\/wp-json\/wp\/v2\/product_brand?post=27981"},{"taxonomy":"product_cat","embeddable":true,"href":"https:\/\/asura.lv\/et\/wp-json\/wp\/v2\/product_cat?post=27981"},{"taxonomy":"product_tag","embeddable":true,"href":"https:\/\/asura.lv\/et\/wp-json\/wp\/v2\/product_tag?post=27981"}],"curies":[{"name":"wp","href":"https:\/\/api.w.org\/{rel}","templated":true}]}}