{"id":28197,"date":"2025-11-29T00:10:59","date_gmt":"2025-11-29T00:10:59","guid":{"rendered":"https:\/\/asura.lv\/product\/gamesir-supernova-t4n-pro-wireless-controller-pink\/"},"modified":"2025-12-12T15:19:34","modified_gmt":"2025-12-12T13:19:34","slug":"gamesir-supernova-t4n-pro-wireless-controller-pink","status":"publish","type":"product","link":"https:\/\/asura.lv\/et\/toode\/gamesir-supernova-t4n-pro-wireless-controller-pink\/","title":{"rendered":"GameSir SuperNova T4n Pro juhtmevaba kontroller (roosa)"},"content":{"rendered":"<h3>GameSir SuperNova T4n Pro juhtmevaba kontroller (roosa)<\/h3>\n<p>GameSir SuperNova T4n Pro padi on loodud PC, Nintendo Switchi, iOS-i ja Androidi m\u00e4ngijatele. Kolme \u00fchendusre\u017eiimiga &#8211; juhtmega, Bluetooth ja 2,4 GHz &#8211; saate oma lemmikplatvormil piiranguteta m\u00e4ngida. Halli efekti s\u00fcsteemiga analoogid k\u00f5rvaldavad triivimise probleemi ja tagavad t\u00e4psuse, samas kui spetsiaalsed r\u00f5ngad hoiavad \u00e4ra h\u00f5\u00f5rdumise, tagades sujuva liikumise isegi d\u00fcnaamilises m\u00e4ngus.<\/p>\n<p>\n<img decoding=\"async\" alt=\"\" border=\"0\" src=\"https:\/\/assets.innpro.pl\/13449\/16542\/1.jpg\"\/>\n<\/p>\n<h3>T\u00e4ielik kontroll ja v\u00e4lkkiire reaktsioon<\/h3>\n<p>Pad pakub kaheastmelisi p\u00e4\u00e4stikuid, mis v\u00f5imaldavad teil p\u00e4\u00e4stiku k\u00e4iku oma m\u00e4ngustiiliga kohandada &#8211; l\u00fchem kiiremate reaktsioonide v\u00f5i pikem parema kontrolli saavutamiseks. 1000 Hz k\u00e4ivitussagedus tagab minimaalse viivituse, tagades, et iga toiming kuvatakse koheselt ekraanil. Sisseehitatud 6-teljeline g\u00fcroskoop suurendab t\u00e4psust Nintendo Switchi m\u00e4ngudes ja \u00fche nupuga \u00e4ratusfunktsioon v\u00f5imaldab teil m\u00e4ngu kiiresti j\u00e4tkata.<\/p>\n<p>\n<img decoding=\"async\" alt=\"\" border=\"0\" src=\"https:\/\/assets.innpro.pl\/13449\/16542\/8.jpg\"\/>\n<\/p>\n<h3>Isikup\u00e4rastamine ja kasutusmugavus<\/h3>\n<p>SuperNova T4n Pro v\u00f5imaldab teil oma v\u00e4limust ja funktsioone kohandada. RGB-taustvalgustus ja magnetiline vahetatav pealiskiht v\u00f5imaldavad teil oma stiili kiiresti muuta ning vahetatav ABXY-nuppude paigutus muudab platvormide vahel vahetamise lihtsaks. Programmeeritavad tagasi-nupud v\u00f5imaldavad teil makrosid salvestada, andes teile m\u00e4ngudes veelgi suurema eelise.<\/p>\n<p>\n<img decoding=\"async\" alt=\"\" border=\"0\" src=\"https:\/\/assets.innpro.pl\/13449\/16542\/6.jpg\"\/>\n<\/p>\n<h3>Pikk t\u00f6\u00f6aeg ja nutikas laadimine<\/h3>\n<p>Sisseehitatud 1000 mAh aku tagab pika m\u00e4nguaja ilma sagedase laadimiseta. Spetsiaalne laadimisjaam automaatse k\u00e4ivituse ja seiskamisega tagab, et padi on alati tegutsemisvalmis \u2013 v\u00f5tke see lihtsalt m\u00e4ngimiseks k\u00e4tte ja pange laadimise alustamiseks maha. See on ideaalne mugavuse, j\u00f5udluse ja moodsa disaini kombinatsioon!<\/p>\n<p>\n<img decoding=\"async\" alt=\"\" border=\"0\" src=\"https:\/\/assets.innpro.pl\/13449\/16542\/3.jpg\"\/>\n<\/p>\n<h3>Kaasas<\/h3>\n<ul class=\"list-disc pl-5\">\n<li>Kontroller<\/li>\n<li>Laadimisjaam<\/li>\n<li>Adapter<\/li>\n<li>USB-C kaabel<\/li>\n<\/ul>\n<div class=\"table-wrapper\">\n<p>\u0412\u00a0<\/p>\n<h3><\/h3>\n<table>\n<tbody>\n<tr>\n<th>Tootja<\/th>\n<td>GameSir<\/td>\n<\/tr>\n<tr>\n<th>Tootjakood<\/th>\n<td>GameSir-T4n Pro BL<\/td>\n<\/tr>\n<tr>\n<th>V\u00e4rv<\/th>\n<td>Roosa<\/td>\n<\/tr>\n<tr>\n<th>\u00dchilduvus<\/th>\n<td>Arvuti, Nintendo Switch, iOS, Android<\/td>\n<\/tr>\n<tr>\n<th>\u00dchendus<\/th>\n<td>Juhtmega, Bluetooth, 2,4 GHz<\/td>\n<\/tr>\n<tr>\n<th>K\u00fcsitlussagedus<\/th>\n<td>1000 Hz<\/td>\n<\/tr>\n<tr>\n<th>Aku mahtuvus<\/th>\n<td>1000 mAh<\/td>\n<\/tr>\n<\/tbody>\n<\/table>\n<\/div>\n","protected":false},"excerpt":{"rendered":"<p>GameSir SuperNova T4n Pro juhtmevaba kontroller (roosa) GameSir SuperNova T4n Pro padi on loodud PC, Nintendo Switchi, iOS-i ja Androidi m\u00e4ngijatele. Kolme \u00fchendusre\u017eiimiga &#8211; juhtmega, Bluetooth ja 2,4 GHz &#8211; saate oma lemmikplatvormil piiranguteta m\u00e4ngida. Halli efekti s\u00fcsteemiga analoogid k\u00f5rvaldavad triivimise probleemi ja tagavad t\u00e4psuse, samas kui spetsiaalsed r\u00f5ngad hoiavad \u00e4ra h\u00f5\u00f5rdumise, tagades sujuva liikumise [&#8230;]\n","protected":false},"featured_media":28198,"comment_status":"open","ping_status":"closed","template":"","meta":[],"product_brand":[544],"product_cat":[1083],"product_tag":[],"class_list":{"0":"post-28197","1":"product","2":"type-product","3":"status-publish","4":"has-post-thumbnail","6":"product_brand-gamesir","7":"product_cat-gaming-controllers-gsm-accessories","9":"first","10":"outofstock","11":"taxable","12":"shipping-taxable","13":"purchasable","14":"product-type-simple"},"aioseo_notices":[],"_links":{"self":[{"href":"https:\/\/asura.lv\/et\/wp-json\/wp\/v2\/product\/28197","targetHints":{"allow":["GET"]}}],"collection":[{"href":"https:\/\/asura.lv\/et\/wp-json\/wp\/v2\/product"}],"about":[{"href":"https:\/\/asura.lv\/et\/wp-json\/wp\/v2\/types\/product"}],"replies":[{"embeddable":true,"href":"https:\/\/asura.lv\/et\/wp-json\/wp\/v2\/comments?post=28197"}],"wp:featuredmedia":[{"embeddable":true,"href":"https:\/\/asura.lv\/et\/wp-json\/wp\/v2\/media\/28198"}],"wp:attachment":[{"href":"https:\/\/asura.lv\/et\/wp-json\/wp\/v2\/media?parent=28197"}],"wp:term":[{"taxonomy":"product_brand","embeddable":true,"href":"https:\/\/asura.lv\/et\/wp-json\/wp\/v2\/product_brand?post=28197"},{"taxonomy":"product_cat","embeddable":true,"href":"https:\/\/asura.lv\/et\/wp-json\/wp\/v2\/product_cat?post=28197"},{"taxonomy":"product_tag","embeddable":true,"href":"https:\/\/asura.lv\/et\/wp-json\/wp\/v2\/product_tag?post=28197"}],"curies":[{"name":"wp","href":"https:\/\/api.w.org\/{rel}","templated":true}]}}