{"id":28467,"date":"2025-11-29T00:10:33","date_gmt":"2025-11-29T00:10:33","guid":{"rendered":"https:\/\/asura.lv\/product\/dji-care-refresh-rs-4-mini-plan-roczny\/"},"modified":"2025-12-12T15:19:11","modified_gmt":"2025-12-12T13:19:11","slug":"dji-care-refresh-rs-4-mini-plan-roczny","status":"publish","type":"product","link":"https:\/\/asura.lv\/et\/toode\/dji-care-refresh-rs-4-mini-plan-roczny\/","title":{"rendered":"DJI Care Refresh RS 4 Mini (roczny plaan)"},"content":{"rendered":"<h3>Teave teenuse kohta<\/h3>\n<p>DJI Care Refresh on teenusepakett, mis v\u00f5imaldab teil \u2013 tasu eest \u2013 kahjustatud toote uue vastu asendada. See katab kahjud, mis on tekkinud isegi kasutaja s\u00fc\u00fcl.<\/p>\n<p>\u0412\u00a0<\/p>\n<p>Teenust saab aktiveerida igal ajal \u2013 30 p\u00e4eva m\u00f6\u00f6dudes seadme aktiveerimisest on vaja saata DJI-le <a href=\"https:\/\/repair.dji.com\/djicare\/customerupload\" rel=\"noopener noreferrer nofollow\" target=\"_blank\"><u>kinnitusvideo<\/u><\/a>.<\/p>\n<p>Teenuse kogukestus, arvestades pikendusi, on 3 aastat,<br \/>ja see on koguni 6 asendust!<\/p>\n<p>Lisateabe saamiseks vaadake allpool.<\/p>\n<h3>Asenduse hind 1<\/h3>\n<p>DJI RS 4 Mini puhul on iga asenduse hind DJI Care Refresh&#8217;i raames: 199 PLN<\/p>\n<p>DJI Care Refresh (aastapakett) pakub kahte asendust.<\/p>\n<p>DJI Care Refresh (2-aastane pakett) pakub nelja asendused.<\/p>\n<p>\u0412\u00a0<\/p>\n<p>\u0412\u00a0<\/p>\n<p><sup>1<\/sup>Kui p\u00f6\u00f6rdute otse tootja poole, v\u00f5ib asendussumma muutuda s\u00f5ltuvalt kehtivast vahetuskursist.<\/p>\n<p>\n<img decoding=\"async\" alt=\"\" border=\"0\" src=\"https:\/\/assets.innpro.pl\/13033\/15903\/3.jpg\"\/>\n<\/p>\n<h3>V\u00f5imalus pikendada tootja garantiid 2<\/h3>\n<p>Kui te ei kasuta asendusv\u00f5imalust teenuseperioodi jooksul \u00fcks kord, pikendab DJI teie preemia osana teie tootja garantiid veel \u00fche aasta v\u00f5rra.<\/p>\n<p style=\"text-align:center\">\u0412\u00a0<\/p>\n<p style=\"text-align:left\"><sup>2<\/sup>Kehtib j\u00e4rgmistele mudelitele: DJI Action 2, DJI Osmo Action 3, DJI Osmo Action 4, DJI Osmo Mobile SE, DJI Osmo Mobile 6, DJI RS 3, DJI RS 3 Pro, DJI RS 3 Mini<\/p>\n<p>\n<img decoding=\"async\" alt=\"\" border=\"0\" src=\"https:\/\/assets.innpro.pl\/13033\/15903\/4.jpg\"\/>\n<\/p>\n<h3>Kuidas DJI Care Refreshi aktiveerida?<\/h3>\n<p>1. Minge j\u00e4rgmisele veebisaidile:<br \/><a href=\"https:\/\/support.dji.com\/care\/active\" rel=\"noopener noreferrer nofollow\" target=\"_blank\"><u>Aktiveerige DJI Care Refresh<\/u><\/a><\/p>\n<p>2. Aktiveerimisprotsessi k\u00e4igus sisestage Care Refresh kood, seadme seerianumber ja oma andmed.<\/p>\n<p>2a. Kui aktiveerimisaeg on m\u00f6\u00f6das, peate saatma DJI-le kinnitusvideo. P\u00e4rast kinnitamist peaks teenus aktiveeritama 72 tunni jooksul. 3. Teenus aktiveeritakse ja m\u00e4\u00e4ratakse automaatselt teie seadmele. Saate DJI Care Refreshi aktiveerimise kinnituse e-posti teel. <\/p>\n<p>\n<img decoding=\"async\" alt=\"\" border=\"0\" src=\"https:\/\/assets.innpro.pl\/13033\/15903\/5.jpg\"\/>\n<\/p>\n<h3>Kuidas teenust kasutada?<\/h3>\n<p>1. Teatage remondist meie teenindusele:<a href=\"https:\/\/dji-ars.pl\/Serwis-chep-pol-66.html\" rel=\"noopener noreferrer nofollow\" target=\"_blank\"><u>DJI-ARS teenindus<\/u><\/a>\u0412\u00a0<\/p>\n<p>Teise v\u00f5imalusena saate defektist teatada <a href=\"https:\/\/www.dji.com\/pl\/support\/repair\" rel=\"noopener noreferrer nofollow\" target=\"_blank\"><u>DJI tootja<\/u><\/a> veebisaidil ja saata toote koos m\u00e4rkusega, et teil on DJI Care Refresh.<\/p>\n<p>2. Kui saate remondipakkumise, otsustage, kas soovite seda kasutada v\u00f5i eelistate DJI Care Refreshi raames asendust.<\/p>\n<p>3. Kui olete valinud DJI Care Refreshi, makske asenduse eest \u2013 seej\u00e4rel saate uue seadme.<\/p>\n<p>4. Asendustoode toimetatakse teile kohale eelisj\u00e4rjekorras ja tasuta saatmisega.<\/p>\n<p>\n<img decoding=\"async\" alt=\"\" border=\"0\" src=\"https:\/\/assets.innpro.pl\/13033\/15903\/6.jpg\"\/>\n<\/p>\n<h3>DJI Care Refresh teenuse uuendamine<\/h3>\n<p>DJI Care Refresh teenuse maksimaalne kestus koos uuendamisega on 3 aastat. Soovi korral ostke t\u00e4iendav \u00fcheaastane pakett.<\/p>\n<p>\u0412\u00a0<\/p>\n<p>Uuendada saab ainult aastapaketiga praeguse paketi kehtivusaja jooksul v\u00f5i 15 p\u00e4eva jooksul p\u00e4rast teenuse l\u00f5ppemise kuup\u00e4eva.<\/p>\n<p style=\"text-align:center\">\u0412\u00a0<\/p>\n<p style=\"text-align:center\">Soovime teid teavitada, et vastavalt <a href=\"https:\/\/dji-ars.pl\/pol-terms.html\" rel=\"noopener noreferrer nofollow\" target=\"_blank\"><u>m\u00e4\u00e4ruste \u00a75 punktide 5.6-5.7<\/u><\/a>kohaselt ei ole v\u00f5imalik tagastada ega vahetada elektroonilisi koode ja f\u00fc\u00fcsilisi kaarte, millelt on turvakate v\u00f5i pitser eemaldatud.<\/p>\n<p>\n<img decoding=\"async\" alt=\"\" border=\"0\" src=\"https:\/\/assets.innpro.pl\/13033\/15903\/DJI-Care-Refresh tabela2.jpg\"\/>\n<\/p>\n<div class=\"table-wrapper\">\n<\/div>\n","protected":false},"excerpt":{"rendered":"<p>Teave teenuse kohta DJI Care Refresh on teenusepakett, mis v\u00f5imaldab teil \u2013 tasu eest \u2013 kahjustatud toote uue vastu asendada. See katab kahjud, mis on tekkinud isegi kasutaja s\u00fc\u00fcl. \u0412\u00a0 Teenust saab aktiveerida igal ajal \u2013 30 p\u00e4eva m\u00f6\u00f6dudes seadme aktiveerimisest on vaja saata DJI-le kinnitusvideo. Teenuse kogukestus, arvestades pikendusi, on 3 aastat,ja see on [&#8230;]\n","protected":false},"featured_media":28468,"comment_status":"open","ping_status":"closed","template":"","meta":[],"product_brand":[89],"product_cat":[1605],"product_tag":[],"class_list":{"0":"post-28467","1":"product","2":"type-product","3":"status-publish","4":"has-post-thumbnail","6":"product_brand-dji","7":"product_cat-dji-care-refresh","9":"first","10":"outofstock","11":"taxable","12":"shipping-taxable","13":"purchasable","14":"product-type-simple"},"aioseo_notices":[],"_links":{"self":[{"href":"https:\/\/asura.lv\/et\/wp-json\/wp\/v2\/product\/28467","targetHints":{"allow":["GET"]}}],"collection":[{"href":"https:\/\/asura.lv\/et\/wp-json\/wp\/v2\/product"}],"about":[{"href":"https:\/\/asura.lv\/et\/wp-json\/wp\/v2\/types\/product"}],"replies":[{"embeddable":true,"href":"https:\/\/asura.lv\/et\/wp-json\/wp\/v2\/comments?post=28467"}],"wp:featuredmedia":[{"embeddable":true,"href":"https:\/\/asura.lv\/et\/wp-json\/wp\/v2\/media\/28468"}],"wp:attachment":[{"href":"https:\/\/asura.lv\/et\/wp-json\/wp\/v2\/media?parent=28467"}],"wp:term":[{"taxonomy":"product_brand","embeddable":true,"href":"https:\/\/asura.lv\/et\/wp-json\/wp\/v2\/product_brand?post=28467"},{"taxonomy":"product_cat","embeddable":true,"href":"https:\/\/asura.lv\/et\/wp-json\/wp\/v2\/product_cat?post=28467"},{"taxonomy":"product_tag","embeddable":true,"href":"https:\/\/asura.lv\/et\/wp-json\/wp\/v2\/product_tag?post=28467"}],"curies":[{"name":"wp","href":"https:\/\/api.w.org\/{rel}","templated":true}]}}