{"id":28599,"date":"2025-11-29T00:10:21","date_gmt":"2025-11-29T00:10:21","guid":{"rendered":"https:\/\/asura.lv\/product\/wybot-hyson100-handheld-pool-vacuum-cleaner\/"},"modified":"2025-12-12T15:19:01","modified_gmt":"2025-12-12T13:19:01","slug":"wybot-hyson100-handheld-pool-vacuum-cleaner","status":"publish","type":"product","link":"https:\/\/asura.lv\/et\/toode\/wybot-hyson100-handheld-pool-vacuum-cleaner\/","title":{"rendered":"Wybot Hyson100 k\u00e4eshoitav basseinitolmuimeja"},"content":{"rendered":"<h3>Wybot Hyson100 k\u00e4eshoitav basseinitolmuimeja<\/h3>\n<p>Wybot Hyson100 on kompaktne k\u00e4eshoitav tolmuimeja, mis on loodud v\u00e4ikeste basseinide, spaade ja mullivannide puhastamiseks. T\u00e4nu juhtmevabale disainile on selle kasutamine \u00e4\u00e4rmiselt lihtne ja mugav. Saate mustusest kiiresti lahti ilma kaableid v\u00f5i voolikuid \u00fchendamata.<\/p>\n<p>\n<img decoding=\"async\" alt=\"\" border=\"0\" src=\"https:\/\/assets.innpro.pl\/13118\/16043\/1.jpg\"\/>\n<\/p>\n<h3>60 minutit t\u00f6\u00f6d \u00fche laadimisega<\/h3>\n<p>Seade on varustatud v\u00f5imsa laetava akuga, mis v\u00f5imaldab 60 minutit pidevat t\u00f6\u00f6d. Sellest ajast piisab kogu basseini pinna t\u00f5husaks puhastamiseks ilma laadimiskatkestusteta.<\/p>\n<p>\n<img decoding=\"async\" alt=\"\" border=\"0\" src=\"https:\/\/assets.innpro.pl\/13118\/16043\/2.jpg\"\/>\n<\/p>\n<h3>Teleskoopiline alumiiniumvars<\/h3>\n<p>Tolmuimejal on teleskoopiline alumiiniumvars, mis ulatub kuni 1,5 meetrini, v\u00f5imaldades h\u00f5lpsat juurdep\u00e4\u00e4su raskesti ligip\u00e4\u00e4setavatele kohtadele. Trepid, nurgad v\u00f5i basseini seinad ei ole enam probleemiks.<\/p>\n<p>\n<img decoding=\"async\" alt=\"\" border=\"0\" src=\"https:\/\/assets.innpro.pl\/13118\/16043\/9.jpg\"\/>\n<\/p>\n<h3>T\u00f5hus mustuse eemaldamine<\/h3>\n<p>Hyson100 Wybot saab hakkama lehtede, \u00f5ietolmu, muda, putukate ja tammet\u00f5rudega, imedes veest t\u00f5husalt kogu mustuse v\u00e4lja. Spetsiaalne hari otsas v\u00f5imaldab basseini p\u00f5hja ja seinu sette p\u00f5hjalikumalt puhastada.<\/p>\n<p>\n<img decoding=\"async\" alt=\"\" border=\"0\" src=\"https:\/\/assets.innpro.pl\/13118\/16043\/6.jpg\"\/>\n<\/p>\n<h3>Lihtne kasutada ja filtrit kiiresti puhastada<\/h3>\n<p>T\u00e4nu sisseehitatud filtriv\u00f5rgust konteinerile on tolmuimeja t\u00fchjendamine kiire ja probleemivaba. P\u00e4rast puhastamist eemaldage lihtsalt filter, loputage seda voolava vee all ja tolmuimeja on uuesti kasutamiseks valmis.<\/p>\n<p>\n<img decoding=\"async\" alt=\"\" border=\"0\" src=\"https:\/\/assets.innpro.pl\/13118\/16043\/8.jpg\"\/>\n<\/p>\n<h3>Ideaalne erinevat t\u00fc\u00fcpi basseinide ja spaade jaoks<\/h3>\n<p>Wybot Hyson100 sobib h\u00e4sti nii aiabasseinidesse kui ka mullivannidesse, spaadesse ja mullivannidesse. Selle mitmek\u00fclgsus muudab vee puhtana hoidmise lihtsaks mitmesugustes keskkondades.<\/p>\n<p>\n<img decoding=\"async\" alt=\"\" border=\"0\" src=\"https:\/\/assets.innpro.pl\/13118\/16043\/4.jpg\"\/>\n<\/p>\n<h3>Kaasas<\/h3>\n<ul class=\"list-disc pl-5\">\n<li>Basseinitolmuimeja x1<\/li>\n<li>USB-laadimiskaabel x1<\/li>\n<li>Teleskoopvars x1<\/li>\n<li>K\u00e4epide x1<\/li>\n<li>Kasutusjuhend x1<\/li>\n<li>Harjapea x2<\/li>\n<li>Kiirjuhend x1<\/li>\n<\/ul>\n<div class=\"table-wrapper\">\n<p>\u0412\u00a0<\/p>\n<h3><\/h3>\n<table>\n<tbody>\n<tr>\n<th>Tootja<\/th>\n<td>Wybot<\/td>\n<\/tr>\n<tr>\n<th>Mudel<\/th>\n<td>Hyson100<\/td>\n<\/tr>\n<tr>\n<th>Basseini t\u00fc\u00fcp<\/th>\n<td>Spaa, mullivann<\/td>\n<\/tr>\n<tr>\n<th>Nimiline t\u00f6\u00f6pinge<\/th>\n<td>4,2 V<\/td>\n<\/tr>\n<tr>\n<th>V\u00f5imsus<\/th>\n<td>umbes 15 W<\/td>\n<\/tr>\n<tr>\n<th>T\u00f6\u00f6ts\u00fckkel<\/th>\n<td>max. 60 min<\/td>\n<\/tr>\n<tr>\n<th>Aku mahtuvus<\/th>\n<td>5200 mAh<\/td>\n<\/tr>\n<tr>\n<th>Laadimisaeg<\/th>\n<td>4\u20135 h<\/td>\n<\/tr>\n<tr>\n<th>Filtri mahtuvus<\/th>\n<td>umbes 25 l\/min<\/td>\n<\/tr>\n<tr>\n<th>Filtri tihedus<\/th>\n<td>250 \u00b5m<\/td>\n<\/tr>\n<tr>\n<th>Kaitseaste IP<\/th>\n<td>IPX8<\/td>\n<\/tr>\n<tr>\n<th>Basseinivee temperatuur<\/th>\n<td>10\u201335 \u00b0C<\/td>\n<\/tr>\n<tr>\n<th>Laadimiskeskkonna temperatuur<\/th>\n<td>10\u201335 \u00b0C<\/td>\n<\/tr>\n<tr>\n<th>S\u00e4ilitamine temperatuur<\/th>\n<td>5\u201335 \u00b0C<\/td>\n<\/tr>\n<tr>\n<th>Toote kaal<\/th>\n<td>1,2 kg<\/td>\n<\/tr>\n<tr>\n<th>Toote suurus<\/th>\n<td>440 * 132 * 110 mm<\/td>\n<\/tr>\n<\/tbody>\n<\/table>\n<\/div>\n","protected":false},"excerpt":{"rendered":"<p>Wybot Hyson100 k\u00e4eshoitav basseinitolmuimeja Wybot Hyson100 on kompaktne k\u00e4eshoitav tolmuimeja, mis on loodud v\u00e4ikeste basseinide, spaade ja mullivannide puhastamiseks. T\u00e4nu juhtmevabale disainile on selle kasutamine \u00e4\u00e4rmiselt lihtne ja mugav. Saate mustusest kiiresti lahti ilma kaableid v\u00f5i voolikuid \u00fchendamata. 60 minutit t\u00f6\u00f6d \u00fche laadimisega Seade on varustatud v\u00f5imsa laetava akuga, mis v\u00f5imaldab 60 minutit pidevat t\u00f6\u00f6d. [&#8230;]\n","protected":false},"featured_media":28600,"comment_status":"open","ping_status":"closed","template":"","meta":[],"product_brand":[741],"product_cat":[1659],"product_tag":[],"class_list":{"0":"post-28599","1":"product","2":"type-product","3":"status-publish","4":"has-post-thumbnail","6":"product_brand-wybot","7":"product_cat-pool-cleaning-equipment","9":"first","10":"outofstock","11":"taxable","12":"shipping-taxable","13":"purchasable","14":"product-type-simple"},"aioseo_notices":[],"_links":{"self":[{"href":"https:\/\/asura.lv\/et\/wp-json\/wp\/v2\/product\/28599","targetHints":{"allow":["GET"]}}],"collection":[{"href":"https:\/\/asura.lv\/et\/wp-json\/wp\/v2\/product"}],"about":[{"href":"https:\/\/asura.lv\/et\/wp-json\/wp\/v2\/types\/product"}],"replies":[{"embeddable":true,"href":"https:\/\/asura.lv\/et\/wp-json\/wp\/v2\/comments?post=28599"}],"wp:featuredmedia":[{"embeddable":true,"href":"https:\/\/asura.lv\/et\/wp-json\/wp\/v2\/media\/28600"}],"wp:attachment":[{"href":"https:\/\/asura.lv\/et\/wp-json\/wp\/v2\/media?parent=28599"}],"wp:term":[{"taxonomy":"product_brand","embeddable":true,"href":"https:\/\/asura.lv\/et\/wp-json\/wp\/v2\/product_brand?post=28599"},{"taxonomy":"product_cat","embeddable":true,"href":"https:\/\/asura.lv\/et\/wp-json\/wp\/v2\/product_cat?post=28599"},{"taxonomy":"product_tag","embeddable":true,"href":"https:\/\/asura.lv\/et\/wp-json\/wp\/v2\/product_tag?post=28599"}],"curies":[{"name":"wp","href":"https:\/\/api.w.org\/{rel}","templated":true}]}}