{"id":28725,"date":"2025-11-28T23:10:07","date_gmt":"2025-11-28T23:10:07","guid":{"rendered":"https:\/\/asura.lv\/product\/smart-wifi-wall-switch-sonoff-m5-3c-80-3-channel-for-frame-graphite\/"},"modified":"2025-12-12T15:16:04","modified_gmt":"2025-12-12T13:16:04","slug":"smart-wifi-wall-switch-sonoff-m5-3c-80-3-channel-for-frame-graphite","status":"publish","type":"product","link":"https:\/\/asura.lv\/et\/toode\/smart-wifi-wall-switch-sonoff-m5-3c-80-3-channel-for-frame-graphite\/","title":{"rendered":"Nutikas WiFi seinal\u00fcliti SONOFF M5-3C-80 (3-kanaliga, raamile, grafiit)"},"content":{"rendered":"<h3>SONOFF M5-3C-80 WiFi nutikas seinal\u00fcliti (3-kanaliline, raamile, grafiit).<\/h3>\n<p>SONOFF M5-3C-80 on kolmekanaliline mehaaniline WiFi nutikas seinal\u00fcliti, mis \u00fchendab endas uuendusliku tehnoloogia ja kasutusmugavuse. eWeLinki rakenduse abil on teil t\u00e4ielik kontroll oma kodus olevate seadmete \u00fcle isegi siis, kui olete eemal. L\u00fcliti kasutamine on \u00e4\u00e4rmiselt lihtne ja mugav isegi eakatele inimestele. Olenemata sellest, kas kasutate kohalikku nuppu, rakendust v\u00f5i h\u00e4\u00e4lk\u00e4sklusi, pakub SONOFF M5 mugavust igal sammul.<\/p>\n<p>\n<img decoding=\"async\" border=\"0\" src=\"https:\/\/assets.innpro.pl\/12012\/14243\/8.jpg\"\/>\n<\/p>\n<h3>Mugav kasutamine mitmel viisil<\/h3>\n<p>SONOFF M5 l\u00fclitit saab juhtida f\u00fc\u00fcsiliste nuppudega, mis on kiired ja reageerivad h\u00e4sti. Nuppe saab kasutada isegi kindaid kandes, mist\u00f5ttu on neid lihtne kasutada. Tulede sissel\u00fclitamiseks piisab \u00fchest vajutusest. Lisaks saab t\u00e4nu koost\u00f6\u00f6le h\u00e4\u00e4lassistentidega Alexa, Google Home, Alice ja Siri Shortcut valgust juhtida h\u00e4\u00e4lk\u00e4sklustega, mis on eriti kasulik igap\u00e4evaste tegevuste ajal.<\/p>\n<p>\n<img decoding=\"async\" border=\"0\" src=\"https:\/\/assets.innpro.pl\/12012\/14243\/1.jpg\"\/>\n<\/p>\n<h3>Turvalisus k\u00f5rgeimal tasemel<\/h3>\n<p>SONOFF M5-3C-80 on disainitud kasutajaohutust silmas pidades. See on CE-sertifitseeritud ja pakub vastupidavust k\u00f5rgetele temperatuuridele. T\u00e4nu l\u00e4bim\u00f5eldud disainile on lahtiv\u00f5tmise ajal v\u00f5imalik k\u00f5rge- ja madalpinget ohutult eraldada. See nutikas seade mitte ainult ei muuda elu mugavamaks, vaid hoolitseb ka teie kodu ja kasutajate turvalisuse eest.<\/p>\n<p>\n<img decoding=\"async\" border=\"0\" src=\"https:\/\/assets.innpro.pl\/12012\/14243\/6.jpg\"\/>\n<\/p>\n<h3>Teie vajadustele vastav funktsionaalsus<\/h3>\n<p>Kas teil on pimedas l\u00fcliti leidmisega raskusi? SONOFF M5-l on reguleeritav LED-indikaator, mille heledust saab vastavalt teie eelistustele reguleerida. Samuti saate seadistada nutikaid stseene, mis \u00fchendavad l\u00fcliti teiste seadmetega, n\u00e4iteks DW2-WiFi ukseanduriga. Nii l\u00fclitub tuli ukse avamisel automaatselt sisse. Ajagraafikud v\u00f5imaldavad teil seadistada tuled automaatselt valitud aegadel sisse l\u00fclituma, mis sobib ideaalselt magamistubadesse v\u00f5i muudesse ruumidesse.<\/p>\n<p>\n<img decoding=\"async\" border=\"0\" src=\"https:\/\/assets.innpro.pl\/12012\/14243\/4.jpg\"\/>\n<\/p>\n<h3>Lihtne integreerimine teie nutika kodu s\u00fcsteemiga<\/h3>\n<p>SONOFF M5 l\u00fcliti t\u00f6\u00f6tab NSPaneliga, v\u00f5imaldades teil tulesid ja seadmeid puutetundliku ekraani kaudu juhtida. L\u00fcliti ja NSPaneli \u00fchtlane v\u00e4rv tagab \u00fchtlase siseilme. Lisaks saate mitme jaama juhtimise funktsiooni abil sama valgustit juhtida v\u00e4hemalt kahest kohast, v\u00e4listades keerulise juhtmestiku probleemi (m\u00e4rkus: peagi on saadaval kaugjuhtimispult stseenide haldamiseks).<\/p>\n<p>\n<img decoding=\"async\" border=\"0\" src=\"https:\/\/assets.innpro.pl\/12012\/14243\/5.jpg\"\/>\n<\/p>\n<h3>Lihtne paigaldus ja moodne disain<\/h3>\n<p>Oma lihtsa paigalduse ja elegantse grafiidist disainiga sulandub SONOFF M5-3C-80 sujuvalt moodsasse interj\u00f6\u00f6ri. Olenemata teie kodu stiilist on see nutikas l\u00fcliti ideaalne t\u00e4iendus teie nutika kodu s\u00fcsteemile.<\/p>\n<p>\n<img decoding=\"async\" border=\"0\" src=\"https:\/\/assets.innpro.pl\/12012\/14243\/2.jpg\"\/>\n<\/p>\n<h3>Kaasas<\/h3>\n<ul class=\"list-disc pl-5\">\n<li>seinal\u00fcliti<\/li>\n<li>2x kinnituskruvi<\/li>\n<\/ul>\n<div class=\"table-wrapper\">\n<p>\u0412\u00a0<\/p>\n<h3><\/h3>\n<table>\n<tbody>\n<tr>\n<th>Tootja<\/th>\n<td>Sonoff<\/td>\n<\/tr>\n<tr>\n<th>Mudel<\/th>\n<td>M5-3C-80<\/td>\n<\/tr>\n<tr>\n<th>Materjal<\/th>\n<td>PC V0 tulekindel plastist<\/td>\n<\/tr>\n<tr>\n<th>M\u00f5\u00f5tmed<\/th>\n<td>86 x 71 x 12,8 x 29,9 mm<\/td>\n<\/tr>\n<tr>\n<th>Kanalid<\/th>\n<td>3-kanaliline<\/td>\n<\/tr>\n<tr>\n<th>\u00dchenduvus<\/th>\n<td>WiFi 2,4 GHz (IEEE 802.11 b\/g\/n)<\/td>\n<\/tr>\n<tr>\n<th>Nimipinge<\/th>\n<td>100\u2013240 V vahelduvvool, 50\/60 Hz<\/td>\n<\/tr>\n<tr>\n<th>V\u00e4ljundv\u00f5imsus<\/th>\n<td>100\u2013240 V vahelduvvool, 50\/60 Hz<\/td>\n<\/tr>\n<tr>\n<th>V\u00e4ljundvool<\/th>\n<td>6 A (2 A kanali kohta)<\/td>\n<\/tr>\n<tr>\n<th>Maksimaalne v\u00f5imsus<\/th>\n<td>1320 W (440 W kanali kohta kanal)<\/td>\n<\/tr>\n<tr>\n<th>T\u00f6\u00f6temperatuur<\/th>\n<td>-10 \u00b0C kuni 40 \u00b0C<\/td>\n<\/tr>\n<tr>\n<th>Mikrokontroller (MCU)<\/th>\n<td>ESP32<\/td>\n<\/tr>\n<tr>\n<th>Sertifikaadid<\/th>\n<td>CE<\/td>\n<\/tr>\n<tr>\n<th>Spetsiaalne rakendus<\/th>\n<td>eWeLink<\/td>\n<\/tr>\n<tr>\n<th>H\u00e4\u00e4ljuhtimine<\/th>\n<td>Jah (Alexa, Google Home, Alice, Siri)<\/td>\n<\/tr>\n<tr>\n<th>\u00dchilduvus<\/th>\n<td>NSPanel, DW2-WiFi ukseandur<\/td>\n<\/tr>\n<tr>\n<th>Lisafunktsioonid<\/th>\n<td>Reguleeritav LED-indikaator, ajakavad ja automaatsed stseenid, kahesuunaline ja igasuunaline valguse juhtimine<\/td>\n<\/tr>\n<tr>\n<th>Paigaldus<\/th>\n<td>Standardsesse kinnituskarpi (\u00fchildub enamikuga paigalduskarbid)<\/td>\n<\/tr>\n<\/tbody>\n<\/table>\n<\/div>\n","protected":false},"excerpt":{"rendered":"<p>SONOFF M5-3C-80 WiFi nutikas seinal\u00fcliti (3-kanaliline, raamile, grafiit). SONOFF M5-3C-80 on kolmekanaliline mehaaniline WiFi nutikas seinal\u00fcliti, mis \u00fchendab endas uuendusliku tehnoloogia ja kasutusmugavuse. eWeLinki rakenduse abil on teil t\u00e4ielik kontroll oma kodus olevate seadmete \u00fcle isegi siis, kui olete eemal. L\u00fcliti kasutamine on \u00e4\u00e4rmiselt lihtne ja mugav isegi eakatele inimestele. Olenemata sellest, kas kasutate kohalikku [&#8230;]\n","protected":false},"featured_media":28726,"comment_status":"open","ping_status":"closed","template":"","meta":[],"product_brand":[203],"product_cat":[930],"product_tag":[],"class_list":{"0":"post-28725","1":"product","2":"type-product","3":"status-publish","4":"has-post-thumbnail","6":"product_brand-sonoff","7":"product_cat-switches","9":"first","10":"outofstock","11":"taxable","12":"shipping-taxable","13":"purchasable","14":"product-type-simple"},"aioseo_notices":[],"_links":{"self":[{"href":"https:\/\/asura.lv\/et\/wp-json\/wp\/v2\/product\/28725","targetHints":{"allow":["GET"]}}],"collection":[{"href":"https:\/\/asura.lv\/et\/wp-json\/wp\/v2\/product"}],"about":[{"href":"https:\/\/asura.lv\/et\/wp-json\/wp\/v2\/types\/product"}],"replies":[{"embeddable":true,"href":"https:\/\/asura.lv\/et\/wp-json\/wp\/v2\/comments?post=28725"}],"wp:featuredmedia":[{"embeddable":true,"href":"https:\/\/asura.lv\/et\/wp-json\/wp\/v2\/media\/28726"}],"wp:attachment":[{"href":"https:\/\/asura.lv\/et\/wp-json\/wp\/v2\/media?parent=28725"}],"wp:term":[{"taxonomy":"product_brand","embeddable":true,"href":"https:\/\/asura.lv\/et\/wp-json\/wp\/v2\/product_brand?post=28725"},{"taxonomy":"product_cat","embeddable":true,"href":"https:\/\/asura.lv\/et\/wp-json\/wp\/v2\/product_cat?post=28725"},{"taxonomy":"product_tag","embeddable":true,"href":"https:\/\/asura.lv\/et\/wp-json\/wp\/v2\/product_tag?post=28725"}],"curies":[{"name":"wp","href":"https:\/\/api.w.org\/{rel}","templated":true}]}}