{"id":28773,"date":"2025-11-28T23:10:01","date_gmt":"2025-11-28T23:10:01","guid":{"rendered":"https:\/\/asura.lv\/product\/s7-smartwatch-silver\/"},"modified":"2025-12-12T15:15:59","modified_gmt":"2025-12-12T13:15:59","slug":"s7-smartwatch-silver","status":"publish","type":"product","link":"https:\/\/asura.lv\/et\/toode\/s7-smartwatch-silver\/","title":{"rendered":"S7 nutikell (h\u00f5bedane)"},"content":{"rendered":"<h3>Nutikell S7 (h\u00f5bedane)<\/h3>\n<p>S7 nutikell on elegantsi, funktsionaalsuse ja t\u00e4iustatud tehnoloogia kombinatsioon. Olenemata sellest, kas vajate treeningpartnerit, tervise j\u00e4lgimise t\u00f6\u00f6riista v\u00f5i nutikat abilist igap\u00e4evaeluks, S7 vastab k\u00f5igile neile ootustele. Valige oma stiil, kasutage \u00e4ra arvukalt funktsioone ja nautige v\u00f5imalusterohket elu.<\/p>\n<p>\n<img decoding=\"async\" border=\"0\" src=\"https:\/\/assets.innpro.pl\/12240\/14533\/4.jpg\"\/>\n<\/p>\n<h3>Erakordne AMOLED-ekraan<\/h3>\n<p>S7 nutikell pakub muljetavaldavat 1,43-tollist AMOLED-ekraani, mille eraldusv\u00f5ime on 466 x 466 ja v\u00e4rskendussagedus 60 FPS, pakkudes selgust 326 PPI-l. \u00d5huke raam v\u00f5imaldab suuremat ekraanipinda, muutes kella kasutamise \u00e4\u00e4rmiselt nauditavaks ja kaasahaaravaks.<\/p>\n<p>\n<img decoding=\"async\" border=\"0\" src=\"https:\/\/assets.innpro.pl\/12240\/14533\/11.jpg\"\/>\n<\/p>\n<h3>Stiil ja vastupidavus \u00fches<\/h3>\n<p>Elegantsi ja vastupidavust silmas pidades disainitud S7-l on tsingisulamist keskne raam ja p\u00f6\u00f6rlev roostevabast terasest kroonnupp, millel on parema juhtimise tagamiseks mustrilised sooned. Vahetatavate rihmade \u2013 silikoon- v\u00f5i nahkrihmade \u2013 ja enam kui 200 sihverplaadi vahel, sh 30 animeeritud sihverplaadi vahel, saad nutikella v\u00e4limust oma eelistuste ja stiili j\u00e4rgi kohandada.<\/p>\n<p>\n<img decoding=\"async\" border=\"0\" src=\"https:\/\/assets.innpro.pl\/12240\/14533\/9.jpg\"\/>\n<\/p>\n<h3>Professionaalne treeningkaaslane<\/h3>\n<p>S7 toetab enam kui 120 spordire\u017eiimi, kasutades t\u00e4iustatud spordialgoritmi ja tipptasemel G-andurit treeningandmete t\u00e4pseks kogumiseks. 5 populaarse tegevuse (nt jooksmine, k\u00f5ndimine ja jalgrattas\u00f5it) automaatne tuvastamise funktsioon v\u00f5imaldab sul treeninguga kiiresti alustada. T\u00e4nu 3ATM veekindlusele t\u00f6\u00f6tab kell h\u00e4sti ka ujudes, j\u00e4lgides andmeid isegi kuni 30 meetri s\u00fcgavusel.<\/p>\n<p>\n<img decoding=\"async\" border=\"0\" src=\"https:\/\/assets.innpro.pl\/12240\/14533\/1.jpg\"\/>\n<\/p>\n<h3>P\u00f5hjalik tervisehaldus<\/h3>\n<p>S7 v\u00f5imaldab teil j\u00e4lgida oma pulssi (BPM), vere hapnikusisaldust (SpO2), stressi, menstruaalts\u00fcklit ja teha hingamisharjutusi \u00f6\u00f6p\u00e4evaringselt. T\u00e4iustatud une j\u00e4lgimise algoritm 2.0 anal\u00fc\u00fcsib t\u00e4pselt teie uner\u00fctmi ja -graafikut, aidates parandada unekvaliteeti. Kolme r\u00f5ngaga aktiivsusfunktsioon motiveerib igap\u00e4evaseid liikumis-, kalorip\u00f5letus- ja distantsieesm\u00e4rke.<\/p>\n<p>\n<img decoding=\"async\" border=\"0\" src=\"https:\/\/assets.innpro.pl\/12240\/14533\/6.jpg\"\/>\n<\/p>\n<h3>Teie igap\u00e4evane mugavus<\/h3>\n<p>S7 nutikell pole mitte ainult tervise j\u00e4lgimise t\u00f6\u00f6riist, vaid ka teie nutikas igap\u00e4evane partner. T\u00e4nu Bluetooth-funktsioonile saate vastu v\u00f5tta k\u00f5nesid, kuulata muusikat v\u00f5i kasutada intuitiivset liidest, mis l\u00fclitab ekraani sisse, kui randme \u00fcles t\u00f5state. Lisaks pakub kell mitmesuguseid praktilisi rakendusi, n\u00e4iteks kaugjuhtimisega kaamera p\u00e4\u00e4stik, ilmateade, \u00e4ratus, stopper ja palju muud, mis lihtsustavad teie elu.<\/p>\n<p>\n<img decoding=\"async\" border=\"0\" src=\"https:\/\/assets.innpro.pl\/12240\/14533\/10.jpg\"\/>\n<\/p>\n<h3>Vastupidav aku ja muud funktsioonid<\/h3>\n<p>N\u00fc\u00fcdsest saate nautida pikki p\u00e4evi usaldusv\u00e4\u00e4rse nutikella t\u00f6\u00f6ga. Seade on varustatud 300 mAh akuga, mis pakub kuni 12 p\u00e4eva t\u00f6\u00f6aega (7 p\u00e4eva intensiivse kasutamise korral). T\u00e4nu magnetilisele laadimisele saate selle energiat h\u00f5lpsalt ja mugavalt uuendada. See on kerge, kaaludes vaid 55,5 grammi, ja selle stiilne disain sobib ideaalselt iga stiiliga. Nutikell \u00fchildub Android 8.0 ja uuemate versioonidega ning iOS 13.0 ja uuemate versioonidega, mis t\u00e4hendab, et see t\u00f6\u00f6tab enamiku t\u00e4nap\u00e4evaste telefonidega.<\/p>\n<p>\n<img decoding=\"async\" border=\"0\" src=\"https:\/\/assets.innpro.pl\/12240\/14533\/3.jpg\"\/>\n<\/p>\n<h3>Kaasas<\/h3>\n<ul class=\"list-disc pl-5\">\n<li>nutikell<\/li>\n<li>laadimiskaabel<\/li>\n<li>kasutusjuhend<\/li>\n<\/ul>\n<div class=\"table-wrapper\">\n<p>\u0412\u00a0<\/p>\n<h3><\/h3>\n<table>\n<tbody>\n<tr>\n<th>Tootja<\/th>\n<td>QCY<\/td>\n<\/tr>\n<tr>\n<th>Mudel<\/th>\n<td>GT3 S7<\/td>\n<\/tr>\n<tr>\n<th>V\u00e4rv<\/th>\n<td>h\u00f5bedane<\/td>\n<\/tr>\n<tr>\n<th>M\u00f5\u00f5tmed<\/th>\n<td>46,5 x 12,5 mm<\/td>\n<\/tr>\n<tr>\n<th>Rihma pikkus<\/th>\n<td>22 mm<\/td>\n<\/tr>\n<tr>\n<th>Kaal<\/th>\n<td>Ligikaudu 55,5 g<\/td>\n<\/tr>\n<tr>\n<th>Ekraan<\/th>\n<td>1,43-tolline AMOLED<\/td>\n<\/tr>\n<tr>\n<th>Ekraani eraldusv\u00f5ime<\/th>\n<td>466 x 466<\/td>\n<\/tr>\n<tr>\n<th>PPI<\/th>\n<td>326<\/td>\n<\/tr>\n<tr>\n<th>Sagedus<\/th>\n<td>60 kaadrit sekundis<\/td>\n<\/tr>\n<tr>\n<th>Aku mahtuvus<\/th>\n<td>300 mAh<\/td>\n<\/tr>\n<tr>\n<th>T\u00f6\u00f6re\u017eiim aeg<\/th>\n<td>12 tundi (intensiivse kasutamise korral 7 tundi)<\/td>\n<\/tr>\n<tr>\n<th>Laadimise t\u00fc\u00fcp<\/th>\n<td>magnetiline<\/td>\n<\/tr>\n<tr>\n<th>Andurid<\/th>\n<td>S\u00fcdame l\u00f6\u00f6gisagedus, SpO2, gravitatsioon<\/td>\n<\/tr>\n<tr>\n<th>Veekindlus<\/th>\n<td>3ATM<\/td>\n<\/tr>\n<tr>\n<th>\u00dchilduvad operatsioonis\u00fcsteemid<\/th>\n<td>Android 8.0 ja uuemad, iOS 13.0 ja uuemad<\/td>\n<\/tr>\n<\/tbody>\n<\/table>\n<\/div>\n","protected":false},"excerpt":{"rendered":"<p>Nutikell S7 (h\u00f5bedane) S7 nutikell on elegantsi, funktsionaalsuse ja t\u00e4iustatud tehnoloogia kombinatsioon. Olenemata sellest, kas vajate treeningpartnerit, tervise j\u00e4lgimise t\u00f6\u00f6riista v\u00f5i nutikat abilist igap\u00e4evaeluks, S7 vastab k\u00f5igile neile ootustele. Valige oma stiil, kasutage \u00e4ra arvukalt funktsioone ja nautige v\u00f5imalusterohket elu. Erakordne AMOLED-ekraan S7 nutikell pakub muljetavaldavat 1,43-tollist AMOLED-ekraani, mille eraldusv\u00f5ime on 466 x 466 ja [&#8230;]\n","protected":false},"featured_media":28774,"comment_status":"open","ping_status":"closed","template":"","meta":[],"product_brand":[396],"product_cat":[984],"product_tag":[],"class_list":{"0":"post-28773","1":"product","2":"type-product","3":"status-publish","4":"has-post-thumbnail","6":"product_brand-qcy","7":"product_cat-smartwatches-smartwatches","9":"first","10":"outofstock","11":"taxable","12":"shipping-taxable","13":"purchasable","14":"product-type-simple"},"aioseo_notices":[],"_links":{"self":[{"href":"https:\/\/asura.lv\/et\/wp-json\/wp\/v2\/product\/28773","targetHints":{"allow":["GET"]}}],"collection":[{"href":"https:\/\/asura.lv\/et\/wp-json\/wp\/v2\/product"}],"about":[{"href":"https:\/\/asura.lv\/et\/wp-json\/wp\/v2\/types\/product"}],"replies":[{"embeddable":true,"href":"https:\/\/asura.lv\/et\/wp-json\/wp\/v2\/comments?post=28773"}],"wp:featuredmedia":[{"embeddable":true,"href":"https:\/\/asura.lv\/et\/wp-json\/wp\/v2\/media\/28774"}],"wp:attachment":[{"href":"https:\/\/asura.lv\/et\/wp-json\/wp\/v2\/media?parent=28773"}],"wp:term":[{"taxonomy":"product_brand","embeddable":true,"href":"https:\/\/asura.lv\/et\/wp-json\/wp\/v2\/product_brand?post=28773"},{"taxonomy":"product_cat","embeddable":true,"href":"https:\/\/asura.lv\/et\/wp-json\/wp\/v2\/product_cat?post=28773"},{"taxonomy":"product_tag","embeddable":true,"href":"https:\/\/asura.lv\/et\/wp-json\/wp\/v2\/product_tag?post=28773"}],"curies":[{"name":"wp","href":"https:\/\/api.w.org\/{rel}","templated":true}]}}