{"id":28797,"date":"2025-11-28T23:09:59","date_gmt":"2025-11-28T23:09:59","guid":{"rendered":"https:\/\/asura.lv\/product\/carlinkit-air-x1-carplay-android-auto-wireless-adapter\/"},"modified":"2025-12-12T15:15:56","modified_gmt":"2025-12-12T13:15:56","slug":"carlinkit-air-x1-carplay-android-auto-wireless-adapter","status":"publish","type":"product","link":"https:\/\/asura.lv\/et\/toode\/carlinkit-air-x1-carplay-android-auto-wireless-adapter\/","title":{"rendered":"Carlinkit AIR X1 Carplay\/Android Auto juhtmevaba adapter"},"content":{"rendered":"<h3>Carlinkit AIR X1 Carplay\/Android Auto juhtmevaba adapter<\/h3>\n<p>Carlinkit AIR X1 on tipptasemel juhtmevaba adapter, mis viib CarPlay ja Android Auto kasutamise j\u00e4rgmisele tasemele. T\u00e4iustatud tehnoloogiatega, nagu kahekanaliline signaali vahetamine ja t\u00e4iustatud rakenduste s\u00fcnkroonimisfunktsioonid, tagab see sujuva ja usaldusv\u00e4\u00e4rse t\u00f6\u00f6. Laske oma igap\u00e4evastel reisidel muutuda mugavamaks ja turvalisemaks.<\/p>\n<p>\n<img decoding=\"async\" alt=\"\" border=\"0\" src=\"https:\/\/assets.innpro.pl\/12026\/14258\/7.jpg\"\/>\n<\/p>\n<h3>Stabiilne ja kiire juhtmevaba \u00fchendus<\/h3>\n<p>Carlinkit AIR X1 kasutab t\u00e4iustatud 2,4 GHz + 5,8 GHz juhtmevaba moodulit, mis minimeerib latentsust ja hoiab \u00e4ra h\u00e4ired. Olenemata piirkonnast v\u00f5i tingimustest j\u00e4\u00e4b \u00fchendus stabiilseks ja usaldusv\u00e4\u00e4rseks, v\u00e4listades katkestuste ohu. Kiire ja juhtmevaba CarPlay ning Android Auto funktsioon v\u00f5imaldavad kohest s\u00fcnkroonimist telefoniga, mis t\u00e4hendab t\u00e4ielikku kontrolli navigeerimise, muusika, k\u00f5nede ja rakenduste \u00fcle \u2013 k\u00f5ik autoekraanilt.<\/p>\n<p>\n<img decoding=\"async\" alt=\"\" border=\"0\" src=\"https:\/\/assets.innpro.pl\/12026\/14258\/3.jpg\"\/>\n<\/p>\n<h3>T\u00e4iustatud tehnoloogia ja v\u00e4ike energiatarve<\/h3>\n<p>Adapter on varustatud tipptasemel autot\u00f6\u00f6stusele m\u00f5eldud kiibiga, mis tagab suure j\u00f5udluse ja v\u00e4ikese energiatarbimise. Tippmudelilt CPC200-2AIR tuntud tehnoloogia kasutamine tagab stabiilse ja sujuva t\u00f6\u00f6 igas olukorras. Optimeeritud energiahaldusega tekitab seade v\u00e4hem soojust ja parem temperatuuri hajumine soodustab pikaajalist ja usaldusv\u00e4\u00e4rset t\u00f6\u00f6d. Kiip vastab autot\u00f6\u00f6stuses kasutatavatele rangetele ohutus- ja t\u00f6\u00f6kindluse standarditele, mist\u00f5ttu on adapter suurep\u00e4rane valik pikkadeks reisideks, tagades mugavuse ja t\u00f6\u00f6kindluse k\u00f5rgeimal tasemel.<\/p>\n<p>\n<img decoding=\"async\" alt=\"\" border=\"0\" src=\"https:\/\/assets.innpro.pl\/12026\/14258\/4 \u0412\u201d kopija.jpg\"\/>\n<\/p>\n<h3>Intuitiivne kasutamine ja t\u00e4ielik \u00fchilduvus<\/h3>\n<p>Carlinkit AIR X1 adapteri \u00fchendamine on lapsem\u00e4ng. Lihtsalt sisestage see auto USB-porti, k\u00e4ivitage ekraanil CarPlay v\u00f5i Android Auto ja seej\u00e4rel siduge seade oma telefoniga Bluetoothi \u200b\u200bkaudu. Adapter tunneb automaatselt \u00e4ra teie s\u00f5iduki algsed omadused, nii et te ei pea oma harjumusi rooli taga muutma \u2013 saate seda juhtida rooli nuppude, puutetundliku ekraani v\u00f5i p\u00f6\u00f6rdnupu abil.<\/p>\n<p>\n<img decoding=\"async\" alt=\"\" border=\"0\" src=\"https:\/\/assets.innpro.pl\/12026\/14258\/6 \u2014 koopia.jpg\"\/>\n<\/p>\n<h3>T\u00e4iustatud funktsionaalsus ja veebiv\u00e4rskendused<\/h3>\n<p>Carlinkit AIR X1 mitte ainult ei s\u00e4ilita originaals\u00fcsteemi funktsioone, vaid v\u00f5imaldab teil alla laadida ka t\u00e4iendavaid CarPlay ja Android Autoga \u00fchilduvaid rakendusi. Nautige juurdep\u00e4\u00e4su veebip\u00f5hisele navigeerimisele, muusikale, k\u00f5nedele v\u00f5i h\u00e4\u00e4lassistendile. Lisaks toetab adapter kaugv\u00e4rskendusi \u2013 tarkvara h\u00f5lpsaks v\u00e4rskendamiseks avage lihtsalt telefoni brauseris m\u00e4\u00e4ratud aadress.<\/p>\n<p>\n<img decoding=\"async\" alt=\"\" border=\"0\" src=\"https:\/\/assets.innpro.pl\/12026\/14258\/1.jpg\"\/>\n<\/p>\n<div class=\"table-wrapper\">\n<p>\u0412\u00a0<\/p>\n<h3><\/h3>\n<table>\n<tbody>\n<tr>\n<th>Tootja<\/th>\n<td>Carlinkit<\/td>\n<\/tr>\n<tr>\n<th>Mudel<\/th>\n<td>AIR X1<\/td>\n<\/tr>\n<tr>\n<th>Valmistamismaterjal<\/th>\n<td>ABS, PC<\/td>\n<\/tr>\n<tr>\n<th>Protsessor<\/th>\n<td>AM3352BZCZD80<\/td>\n<\/tr>\n<tr>\n<th>Wi-Fi<\/th>\n<td>2.4GHz + 5,8 GHz<\/td>\n<\/tr>\n<tr>\n<th>Kaal<\/th>\n<td>64 g<\/td>\n<\/tr>\n<tr>\n<th>\u00dchilduvad telefonid<\/th>\n<td>iPhone 6 ja uuemad (iOS 10 v\u00f5i uuem), telefonid, millel on Android 11.0 ja uuemad<\/td>\n<\/tr>\n<tr>\n<th>\u00dchilduvad autod<\/th>\n<td>Tehase\u00fchendusega CarPlay v\u00f5i Android Autoga mudelid<\/td>\n<\/tr>\n<tr>\n<th>\u00dchendusv\u00f5imalus<\/th>\n<td>USB-A-pistik<\/td>\n<\/tr>\n<tr>\n<th>M\u00f5\u00f5tmed<\/th>\n<td>70,14 x 31,07 x 25,05 mm<\/td>\n<\/tr>\n<\/tbody>\n<\/table>\n<\/div>\n","protected":false},"excerpt":{"rendered":"<p>Carlinkit AIR X1 Carplay\/Android Auto juhtmevaba adapter Carlinkit AIR X1 on tipptasemel juhtmevaba adapter, mis viib CarPlay ja Android Auto kasutamise j\u00e4rgmisele tasemele. T\u00e4iustatud tehnoloogiatega, nagu kahekanaliline signaali vahetamine ja t\u00e4iustatud rakenduste s\u00fcnkroonimisfunktsioonid, tagab see sujuva ja usaldusv\u00e4\u00e4rse t\u00f6\u00f6. Laske oma igap\u00e4evastel reisidel muutuda mugavamaks ja turvalisemaks. Stabiilne ja kiire juhtmevaba \u00fchendus Carlinkit AIR X1 [&#8230;]\n","protected":false},"featured_media":28798,"comment_status":"open","ping_status":"closed","template":"","meta":[],"product_brand":[521],"product_cat":[996],"product_tag":[],"class_list":{"0":"post-28797","1":"product","2":"type-product","3":"status-publish","4":"has-post-thumbnail","6":"product_brand-carlinkit","7":"product_cat-android-auto-wireless-adapters","9":"first","10":"outofstock","11":"taxable","12":"shipping-taxable","13":"purchasable","14":"product-type-simple"},"aioseo_notices":[],"_links":{"self":[{"href":"https:\/\/asura.lv\/et\/wp-json\/wp\/v2\/product\/28797","targetHints":{"allow":["GET"]}}],"collection":[{"href":"https:\/\/asura.lv\/et\/wp-json\/wp\/v2\/product"}],"about":[{"href":"https:\/\/asura.lv\/et\/wp-json\/wp\/v2\/types\/product"}],"replies":[{"embeddable":true,"href":"https:\/\/asura.lv\/et\/wp-json\/wp\/v2\/comments?post=28797"}],"wp:featuredmedia":[{"embeddable":true,"href":"https:\/\/asura.lv\/et\/wp-json\/wp\/v2\/media\/28798"}],"wp:attachment":[{"href":"https:\/\/asura.lv\/et\/wp-json\/wp\/v2\/media?parent=28797"}],"wp:term":[{"taxonomy":"product_brand","embeddable":true,"href":"https:\/\/asura.lv\/et\/wp-json\/wp\/v2\/product_brand?post=28797"},{"taxonomy":"product_cat","embeddable":true,"href":"https:\/\/asura.lv\/et\/wp-json\/wp\/v2\/product_cat?post=28797"},{"taxonomy":"product_tag","embeddable":true,"href":"https:\/\/asura.lv\/et\/wp-json\/wp\/v2\/product_tag?post=28797"}],"curies":[{"name":"wp","href":"https:\/\/api.w.org\/{rel}","templated":true}]}}