{"id":28857,"date":"2025-11-28T23:09:55","date_gmt":"2025-11-28T23:09:55","guid":{"rendered":"https:\/\/asura.lv\/product\/zosi-4mp-hd-355%d0%b2-electronic-camera-nanny\/"},"modified":"2025-12-12T15:15:52","modified_gmt":"2025-12-12T13:15:52","slug":"zosi-4mp-hd-355%d0%b2-electronic-camera-nanny","status":"publish","type":"product","link":"https:\/\/asura.lv\/et\/toode\/zosi-4mp-hd-355%d0%b2-electronic-camera-nanny\/","title":{"rendered":"ZOSI 4MP HD 355\u00b0 elektrooniline kaamera\/lapsehoidja"},"content":{"rendered":"<h3>Kaamera\/elektrooniline lapsehoidja ZOSI 4MP HD 355\u00b0<\/h3>\n<p>ZOSI C516 elektrooniline lapsehoidja on t\u00e4iustatud seade, mis \u00fchendab beebiohutuse nutikate j\u00e4lgimisfunktsioonidega. 2,5K Super HD eraldusv\u00f5ime ja 940 nm IR-tehnoloogiaga tagab kaamera selge pildi ilma n\u00e4htava infrapunavalguseta, mis ei h\u00e4iri beebi und. Lisaks tuvastab lapsehoidja beebi nutu ja saadab automaatselt telefoni teate. V\u00e4ikelapse rahustamiseks eemalt on saadaval ka kahesuunaline suhtlusfunktsioon.<\/p>\n<p>\n<img decoding=\"async\" border=\"0\" src=\"https:\/\/assets.innpro.pl\/11804\/13975\/9.jpg\"\/>\n<\/p>\n<h3>Objektide j\u00e4lgimine<\/h3>\n<p>Objektide j\u00e4lgimise funktsioon paneb kaamera automaatselt beebi liikumist j\u00e4lgima, reguleerides kaameranurka. See v\u00f5imaldab kaameral pakkuda igak\u00fclgset j\u00e4lgimist ja sobib ideaalselt aktiivsete v\u00e4ikelaste j\u00e4lgimiseks. Lisaks v\u00f5imaldab BabySafe Zone funktsioon seadistada virtuaalse tehisintellektiga ala, mis saadab hoiatusi, kui laps lahkub ohutustsoonist.<\/p>\n<p>\n<img decoding=\"async\" border=\"0\" src=\"https:\/\/assets.innpro.pl\/11804\/13975\/3.jpg\"\/>\n<\/p>\n<h3>Lisav\u00f5imalused<\/h3>\n<p>Kaamera pakub intelligentset temperatuuri ja niiskuse j\u00e4lgimist, andes reaalajas teavet beebi toas valitsevate olude kohta, et tagada optimaalne unekeskkond. Lisaks aitab rahustava muusika m\u00e4ngimise v\u00f5imalus v\u00e4ikelast rahustada. Samuti on saadaval kahesuunaline suhtlusfunktsioon.<\/p>\n<p>\n<img decoding=\"async\" border=\"0\" src=\"https:\/\/assets.innpro.pl\/11804\/13975\/6.jpg\"\/>\n<\/p>\n<h3>Kaasas<\/h3>\n<ul class=\"list-disc pl-5\">\n<li>kaamera<\/li>\n<li>USB-A\u2013USB-C kaabel<\/li>\n<li>toiteadapter<\/li>\n<li>kasutusjuhend<\/li>\n<\/ul>\n<div class=\"table-wrapper\">\n<p>\u0412\u00a0<\/p>\n<h3><\/h3>\n<table>\n<tbody>\n<tr>\n<th>Tootja<\/th>\n<td>ZOSI<\/td>\n<\/tr>\n<tr>\n<th>Mudel<\/th>\n<td>C516<\/td>\n<\/tr>\n<tr>\n<th>V\u00e4rv<\/th>\n<td>valge ja kollane<\/td>\n<\/tr>\n<tr>\n<th>Resolutsioon<\/th>\n<td>2.5K HD<\/td>\n<\/tr>\n<tr>\n<th>Pildi kvaliteet \u00f6\u00f6sel<\/th>\n<td>940 nm<\/td>\n<\/tr>\n<tr>\n<th>M\u00f5\u00f5tmed<\/th>\n<td>152 x 90 mm<\/td>\n<\/tr>\n<tr>\n<th>P\u00f6\u00f6rdeulatus<\/th>\n<td>vertikaalne: 60\u00b0, horisontaalne: 355\u00b0<\/td>\n<\/tr>\n<tr>\n<th>Kahesuunaline side<\/th>\n<td>jah<\/td>\n<\/tr>\n<tr>\n<th>Temperatuuri- ja niiskusandur<\/th>\n<td>jah<\/td>\n<\/tr>\n<tr>\n<th>Nutmistuvastus<\/th>\n<td>jah<\/td>\n<\/tr>\n<tr>\n<th>Rakendus<\/th>\n<td>ZOSI Smart<\/td>\n<\/tr>\n<tr>\n<th>M\u00e4lu<\/th>\n<td>microSD-kaardi pesa<\/td>\n<\/tr>\n<tr>\n<th>Laadimine port<\/th>\n<td>USB-C<\/td>\n<\/tr>\n<\/tbody>\n<\/table>\n<\/div>\n","protected":false},"excerpt":{"rendered":"<p>Kaamera\/elektrooniline lapsehoidja ZOSI 4MP HD 355\u00b0 ZOSI C516 elektrooniline lapsehoidja on t\u00e4iustatud seade, mis \u00fchendab beebiohutuse nutikate j\u00e4lgimisfunktsioonidega. 2,5K Super HD eraldusv\u00f5ime ja 940 nm IR-tehnoloogiaga tagab kaamera selge pildi ilma n\u00e4htava infrapunavalguseta, mis ei h\u00e4iri beebi und. Lisaks tuvastab lapsehoidja beebi nutu ja saadab automaatselt telefoni teate. V\u00e4ikelapse rahustamiseks eemalt on saadaval ka kahesuunaline [&#8230;]\n","protected":false},"featured_media":28858,"comment_status":"open","ping_status":"closed","template":"","meta":[],"product_brand":[623],"product_cat":[1665],"product_tag":[],"class_list":{"0":"post-28857","1":"product","2":"type-product","3":"status-publish","4":"has-post-thumbnail","6":"product_brand-zosi","7":"product_cat-electronic-nannies","9":"first","10":"outofstock","11":"taxable","12":"shipping-taxable","13":"purchasable","14":"product-type-simple"},"aioseo_notices":[],"_links":{"self":[{"href":"https:\/\/asura.lv\/et\/wp-json\/wp\/v2\/product\/28857","targetHints":{"allow":["GET"]}}],"collection":[{"href":"https:\/\/asura.lv\/et\/wp-json\/wp\/v2\/product"}],"about":[{"href":"https:\/\/asura.lv\/et\/wp-json\/wp\/v2\/types\/product"}],"replies":[{"embeddable":true,"href":"https:\/\/asura.lv\/et\/wp-json\/wp\/v2\/comments?post=28857"}],"wp:featuredmedia":[{"embeddable":true,"href":"https:\/\/asura.lv\/et\/wp-json\/wp\/v2\/media\/28858"}],"wp:attachment":[{"href":"https:\/\/asura.lv\/et\/wp-json\/wp\/v2\/media?parent=28857"}],"wp:term":[{"taxonomy":"product_brand","embeddable":true,"href":"https:\/\/asura.lv\/et\/wp-json\/wp\/v2\/product_brand?post=28857"},{"taxonomy":"product_cat","embeddable":true,"href":"https:\/\/asura.lv\/et\/wp-json\/wp\/v2\/product_cat?post=28857"},{"taxonomy":"product_tag","embeddable":true,"href":"https:\/\/asura.lv\/et\/wp-json\/wp\/v2\/product_tag?post=28857"}],"curies":[{"name":"wp","href":"https:\/\/api.w.org\/{rel}","templated":true}]}}