{"id":28875,"date":"2025-11-28T23:09:53","date_gmt":"2025-11-28T23:09:53","guid":{"rendered":"https:\/\/asura.lv\/product\/torras-guardian-magnetic-series-phone-case-for-samsung-s25-transparent\/"},"modified":"2025-12-12T15:15:49","modified_gmt":"2025-12-12T13:15:49","slug":"torras-guardian-magnetic-series-phone-case-for-samsung-s25-transparent","status":"publish","type":"product","link":"https:\/\/asura.lv\/et\/toode\/torras-guardian-magnetic-series-phone-case-for-samsung-s25-transparent\/","title":{"rendered":"Torras Guardian Magnetic Series telefoni\u00fcmbris Samsung S25-le (l\u00e4bipaistev)"},"content":{"rendered":"<h3>Torras Guardian Magnetic Series telefoni\u00fcmbris Samsung S25-le (l\u00e4bipaistev)<\/h3>\n<p>Torras Guardian-Mag \u00fcmbris pakub laialdast \u00fchilduvust magnetiliste tarvikutega ja garanteerib teie telefoni turvalisuse igas olukorras. See kasutab ka tipptasemel magneteid, mis v\u00f5imaldavad kiiret juhtmevaba laadimist.<\/p>\n<p>\n<img decoding=\"async\" alt=\"\" border=\"0\" src=\"https:\/\/assets.innpro.pl\/12580\/15075\/1.jpg\"\/>\n<\/p>\n<h3>Usaldusv\u00e4\u00e4rne kaitse<\/h3>\n<p>Kolmekordne turvapadjas\u00fcsteem pakub kaitset kukkumiste ja l\u00f6\u00f6kide eest. Tugevdatud servad ja nurgad omakorda neelavad t\u00f5husalt l\u00f6\u00f6ke, minimeerides kahjustuste ohtu. S\u00f5jav\u00e4estandarditele vastava kaitsega ei pea te oma nutitelefoni turvalisuse p\u00e4rast muretsema.<\/p>\n<p>\n<img decoding=\"async\" alt=\"\" border=\"0\" src=\"https:\/\/assets.innpro.pl\/12580\/15075\/2.jpg\"\/>\n<\/p>\n<h3>Tugevad magnetid<\/h3>\n<p>Sisseehitatud magnetid v\u00f5imaldavad stabiilset kinnitust autohoidikutele, rahakottidele v\u00f5i MagSafe&#8217;i alustele, lisades mugavust teie igap\u00e4evasele telefoni kasutamisele \u2013 nii liikvel olles kui ka kodus.<\/p>\n<p>\n<img decoding=\"async\" alt=\"\" border=\"0\" src=\"https:\/\/assets.innpro.pl\/12580\/15075\/3.jpg\"\/>\n<\/p>\n<h3>Rafineeritud disain<\/h3>\n<p>\u00dcmbrise minimalistlik ja elegantne disain sulandub ideaalselt nutitelefoniga, r\u00f5hutades selle visuaalseid omadusi. T\u00e4psed nuppude v\u00e4ljal\u00f5iked v\u00f5imaldavad seadme sujuvat kasutamist. Nagu n\u00e4ete \u2013 iga detaili eest on hoolt kantud!<\/p>\n<p>\n<img decoding=\"async\" alt=\"\" border=\"0\" src=\"https:\/\/assets.innpro.pl\/12580\/15075\/4.jpg\"\/>\n<\/p>\n<div class=\"table-wrapper\">\n<p>\u0412\u00a0<\/p>\n<h3><\/h3>\n<table>\n<tbody>\n<tr>\n<th>Tootja<\/th>\n<td>Torras<\/td>\n<\/tr>\n<tr>\n<th>Mudel<\/th>\n<td>Guardian-Mag<\/td>\n<\/tr>\n<tr>\n<th>\u00dchilduvus<\/th>\n<td>Samsung S25<\/td>\n<\/tr>\n<tr>\n<th>V\u00e4rv<\/th>\n<td>L\u00e4bipaistev<\/td>\n<\/tr>\n<\/tbody>\n<\/table>\n<\/div>\n","protected":false},"excerpt":{"rendered":"<p>Torras Guardian Magnetic Series telefoni\u00fcmbris Samsung S25-le (l\u00e4bipaistev) Torras Guardian-Mag \u00fcmbris pakub laialdast \u00fchilduvust magnetiliste tarvikutega ja garanteerib teie telefoni turvalisuse igas olukorras. See kasutab ka tipptasemel magneteid, mis v\u00f5imaldavad kiiret juhtmevaba laadimist. Usaldusv\u00e4\u00e4rne kaitse Kolmekordne turvapadjas\u00fcsteem pakub kaitset kukkumiste ja l\u00f6\u00f6kide eest. Tugevdatud servad ja nurgad omakorda neelavad t\u00f5husalt l\u00f6\u00f6ke, minimeerides kahjustuste ohtu. S\u00f5jav\u00e4estandarditele [&#8230;]\n","protected":false},"featured_media":28876,"comment_status":"open","ping_status":"closed","template":"","meta":[],"product_brand":[538],"product_cat":[1248],"product_tag":[],"class_list":{"0":"post-28875","1":"product","2":"type-product","3":"status-publish","4":"has-post-thumbnail","6":"product_brand-torras","7":"product_cat-protective-cases-for-smartphones-cases-gsm-accessories","9":"first","10":"outofstock","11":"taxable","12":"shipping-taxable","13":"purchasable","14":"product-type-simple"},"aioseo_notices":[],"_links":{"self":[{"href":"https:\/\/asura.lv\/et\/wp-json\/wp\/v2\/product\/28875","targetHints":{"allow":["GET"]}}],"collection":[{"href":"https:\/\/asura.lv\/et\/wp-json\/wp\/v2\/product"}],"about":[{"href":"https:\/\/asura.lv\/et\/wp-json\/wp\/v2\/types\/product"}],"replies":[{"embeddable":true,"href":"https:\/\/asura.lv\/et\/wp-json\/wp\/v2\/comments?post=28875"}],"wp:featuredmedia":[{"embeddable":true,"href":"https:\/\/asura.lv\/et\/wp-json\/wp\/v2\/media\/28876"}],"wp:attachment":[{"href":"https:\/\/asura.lv\/et\/wp-json\/wp\/v2\/media?parent=28875"}],"wp:term":[{"taxonomy":"product_brand","embeddable":true,"href":"https:\/\/asura.lv\/et\/wp-json\/wp\/v2\/product_brand?post=28875"},{"taxonomy":"product_cat","embeddable":true,"href":"https:\/\/asura.lv\/et\/wp-json\/wp\/v2\/product_cat?post=28875"},{"taxonomy":"product_tag","embeddable":true,"href":"https:\/\/asura.lv\/et\/wp-json\/wp\/v2\/product_tag?post=28875"}],"curies":[{"name":"wp","href":"https:\/\/api.w.org\/{rel}","templated":true}]}}