{"id":28935,"date":"2025-11-28T23:09:46","date_gmt":"2025-11-28T23:09:46","guid":{"rendered":"https:\/\/asura.lv\/product\/noise-pure-pods-tws-headphones-black\/"},"modified":"2025-12-12T15:15:43","modified_gmt":"2025-12-12T13:15:43","slug":"noise-pure-pods-tws-headphones-black","status":"publish","type":"product","link":"https:\/\/asura.lv\/et\/toode\/noise-pure-pods-tws-headphones-black\/","title":{"rendered":"Noise Pure Pods TWS k\u00f5rvaklapid (mustad)"},"content":{"rendered":"<h3>Noise Pure Pods TWS k\u00f5rvaklapid (mustad)<\/h3>\n<p>Noise Pure Pods on juhtmevabad k\u00f5rvaklapid AirWave\u2122 tehnoloogiaga, mis tagab kristallselge heli ja suurep\u00e4rase kandmismugavuse. Varustatud nelja ENC-toega mikrofoniga, pakuvad need selgeid k\u00f5nesid ja nende eemaldatav peapael pakub paindlikku kasutamist. 80-tunnise t\u00f6\u00f6aja ja IPX5 veekindlusega sobivad need ideaalselt terveks p\u00e4evaks \u2013 olenemata tingimustest.<\/p>\n<p>\n<img decoding=\"async\" border=\"0\" src=\"https:\/\/assets.innpro.pl\/11852\/14023\/4.jpg\"\/>\n<\/p>\n<h3>Mugavus teie tingimustel<\/h3>\n<p>Pure Pods kohanduvad teie vajaduste ja elustiiliga! K\u00f5rvaklappidel on v\u00f5imalus k\u00f5rvakonksud eemaldada ja need kaelapaelaga asendada, mis v\u00f5imaldab teil neid kasutada eraldi juhtmevabade k\u00f5rvaklappidena v\u00f5i spordik\u00f5rvaklappidena mugava kaelapaelaga, mis minimeerib k\u00f5rvaklappide kaotamise ohtu n\u00e4iteks intensiivse treeningu ajal. Kuulake muusikat oma&#8230; omad tingimused!<\/p>\n<p>\n<img decoding=\"async\" border=\"0\" src=\"https:\/\/assets.innpro.pl\/11852\/14023\/9.jpg\"\/>\n<\/p>\n<h3>Moonutusteta vestlused<\/h3>\n<p>T\u00e4nu nelja mikrofoni tehnoloogiale koos ENC-ga (keskkonnam\u00fcra summutamine) on iga vestlus selge isegi l\u00e4rmakas keskkonnas. Neli mikrofoni v\u00e4hendavad taustam\u00fcra, nii et helistaja kuuleb teie h\u00e4\u00e4lt ilma segajateta.<\/p>\n<p>\n<img decoding=\"async\" border=\"0\" src=\"https:\/\/assets.innpro.pl\/11852\/14023\/7.jpg\"\/>\n<\/p>\n<h3>Heli, mis kestab<\/h3>\n<p>Saate kuni 80 tundi taasesitust \u00fche laadimisega! Laadimis\u00fcmbrise ja Instacharge\u2122 funktsiooniga kulub 180 minutiks muusika nautimiseks vaid 10 minutit laadimist. See on ideaalne neile, kes hindavad oma k\u00f5rvaklappide pikka ja katkematut kasutamist. seadmed.<\/p>\n<p>\n<img decoding=\"async\" border=\"0\" src=\"https:\/\/assets.innpro.pl\/11852\/14023\/6.jpg\"\/>\n<\/p>\n<h3>\u00dcletamatu AirWave\u2122 tehnoloogia<\/h3>\n<p>AirWave\u2122 \u00f5hujuhtivustehnoloogiaga kogete rikkalikku heli, olles t\u00e4ielikult teadlik oma \u00fcmbrusest. Pure Podid on ideaalne kombinatsioon t\u00e4iuslikust helikvaliteedist ja ohutust kasutamisest.<\/p>\n<p>\n<img decoding=\"async\" border=\"0\" src=\"https:\/\/assets.innpro.pl\/11852\/14023\/8.jpg\"\/>\n<\/p>\n<h3>Ergonoomiline disain ja veekindlus<\/h3>\n<p>OWS (Open Wear Style) ergonoomiline disain muudab need mugavaks kogu p\u00e4evaks ja IPX5 reitinguga veekindlus kaitseb k\u00f5rvaklappe higi ja vihma eest. Saate neid kasutada treeningute v\u00f5i igap\u00e4evaste tegevuste ajal, muretsemata kahjustus.<\/p>\n<p>\n<img decoding=\"async\" border=\"0\" src=\"https:\/\/assets.innpro.pl\/11852\/14023\/1.jpg\"\/>\n<\/p>\n<h3>Kaasas<\/h3>\n<ul class=\"list-disc pl-5\">\n<li>Noise Pure Pods k\u00f5rvaklapid<\/li>\n<li>Laadimiskarp<\/li>\n<li>Eemaldatav peav\u00f5ru (Pure Band)<\/li>\n<li>Laadimiskaabel<\/li>\n<li>Kasutusjuhend<\/li>\n<\/ul>\n<div class=\"table-wrapper\">\n<p>\u0412\u00a0<\/p>\n<h3><\/h3>\n<table>\n<tbody>\n<tr>\n<th>Tootja<\/th>\n<td>Noise<\/td>\n<\/tr>\n<tr>\n<th>Mudel<\/th>\n<td>Pure Kapslid<\/td>\n<\/tr>\n<tr>\n<th>V\u00e4rv<\/th>\n<td>Must<\/td>\n<\/tr>\n<tr>\n<th>Tehnoloogia<\/th>\n<td>AirWave\u00ae (\u00f5hujuhtivus)<\/td>\n<\/tr>\n<tr>\n<th>Taasesitusaeg<\/th>\n<td>Kuni 80 tundi<\/td>\n<\/tr>\n<tr>\n<th>Kiirlaadimine<\/th>\n<td>Instacharge\u00ae (10 min = 180 min)<\/td>\n<\/tr>\n<tr>\n<th>Mikrofonid<\/th>\n<td>4 x ENC (m\u00fcra v\u00e4hendamine)<\/td>\n<\/tr>\n<tr>\n<th>Veekindel<\/th>\n<td>IPX5<\/td>\n<\/tr>\n<tr>\n<th>Bluetooth<\/th>\n<td>Versioon 5.3<\/td>\n<\/tr>\n<tr>\n<th>Disain<\/th>\n<td>Ergonoomiline OWS-disain<\/td>\n<\/tr>\n<tr>\n<th>Lisafunktsioonid<\/th>\n<td>Eemaldatav peapael<\/td>\n<\/tr>\n<\/tbody>\n<\/table>\n<\/div>\n","protected":false},"excerpt":{"rendered":"<p>Noise Pure Pods TWS k\u00f5rvaklapid (mustad) Noise Pure Pods on juhtmevabad k\u00f5rvaklapid AirWave\u2122 tehnoloogiaga, mis tagab kristallselge heli ja suurep\u00e4rase kandmismugavuse. Varustatud nelja ENC-toega mikrofoniga, pakuvad need selgeid k\u00f5nesid ja nende eemaldatav peapael pakub paindlikku kasutamist. 80-tunnise t\u00f6\u00f6aja ja IPX5 veekindlusega sobivad need ideaalselt terveks p\u00e4evaks \u2013 olenemata tingimustest. Mugavus teie tingimustel Pure Pods kohanduvad [&#8230;]\n","protected":false},"featured_media":28936,"comment_status":"open","ping_status":"closed","template":"","meta":[],"product_brand":[717],"product_cat":[954],"product_tag":[],"class_list":{"0":"post-28935","1":"product","2":"type-product","3":"status-publish","4":"has-post-thumbnail","6":"product_brand-noise","7":"product_cat-tws","9":"first","10":"outofstock","11":"taxable","12":"shipping-taxable","13":"purchasable","14":"product-type-simple"},"aioseo_notices":[],"_links":{"self":[{"href":"https:\/\/asura.lv\/et\/wp-json\/wp\/v2\/product\/28935","targetHints":{"allow":["GET"]}}],"collection":[{"href":"https:\/\/asura.lv\/et\/wp-json\/wp\/v2\/product"}],"about":[{"href":"https:\/\/asura.lv\/et\/wp-json\/wp\/v2\/types\/product"}],"replies":[{"embeddable":true,"href":"https:\/\/asura.lv\/et\/wp-json\/wp\/v2\/comments?post=28935"}],"wp:featuredmedia":[{"embeddable":true,"href":"https:\/\/asura.lv\/et\/wp-json\/wp\/v2\/media\/28936"}],"wp:attachment":[{"href":"https:\/\/asura.lv\/et\/wp-json\/wp\/v2\/media?parent=28935"}],"wp:term":[{"taxonomy":"product_brand","embeddable":true,"href":"https:\/\/asura.lv\/et\/wp-json\/wp\/v2\/product_brand?post=28935"},{"taxonomy":"product_cat","embeddable":true,"href":"https:\/\/asura.lv\/et\/wp-json\/wp\/v2\/product_cat?post=28935"},{"taxonomy":"product_tag","embeddable":true,"href":"https:\/\/asura.lv\/et\/wp-json\/wp\/v2\/product_tag?post=28935"}],"curies":[{"name":"wp","href":"https:\/\/api.w.org\/{rel}","templated":true}]}}