{"id":28959,"date":"2025-11-28T23:09:44","date_gmt":"2025-11-28T23:09:44","guid":{"rendered":"https:\/\/asura.lv\/product\/noise-aura-buds-tws-headphones-black\/"},"modified":"2025-12-12T15:15:40","modified_gmt":"2025-12-12T13:15:40","slug":"noise-aura-buds-tws-headphones-black","status":"publish","type":"product","link":"https:\/\/asura.lv\/et\/toode\/noise-aura-buds-tws-headphones-black\/","title":{"rendered":"Noise Aura Buds TWS k\u00f5rvaklapid (mustad)"},"content":{"rendered":"<h3>Noise Aura Buds TWS k\u00f5rvaklapid (mustad)<\/h3>\n<p>Noise Aura Buds TWS on tipptasemel juhtmevabad k\u00f5rvaklapid, mis \u00fchendavad endas elegantse disaini ja t\u00e4iustatud helitehnoloogia. 12-millimeetriste pol\u00fcmeerdraiveritega pakuvad need tasakaalustatud ja s\u00fcgavat heli. Maksimaalse taasesitusajaga kuni 60 tundi ja kiirlaadimisfunktsiooniga Instacharge\u2122 on need valmis muusika ja k\u00f5nedega t\u00e4idetud p\u00e4evaks.<\/p>\n<p>\n<img decoding=\"async\" border=\"0\" src=\"https:\/\/assets.innpro.pl\/11855\/14026\/7.jpg\"\/>\n<\/p>\n<h3>T\u00e4iuslikult tasakaalustatud heli 12 mm draiveritega<\/h3>\n<p>12-millimeetriste komposiitdraiveritega varustatud Noise Aura Buds pakub rikkalikku ja tasakaalustatud heli. Alates s\u00fcgavast bassist kuni selgete k\u00f5rgeteni k\u00f5lab iga noot t\u00e4pselt nii, nagu peaks.<\/p>\n<p>\n<img decoding=\"async\" border=\"0\" src=\"https:\/\/assets.innpro.pl\/11855\/14026\/4.jpg\"\/>\n<\/p>\n<h3>Moonutusteta vestlused<\/h3>\n<p>Neli ENC (Environmental Noise Cancellation) tehnoloogiaga mikrofoni v\u00f5imaldavad teil pidada kristallselgeid vestlusi k\u00f5rvaldades taustam\u00fcra. Teie vestlused on valjud ja selged, olenemata sellest, kus te neid peate.<\/p>\n<p>\n<img decoding=\"async\" border=\"0\" src=\"https:\/\/assets.innpro.pl\/11855\/14026\/5.jpg\"\/>\n<\/p>\n<h3>Terve p\u00e4ev \u00fche laadimisega<\/h3>\n<p>V\u00f5imsa akuga pakuvad Noise Aura Buds kuni 60 tundi muusika taasesitust. Instacharge\u2122 kiirlaadimise funktsioon tagab 150 minutit kasutusaega vaid 10-minutilise laadimise j\u00e4rel \u2013 ideaalne neile, kes on pidevalt liikvel.<\/p>\n<p>\n<img decoding=\"async\" border=\"0\" src=\"https:\/\/assets.innpro.pl\/11855\/14026\/8.jpg\"\/>\n<\/p>\n<h3>Multitegumt\u00f6\u00f6tlus kahe seadme sidumisega<\/h3>\n<p>Kahe seadme sidumine v\u00f5imaldab teil k\u00f5rvaklapid samaaegselt kahe seadmega \u00fchendada. Liikuge sujuvalt s\u00fclearvutiga t\u00f6\u00f6tamiselt kuulamisele muusikale oma telefonis ilma katkestuste ja probleemideta.<\/p>\n<p>\n<img decoding=\"async\" border=\"0\" src=\"https:\/\/assets.innpro.pl\/11855\/14026\/6.jpg\"\/>\n<\/p>\n<h3>M\u00e4ngi viivituseta<\/h3>\n<p>Madala latentsusega, vaid 50 ms, tagavad Noise Aura Buds k\u00f5rvaklapid heli ja video t\u00e4iusliku s\u00fcnkroniseerimise. Ideaalne m\u00e4nguritele ja filmide vaatajatele \u2013 ilma viivituse v\u00f5i h\u00e4ireteta.<\/p>\n<p>\n<img decoding=\"async\" border=\"0\" src=\"https:\/\/assets.innpro.pl\/11855\/14026\/3.jpg\"\/>\n<\/p>\n<h3>Ilmastikukindlad<\/h3>\n<p>IPX5 veekindlusega k\u00f5rvaklapid on higi- ja vihmakindlad. Kasutage neid intensiivse treeningu v\u00f5i vihmase ilmaga jalutusk\u00e4igu ajal, muretsemata kahjustuste p\u00e4rast.<\/p>\n<p>\n<img decoding=\"async\" border=\"0\" src=\"https:\/\/assets.innpro.pl\/11855\/14026\/9.jpg\"\/>\n<\/p>\n<h3>Kaasas<\/h3>\n<ul class=\"list-disc pl-5\">\n<li>Noise Aura Buds k\u00f5rvaklapid<\/li>\n<li>Laadimiskarp<\/li>\n<li>Laadimiskaabel<\/li>\n<li>Vahetusk\u00f5rvaklapid<\/li>\n<li>Kasutusjuhend<\/li>\n<\/ul>\n<div class=\"table-wrapper\">\n<p>\u0412\u00a0<\/p>\n<h3><\/h3>\n<table>\n<tbody>\n<tr>\n<th>Tootja<\/th>\n<td>Noise<\/td>\n<\/tr>\n<tr>\n<th>Mudel<\/th>\n<td>Aura Buds TWS<\/td>\n<\/tr>\n<tr>\n<th>V\u00e4rv<\/th>\n<td>Must<\/td>\n<\/tr>\n<tr>\n<th>Muundurid<\/th>\n<td>12 mm pol\u00fcmeer komposiit<\/td>\n<\/tr>\n<tr>\n<th>Taasesitusaeg<\/th>\n<td>Kuni 60 tundi<\/td>\n<\/tr>\n<tr>\n<th>Kiirlaadimine<\/th>\n<td>Instacharge\u00ae (10 min = 150 min)<\/td>\n<\/tr>\n<tr>\n<th>Mikrofonid<\/th>\n<td>Neljakordne mikrofon ENC-ga<\/td>\n<\/tr>\n<tr>\n<th>Bluetooth<\/th>\n<td>Versioon 5.3<\/td>\n<\/tr>\n<tr>\n<th>Viivitus<\/th>\n<td>Kuni 50 ms<\/td>\n<\/tr>\n<tr>\n<th>Veekindel<\/th>\n<td>IPX5<\/td>\n<\/tr>\n<tr>\n<th>Kahe seadme sidumise funktsioon<\/th>\n<td>Jah<\/td>\n<\/tr>\n<\/tbody>\n<\/table>\n<\/div>\n","protected":false},"excerpt":{"rendered":"<p>Noise Aura Buds TWS k\u00f5rvaklapid (mustad) Noise Aura Buds TWS on tipptasemel juhtmevabad k\u00f5rvaklapid, mis \u00fchendavad endas elegantse disaini ja t\u00e4iustatud helitehnoloogia. 12-millimeetriste pol\u00fcmeerdraiveritega pakuvad need tasakaalustatud ja s\u00fcgavat heli. Maksimaalse taasesitusajaga kuni 60 tundi ja kiirlaadimisfunktsiooniga Instacharge\u2122 on need valmis muusika ja k\u00f5nedega t\u00e4idetud p\u00e4evaks. T\u00e4iuslikult tasakaalustatud heli 12 mm draiveritega 12-millimeetriste komposiitdraiveritega varustatud [&#8230;]\n","protected":false},"featured_media":28960,"comment_status":"open","ping_status":"closed","template":"","meta":[],"product_brand":[717],"product_cat":[954],"product_tag":[],"class_list":{"0":"post-28959","1":"product","2":"type-product","3":"status-publish","4":"has-post-thumbnail","6":"product_brand-noise","7":"product_cat-tws","9":"first","10":"outofstock","11":"taxable","12":"shipping-taxable","13":"purchasable","14":"product-type-simple"},"aioseo_notices":[],"_links":{"self":[{"href":"https:\/\/asura.lv\/et\/wp-json\/wp\/v2\/product\/28959","targetHints":{"allow":["GET"]}}],"collection":[{"href":"https:\/\/asura.lv\/et\/wp-json\/wp\/v2\/product"}],"about":[{"href":"https:\/\/asura.lv\/et\/wp-json\/wp\/v2\/types\/product"}],"replies":[{"embeddable":true,"href":"https:\/\/asura.lv\/et\/wp-json\/wp\/v2\/comments?post=28959"}],"wp:featuredmedia":[{"embeddable":true,"href":"https:\/\/asura.lv\/et\/wp-json\/wp\/v2\/media\/28960"}],"wp:attachment":[{"href":"https:\/\/asura.lv\/et\/wp-json\/wp\/v2\/media?parent=28959"}],"wp:term":[{"taxonomy":"product_brand","embeddable":true,"href":"https:\/\/asura.lv\/et\/wp-json\/wp\/v2\/product_brand?post=28959"},{"taxonomy":"product_cat","embeddable":true,"href":"https:\/\/asura.lv\/et\/wp-json\/wp\/v2\/product_cat?post=28959"},{"taxonomy":"product_tag","embeddable":true,"href":"https:\/\/asura.lv\/et\/wp-json\/wp\/v2\/product_tag?post=28959"}],"curies":[{"name":"wp","href":"https:\/\/api.w.org\/{rel}","templated":true}]}}