{"id":28965,"date":"2025-11-28T23:09:44","date_gmt":"2025-11-28T23:09:44","guid":{"rendered":"https:\/\/asura.lv\/product\/noise-buds-n1-pro-tws-headphones-beige\/"},"modified":"2025-12-12T15:15:40","modified_gmt":"2025-12-12T13:15:40","slug":"noise-buds-n1-pro-tws-headphones-beige","status":"publish","type":"product","link":"https:\/\/asura.lv\/et\/toode\/noise-buds-n1-pro-tws-headphones-beige\/","title":{"rendered":"Noise Buds N1 Pro TWS k\u00f5rvaklapid (bee\u017eid)"},"content":{"rendered":"<h3>Noise Buds N1 Pro TWS k\u00f5rvaklapid (bee\u017eid)<\/h3>\n<p>Noise Buds N1 Pro on elegantsi ja t\u00e4iustatud tehnoloogia kombinatsioon. Metallikbee\u017e viimistlus lisab ainulaadse puudutuse ja ergonoomiline disain muudab need ideaalselt k\u00f5rva sobivaks. Nendega kogete mitte ainult suurep\u00e4rast heli, vaid paistate ka teistest silma.<\/p>\n<p>\n<img decoding=\"async\" border=\"0\" src=\"https:\/\/assets.innpro.pl\/11854\/14025\/2.jpg\"\/>\n<\/p>\n<h3>Kohene l\u00fclitus kahekordse sidumisega<\/h3>\n<p>Noise Buds N1 Pro hoiab alati teiega sammu! Kahekordse sidumise abil saavad k\u00f5rvaklapid samaaegselt kahe seadmega \u00fchenduda. L\u00fclitu sujuvalt t\u00f6\u00f6 ja meelelahutuse vahel ilma uuesti sidumist vajamata \u2013 ideaalne neile, kes hindavad multitegumt\u00f6\u00f6tlust.<\/p>\n<p>\n<img decoding=\"async\" border=\"0\" src=\"https:\/\/assets.innpro.pl\/11854\/14025\/6.jpg\"\/>\n<\/p>\n<h3>Pikad kuulamistunnid<\/h3>\n<p>Nautige oma lemmikmuusikat kuni 60 tundi! Instacharge\u2122 laadimis\u00fcmbris pakub 200 minutit taasesitust vaid 10-minutilise laadimise j\u00e4rel. Teie esitusloend ei pea kunagi ootama \u2013 Buds N1 Pro on alati valmis seda esitama.<\/p>\n<p>\n<img decoding=\"async\" border=\"0\" src=\"https:\/\/assets.innpro.pl\/11854\/14025\/8.jpg\"\/>\n<\/p>\n<h3>Kristallheli ja s\u00fcgav bass<\/h3>\n<p>K\u00f5rvaklappidel on d\u00fcnaamilised 11 mm draiverid, mis tagavad suurep\u00e4rase helikvaliteedi. Selged k\u00f5rged sagedused ja v\u00f5imas bass tagavad t\u00e4ieliku helikogemuse iga kuulamisseansi ajal.<\/p>\n<p>\n<img decoding=\"async\" border=\"0\" src=\"https:\/\/assets.innpro.pl\/11854\/14025\/5.jpg\"\/>\n<\/p>\n<h3>M\u00fcra v\u00e4hendamine, mis muudab<\/h3>\n<p>Aktiivne m\u00fcrasummutus (ANC) vaigistab \u00fcmbritsevad helid minimaalselt 32 dB-ni, v\u00f5imaldades teil nautida heli ilma segajad. Koge muusikat t\u00e4iel rinnal, ilma katkestuste ja m\u00fcrata.<\/p>\n<p>\n<img decoding=\"async\" border=\"0\" src=\"https:\/\/assets.innpro.pl\/11854\/14025\/1.jpg\"\/>\n<\/p>\n<h3>Viivituseta \u2013 m\u00e4ngi katkestusteta<\/h3>\n<p>\u00dclimadal latentsusaeg (kuni 40 ms) teeb Noise Buds N1 Pro k\u00f5rvaklapid ideaalseks k\u00f5rvaklapiks m\u00e4nguritele ja filmide vaatajatele. Video ja heli s\u00fcnkroonimine on alati t\u00e4iuslik.<\/p>\n<p>\n<img decoding=\"async\" border=\"0\" src=\"https:\/\/assets.innpro.pl\/11854\/14025\/3.jpg\"\/>\n<\/p>\n<h3>Usaldusv\u00e4\u00e4rsus ja pritsmekindlus<\/h3>\n<p>\u00c4rge muretsege, et pritsmed k\u00f5rvaklappe kahjustavad! T\u00e4nu IPX5 veekindlusele taluvad Noise Buds N1 Pro k\u00f5rvaklapid higi ja kerget vihma. Need on ideaalne kaaslane treeninguteks v\u00f5i jalutusk\u00e4ikudeks. muutuvates ilmastikutingimustes.<\/p>\n<p>\n<img decoding=\"async\" border=\"0\" src=\"https:\/\/assets.innpro.pl\/11854\/14025\/9.jpg\"\/>\n<\/p>\n<h3>Kaasas<\/h3>\n<ul class=\"list-disc pl-5\">\n<li>Noise Buds N1 Pro k\u00f5rvaklapid<\/li>\n<li>Laadimiskarp<\/li>\n<li>Laadimiskaabel<\/li>\n<li>Vahetusk\u00f5rvaklapid<\/li>\n<li>Kasutusjuhend<\/li>\n<\/ul>\n<div class=\"table-wrapper\">\n<p>\u0412\u00a0<\/p>\n<h3><\/h3>\n<table>\n<tbody>\n<tr>\n<th>Tootja<\/th>\n<td>Noise<\/td>\n<\/tr>\n<tr>\n<th>Mudel<\/th>\n<td>Buds N1 Pro<\/td>\n<\/tr>\n<tr>\n<th>V\u00e4rv<\/th>\n<td>Bee\u017e<\/td>\n<\/tr>\n<tr>\n<th>Muundurid<\/th>\n<td>11 mm<\/td>\n<\/tr>\n<tr>\n<th>Taasesitusaeg<\/th>\n<td>Kuni 60 tundi<\/td>\n<\/tr>\n<tr>\n<th>Kiirlaadimine<\/th>\n<td>Instacharge\u00ae (10 min = 200 min)<\/td>\n<\/tr>\n<tr>\n<th>M\u00fcra v\u00e4hendamine<\/th>\n<td>ANC kuni 32 dB<\/td>\n<\/tr>\n<tr>\n<th>Bluetooth<\/th>\n<td>Versioon 5.3<\/td>\n<\/tr>\n<tr>\n<th>Viivitus<\/th>\n<td>kuni 40 ms<\/td>\n<\/tr>\n<tr>\n<th>Veekindel<\/th>\n<td>IPX5<\/td>\n<\/tr>\n<tr>\n<th>Topeltsimine funktsioon<\/th>\n<td>Jah<\/td>\n<\/tr>\n<\/tbody>\n<\/table>\n<\/div>\n","protected":false},"excerpt":{"rendered":"<p>Noise Buds N1 Pro TWS k\u00f5rvaklapid (bee\u017eid) Noise Buds N1 Pro on elegantsi ja t\u00e4iustatud tehnoloogia kombinatsioon. Metallikbee\u017e viimistlus lisab ainulaadse puudutuse ja ergonoomiline disain muudab need ideaalselt k\u00f5rva sobivaks. Nendega kogete mitte ainult suurep\u00e4rast heli, vaid paistate ka teistest silma. Kohene l\u00fclitus kahekordse sidumisega Noise Buds N1 Pro hoiab alati teiega sammu! Kahekordse sidumise [&#8230;]\n","protected":false},"featured_media":28966,"comment_status":"open","ping_status":"closed","template":"","meta":[],"product_brand":[717],"product_cat":[954],"product_tag":[],"class_list":{"0":"post-28965","1":"product","2":"type-product","3":"status-publish","4":"has-post-thumbnail","6":"product_brand-noise","7":"product_cat-tws","9":"first","10":"outofstock","11":"taxable","12":"shipping-taxable","13":"purchasable","14":"product-type-simple"},"aioseo_notices":[],"_links":{"self":[{"href":"https:\/\/asura.lv\/et\/wp-json\/wp\/v2\/product\/28965","targetHints":{"allow":["GET"]}}],"collection":[{"href":"https:\/\/asura.lv\/et\/wp-json\/wp\/v2\/product"}],"about":[{"href":"https:\/\/asura.lv\/et\/wp-json\/wp\/v2\/types\/product"}],"replies":[{"embeddable":true,"href":"https:\/\/asura.lv\/et\/wp-json\/wp\/v2\/comments?post=28965"}],"wp:featuredmedia":[{"embeddable":true,"href":"https:\/\/asura.lv\/et\/wp-json\/wp\/v2\/media\/28966"}],"wp:attachment":[{"href":"https:\/\/asura.lv\/et\/wp-json\/wp\/v2\/media?parent=28965"}],"wp:term":[{"taxonomy":"product_brand","embeddable":true,"href":"https:\/\/asura.lv\/et\/wp-json\/wp\/v2\/product_brand?post=28965"},{"taxonomy":"product_cat","embeddable":true,"href":"https:\/\/asura.lv\/et\/wp-json\/wp\/v2\/product_cat?post=28965"},{"taxonomy":"product_tag","embeddable":true,"href":"https:\/\/asura.lv\/et\/wp-json\/wp\/v2\/product_tag?post=28965"}],"curies":[{"name":"wp","href":"https:\/\/api.w.org\/{rel}","templated":true}]}}