{"id":28983,"date":"2025-11-28T23:09:42","date_gmt":"2025-11-28T23:09:42","guid":{"rendered":"https:\/\/asura.lv\/product\/smartwatch-noise-pro-5-max-blue\/"},"modified":"2025-12-12T15:15:38","modified_gmt":"2025-12-12T13:15:38","slug":"smartwatch-noise-pro-5-max-blue","status":"publish","type":"product","link":"https:\/\/asura.lv\/et\/toode\/smartwatch-noise-pro-5-max-blue\/","title":{"rendered":"Nutikell Noise Pro 5 Max (sinine)"},"content":{"rendered":"<h3>Noise Pro 5 Max nutikell (sinine)<\/h3>\n<p>Sinine Noise Pro 5 Max on moodne nutikell, mis \u00fchendab endas funktsionaalsuse, elegantsi ja uuendusliku tehnoloogia. AMOLED-ekraani, t\u00e4iustatud tervisefunktsioonide ja rikkaliku nutikellade valikuga on see ideaalne valik neile, kes soovivad oma sooritusv\u00f5imet maksimeerida, hoolitsedes samal ajal teadlikult oma tervise ja vormisoleku eest.<\/p>\n<p>\n<img decoding=\"async\" border=\"0\" src=\"https:\/\/assets.innpro.pl\/11869\/14040\/1.jpg\"\/>\n<\/p>\n<h3>Suur AMOLED-ekraan suurep\u00e4rase loetavuse tagamiseks<\/h3>\n<p>Noise Pro 5 Max on varustatud 1,96-tollise AMOLED-ekraaniga, mille eraldusv\u00f5ime on 410 x 502 pikslit. Terav ja v\u00e4rviline ekraan pakub suurep\u00e4rast pildikvaliteeti, mis sobib ideaalselt teavituste lugemiseks, tegevuse j\u00e4lgimiseks v\u00f5i terviseparameetrite kontrollimiseks. Pilvep\u00f5histe kella sihverplaatide toega saate nutikella v\u00e4limust isikup\u00e4rastada vastavalt oma tujule v\u00f5i stiilile. Igavus ei ole sinu jaoks!<\/p>\n<p>\n<img decoding=\"async\" border=\"0\" src=\"https:\/\/assets.innpro.pl\/11869\/14040\/3.jpg\"\/>\n<\/p>\n<h3>J\u00e4lgi oma tervist \u00f6\u00f6p\u00e4evaringselt<\/h3>\n<p>See nutikell pakub t\u00e4ielikku valikut tervisefunktsioone. Pulsianduri, SpO2 ja kiirendusm\u00f5\u00f5turiga j\u00e4lgib Noise Pro 5 Max pidevalt sinu terviseparameetreid. Sellised funktsioonid nagu une j\u00e4lgimine, stressi m\u00f5\u00f5tmine, menstruaalts\u00fckli j\u00e4lgimine ja hingamisharjutused aitavad sul oma tervise ja heaolu eest hoolitseda. Nutikell pakub ka sammude j\u00e4lgimist ja tegevuste ajaloo salvestamist, et saaksite oma edusamme anal\u00fc\u00fcsida.<\/p>\n<p>\n<img decoding=\"async\" border=\"0\" src=\"https:\/\/assets.innpro.pl\/11869\/14040\/2.jpg\"\/>\n<\/p>\n<h3>Vastupidav aku ja kiire laadimine<\/h3>\n<p>Noise Pro 5 Max pakub kuni 7 p\u00e4eva tavakasutuses ja 30 p\u00e4eva ootere\u017eiimis. T\u00e4nu kiirlaadimisele on teie nutikell uuesti kasutusvalmis vaid 2 tunniga! Komplektis on mugav laadimiskaabel.<\/p>\n<p>\n<img decoding=\"async\" border=\"0\" src=\"https:\/\/assets.innpro.pl\/11869\/14040\/9.jpg\"\/>\n<\/p>\n<h3>Vastupidav disain ja IP68 veekindlus<\/h3>\n<p>Noise Pro 5 Max nutikella metallkest tagab vastupidavuse ja vastupidavuse igap\u00e4evastele v\u00e4ljakutsetele. 22 mm laiune silikoonrihm pakub pikaajalist mugavust ja n\u00e4eb igas olukorras suurep\u00e4rane v\u00e4lja. IP68 sertifikaat garanteerib tolmu- ja veekindluse, muutes kella valmis treeninguteks, vihmaks ja isegi basseiniks.<\/p>\n<p>\n<img decoding=\"async\" border=\"0\" src=\"https:\/\/assets.innpro.pl\/11869\/14040\/8.jpg\"\/>\n<\/p>\n<h3>\u00dchenduvus ja t\u00e4iustatud funktsioonid<\/h3>\n<p>Bluetooth 5.3 tehnoloogia abil pakub Noise Pro 5 Max kiiret ja stabiilset \u00fchendust teie nutitelefoniga. Kell toetab selliseid funktsioone nagu k\u00f5neteave, k\u00f5ne tagasil\u00fckkamine, SOS, ilmateated, \u00e4ratuskell ja stopper. Saadaval on ka re\u017eiim &#8220;\u00c4ra sega&#8221;. Lihtsa heleduse reguleerimise ja ekraani randmeliigutusega sissel\u00fclitamise funktsiooniga on nutikella kasutamine veelgi intuitiivsem.<\/p>\n<p>\n<img decoding=\"async\" border=\"0\" src=\"https:\/\/assets.innpro.pl\/11869\/14040\/5.jpg\"\/>\n<\/p>\n<h3>Stiilne disain ja mugav kasutamine<\/h3>\n<p>Noise Pro 5 Maxil on moodne disain ja funktsionaalne ketas, mis teeb men\u00fc\u00fcdes ja rakendustes navigeerimise lihtsaks. Stiilne disain ja vastupidav konstruktsioon muudavad kella suurep\u00e4raseks nii treeningute ajal kui ka ametlikel kohtumistel.<\/p>\n<p>\n<img decoding=\"async\" border=\"0\" src=\"https:\/\/assets.innpro.pl\/11869\/14040\/6.jpg\"\/>\n<\/p>\n<h3>Kaasas<\/h3>\n<ul class=\"list-disc pl-5\">\n<li>Noise Pro 5 Max nutikell<\/li>\n<li>Laadimiskaabel<\/li>\n<li>Kasutusjuhend<\/li>\n<li>Garantiikaart<\/li>\n<\/ul>\n<div class=\"table-wrapper\">\n<p>\u0412\u00a0<\/p>\n<h3><\/h3>\n<table>\n<tbody>\n<tr>\n<th>Tootja<\/th>\n<td>Noise<\/td>\n<\/tr>\n<tr>\n<th>Mudel<\/th>\n<td>Pro 5 Max<\/td>\n<\/tr>\n<tr>\n<th>V\u00e4rv<\/th>\n<td>Sinine<\/td>\n<\/tr>\n<tr>\n<th>Ekraan<\/th>\n<td>AMOLED, 1,96&#8243;, 410 x 502 pikslit<\/td>\n<\/tr>\n<tr>\n<th>\u00dcmbris<\/th>\n<td>Metall<\/td>\n<\/tr>\n<tr>\n<th>Rihm<\/th>\n<td>22 mm (silikoon)<\/td>\n<\/tr>\n<tr>\n<th>Veekindlus<\/th>\n<td>IP68<\/td>\n<\/tr>\n<tr>\n<th>\u00dchenduvus<\/th>\n<td>Bluetooth 5.3<\/td>\n<\/tr>\n<tr>\n<th>\u00dchilduvus<\/th>\n<td>iOS 11.0+ \/ Android 9.0+<\/td>\n<\/tr>\n<tr>\n<th>Aku:<\/th>\n<td>T\u00fc\u00fcpiline kasutus: kuni 7 p\u00e4eva; Ootere\u017eiim: kuni 30 p\u00e4eva<\/td>\n<\/tr>\n<tr>\n<th>Laadimine aeg<\/th>\n<td>2 tundi<\/td>\n<\/tr>\n<tr>\n<th>Tervisefunktsioonid:<\/th>\n<td>Pulsisageduse j\u00e4lgimine. SpO2 m\u00f5\u00f5tmine, sammude j\u00e4lgimine, aktiivsuse ajalugu, une j\u00e4lgimine, stressitaseme m\u00f5\u00f5tmine, hingamisharjutused, menstruaalts\u00fckli j\u00e4lgimine, spordire\u017eiimid.<\/td>\n<\/tr>\n<tr>\n<th>Nutikad funktsioonid:<\/th>\n<td>SOS-tehnoloogia, k\u00f5neteave, k\u00f5nede tagasil\u00fckkamine, stopper, taimer, \u00e4ratuskell, meeldetuletused, ilm, re\u017eiim \u201e\u00c4ra sega\u201c, ekraani heleduse reguleerimine, funktsionaalne valikuketas, ekraani sissel\u00fclitamine randmeliigutusega.<\/td>\n<\/tr>\n<\/tbody>\n<\/table>\n<\/div>\n","protected":false},"excerpt":{"rendered":"<p>Noise Pro 5 Max nutikell (sinine) Sinine Noise Pro 5 Max on moodne nutikell, mis \u00fchendab endas funktsionaalsuse, elegantsi ja uuendusliku tehnoloogia. AMOLED-ekraani, t\u00e4iustatud tervisefunktsioonide ja rikkaliku nutikellade valikuga on see ideaalne valik neile, kes soovivad oma sooritusv\u00f5imet maksimeerida, hoolitsedes samal ajal teadlikult oma tervise ja vormisoleku eest. Suur AMOLED-ekraan suurep\u00e4rase loetavuse tagamiseks Noise Pro [&#8230;]\n","protected":false},"featured_media":28984,"comment_status":"open","ping_status":"closed","template":"","meta":[],"product_brand":[717],"product_cat":[984],"product_tag":[],"class_list":{"0":"post-28983","1":"product","2":"type-product","3":"status-publish","4":"has-post-thumbnail","6":"product_brand-noise","7":"product_cat-smartwatches-smartwatches","9":"first","10":"outofstock","11":"taxable","12":"shipping-taxable","13":"purchasable","14":"product-type-simple"},"aioseo_notices":[],"_links":{"self":[{"href":"https:\/\/asura.lv\/et\/wp-json\/wp\/v2\/product\/28983","targetHints":{"allow":["GET"]}}],"collection":[{"href":"https:\/\/asura.lv\/et\/wp-json\/wp\/v2\/product"}],"about":[{"href":"https:\/\/asura.lv\/et\/wp-json\/wp\/v2\/types\/product"}],"replies":[{"embeddable":true,"href":"https:\/\/asura.lv\/et\/wp-json\/wp\/v2\/comments?post=28983"}],"wp:featuredmedia":[{"embeddable":true,"href":"https:\/\/asura.lv\/et\/wp-json\/wp\/v2\/media\/28984"}],"wp:attachment":[{"href":"https:\/\/asura.lv\/et\/wp-json\/wp\/v2\/media?parent=28983"}],"wp:term":[{"taxonomy":"product_brand","embeddable":true,"href":"https:\/\/asura.lv\/et\/wp-json\/wp\/v2\/product_brand?post=28983"},{"taxonomy":"product_cat","embeddable":true,"href":"https:\/\/asura.lv\/et\/wp-json\/wp\/v2\/product_cat?post=28983"},{"taxonomy":"product_tag","embeddable":true,"href":"https:\/\/asura.lv\/et\/wp-json\/wp\/v2\/product_tag?post=28983"}],"curies":[{"name":"wp","href":"https:\/\/api.w.org\/{rel}","templated":true}]}}