{"id":29079,"date":"2025-11-28T23:09:34","date_gmt":"2025-11-28T23:09:34","guid":{"rendered":"https:\/\/asura.lv\/product\/sunnylife-bd892-flexible-silicone-band-for-sports-camera-orange\/"},"modified":"2025-12-12T15:15:29","modified_gmt":"2025-12-12T13:15:29","slug":"sunnylife-bd892-flexible-silicone-band-for-sports-camera-orange","status":"publish","type":"product","link":"https:\/\/asura.lv\/et\/toode\/sunnylife-bd892-flexible-silicone-band-for-sports-camera-orange\/","title":{"rendered":"Sunnylife BD892 painduv silikoonrihm spordikaamerale (oran\u017e)"},"content":{"rendered":"<h3>Sunnylife BD892 painduv silikoonrihm spordikaamerale (oran\u017e)<\/h3>\n<p>Sunnylife BD892 silikoonrihm on mitmek\u00fclgne spordikaamera kinnitus, mis v\u00f5imaldab kaamerat h\u00f5lpsalt erinevates tingimustes kinnitada. T\u00e4nu painduvale silikoonrihmale saab kinnituse kinnitada 22\u201338 mm l\u00e4bim\u00f5\u00f5duga torudele v\u00f5i 45\u201360 mm laiustele v\u00f5rkudele. See muudab toote sobivaks paljudesse olukordadesse, n\u00e4iteks \u00f5nge, piirde, mootorratta v\u00f5i tahavaatepeegli k\u00fclge kinnitamiseks.<\/p>\n<p>\n<img decoding=\"async\" border=\"0\" src=\"https:\/\/assets.innpro.pl\/11810\/13981\/1.jpg\"\/>\n<\/p>\n<h3>Paindlikkus ja paigaldusv\u00f5imalused<\/h3>\n<p>Klambrit eristab m\u00e4rkimisv\u00e4\u00e4rne paindlikkus. See v\u00f5imaldab kaamerat kiiresti ja turvaliselt paigaldada kohtadesse, kus traditsioonilised kinnitused v\u00f5ivad eba\u00f5nnestuda. T\u00e4nu reguleeritavale laiusele sobib k\u00e4epael ideaalselt laiale l\u00e4bim\u00f5\u00f5tude valikule, muutes selle v\u00e4ga mitmek\u00fclgseks aksessuaariks mitmesuguste tegevuste jaoks.<\/p>\n<p>\n<img decoding=\"async\" border=\"0\" src=\"https:\/\/assets.innpro.pl\/11810\/13981\/2.jpg\"\/>\n<\/p>\n<h3>360-kraadine p\u00f6\u00f6rlemine ja 180-kraadine reguleerimine<\/h3>\n<p>Painduva k\u00e4epaela k\u00fclge kinnitatud kaamera saab p\u00f6\u00f6rata 360 kraadi, v\u00f5imaldades t\u00e4ielikku kontrolli salvestusnurga \u00fcle. Lisaks v\u00f5imaldab 180-kraadine kallutus kaamerat vastavalt oma vajadustele optimaalsesse asendisse seada.<\/p>\n<p>\n<img decoding=\"async\" border=\"0\" src=\"https:\/\/assets.innpro.pl\/11810\/13981\/4.jpg\"\/>\n<\/p>\n<div class=\"table-wrapper\">\n<p>\u0412\u00a0<\/p>\n<h3><\/h3>\n<table>\n<tbody>\n<tr>\n<th>Tootja<\/th>\n<td>Sunnylife<\/td>\n<\/tr>\n<tr>\n<th>Mudel<\/th>\n<td>BD892-C<\/td>\n<\/tr>\n<tr>\n<th>V\u00e4rv<\/th>\n<td>Oran\u017e<\/td>\n<\/tr>\n<tr>\n<th>Materjal<\/th>\n<td>Silikoon + plastik<\/td>\n<\/tr>\n<tr>\n<th>Netokaal<\/th>\n<td>54g<\/td>\n<\/tr>\n<tr>\n<th>Brutokaal kaal<\/th>\n<td>62g<\/td>\n<\/tr>\n<tr>\n<th>Paki suurus<\/th>\n<td>62 x 54 x 39mm<\/td>\n<\/tr>\n<\/tbody>\n<\/table>\n<\/div>\n","protected":false},"excerpt":{"rendered":"<p>Sunnylife BD892 painduv silikoonrihm spordikaamerale (oran\u017e) Sunnylife BD892 silikoonrihm on mitmek\u00fclgne spordikaamera kinnitus, mis v\u00f5imaldab kaamerat h\u00f5lpsalt erinevates tingimustes kinnitada. T\u00e4nu painduvale silikoonrihmale saab kinnituse kinnitada 22\u201338 mm l\u00e4bim\u00f5\u00f5duga torudele v\u00f5i 45\u201360 mm laiustele v\u00f5rkudele. See muudab toote sobivaks paljudesse olukordadesse, n\u00e4iteks \u00f5nge, piirde, mootorratta v\u00f5i tahavaatepeegli k\u00fclge kinnitamiseks. Paindlikkus ja paigaldusv\u00f5imalused Klambrit eristab m\u00e4rkimisv\u00e4\u00e4rne [&#8230;]\n","protected":false},"featured_media":29080,"comment_status":"open","ping_status":"closed","template":"","meta":[],"product_brand":[432],"product_cat":[936],"product_tag":[],"class_list":{"0":"post-29079","1":"product","2":"type-product","3":"status-publish","4":"has-post-thumbnail","6":"product_brand-sunnylife","7":"product_cat-for-sports-cameras","9":"first","10":"outofstock","11":"taxable","12":"shipping-taxable","13":"purchasable","14":"product-type-simple"},"aioseo_notices":[],"_links":{"self":[{"href":"https:\/\/asura.lv\/et\/wp-json\/wp\/v2\/product\/29079","targetHints":{"allow":["GET"]}}],"collection":[{"href":"https:\/\/asura.lv\/et\/wp-json\/wp\/v2\/product"}],"about":[{"href":"https:\/\/asura.lv\/et\/wp-json\/wp\/v2\/types\/product"}],"replies":[{"embeddable":true,"href":"https:\/\/asura.lv\/et\/wp-json\/wp\/v2\/comments?post=29079"}],"wp:featuredmedia":[{"embeddable":true,"href":"https:\/\/asura.lv\/et\/wp-json\/wp\/v2\/media\/29080"}],"wp:attachment":[{"href":"https:\/\/asura.lv\/et\/wp-json\/wp\/v2\/media?parent=29079"}],"wp:term":[{"taxonomy":"product_brand","embeddable":true,"href":"https:\/\/asura.lv\/et\/wp-json\/wp\/v2\/product_brand?post=29079"},{"taxonomy":"product_cat","embeddable":true,"href":"https:\/\/asura.lv\/et\/wp-json\/wp\/v2\/product_cat?post=29079"},{"taxonomy":"product_tag","embeddable":true,"href":"https:\/\/asura.lv\/et\/wp-json\/wp\/v2\/product_tag?post=29079"}],"curies":[{"name":"wp","href":"https:\/\/api.w.org\/{rel}","templated":true}]}}