{"id":29085,"date":"2025-11-28T23:09:34","date_gmt":"2025-11-28T23:09:34","guid":{"rendered":"https:\/\/asura.lv\/product\/torras-ostand-spin-series-phone-case-for-samsung-s25-black-2\/"},"modified":"2025-12-12T15:15:30","modified_gmt":"2025-12-12T13:15:30","slug":"torras-ostand-spin-series-phone-case-for-samsung-s25-black-2","status":"publish","type":"product","link":"https:\/\/asura.lv\/et\/toode\/torras-ostand-spin-series-phone-case-for-samsung-s25-black-2\/","title":{"rendered":"Torras Ostandi Spin seeria telefoni\u00fcmbris Samsung S25+ jaoks (must)"},"content":{"rendered":"<h3>Torras Ostand Spin seeria telefoni\u00fcmbris Samsung S25-le (must)<\/h3>\n<p>Avasta uus kaitsem\u00f5\u00f5de TORRAS Ostand Spin \u00fcmbrisega Samsung S25-le! See ainulaadne \u00fcmbris \u00fchendab endas moodsa disaini ja funktsionaalsuse, pakkudes teie telefonile v\u00f5rratut kaitset. T\u00e4nu sisseehitatud haarder\u00f5ngale v\u00f5ite olla kindel, et teie Samsung on igas olukorras turvaline \u2013 olgu see siis igap\u00e4evasel kasutamisel v\u00f5i d\u00fcnaamilisel tegevusel. Selle l\u00e4bim\u00f5eldud disain kaitseb kriimustuste ja kukkumiste eest, tagades t\u00e4ieliku ohutuse.<\/p>\n<p>\n<img decoding=\"async\" alt=\"\" border=\"0\" src=\"https:\/\/assets.innpro.pl\/12549\/15042\/2.jpg\"\/>\n<\/p>\n<h3>Kinnitusr\u00f5ngas \u2013 turvalisus ja mugavus \u00fches<\/h3>\n<p>TORRAS Ostand Spin \u00fcmbris on varustatud praktilise kinnitusr\u00f5ngaga, mis pakub telefoni kasutamisel t\u00e4iendavat turvalisust. See v\u00f5imaldab teil oma Samsungi telefoni kindlalt k\u00e4es hoida, minimeerides selle kogemata maha kukkumise ohtu. R\u00f5ngas toimib ka alusena, mis suurendab veelgi mugavust videote vaatamisel v\u00f5i videok\u00f5nede tegemisel. V\u00f5imalusega reguleerida vaatenurka horisontaalselt 15\u00b0 kuni 85\u00b0 ja vertikaalselt 0\u00b0 kuni 85\u00b0, saate telefoni paigutamise osas t\u00e4ieliku vabaduse.<\/p>\n<p>\n<img decoding=\"async\" alt=\"\" border=\"0\" src=\"https:\/\/assets.innpro.pl\/12549\/15042\/3.jpg\"\/>\n<\/p>\n<h3>L\u00e4bim\u00f5eldud disain<\/h3>\n<p>TORRAS Ostand Spin \u00fcmbris on loodud sobima ideaalselt telefoni \u00fcmbrisega, lisamata tarbetut mahukust. Selle tulemusena s\u00e4ilitab telefon oma \u00f5hukese profiili! \u00dcmbris on kerge ja \u00f5huke, mis muudab selle ideaalselt k\u00e4tte sobivaks, pakkudes kindlat haaret ja t\u00e4ielikku kontrolli seadme \u00fcle. TORRAS Ostand Spin ei sega ka laadimisprotsessi, pakkudes kiiret ja katkematut laadimist ilma \u00fcmbrist eemaldamata.<\/p>\n<p>\n<img decoding=\"async\" alt=\"\" border=\"0\" src=\"https:\/\/assets.innpro.pl\/12549\/15042\/1.jpg\"\/>\n<\/p>\n<h3>Kaamera ja ekraani kaitse<\/h3>\n<p>Ostand Spiniga ei pea te oma Samsungi turvalisuse p\u00e4rast muretsema. Kaamera ja ekraani \u00fcmber olevad t\u00f5stetud servad pakuvad lisakaitset kriimustuste ja kahjustuste eest tasastel pindadel. Olenemata sellest, kas asetate oma telefoni tasasele pinnale v\u00f5i kannate seda kotis, v\u00f5ite olla kindel, et see on alati ohutu.<\/p>\n<p>\n<img decoding=\"async\" alt=\"\" border=\"0\" src=\"https:\/\/assets.innpro.pl\/12549\/15042\/4.jpg\"\/>\n<\/p>\n<div class=\"table-wrapper\">\n<p>\u0412\u00a0<\/p>\n<h3><\/h3>\n<table>\n<tbody>\n<tr>\n<th>Tootja<\/th>\n<td>Torras<\/td>\n<\/tr>\n<tr>\n<th>Mudel<\/th>\n<td>Ostand Spin<\/td>\n<\/tr>\n<tr>\n<th>V\u00e4rv<\/th>\n<td>Must<\/td>\n<\/tr>\n<tr>\n<th>\u00dchilduvus<\/th>\n<td>Samsung S25<\/td>\n<\/tr>\n<\/tbody>\n<\/table>\n<\/div>\n","protected":false},"excerpt":{"rendered":"<p>Torras Ostand Spin seeria telefoni\u00fcmbris Samsung S25-le (must) Avasta uus kaitsem\u00f5\u00f5de TORRAS Ostand Spin \u00fcmbrisega Samsung S25-le! See ainulaadne \u00fcmbris \u00fchendab endas moodsa disaini ja funktsionaalsuse, pakkudes teie telefonile v\u00f5rratut kaitset. T\u00e4nu sisseehitatud haarder\u00f5ngale v\u00f5ite olla kindel, et teie Samsung on igas olukorras turvaline \u2013 olgu see siis igap\u00e4evasel kasutamisel v\u00f5i d\u00fcnaamilisel tegevusel. Selle l\u00e4bim\u00f5eldud [&#8230;]\n","protected":false},"featured_media":29086,"comment_status":"open","ping_status":"closed","template":"","meta":[],"product_brand":[538],"product_cat":[1248],"product_tag":[],"class_list":{"0":"post-29085","1":"product","2":"type-product","3":"status-publish","4":"has-post-thumbnail","6":"product_brand-torras","7":"product_cat-protective-cases-for-smartphones-cases-gsm-accessories","9":"first","10":"outofstock","11":"taxable","12":"shipping-taxable","13":"purchasable","14":"product-type-simple"},"aioseo_notices":[],"_links":{"self":[{"href":"https:\/\/asura.lv\/et\/wp-json\/wp\/v2\/product\/29085","targetHints":{"allow":["GET"]}}],"collection":[{"href":"https:\/\/asura.lv\/et\/wp-json\/wp\/v2\/product"}],"about":[{"href":"https:\/\/asura.lv\/et\/wp-json\/wp\/v2\/types\/product"}],"replies":[{"embeddable":true,"href":"https:\/\/asura.lv\/et\/wp-json\/wp\/v2\/comments?post=29085"}],"wp:featuredmedia":[{"embeddable":true,"href":"https:\/\/asura.lv\/et\/wp-json\/wp\/v2\/media\/29086"}],"wp:attachment":[{"href":"https:\/\/asura.lv\/et\/wp-json\/wp\/v2\/media?parent=29085"}],"wp:term":[{"taxonomy":"product_brand","embeddable":true,"href":"https:\/\/asura.lv\/et\/wp-json\/wp\/v2\/product_brand?post=29085"},{"taxonomy":"product_cat","embeddable":true,"href":"https:\/\/asura.lv\/et\/wp-json\/wp\/v2\/product_cat?post=29085"},{"taxonomy":"product_tag","embeddable":true,"href":"https:\/\/asura.lv\/et\/wp-json\/wp\/v2\/product_tag?post=29085"}],"curies":[{"name":"wp","href":"https:\/\/api.w.org\/{rel}","templated":true}]}}