{"id":29115,"date":"2025-11-28T23:09:29","date_gmt":"2025-11-28T23:09:29","guid":{"rendered":"https:\/\/asura.lv\/product\/butterfly-sunnylife-ne-sn908-protective-case-for-neo-with-carabiner-orange\/"},"modified":"2025-12-12T15:15:26","modified_gmt":"2025-12-12T13:15:26","slug":"butterfly-sunnylife-ne-sn908-protective-case-for-neo-with-carabiner-orange","status":"publish","type":"product","link":"https:\/\/asura.lv\/et\/toode\/butterfly-sunnylife-ne-sn908-protective-case-for-neo-with-carabiner-orange\/","title":{"rendered":"Butterfly Sunnylife NE-SN908 kaitse\u00fcmbris NEO-le karabiiniga (oran\u017e)"},"content":{"rendered":"<h3>Butterfly Sunnylife NE-SN908 kaitse\u00fcmbris NEO droonile karabiiniga (oran\u017e).<\/h3>\n<p>Erine massist! Sunnylife Butterfly \u00fcmbris pakub kaitset sinu NEO droonile, pakkudes samal ajal probleemivaba transporti atraktiivse liblikakujulise disainiga. Lisatarvik kaitseb l\u00f6\u00f6kide ja tolmu eest, muutes juhuslikud kahjustused minevikku. See on disainitud mugavust silmas pidades \u2013 saad seda h\u00f5lpsalt seljakotti panna ja karabiin v\u00f5imaldab sul selle kiiresti kotti v\u00f5i seljakotti kinnitada mugavateks v\u00e4litingimustes seanssideks.<\/p>\n<p>\n<img decoding=\"async\" border=\"0\" src=\"https:\/\/assets.innpro.pl\/11795\/13967\/2.jpg\"\/>\n<\/p>\n<h3>Pane oma NEO silma paistma!<\/h3>\n<p>Ainulaadne disain mitte ainult ei kaitse, vaid muudab sinu NEO drooni ka atraktiivsemaks. V\u00e4rviline liblikakujuline \u00fcmbris on l\u00f5bus ja moekas viis kaitsta oma varustust l\u00f6\u00f6kide, tolmu ja v\u00e4iksemate kahjustuste eest.<\/p>\n<p>\n<img decoding=\"async\" border=\"0\" src=\"https:\/\/assets.innpro.pl\/11795\/13967\/3.jpg\"\/>\n<\/p>\n<h3>T\u00e4ielik kaitse t\u00e4pse sobivusega<\/h3>\n<p>\u00dcmbris pakub igak\u00fclgset kaitset, minimeerides drooni kahjustamise ohtu transportimise v\u00f5i ladustamise ajal. T\u00e4nu t\u00e4psele disainile sobib \u00fcmbris ideaalselt NEO drooniga ning Sunnylife&#8217;i stabilisaatori ja propelleri kattega, tagades t\u00e4ieliku \u00fchilduvuse. \u00dcmbris mitte ainult ei kaitse, vaid hoiab drooni ka stabiilselt paigal. Te ei pea muretsema kriimustuste, l\u00f6\u00f6kide ega mustuse p\u00e4rast \u2013 teie NEO on alati kaitstud.<\/p>\n<p>\n<img decoding=\"async\" border=\"0\" src=\"https:\/\/assets.innpro.pl\/11795\/13967\/1.jpg\"\/>\n<\/p>\n<div class=\"table-wrapper\">\n<p>\u0412\u00a0<\/p>\n<h3><\/h3>\n<table>\n<tbody>\n<tr>\n<th>Tootja<\/th>\n<td>Sunnylife<\/td>\n<\/tr>\n<tr>\n<th>Mudel<\/th>\n<td>NE-SN908-C<\/td>\n<\/tr>\n<tr>\n<th>V\u00e4rv<\/th>\n<td>Oran\u017e<\/td>\n<\/tr>\n<tr>\n<th>Materjal<\/th>\n<td>Plast<\/td>\n<\/tr>\n<tr>\n<th>Net kaal<\/th>\n<td>73g<\/td>\n<\/tr>\n<tr>\n<th>Paki m\u00f5\u00f5tmed<\/th>\n<td>165 x 145 x 54 mm<\/td>\n<\/tr>\n<\/tbody>\n<\/table>\n<\/div>\n","protected":false},"excerpt":{"rendered":"<p>Butterfly Sunnylife NE-SN908 kaitse\u00fcmbris NEO droonile karabiiniga (oran\u017e). Erine massist! Sunnylife Butterfly \u00fcmbris pakub kaitset sinu NEO droonile, pakkudes samal ajal probleemivaba transporti atraktiivse liblikakujulise disainiga. Lisatarvik kaitseb l\u00f6\u00f6kide ja tolmu eest, muutes juhuslikud kahjustused minevikku. See on disainitud mugavust silmas pidades \u2013 saad seda h\u00f5lpsalt seljakotti panna ja karabiin v\u00f5imaldab sul selle kiiresti kotti [&#8230;]\n","protected":false},"featured_media":29116,"comment_status":"open","ping_status":"closed","template":"","meta":[],"product_brand":[432],"product_cat":[1026],"product_tag":[],"class_list":{"0":"post-29115","1":"product","2":"type-product","3":"status-publish","4":"has-post-thumbnail","6":"product_brand-sunnylife","7":"product_cat-dji","9":"first","10":"outofstock","11":"taxable","12":"shipping-taxable","13":"purchasable","14":"product-type-simple"},"aioseo_notices":[],"_links":{"self":[{"href":"https:\/\/asura.lv\/et\/wp-json\/wp\/v2\/product\/29115","targetHints":{"allow":["GET"]}}],"collection":[{"href":"https:\/\/asura.lv\/et\/wp-json\/wp\/v2\/product"}],"about":[{"href":"https:\/\/asura.lv\/et\/wp-json\/wp\/v2\/types\/product"}],"replies":[{"embeddable":true,"href":"https:\/\/asura.lv\/et\/wp-json\/wp\/v2\/comments?post=29115"}],"wp:featuredmedia":[{"embeddable":true,"href":"https:\/\/asura.lv\/et\/wp-json\/wp\/v2\/media\/29116"}],"wp:attachment":[{"href":"https:\/\/asura.lv\/et\/wp-json\/wp\/v2\/media?parent=29115"}],"wp:term":[{"taxonomy":"product_brand","embeddable":true,"href":"https:\/\/asura.lv\/et\/wp-json\/wp\/v2\/product_brand?post=29115"},{"taxonomy":"product_cat","embeddable":true,"href":"https:\/\/asura.lv\/et\/wp-json\/wp\/v2\/product_cat?post=29115"},{"taxonomy":"product_tag","embeddable":true,"href":"https:\/\/asura.lv\/et\/wp-json\/wp\/v2\/product_tag?post=29115"}],"curies":[{"name":"wp","href":"https:\/\/api.w.org\/{rel}","templated":true}]}}