{"id":29139,"date":"2025-11-28T23:09:27","date_gmt":"2025-11-28T23:09:27","guid":{"rendered":"https:\/\/asura.lv\/product\/wireless-charging-mouse-pad-choetech-t543-f-acbk-15w-black\/"},"modified":"2025-12-12T15:15:22","modified_gmt":"2025-12-12T13:15:22","slug":"wireless-charging-mouse-pad-choetech-t543-f-acbk-15w-black","status":"publish","type":"product","link":"https:\/\/asura.lv\/et\/toode\/wireless-charging-mouse-pad-choetech-t543-f-acbk-15w-black\/","title":{"rendered":"Juhtmevaba laadimisega hiirematt Choetech T543-F-ACBK 15W (must)"},"content":{"rendered":"<h3>Juhtmevaba laadimisega hiirematt Choetech T543-F-ACBK 15W (must)<\/h3>\n<p>Choetech T543-F-ACBK on suure pinnaga hiirematt, mis sisaldab 15W juhtmevaba laadimise funktsiooni. T\u00e4nu \u00fchilduvusele Qi-tehnoloogiaga v\u00f5imaldab see seadmete, n\u00e4iteks nutitelefonide, kiiret ja mugavat laadimist. Kvaliteetsete materjalide ja lisafunktsioonide, n\u00e4iteks LED-taustvalgustuse ja libisemiskindla p\u00f5hja kasutamine muudab selle ideaalseks nii t\u00f6\u00f6ks kui ka meelelahutuseks.<\/p>\n<p>\n<img decoding=\"async\" border=\"0\" src=\"https:\/\/assets.innpro.pl\/12126\/14374\/1.jpg\"\/>\n<\/p>\n<h3>Qi kiirlaadimine 15W v\u00f5imsusega<\/h3>\n<p>Matt on varustatud v\u00f5imsa juhtmevaba laadimistsooniga, mis toetab Qi standardit. 15W v\u00f5imsusega v\u00f5imaldab see \u00fchilduvatel seadmetel kiiresti ja ohutult oma energiat uuendada ilma kaabliteta. Laadimisala on selgelt t\u00e4histatud, mis teeb seadme t\u00e4pse paigutamise lihtsaks.<\/p>\n<p>\n<img decoding=\"async\" border=\"0\" src=\"https:\/\/assets.innpro.pl\/12126\/14374\/4.jpg\"\/>\n<\/p>\n<h3>Suur t\u00f6\u00f6ruum<\/h3>\n<p>M\u00f5\u00f5tmed 90 x 30 cm pakuvad piisavalt ruumi nii klaviatuurile kui ka hiirele, v\u00f5imaldades teil komplekti mugavalt kasutada t\u00f6\u00f6tamise v\u00f5i m\u00e4ngimise ajal. Optimaalne pind soodustab hiire vaba liikumist, suurendades t\u00e4psust ja mugavust.<\/p>\n<p>\n<img decoding=\"async\" border=\"0\" src=\"https:\/\/assets.innpro.pl\/12126\/14374\/3.jpg\"\/>\n<\/p>\n<h3>Reguleeritav LED-taustvalgustus<\/h3>\n<p>Toode pakub 14 LED-taustvalgustuse re\u017eiimi, mis h\u00f5lmavad staatilisi ja d\u00fcnaamilisi efekte. Taustvalgustust saab juhtnupu abil h\u00f5lpsalt reguleerida.<\/p>\n<p>\n<img decoding=\"async\" border=\"0\" src=\"https:\/\/assets.innpro.pl\/12126\/14374\/2.jpg\"\/>\n<\/p>\n<h3>Mustuskindlus<\/h3>\n<p>Suure tihedusega materjal tagab sujuvuse ja v\u00f5imaldab hiire liikumist t\u00e4pselt j\u00e4lgida. Lisaks on pind mustusekindel ja kergesti puhastatav. Tugevdatud serva\u00e4\u00e4rised takistavad t\u00f5husalt materjali narmendamist, mis suurendab padja vastupidavust.<\/p>\n<p>\n<img decoding=\"async\" border=\"0\" src=\"https:\/\/assets.innpro.pl\/12126\/14374\/6.jpg\"\/>\n<\/p>\n<h3>Stabiilsus ja kasutusohutus<\/h3>\n<p>Libisemiskindel alumine k\u00fclg takistab padja libisemist laual, tagades stabiilsuse isegi intensiivse kasutamise korral. Sisseehitatud kaitse \u00fclekuumenemise, \u00fclepinge ja \u00fclekoormuse eest kaitseb laetud seadmeid, tagades ohutu kasutamise.<\/p>\n<p>\n<img decoding=\"async\" border=\"0\" src=\"https:\/\/assets.innpro.pl\/12126\/14374\/7.jpg\"\/>\n<\/p>\n<div class=\"table-wrapper\">\n<p>\u0412\u00a0<\/p>\n<h3><\/h3>\n<table>\n<tbody>\n<tr>\n<th>Tootja<\/th>\n<td>Choetech<\/td>\n<\/tr>\n<tr>\n<th>Tootjakood<\/th>\n<td>T543-F<\/td>\n<\/tr>\n<tr>\n<th>Laadimisv\u00f5imsus<\/th>\n<td>15W<\/td>\n<\/tr>\n<tr>\n<th>Laadimise \u00fchilduvus<\/th>\n<td>Qi-tehnoloogiat toetavad seadmed<\/td>\n<\/tr>\n<tr>\n<th>M\u00f5\u00f5tmed<\/th>\n<td>90 x 30 cm (35,4 x 11,8 tolli)<\/td>\n<\/tr>\n<tr>\n<th>Taustvalgustuse re\u017eiimid<\/th>\n<td>14 RGB LED-re\u017eiimi (7 staatilist ja 7 d\u00fcnaamilist)<\/td>\n<\/tr>\n<tr>\n<th>Turvafunktsioonid<\/th>\n<td>Kaitse \u00fclekuumenemise, \u00fclekoormuse ja \u00fclepinge eest<\/td>\n<\/tr>\n<tr>\n<th>V\u00e4rv<\/th>\n<td>must<\/td>\n<\/tr>\n<\/tbody>\n<\/table>\n<\/div>\n","protected":false},"excerpt":{"rendered":"<p>Juhtmevaba laadimisega hiirematt Choetech T543-F-ACBK 15W (must) Choetech T543-F-ACBK on suure pinnaga hiirematt, mis sisaldab 15W juhtmevaba laadimise funktsiooni. T\u00e4nu \u00fchilduvusele Qi-tehnoloogiaga v\u00f5imaldab see seadmete, n\u00e4iteks nutitelefonide, kiiret ja mugavat laadimist. Kvaliteetsete materjalide ja lisafunktsioonide, n\u00e4iteks LED-taustvalgustuse ja libisemiskindla p\u00f5hja kasutamine muudab selle ideaalseks nii t\u00f6\u00f6ks kui ka meelelahutuseks. Qi kiirlaadimine 15W v\u00f5imsusega Matt on [&#8230;]\n","protected":false},"featured_media":29140,"comment_status":"open","ping_status":"closed","template":"","meta":[],"product_brand":[445],"product_cat":[1272],"product_tag":[],"class_list":{"0":"post-29139","1":"product","2":"type-product","3":"status-publish","4":"has-post-thumbnail","6":"product_brand-choetech","7":"product_cat-mouse-pads","9":"first","10":"outofstock","11":"taxable","12":"shipping-taxable","13":"purchasable","14":"product-type-simple"},"aioseo_notices":[],"_links":{"self":[{"href":"https:\/\/asura.lv\/et\/wp-json\/wp\/v2\/product\/29139","targetHints":{"allow":["GET"]}}],"collection":[{"href":"https:\/\/asura.lv\/et\/wp-json\/wp\/v2\/product"}],"about":[{"href":"https:\/\/asura.lv\/et\/wp-json\/wp\/v2\/types\/product"}],"replies":[{"embeddable":true,"href":"https:\/\/asura.lv\/et\/wp-json\/wp\/v2\/comments?post=29139"}],"wp:featuredmedia":[{"embeddable":true,"href":"https:\/\/asura.lv\/et\/wp-json\/wp\/v2\/media\/29140"}],"wp:attachment":[{"href":"https:\/\/asura.lv\/et\/wp-json\/wp\/v2\/media?parent=29139"}],"wp:term":[{"taxonomy":"product_brand","embeddable":true,"href":"https:\/\/asura.lv\/et\/wp-json\/wp\/v2\/product_brand?post=29139"},{"taxonomy":"product_cat","embeddable":true,"href":"https:\/\/asura.lv\/et\/wp-json\/wp\/v2\/product_cat?post=29139"},{"taxonomy":"product_tag","embeddable":true,"href":"https:\/\/asura.lv\/et\/wp-json\/wp\/v2\/product_tag?post=29139"}],"curies":[{"name":"wp","href":"https:\/\/api.w.org\/{rel}","templated":true}]}}