{"id":29181,"date":"2025-11-28T23:09:24","date_gmt":"2025-11-28T23:09:24","guid":{"rendered":"https:\/\/asura.lv\/product\/wireless-alarm-co-heiman-hm-720es-w-interlinked\/"},"modified":"2025-12-12T15:15:18","modified_gmt":"2025-12-12T13:15:18","slug":"wireless-alarm-co-heiman-hm-720es-w-interlinked","status":"publish","type":"product","link":"https:\/\/asura.lv\/et\/toode\/wireless-alarm-co-heiman-hm-720es-w-interlinked\/","title":{"rendered":"Juhtmevaba alarm CO Heiman HM-720ES-W omavahel \u00fchendatud"},"content":{"rendered":"<h3>Traadita alarm CO Heiman HM-720ES-W omavahel \u00fchendatud<\/h3>\n<p>Heiman HM-720ES-W on nutikas vingugaasidetektor traadita omavahel \u00fchendatud mooduliga, mis pakub usaldusv\u00e4\u00e4rset kaitset kodus, hotellis, restoranis v\u00f5i t\u00f6\u00f6stusettev\u00f5ttes. See tuvastab vingugaasi olemasolu reaalajas ja h\u00e4daolukorras k\u00e4ivitab 85 dB helisignaali ning teavitab teisi \u00fchendatud seadmeid. Elektrokeemiline andur tagab suure t\u00e4psusega m\u00f5\u00f5tmise ja kuni 10-aastase eluea. Lisaks pakub seade enesediagnostika funktsiooni, madalpinge hoiatust ja v\u00f5imalust juhtida seda mobiilirakenduse kaudu.<\/p>\n<p>\n<img decoding=\"async\" alt=\"\" border=\"0\" src=\"https:\/\/assets.innpro.pl\/13357\/16443\/1.jpg\"\/>\n<\/p>\n<h3>Vingugaasi kohene tuvastamine<\/h3>\n<p>T\u00e4iustatud elektrokeemiline andur pakub suurt tundlikkust ja kohest reageerimist vingugaasi tuvastamisele. H\u00e4daolukorras s\u00fcttib LED punaselt ja andur annab helisignaali. Lisaks aktiveerivad hoiatuse ka k\u00f5ik teised valves\u00fcsteemi \u00fchendatud seadmed, suurendades kaitse t\u00f5husust.<\/p>\n<p>\n<img decoding=\"async\" alt=\"\" border=\"0\" src=\"https:\/\/assets.innpro.pl\/13357\/16443\/2.jpg\"\/>\n<\/p>\n<h3>Traadita \u00fchenduvus<\/h3>\n<p>Andur toetab kuni 40 seadme omavahelist suhtlust, mis v\u00f5imaldab luua tervikliku kaitses\u00fcsteemi. Kui \u00fcks seade tuvastab ohu, aktiveerivad teised automaatselt alarmi. Kasutatav lahendus on eriti kasulik suuremates hoonetes, kus teave ohu kohta peab j\u00f5udma k\u00f5igi leibkonnaliikmete v\u00f5i t\u00f6\u00f6tajateni v\u00f5imalikult l\u00fchikese aja jooksul.<\/p>\n<p>\n<img decoding=\"async\" alt=\"\" border=\"0\" src=\"https:\/\/assets.innpro.pl\/13357\/16443\/6.jpg\"\/>\n<\/p>\n<h3>Mobiilirakendus<\/h3>\n<p>Sisseehitatud \u00fchenduvusmoodul v\u00f5imaldab teil anduri \u00fchendada mobiilirakendusega, mis v\u00f5imaldab teil reaalajas j\u00e4lgida s\u00fcsinikmonooksiidi taset ja saada ohtude kohta teateid. See annab teile t\u00e4ieliku kontrolli oma kodu turvalisuse \u00fcle, olenemata sellest, kus te viibite.<\/p>\n<p>\n<img decoding=\"async\" alt=\"\" border=\"0\" src=\"https:\/\/assets.innpro.pl\/13357\/16443\/4.jpg\"\/>\n<\/p>\n<h3>Enesediagnostika ja anduri pikaealisus<\/h3>\n<p>Enesediagnostika funktsioon kontrollib automaatselt seadme \u00f5iget toimimist, teavitades teid k\u00f5ikidest riketest kollase LED-tulega. S\u00fcsinikmonooksiidi anduri eluiga on kuni 10 aastat, mis t\u00e4hendab pikaajalist kaitset ilma sagedase vahetamise vajaduseta.<\/p>\n<p>\n<img decoding=\"async\" alt=\"\" border=\"0\" src=\"https:\/\/assets.innpro.pl\/13357\/16443\/5.jpg\"\/>\n<\/p>\n<div class=\"table-wrapper\">\n<p>\u0412\u00a0<\/p>\n<h3><\/h3>\n<table>\n<tbody>\n<tr>\n<th>Tootja<\/th>\n<td>Heiman<\/td>\n<\/tr>\n<tr>\n<th>Mudel<\/th>\n<td>HM-720ES-W<\/td>\n<\/tr>\n<tr>\n<th>Anduri t\u00fc\u00fcp<\/th>\n<td>elektrokeemiline<\/td>\n<\/tr>\n<tr>\n<th>Anduri eluiga<\/th>\n<td>10 aastat<\/td>\n<\/tr>\n<tr>\n<th>H\u00e4iresignaali helitugevus<\/th>\n<td>85 dB<\/td>\n<\/tr>\n<tr>\n<th>Toiteallikas<\/th>\n<td>aku<\/td>\n<\/tr>\n<tr>\n<th>Lisafunktsioonid<\/th>\n<td>enesediagnostika, madalpinge hoiatus, LED-indikaatorid<\/td>\n<\/tr>\n<tr>\n<th>\u00dchenduvus<\/th>\n<td>Juhtmevaba moodul, v\u00f5imalus \u00fchendada kuni 40 seadet<\/td>\n<\/tr>\n<tr>\n<th>Kaugjuhtimine<\/th>\n<td>jah, mobiilirakendus<\/td>\n<\/tr>\n<tr>\n<th>Paigalduskohad<\/th>\n<td>kodu, hotell, restoran, pood, tehas<\/td>\n<\/tr>\n<\/tbody>\n<\/table>\n<\/div>\n","protected":false},"excerpt":{"rendered":"<p>Traadita alarm CO Heiman HM-720ES-W omavahel \u00fchendatud Heiman HM-720ES-W on nutikas vingugaasidetektor traadita omavahel \u00fchendatud mooduliga, mis pakub usaldusv\u00e4\u00e4rset kaitset kodus, hotellis, restoranis v\u00f5i t\u00f6\u00f6stusettev\u00f5ttes. See tuvastab vingugaasi olemasolu reaalajas ja h\u00e4daolukorras k\u00e4ivitab 85 dB helisignaali ning teavitab teisi \u00fchendatud seadmeid. Elektrokeemiline andur tagab suure t\u00e4psusega m\u00f5\u00f5tmise ja kuni 10-aastase eluea. Lisaks pakub seade enesediagnostika [&#8230;]\n","protected":false},"featured_media":29182,"comment_status":"open","ping_status":"closed","template":"","meta":[],"product_brand":[639],"product_cat":[948],"product_tag":[],"class_list":{"0":"post-29181","1":"product","2":"type-product","3":"status-publish","4":"has-post-thumbnail","6":"product_brand-heiman","7":"product_cat-sensors","9":"first","10":"outofstock","11":"taxable","12":"shipping-taxable","13":"purchasable","14":"product-type-simple"},"aioseo_notices":[],"_links":{"self":[{"href":"https:\/\/asura.lv\/et\/wp-json\/wp\/v2\/product\/29181","targetHints":{"allow":["GET"]}}],"collection":[{"href":"https:\/\/asura.lv\/et\/wp-json\/wp\/v2\/product"}],"about":[{"href":"https:\/\/asura.lv\/et\/wp-json\/wp\/v2\/types\/product"}],"replies":[{"embeddable":true,"href":"https:\/\/asura.lv\/et\/wp-json\/wp\/v2\/comments?post=29181"}],"wp:featuredmedia":[{"embeddable":true,"href":"https:\/\/asura.lv\/et\/wp-json\/wp\/v2\/media\/29182"}],"wp:attachment":[{"href":"https:\/\/asura.lv\/et\/wp-json\/wp\/v2\/media?parent=29181"}],"wp:term":[{"taxonomy":"product_brand","embeddable":true,"href":"https:\/\/asura.lv\/et\/wp-json\/wp\/v2\/product_brand?post=29181"},{"taxonomy":"product_cat","embeddable":true,"href":"https:\/\/asura.lv\/et\/wp-json\/wp\/v2\/product_cat?post=29181"},{"taxonomy":"product_tag","embeddable":true,"href":"https:\/\/asura.lv\/et\/wp-json\/wp\/v2\/product_tag?post=29181"}],"curies":[{"name":"wp","href":"https:\/\/api.w.org\/{rel}","templated":true}]}}