{"id":29211,"date":"2025-11-28T23:09:22","date_gmt":"2025-11-28T23:09:22","guid":{"rendered":"https:\/\/asura.lv\/product\/shelly-pm-gen3-drimmer-lighting-controller-0-1-10v-wifi-bluetooth\/"},"modified":"2025-12-12T15:15:16","modified_gmt":"2025-12-12T13:15:16","slug":"shelly-pm-gen3-drimmer-lighting-controller-0-1-10v-wifi-bluetooth","status":"publish","type":"product","link":"https:\/\/asura.lv\/et\/toode\/shelly-pm-gen3-drimmer-lighting-controller-0-1-10v-wifi-bluetooth\/","title":{"rendered":"Shelly PM Gen3 Drimmer valgustuskontroller 0\/1-10V, WiFi\/Bluetooth"},"content":{"rendered":"<h3>Shelly Dimmer 0\/1-10V PM Gen3 valgustuskontroller<\/h3>\n<p>Shelly Dimmer 0\/1-10V PM Gen3 on mitmek\u00fclgne valgustuskontroller, mis pakub t\u00e4ielikku kontrolli heleduse ja energiatarbimise \u00fcle teie kodus v\u00f5i kontoris. Toetades 0\/1-10V standardit ja integreeritud energiatarbimise j\u00e4lgimise funktsioone, pakub seade t\u00e4psust ja paindlikkust erinevat t\u00fc\u00fcpi valgustuse haldamisel. Optimeeritud t\u00f6\u00f6tama populaarsete automatiseerimisplatvormidega, toob Shelly Dimmer Gen3 igap\u00e4evaellu uue kvaliteedi \u2013 ilma t\u00e4iendavate jaoturite vajaduseta.<\/p>\n<p>\n<img decoding=\"async\" border=\"0\" src=\"https:\/\/assets.innpro.pl\/11595\/13728\/4.jpg\"\/>\n<\/p>\n<h3>Sujuv valgustuse juhtimine<\/h3>\n<p>Shelly Dimmer 0\/1-10V PM Gen3 pakub t\u00e4ielikku kontrolli valguse heleduse \u00fcle, kohandades seda teie praeguste vajaduste ja eelistustega. Seade toetab \u00fche- ja kahesuunalist h\u00e4mardusre\u017eiimi ning t\u00f6\u00f6tab ideaalselt nii f\u00fc\u00fcsiliste l\u00fclitite kui ka automatiseeritud s\u00fcsteemidega. Lisaks v\u00f5imaldab sisseehitatud \u00f6\u00f6re\u017eiim heledust \u00f5htutundidel automaatselt v\u00e4hendada, suurendades kasutajamugavust.<\/p>\n<p>\n<img decoding=\"async\" border=\"0\" src=\"https:\/\/assets.innpro.pl\/11595\/13728\/2.jpg\"\/>\n<\/p>\n<h3>Energiatarbimise j\u00e4lgimine<\/h3>\n<p>Shelly Dimmer Gen3 \u00fcks p\u00f5hifunktsioone on v\u00f5ime t\u00e4pselt j\u00e4lgida energiatarbimist. Kontroller kuvab andmeid pinge (V), voolutugevuse (A) ja v\u00f5imsuse (W) kohta, andes teile t\u00e4ieliku \u00fclevaate \u00fchendatud seadmete j\u00f5udlusest. See funktsioon v\u00f5imaldab teil paremini optimeerida energiatarbimist ja v\u00e4hendada tegevuskulusid.<\/p>\n<p>\n<img decoding=\"async\" border=\"0\" src=\"https:\/\/assets.innpro.pl\/11595\/13728\/3.jpg\"\/>\n<\/p>\n<h3>Nutikas automatiseerimine ja integreerimine<\/h3>\n<p>Shelly Dimmer Gen3 kontroller ei ole m\u00f5eldud ainult valgustuse haldamiseks, vaid ka integreerimiseks t\u00e4iustatud automatiseerimiss\u00fcsteemidega. T\u00e4nu selliste protokollide nagu KNXnet\/IP ja MQTT toele sobib seade ideaalselt n\u00f5udlikumate paigaldiste jaoks. Kombineerige see Shelly Plus lisandmooduliga, et rikastada funktsionaalsust t\u00e4iendavate anduritega, n\u00e4iteks niiskuse, temperatuuri v\u00f5i valguse intensiivsuse m\u00f5\u00f5tmisega. Kohandatavad l\u00e4viv\u00e4\u00e4rtused ja nihked muudavad seadme kohandatavaks vastavalt individuaalsetele kasutajavajadustele.<\/p>\n<p>\n<img decoding=\"async\" border=\"0\" src=\"https:\/\/assets.innpro.pl\/11595\/13728\/1.jpg\"\/>\n<\/p>\n<h3>Usaldusv\u00e4\u00e4rsus<\/h3>\n<p>Uue ESP Shelly protsessori ja suurendatud v\u00e4lkm\u00e4luga varustatud kontroller pakub usaldusv\u00e4\u00e4rsust, kiiret reageerimisv\u00f5imet ja j\u00f5udlust, mis vastab isegi k\u00f5ige n\u00f5udlikumate kasutajate ootustele. WiFi-v\u00f5imendi ja BLE-l\u00fc\u00fcsi funktsioonid pakuvad veelgi paremat leviala ja \u00fchenduse stabiilsust, samas kui \u00fchilduvus populaarsete platvormidega nagu Alexa, Google Assistant ja Home Assistant garanteerib intuitiivse kasutamise ja mitmek\u00fclgsed rakendused.<\/p>\n<p>\n<img decoding=\"async\" border=\"0\" src=\"https:\/\/assets.innpro.pl\/11595\/13728\/7.jpg\"\/>\n<\/p>\n<div class=\"table-wrapper\">\n<p>\u0412\u00a0<\/p>\n<h3><\/h3>\n<table>\n<tbody>\n<tr>\n<th>Tootja<\/th>\n<td>Shelly<\/td>\n<\/tr>\n<tr>\n<th>Mudel<\/th>\n<td>0\/1-10VPMgen3<\/td>\n<\/tr>\n<tr>\n<th>M\u00f5\u00f5tmed<\/th>\n<td>38,5 x 43,5 x 17 mm<\/td>\n<\/tr>\n<tr>\n<th>Kaal<\/th>\n<td>28,5 g<\/td>\n<\/tr>\n<tr>\n<th>Kruvklemmide maksimaalne pingutusmoment<\/th>\n<td>0,4 Nm<\/td>\n<\/tr>\n<tr>\n<th>Juhtmete ristl\u00f5ige<\/th>\n<td>0,2 kuni 2,5 mm\u00b2 (j\u00e4igad juhid, keerutatud juhid ja h\u00fclssklemmid)<\/td>\n<\/tr>\n<tr>\n<th>Koristatud juhtme pikkus<\/th>\n<td>5 kuni 6 mm<\/td>\n<\/tr>\n<tr>\n<th>Paigaldus<\/th>\n<td>Seinakonsoolis \/ seina taga \/ laekonstruktsioonis<\/td>\n<\/tr>\n<tr>\n<th>Korpuse materjal<\/th>\n<td>Plast<\/td>\n<\/tr>\n<tr>\n<th>Korpuse v\u00e4rv<\/th>\n<td>Pantone 2736C (sinine)<\/td>\n<\/tr>\n<tr>\n<th>Pistikute v\u00e4rv<\/th>\n<td>Must<\/td>\n<\/tr>\n<tr>\n<th>T\u00f6\u00f6temperatuuri vahemik<\/th>\n<td>-20 \u00b0C kuni 40 \u00b0C<\/td>\n<\/tr>\n<tr>\n<th>Niiskus<\/th>\n<td>30% &#8211; 70% suhteline \u00f5huniiskus<\/td>\n<\/tr>\n<tr>\n<th>Maksimaalne paigaldusk\u00f5rgus<\/th>\n<td>2000 m<\/td>\n<\/tr>\n<tr>\n<th>Toiteallikas<\/th>\n<td>110-240 V~ 50\/60 Hz<\/td>\n<\/tr>\n<tr>\n<th>Energiatarve<\/th>\n<td>< 1,5 W<\/td>\n<\/tr>\n<tr>\n<th>Neutraaljuhet pole vaja<\/th>\n<td>Ei<\/td>\n<\/tr>\n<tr>\n<th>Pinge juhtimise t\u00fc\u00fcp 0-10V\/1-10V<\/th>\n<td>Vooluallikas<\/td>\n<\/tr>\n<tr>\n<th>L\u00fchise tugevus<\/th>\n<td>6 kA<\/td>\n<\/tr>\n<tr>\n<th>Energiapiirangu klass<\/th>\n<td>3<\/td>\n<\/tr>\n<tr>\n<th>Maksimaalne l\u00fclitusv\u00f5imsus Pinge<\/th>\n<td>240 V~<\/td>\n<\/tr>\n<tr>\n<th>Maksimaalne l\u00fclitusvool<\/th>\n<td>13 A<\/td>\n<\/tr>\n<tr>\n<th>Maksimaalne juhtvool<\/th>\n<td>35 mA<\/td>\n<\/tr>\n<tr>\n<th>Voltmeeter (vahelduvvool)<\/th>\n<td>110 V &#8211; 240 V<\/td>\n<\/tr>\n<tr>\n<th>Voltmeetri t\u00e4psus<\/th>\n<td>\u00b110%<\/td>\n<\/tr>\n<tr>\n<th>Ampermeeter (vahelduvvool)<\/th>\n<td>50 mA &#8211; 16 A<\/td>\n<\/tr>\n<tr>\n<th>Ampermeetri t\u00e4psus<\/th>\n<td>\u00b110%<\/td>\n<\/tr>\n<tr>\n<th>V\u00f5imsuse ja energia m\u00f5\u00f5tmine<\/th>\n<td>Aktiiv- ja n\u00e4ivv\u00f5imsus, aktiiv- ja n\u00e4ivenergia, v\u00f5imsustegur (v\u00f5imsustegur)<\/td>\n<\/tr>\n<tr>\n<th>M\u00f5\u00f5teandmed salvestusruum<\/th>\n<td>Ei<\/td>\n<\/tr>\n<tr>\n<th>Sisseehitatud temperatuuriandur<\/th>\n<td>Jah<\/td>\n<\/tr>\n<tr>\n<th>Raadioside<\/th>\n<td>Wi-Fi leviala<\/td>\n<\/tr>\n<tr>\n<th>Kuni 30 m siseruumides, kuni 50 m \u00f5ues (s\u00f5ltuvalt kohalikest tingimustest)<\/th>\n<td>Bluetoothi \u200b\u200bprotokoll<\/td>\n<\/tr>\n<tr>\n<th>4.2<\/th>\n<td>Bluetoothi \u200b\u200bleviala<\/td>\n<\/tr>\n<tr>\n<th>Kuni 10 m siseruumides, kuni 30 m \u00f5ues (s\u00f5ltuvalt kohalikest tingimustest)<\/th>\n<td>Protsessor<\/td>\n<\/tr>\n<tr>\n<th>Shelly ESP32 C3<\/th>\n<td>Taktsagedus<\/td>\n<\/tr>\n<tr>\n<th>40 MHz<\/th>\n<td>V\u00e4lkm\u00e4lu<\/td>\n<\/tr>\n<tr>\n<th>8 MB<\/th>\n<td>Ajakavad<\/td>\n<\/tr>\n<tr>\n<th>20<\/th>\n<td>Veebikonksud (URL-i jagamised)<\/td>\n<\/tr>\n<tr>\n<th>20 (5 URL-i veebikonksu kohta)<\/th>\n<td>Skriptitugi<\/td>\n<\/tr>\n<tr>\n<th>Jah<\/th>\n<td>MQTT<\/td>\n<\/tr>\n<tr>\n<th>Jah<\/th>\n<td>T\u00e4psem ajastamine<\/td>\n<\/tr>\n<tr>\n<th>Jah<\/th>\n<td>KVS (v\u00f5tme-v\u00e4\u00e4rtuse salvestamine)<\/td>\n<\/tr>\n<tr>\n<th>Jah<\/th>\n<\/tr>\n<\/tbody>\n<\/table>\n<\/div>\n","protected":false},"excerpt":{"rendered":"<p>Shelly Dimmer 0\/1-10V PM Gen3 valgustuskontroller Shelly Dimmer 0\/1-10V PM Gen3 on mitmek\u00fclgne valgustuskontroller, mis pakub t\u00e4ielikku kontrolli heleduse ja energiatarbimise \u00fcle teie kodus v\u00f5i kontoris. Toetades 0\/1-10V standardit ja integreeritud energiatarbimise j\u00e4lgimise funktsioone, pakub seade t\u00e4psust ja paindlikkust erinevat t\u00fc\u00fcpi valgustuse haldamisel. Optimeeritud t\u00f6\u00f6tama populaarsete automatiseerimisplatvormidega, toob Shelly Dimmer Gen3 igap\u00e4evaellu uue kvaliteedi \u2013 [&#8230;]\n","protected":false},"featured_media":29212,"comment_status":"open","ping_status":"closed","template":"","meta":[],"product_brand":[551],"product_cat":[918],"product_tag":[],"class_list":{"0":"post-29211","1":"product","2":"type-product","3":"status-publish","4":"has-post-thumbnail","6":"product_brand-shelly","7":"product_cat-smart-controllers","9":"first","10":"outofstock","11":"taxable","12":"shipping-taxable","13":"purchasable","14":"product-type-simple"},"aioseo_notices":[],"_links":{"self":[{"href":"https:\/\/asura.lv\/et\/wp-json\/wp\/v2\/product\/29211","targetHints":{"allow":["GET"]}}],"collection":[{"href":"https:\/\/asura.lv\/et\/wp-json\/wp\/v2\/product"}],"about":[{"href":"https:\/\/asura.lv\/et\/wp-json\/wp\/v2\/types\/product"}],"replies":[{"embeddable":true,"href":"https:\/\/asura.lv\/et\/wp-json\/wp\/v2\/comments?post=29211"}],"wp:featuredmedia":[{"embeddable":true,"href":"https:\/\/asura.lv\/et\/wp-json\/wp\/v2\/media\/29212"}],"wp:attachment":[{"href":"https:\/\/asura.lv\/et\/wp-json\/wp\/v2\/media?parent=29211"}],"wp:term":[{"taxonomy":"product_brand","embeddable":true,"href":"https:\/\/asura.lv\/et\/wp-json\/wp\/v2\/product_brand?post=29211"},{"taxonomy":"product_cat","embeddable":true,"href":"https:\/\/asura.lv\/et\/wp-json\/wp\/v2\/product_cat?post=29211"},{"taxonomy":"product_tag","embeddable":true,"href":"https:\/\/asura.lv\/et\/wp-json\/wp\/v2\/product_tag?post=29211"}],"curies":[{"name":"wp","href":"https:\/\/api.w.org\/{rel}","templated":true}]}}