{"id":29325,"date":"2025-11-28T23:06:21","date_gmt":"2025-11-28T23:06:21","guid":{"rendered":"https:\/\/asura.lv\/product\/jump-starter-baseus-super-energy-10000mah-1000a-bl\/"},"modified":"2025-12-12T15:12:22","modified_gmt":"2025-12-12T13:12:22","slug":"jump-starter-baseus-super-energy-10000mah-1000a-bl","status":"publish","type":"product","link":"https:\/\/asura.lv\/et\/toode\/jump-starter-baseus-super-energy-10000mah-1000a-bl\/","title":{"rendered":"K\u00e4ivitusabi Baseus Super Energy 10000mAh 1000A Bl"},"content":{"rendered":"<h3>K\u00e4ivitusabi Baseus Super Energy 10000mAh 1000A Bl<\/h3>\n<p>Baseuse k\u00e4ivitusabi on oluline vidin igale juhile, kes hindab t\u00f6\u00f6kindlust, ohutust ja funktsionaalsust. V\u00f5imsa aku, kiire k\u00e4ivituse isegi \u00e4\u00e4rmuslikes tingimustes ja lisafunktsiooniga varupatarei vastab Baseus Super Energy k\u00f5igile teie vajadustele. Sellesse k\u00e4ivitisse investeerides v\u00f5ite olla kindel, et saate alati oma s\u00f5idukile ja oma mobiilseadmetele t\u00e4iendavale energiaallikale loota. \u00c4rge oodake &#8211; valige Baseus Super Energy ja nautige meelerahu igal teel!<\/p>\n<p>\n<img decoding=\"async\" border=\"0\" src=\"https:\/\/assets.innpro.pl\/10386\/12200\/6.jpg\"\/>\n<\/p>\n<h3>\u00dcletamatu k\u00e4ivitusv\u00f5imsus<\/h3>\n<p>Baseus Super Energy on \u00fcliv\u00f5imas autok\u00e4ivitusabi, mis tagab teie s\u00f5iduki kohese ja kiire k\u00e4ivitamise isegi nullpinge korral. Muljetavaldava 1000 A tippvoolu ja 500 A k\u00e4ivitusvooluga saab see starter hakkama ka k\u00f5ige n\u00f5udlikumates olukordades, garanteerides 40-kordse aku k\u00e4ivituse.<\/p>\n<p>\n<img decoding=\"async\" border=\"0\" src=\"https:\/\/assets.innpro.pl\/10386\/12200\/3.jpg\"\/>\n<\/p>\n<h3>Mitmek\u00fclgsus ja ohutus<\/h3>\n<p>Baseus Super Energy on loodud 12-voldise k\u00fctusega s\u00f5idukitele, mist\u00f5ttu sobib see ideaalselt paljudele autodele ja kaubikutele. T\u00e4nu \u00fcliturvalistele akuelementidele ja elektrilisele s\u00fcdamikule pakub see kaitset \u00fclelaadimise, \u00fclekuumenemise ja l\u00fchise eest, tagades nii teie kui ka teie s\u00f5iduki ohutuse.<\/p>\n<p>\n<img decoding=\"async\" border=\"0\" src=\"https:\/\/assets.innpro.pl\/10386\/12200\/2.jpg\"\/>\n<\/p>\n<h3>J\u00f5udlus igas olukorras<\/h3>\n<p>S\u00f5ltumata ilmastikutingimustest j\u00e4\u00e4b Baseus Super Energy usaldusv\u00e4\u00e4rseks. See starter, mis on loodud kiireks k\u00e4ivitumiseks isegi -20 kraadi juures, s\u00e4ilitab suure j\u00f5udluse isegi \u00e4\u00e4rmiselt k\u00fclma ilmaga, mist\u00f5ttu on see ideaalne valik talvekuudel.<\/p>\n<p>\n<img decoding=\"async\" border=\"0\" src=\"https:\/\/assets.innpro.pl\/10386\/12200\/5.jpg\"\/>\n<\/p>\n<h3>Lisapraktilisus<\/h3>\n<p>Baseus Super Energy mitte ainult ei k\u00e4ivita teie autot, vaid toimib ka varupatareina. Varustatud USB ja Type-C portidega maksimaalse pingega 5V\/2.4A, v\u00f5imaldab see teil laadida nutitelefone, tahvelarvuteid ja muid mobiilseadmeid liikvel olles. See on suurep\u00e4rane lahendus, mis pakub t\u00e4ielikku funktsionaalsust \u00fches kompaktses seadmes.<\/p>\n<p>\n<img decoding=\"async\" border=\"0\" src=\"https:\/\/assets.innpro.pl\/10386\/12200\/7.jpg\"\/>\n<\/p>\n<h3>Avariivalgustus ja kompaktne disain<\/h3>\n<p>Jump Starter Baseus Super Energy lisaboonuseks on sisseehitatud avariivalgustus, mis tagab \u00f6ise k\u00e4ivitamise ajal t\u00e4iendava ohutuse. Kerge kaal ja kompaktne suurus muudavad seadme kaasaskandmise ja hoiustamise lihtsaks. See mahub kergesti teie auto kindalaekasse, kotti v\u00f5i seljakotti ja on alati vajadusel kasutusvalmis.<\/p>\n<p>\n<img decoding=\"async\" border=\"0\" src=\"https:\/\/assets.innpro.pl\/10386\/12200\/4.jpg\"\/>\n<\/p>\n<div class=\"table-wrapper\">\n<p>B\u00a0<\/p>\n<h3><\/h3>\n<table>\n<tbody>\n<tr>\n<th>Tootja<\/th>\n<td>Baseus<\/td>\n<\/tr>\n<tr>\n<th>Mudel<\/th>\n<td>Super Energy<\/td>\n<\/tr>\n<tr>\n<th>V\u00e4rv<\/th>\n<td>must<\/td>\n<\/tr>\n<tr>\n<th>Tippvool<\/th>\n<td>1000A<\/td>\n<\/tr>\n<tr>\n<th>Sisselaskevool<\/th>\n<td>500A<\/td>\n<\/tr>\n<tr>\n<th>Aku mahtuvus<\/th>\n<td>10000 mAh<\/td>\n<\/tr>\n<tr>\n<th>Pordid<\/th>\n<td>USB, C-t\u00fc\u00fcpi<\/td>\n<\/tr>\n<tr>\n<th>Pordide maksimaalne elektriline pinge<\/th>\n<td>5V\/2,4A<\/td>\n<\/tr>\n<\/tbody>\n<\/table>\n<\/div>\n","protected":false},"excerpt":{"rendered":"<p>K\u00e4ivitusabi Baseus Super Energy 10000mAh 1000A Bl Baseuse k\u00e4ivitusabi on oluline vidin igale juhile, kes hindab t\u00f6\u00f6kindlust, ohutust ja funktsionaalsust. V\u00f5imsa aku, kiire k\u00e4ivituse isegi \u00e4\u00e4rmuslikes tingimustes ja lisafunktsiooniga varupatarei vastab Baseus Super Energy k\u00f5igile teie vajadustele. Sellesse k\u00e4ivitisse investeerides v\u00f5ite olla kindel, et saate alati oma s\u00f5idukile ja oma mobiilseadmetele t\u00e4iendavale energiaallikale loota. \u00c4rge [&#8230;]\n","protected":false},"featured_media":29326,"comment_status":"open","ping_status":"closed","template":"","meta":[],"product_brand":[95],"product_cat":[1464],"product_tag":[],"class_list":{"0":"post-29325","1":"product","2":"type-product","3":"status-publish","4":"has-post-thumbnail","6":"product_brand-baseus","7":"product_cat-jump-starters","9":"first","10":"outofstock","11":"taxable","12":"shipping-taxable","13":"purchasable","14":"product-type-simple"},"aioseo_notices":[],"_links":{"self":[{"href":"https:\/\/asura.lv\/et\/wp-json\/wp\/v2\/product\/29325","targetHints":{"allow":["GET"]}}],"collection":[{"href":"https:\/\/asura.lv\/et\/wp-json\/wp\/v2\/product"}],"about":[{"href":"https:\/\/asura.lv\/et\/wp-json\/wp\/v2\/types\/product"}],"replies":[{"embeddable":true,"href":"https:\/\/asura.lv\/et\/wp-json\/wp\/v2\/comments?post=29325"}],"wp:featuredmedia":[{"embeddable":true,"href":"https:\/\/asura.lv\/et\/wp-json\/wp\/v2\/media\/29326"}],"wp:attachment":[{"href":"https:\/\/asura.lv\/et\/wp-json\/wp\/v2\/media?parent=29325"}],"wp:term":[{"taxonomy":"product_brand","embeddable":true,"href":"https:\/\/asura.lv\/et\/wp-json\/wp\/v2\/product_brand?post=29325"},{"taxonomy":"product_cat","embeddable":true,"href":"https:\/\/asura.lv\/et\/wp-json\/wp\/v2\/product_cat?post=29325"},{"taxonomy":"product_tag","embeddable":true,"href":"https:\/\/asura.lv\/et\/wp-json\/wp\/v2\/product_tag?post=29325"}],"curies":[{"name":"wp","href":"https:\/\/api.w.org\/{rel}","templated":true}]}}