{"id":29439,"date":"2025-11-28T23:06:12","date_gmt":"2025-11-28T23:06:12","guid":{"rendered":"https:\/\/asura.lv\/product\/freewell-magnetic-folding-handle\/"},"modified":"2025-12-12T15:12:13","modified_gmt":"2025-12-12T13:12:13","slug":"freewell-magnetic-folding-handle","status":"publish","type":"product","link":"https:\/\/asura.lv\/et\/toode\/freewell-magnetic-folding-handle\/","title":{"rendered":"Freewelli magnetiline kokkupandav k\u00e4epide"},"content":{"rendered":"<h3>Freewelli magnetiline kokkupandav kinnitus<\/h3>\n<p>Freewelli magnetiline kinnitus on oluline aksessuaar k\u00f5igile, kes soovivad oma mobiilsete fotode ja videote kvaliteeti parandada. Kompaktse disaini, MagSafe&#8217;i \u00fchilduvuse, mitmek\u00fclgsete pildistamisnurkade, Arca-Swiss&#8217;i \u00fchilduvuse ja vastupidava, kerge konstruktsiooniga pakub Freewelli kinnitus v\u00f5rratut mugavust ja funktsionaalsust. Freewelli investeerides saate lisaks pildistamisvahendile ka tuge unustamatute m\u00e4lestuste loomisel.<\/p>\n<p>\n<img decoding=\"async\" border=\"0\" src=\"https:\/\/assets.innpro.pl\/10297\/12099\/4.jpg\"\/>\n<\/p>\n<h3>Praktilisus igaks s\u00fcndmuseks<\/h3>\n<p>T\u00e4nu kompaktsele ja kokkupandavale disainile mahub Freewelli kinnitus h\u00f5lpsalt taskusse v\u00f5i kotti, muutes selle ideaalseks reisikaaslaseks. Pole t\u00e4htis, kus sa oled \u2013 reisil, \u00e4rireisil v\u00f5i s\u00f5pradega v\u00e4ljas \u2013 sul on alati kaasas usaldusv\u00e4\u00e4rne statiiv ja selfie-pulk, mis on hetkega kasutusvalmis.<\/p>\n<p>\n<img decoding=\"async\" border=\"0\" src=\"https:\/\/assets.innpro.pl\/10297\/12099\/5.jpg\"\/>\n<\/p>\n<h3>\u00dchildub MagSafe&#8217;iga \u2013 turvaline ja stabiilne \u00fchendus<\/h3>\n<p>Freewelli kinnitus on spetsiaalselt loodud sujuvaks t\u00f6\u00f6ks iPhone&#8217;ide ja k\u00f5igi MagSafe&#8217;i toetavate nutitelefoni\u00fcmbristega. T\u00e4nu magnetilisele kinnitustehnoloogiale on sinu telefon alati kindlalt kinnitatud, tagades stabiilsuse fotode ja videote tegemisel. Sa ei pea enam kunagi muretsema seadme kogemata maha kukkumise p\u00e4rast.<\/p>\n<p>\n<img decoding=\"async\" border=\"0\" src=\"https:\/\/assets.innpro.pl\/10297\/12099\/9.jpg\"\/>\n<\/p>\n<h3>Mitmek\u00fclgsed pildistamisnurgad<\/h3>\n<p>Lihtsate k\u00f5rguse ja nurga reguleerimistega v\u00f5imaldab Freewelli kinnitus teil kiiresti kohanduda iga fotosituatsiooniga. Olenemata sellest, kas teete selfisid, grupipilte v\u00f5i aeglustatud videoid, saate alati j\u00e4\u00e4dvustada ideaalse kaadri. Selle kinnituse paindlikkus muudab iga foto ainulaadseks ja professionaalseks.<\/p>\n<p>\n<img decoding=\"async\" border=\"0\" src=\"https:\/\/assets.innpro.pl\/10297\/12099\/3.jpg\"\/>\n<\/p>\n<h3>Professionaalne stabiilsus ja paindlikkus<\/h3>\n<p>Freewelli kinnitus on varustatud Arca-Swiss s\u00fcsteemiga \u00fchilduva klambriga, mis v\u00f5imaldab sujuvat integratsiooni laia valiku fototarvikutega. See v\u00f5imaldab teil kasutada professionaalseid statiive, kaamerap\u00e4id ja muud varustust, et suurendada oma loomingulisi v\u00f5imeid ja pakkuda stabiilsust erinevates tingimustes pildistades.<\/p>\n<p>\n<img decoding=\"async\" border=\"0\" src=\"https:\/\/assets.innpro.pl\/10297\/12099\/1.jpg\"\/>\n<\/p>\n<h3>Vastupidav ja kerge alumiinium \u2013 tugevus ja liikuvus \u00fches<\/h3>\n<p>Kvaliteetsest alumiiniumsulamist valmistatud Freewelli kinnitus \u00fchendab endas vastupidavuse ja kerguse. See on piisavalt vastupidav igap\u00e4evaste v\u00e4ljakutsete jaoks, kuid samas piisavalt kerge, et mitte koormata teie kotti ega taskut. See on ideaalne neile, kes hindavad nii kvaliteeti kui ka liikuvust. Avasta Freewelli kinnituse pakutavad rohkem v\u00f5imalusi ja naudi iga hetke suurep\u00e4rase kvaliteediga j\u00e4\u00e4dvustamisel.<\/p>\n<p>\n<img decoding=\"async\" border=\"0\" src=\"https:\/\/assets.innpro.pl\/10297\/12099\/2.jpg\"\/>\n<\/p>\n<h3><\/h3>\n<ul class=\"list-disc pl-5\">\n<li>Kokkupandav hoidik<\/li>\n<li>Alus<\/li>\n<li>Selfipulk<\/li>\n<\/ul>\n<div class=\"table-wrapper\">\n<p>\u0412\u00a0<\/p>\n<h3><\/h3>\n<table>\n<tbody>\n<tr>\n<th>Tootja<\/th>\n<td>Freewell<\/td>\n<\/tr>\n<tr>\n<th>\u00dchilduvus<\/th>\n<td>iPhone&#8217;id, Samsungid, k\u00f5ik nutitelefoni\u00fcmbrised, mis toetavad MagSafe&#8217;i tehnoloogiat<\/td>\n<\/tr>\n<tr>\n<th>Valmistamismaterjal<\/th>\n<td>alumiinium sulam<\/td>\n<\/tr>\n<\/tbody>\n<\/table>\n<\/div>\n","protected":false},"excerpt":{"rendered":"<p>Freewelli magnetiline kokkupandav kinnitus Freewelli magnetiline kinnitus on oluline aksessuaar k\u00f5igile, kes soovivad oma mobiilsete fotode ja videote kvaliteeti parandada. Kompaktse disaini, MagSafe&#8217;i \u00fchilduvuse, mitmek\u00fclgsete pildistamisnurkade, Arca-Swiss&#8217;i \u00fchilduvuse ja vastupidava, kerge konstruktsiooniga pakub Freewelli kinnitus v\u00f5rratut mugavust ja funktsionaalsust. Freewelli investeerides saate lisaks pildistamisvahendile ka tuge unustamatute m\u00e4lestuste loomisel. Praktilisus igaks s\u00fcndmuseks T\u00e4nu kompaktsele ja [&#8230;]\n","protected":false},"featured_media":29440,"comment_status":"open","ping_status":"closed","template":"","meta":[],"product_brand":[491],"product_cat":[1044],"product_tag":[],"class_list":{"0":"post-29439","1":"product","2":"type-product","3":"status-publish","4":"has-post-thumbnail","6":"product_brand-freewell","7":"product_cat-straps-mounts-and-holders","9":"first","10":"outofstock","11":"taxable","12":"shipping-taxable","13":"purchasable","14":"product-type-simple"},"aioseo_notices":[],"_links":{"self":[{"href":"https:\/\/asura.lv\/et\/wp-json\/wp\/v2\/product\/29439","targetHints":{"allow":["GET"]}}],"collection":[{"href":"https:\/\/asura.lv\/et\/wp-json\/wp\/v2\/product"}],"about":[{"href":"https:\/\/asura.lv\/et\/wp-json\/wp\/v2\/types\/product"}],"replies":[{"embeddable":true,"href":"https:\/\/asura.lv\/et\/wp-json\/wp\/v2\/comments?post=29439"}],"wp:featuredmedia":[{"embeddable":true,"href":"https:\/\/asura.lv\/et\/wp-json\/wp\/v2\/media\/29440"}],"wp:attachment":[{"href":"https:\/\/asura.lv\/et\/wp-json\/wp\/v2\/media?parent=29439"}],"wp:term":[{"taxonomy":"product_brand","embeddable":true,"href":"https:\/\/asura.lv\/et\/wp-json\/wp\/v2\/product_brand?post=29439"},{"taxonomy":"product_cat","embeddable":true,"href":"https:\/\/asura.lv\/et\/wp-json\/wp\/v2\/product_cat?post=29439"},{"taxonomy":"product_tag","embeddable":true,"href":"https:\/\/asura.lv\/et\/wp-json\/wp\/v2\/product_tag?post=29439"}],"curies":[{"name":"wp","href":"https:\/\/api.w.org\/{rel}","templated":true}]}}