{"id":29505,"date":"2025-11-28T23:06:05","date_gmt":"2025-11-28T23:06:05","guid":{"rendered":"https:\/\/asura.lv\/product\/romoss-powerbank-wsc05-20w-5000mah-white\/"},"modified":"2025-12-12T15:12:07","modified_gmt":"2025-12-12T13:12:07","slug":"romoss-powerbank-wsc05-20w-5000mah-white","status":"publish","type":"product","link":"https:\/\/asura.lv\/et\/toode\/romoss-powerbank-wsc05-20w-5000mah-white\/","title":{"rendered":"Romoss Powerbank WSC05 20W 5000mAh (valge)"},"content":{"rendered":"<h3>V\u00e4lislaadija Romoss WSC05 20W 5000mAh (valge).<\/h3>\n<p>Romoss WSC05 v\u00e4lislaadija on ideaalne kombinatsioon j\u00f5udlusest, ohutusest ja moodsast disainist. Selle kerge ja \u00f5huke disain, v\u00f5imas magnet ja kiire laadimine teevad sellest ideaalse valiku igale nutitelefoni kasutajale. Romoss WSC05-sse investeerides saate usaldusv\u00e4\u00e4rse toiteallika, mis on alati k\u00e4ep\u00e4rast, olenemata olukorrast. Tagage oma meelerahu ja mugavus Romoss WSC05 professionaalse v\u00e4lislaadijaga.<\/p>\n<p>\n<img decoding=\"async\" border=\"0\" src=\"https:\/\/assets.innpro.pl\/10525\/12368\/5.jpg\"\/>\n<\/p>\n<h3>V\u00f5imas magnet<\/h3>\n<p>Ainulaadne 14N magnet v\u00f5imaldab teil h\u00f5lpsalt ja kindlalt ligi meelitada kuni 1,3 kg kaaluvaid seadmeid, mis v\u00f5rdub umbes 6,9 telefoniga. Magnetid ei varja kaamera objektiivi, tagades telefoni t\u00e4ieliku funktsionaalsuse varupatarei kasutamise ajal. Magnetiline laadimine aktiveerub nutitelefoniga \u00fchendamisel automaatselt, ilma et oleks vaja k\u00e4sitsi aktiveerida, muutes kasutamise mugavaks ja intuitiivseks.<\/p>\n<p>\n<img decoding=\"async\" border=\"0\" src=\"https:\/\/assets.innpro.pl\/10525\/12368\/6.jpg\"\/>\n<\/p>\n<h3>Suur mahutavus ja kiire laadimine<\/h3>\n<p>5000mAh mahutavusega Romoss WSC05 pakub iPhone 15 Pro-le umbes 110% v\u00e4list toidet, mis v\u00f5imaldab telefoni umbes 1,1 korda t\u00e4ielikult laadida. 20W laadimistehnoloogiaga saab varupatarei iPhone 15 Pro kiiresti 60%-ni laadida vaid 30 minutiga. Lisaks toetab see Apple&#8217;i, Samsungi, Huawei v\u00f5i Xiaomi seadmete kiirlaadimist kuni 20 W ja iPhone 12-15 seeria magnetilist laadimist kuni 15 W.<\/p>\n<p>\n<img decoding=\"async\" border=\"0\" src=\"https:\/\/assets.innpro.pl\/10525\/12368\/4.jpg\"\/>\n<\/p>\n<h3>Kerge ja \u00f5huke \u2013 ideaalne reisimiseks<\/h3>\n<p>Romoss WSC05 kaalub vaid 131 g, mis teeb sellest \u00e4\u00e4rmiselt kerge ja \u00f5hukese akupaki. Selle kompaktne suurus v\u00f5imaldab seda h\u00f5lpsalt igas kotis v\u00f5i seljakotis hoiustada, ilma et nutitelefoni raskeks teeksite. T\u00e4nu vedelale silikoonile tagab varupatarei parema haarduvuse ja libisemise v\u00e4ltimise, pakkudes mugavat ja sujuvat puudutust.<\/p>\n<p>\n<img decoding=\"async\" border=\"0\" src=\"https:\/\/assets.innpro.pl\/10525\/12368\/2.jpg\"\/>\n<\/p>\n<h3>T\u00e4iustatud ohutus<\/h3>\n<p>Romoss WSC05 varupatarei on varustatud t\u00e4iustatud kiipidega, mis tagavad k\u00f5rgeima ohutustaseme. NTC-tehnoloogia kontrollib laadimise ajal temperatuuri, kaitstes seadet \u00fclekuumenemise eest. Lisaks on varupatareil kuni 10 t\u00e4iustatud kaitset \u00fclekuumenemise, l\u00fchise, \u00fclepinge v\u00f5i \u00fclelaadimise eest, tagades teie seadmetele t\u00e4ieliku kaitse.<\/p>\n<p>\n<img decoding=\"async\" border=\"0\" src=\"https:\/\/assets.innpro.pl\/10525\/12368\/3.jpg\"\/>\n<\/p>\n<h3>Kahe seadme samaaegne laadimine<\/h3>\n<p>V\u00f5imalusega laadida kahte seadet korraga \u2013 nii juhtmega kui ka juhtmevabalt \u2013 pakub Romoss WSC05 mugavust ja ajas\u00e4\u00e4stu. Olenemata sellest, kas peate laadima nutitelefoni ja k\u00f5rvaklappe v\u00f5i tahvelarvutit ja nutikella, vastab see varupatarei k\u00f5ik teie vajadused.<\/p>\n<p>\n<img decoding=\"async\" border=\"0\" src=\"https:\/\/assets.innpro.pl\/10525\/12368\/7.jpg\"\/>\n<\/p>\n<h3>Kaasas<\/h3>\n<ul class=\"list-disc pl-5\">\n<li>varupatarei<\/li>\n<li>laadimiskaabel<\/li>\n<li>kasutusjuhend<\/li>\n<\/ul>\n<div class=\"table-wrapper\">\n<p>\u0412\u00a0<\/p>\n<h3><\/h3>\n<table>\n<tbody>\n<tr>\n<th>Tootja<\/th>\n<td>Romoss<\/td>\n<\/tr>\n<tr>\n<th>Mudel<\/th>\n<td>WSC05<\/td>\n<\/tr>\n<tr>\n<th>V\u00e4rv<\/th>\n<td>Valge<\/td>\n<\/tr>\n<tr>\n<th>Kaal<\/th>\n<td>131 g<\/td>\n<\/tr>\n<tr>\n<th>Materjal<\/th>\n<td>Vedel silikoon<\/td>\n<\/tr>\n<tr>\n<th>Laetav aku<\/th>\n<td>Liitiumioon<\/td>\n<\/tr>\n<tr>\n<th>Laetava aku mahtuvus<\/th>\n<td>5000 mAh<\/td>\n<\/tr>\n<tr>\n<th>Laadimisv\u00f5imsus<\/th>\n<td>USB-C laadimine: 20 vatti, magnetiline laadimine: kuni 15 vatti iPhone 12-15 puhul seeria<\/td>\n<\/tr>\n<tr>\n<th>Magnetiline j\u00f5ud<\/th>\n<td>14N<\/td>\n<\/tr>\n<tr>\n<th>V\u00e4ljundv\u00f5imsus<\/th>\n<td>5V-3A, 9V-2,22A, 12V-1,67A (USB-C), 5W, 7,5W, 10W, 15W (magnetiline juhtmevaba laadimine)<\/td>\n<\/tr>\n<tr>\n<th>Kogu v\u00e4ljundv\u00f5imsus<\/th>\n<td>5V-3A<\/td>\n<\/tr>\n<tr>\n<th>M\u00f5\u00f5tmed<\/th>\n<td>103 x 67 x 13 mm<\/td>\n<\/tr>\n<\/tbody>\n<\/table>\n<\/div>\n","protected":false},"excerpt":{"rendered":"<p>V\u00e4lislaadija Romoss WSC05 20W 5000mAh (valge). Romoss WSC05 v\u00e4lislaadija on ideaalne kombinatsioon j\u00f5udlusest, ohutusest ja moodsast disainist. Selle kerge ja \u00f5huke disain, v\u00f5imas magnet ja kiire laadimine teevad sellest ideaalse valiku igale nutitelefoni kasutajale. Romoss WSC05-sse investeerides saate usaldusv\u00e4\u00e4rse toiteallika, mis on alati k\u00e4ep\u00e4rast, olenemata olukorrast. Tagage oma meelerahu ja mugavus Romoss WSC05 professionaalse v\u00e4lislaadijaga. [&#8230;]\n","protected":false},"featured_media":29506,"comment_status":"open","ping_status":"closed","template":"","meta":[],"product_brand":[430],"product_cat":[1023],"product_tag":[],"class_list":{"0":"post-29505","1":"product","2":"type-product","3":"status-publish","4":"has-post-thumbnail","6":"product_brand-romoss","7":"product_cat-powerbanks","9":"first","10":"outofstock","11":"taxable","12":"shipping-taxable","13":"purchasable","14":"product-type-simple"},"aioseo_notices":[],"_links":{"self":[{"href":"https:\/\/asura.lv\/et\/wp-json\/wp\/v2\/product\/29505","targetHints":{"allow":["GET"]}}],"collection":[{"href":"https:\/\/asura.lv\/et\/wp-json\/wp\/v2\/product"}],"about":[{"href":"https:\/\/asura.lv\/et\/wp-json\/wp\/v2\/types\/product"}],"replies":[{"embeddable":true,"href":"https:\/\/asura.lv\/et\/wp-json\/wp\/v2\/comments?post=29505"}],"wp:featuredmedia":[{"embeddable":true,"href":"https:\/\/asura.lv\/et\/wp-json\/wp\/v2\/media\/29506"}],"wp:attachment":[{"href":"https:\/\/asura.lv\/et\/wp-json\/wp\/v2\/media?parent=29505"}],"wp:term":[{"taxonomy":"product_brand","embeddable":true,"href":"https:\/\/asura.lv\/et\/wp-json\/wp\/v2\/product_brand?post=29505"},{"taxonomy":"product_cat","embeddable":true,"href":"https:\/\/asura.lv\/et\/wp-json\/wp\/v2\/product_cat?post=29505"},{"taxonomy":"product_tag","embeddable":true,"href":"https:\/\/asura.lv\/et\/wp-json\/wp\/v2\/product_tag?post=29505"}],"curies":[{"name":"wp","href":"https:\/\/api.w.org\/{rel}","templated":true}]}}