{"id":29619,"date":"2025-11-28T23:05:56","date_gmt":"2025-11-28T23:05:56","guid":{"rendered":"https:\/\/asura.lv\/product\/vention-kufb0-40-silicone-case-for-iphone-15-pro-max-black\/"},"modified":"2025-12-12T15:12:00","modified_gmt":"2025-12-12T13:12:00","slug":"vention-kufb0-40-silicone-case-for-iphone-15-pro-max-black","status":"publish","type":"product","link":"https:\/\/asura.lv\/et\/toode\/vention-kufb0-40-silicone-case-for-iphone-15-pro-max-black\/","title":{"rendered":"Vention KUFB0-40 silikoon\u00fcmbris iPhone 15 Pro Maxile (must)"},"content":{"rendered":"<h3>Vention KUFB0-40 kaitse\u00fcmbris iPhone 15 Pro Maxile (must)<\/h3>\n<p>Ventioni \u00fcmbris pakub elegantset ja funktsionaalset kaitset, mis sobib ideaalselt teie iPhone&#8217;ile. Valmistatud k\u00f5rgeima kvaliteediga vedelast silikoonist, tagab see pehme ja siidise haarde, mis mitte ainult ei suurenda mugavust, vaid kaitseb ka v\u00f5imalike kahjustuste eest.<\/p>\n<p>\n<img decoding=\"async\" border=\"0\" src=\"https:\/\/assets.innpro.pl\/10592\/12455\/8.jpg\"\/>\n<\/p>\n<h3>\u00dchildub MagSafe tehnoloogiaga<\/h3>\n<p>\u00dcmbris on varustatud 38 tugeva N52 magnetiga, mis tagavad turvalise ja stabiilse \u00fchenduse MagSafe lisatarvikutega. 7N-8,5N magnetiline j\u00f5ud tagab kindla haarde, muutes \u00fcmbrise ideaalseks juhtmevabaks laadimiseks ja lisatarvikute, n\u00e4iteks magnetiliste v\u00e4liste akupankade ja hoidikute kasutamiseks.<\/p>\n<p>\n<img decoding=\"async\" border=\"0\" src=\"https:\/\/assets.innpro.pl\/10592\/12455\/6.jpg\"\/>\n<\/p>\n<h3>T\u00f5hus kaitse ja mugavus<\/h3>\n<p>Vedelasilikoonist \u00fcmbris mitte ainult ei tundu k\u00e4es hea, vaid kaitseb ka kriimustuste eest t\u00e4nu t\u00f5stetud servadele &#8211; 3,5 mm kaamera \u00fcmber ja 1,6 mm ekraani \u00fcmber. Integreeritud k\u00f5rgendused kaitsevad telefoni tundlikke osi l\u00f6\u00f6kide ja kukkumiste eest, t\u00f5estades end igap\u00e4evases kasutuses. \u00dcmbrise sees olev pehme mikrokiudvooder neelab l\u00f6\u00f6ke ja hoiab \u00e4ra kriimustused.<\/p>\n<p>\n<img decoding=\"async\" border=\"0\" src=\"https:\/\/assets.innpro.pl\/10592\/12455\/5.jpg\"\/>\n<\/p>\n<h3>T\u00e4iuslik sobivus ja t\u00e4psed v\u00e4ljal\u00f5iked<\/h3>\n<p>Lisatarvikut iseloomustavad t\u00e4psed v\u00e4ljal\u00f5iked, mis pakuvad h\u00f5lpsat juurdep\u00e4\u00e4su k\u00f5igile portidele, samas kui spetsiaalselt disainitud nupud reageerivad kiiresti ja sujuvalt. K\u00f5lariaugud on veelgi tolmu eest kaitstud, mis suurendab vastupidavust ja pikendab telefoni tehaseseisundit.<\/p>\n<p>\n<img decoding=\"async\" border=\"0\" src=\"https:\/\/assets.innpro.pl\/10592\/12455\/4.jpg\"\/>\n<\/p>\n<h3>Lihtne puhastada ja vastupidav<\/h3>\n<p>\u00dcmbrisel on t\u00e4iustatud antiikkate, mis muudab selle puhastamise lihtsaks. Kiire p\u00fchkimine on k\u00f5ik, mis eemaldab kogu mustuse ja s\u00f5rmej\u00e4ljed, muutes teie telefoni alati uuev\u00e4\u00e4rseks.<\/p>\n<p>\n<img decoding=\"async\" border=\"0\" src=\"https:\/\/assets.innpro.pl\/10592\/12455\/3.jpg\"\/>\n<\/p>\n<div class=\"table-wrapper\">\n<p>\u0412\u00a0<\/p>\n<h3><\/h3>\n<table>\n<tbody>\n<tr>\n<th>Tootja:<\/th>\n<td>Vention<\/td>\n<\/tr>\n<tr>\n<th>Mudel:<\/th>\n<td>KUFB0-40<\/td>\n<\/tr>\n<tr>\n<th>V\u00e4rv:<\/th>\n<td>Must<\/td>\n<\/tr>\n<tr>\n<th>Materjal:<\/th>\n<td>Vedel silikoon<\/td>\n<\/tr>\n<tr>\n<th>\u00dchilduvus:<\/th>\n<td>iPhone 15 Pro Max<\/td>\n<\/tr>\n<tr>\n<th>MagSafe Toetus:<\/th>\n<td>Jah<\/td>\n<\/tr>\n<tr>\n<th>Magnetid:<\/th>\n<td>N52 x 38<\/td>\n<\/tr>\n<tr>\n<th>Magnetj\u00f5ud:<\/th>\n<td>7N-8,5N<\/td>\n<\/tr>\n<\/tbody>\n<\/table>\n<\/div>\n","protected":false},"excerpt":{"rendered":"<p>Vention KUFB0-40 kaitse\u00fcmbris iPhone 15 Pro Maxile (must) Ventioni \u00fcmbris pakub elegantset ja funktsionaalset kaitset, mis sobib ideaalselt teie iPhone&#8217;ile. Valmistatud k\u00f5rgeima kvaliteediga vedelast silikoonist, tagab see pehme ja siidise haarde, mis mitte ainult ei suurenda mugavust, vaid kaitseb ka v\u00f5imalike kahjustuste eest. \u00dchildub MagSafe tehnoloogiaga \u00dcmbris on varustatud 38 tugeva N52 magnetiga, mis tagavad [&#8230;]\n","protected":false},"featured_media":29620,"comment_status":"open","ping_status":"closed","template":"","meta":[],"product_brand":[474],"product_cat":[1248],"product_tag":[],"class_list":{"0":"post-29619","1":"product","2":"type-product","3":"status-publish","4":"has-post-thumbnail","6":"product_brand-vention","7":"product_cat-protective-cases-for-smartphones-cases-gsm-accessories","9":"first","10":"outofstock","11":"taxable","12":"shipping-taxable","13":"purchasable","14":"product-type-simple"},"aioseo_notices":[],"_links":{"self":[{"href":"https:\/\/asura.lv\/et\/wp-json\/wp\/v2\/product\/29619","targetHints":{"allow":["GET"]}}],"collection":[{"href":"https:\/\/asura.lv\/et\/wp-json\/wp\/v2\/product"}],"about":[{"href":"https:\/\/asura.lv\/et\/wp-json\/wp\/v2\/types\/product"}],"replies":[{"embeddable":true,"href":"https:\/\/asura.lv\/et\/wp-json\/wp\/v2\/comments?post=29619"}],"wp:featuredmedia":[{"embeddable":true,"href":"https:\/\/asura.lv\/et\/wp-json\/wp\/v2\/media\/29620"}],"wp:attachment":[{"href":"https:\/\/asura.lv\/et\/wp-json\/wp\/v2\/media?parent=29619"}],"wp:term":[{"taxonomy":"product_brand","embeddable":true,"href":"https:\/\/asura.lv\/et\/wp-json\/wp\/v2\/product_brand?post=29619"},{"taxonomy":"product_cat","embeddable":true,"href":"https:\/\/asura.lv\/et\/wp-json\/wp\/v2\/product_cat?post=29619"},{"taxonomy":"product_tag","embeddable":true,"href":"https:\/\/asura.lv\/et\/wp-json\/wp\/v2\/product_tag?post=29619"}],"curies":[{"name":"wp","href":"https:\/\/api.w.org\/{rel}","templated":true}]}}