{"id":29889,"date":"2025-11-28T23:05:32","date_gmt":"2025-11-28T23:05:32","guid":{"rendered":"https:\/\/asura.lv\/product\/sunnylife-propeller-guard-for-dji-neo-gray\/"},"modified":"2025-12-12T15:11:44","modified_gmt":"2025-12-12T13:11:44","slug":"sunnylife-propeller-guard-for-dji-neo-gray","status":"publish","type":"product","link":"https:\/\/asura.lv\/et\/toode\/sunnylife-propeller-guard-for-dji-neo-gray\/","title":{"rendered":"SUNNYLIFE propellerikaitse DJI Neo jaoks (hall)"},"content":{"rendered":"<h3>SUNNYLIFE propellerikaitse DJI Neo jaoks (hall)<\/h3>\n<p>Sunnylife&#8217;i propellerikaitse pakub teie droonile lisaturvalisust, kasutades TPE-plasti, mis suurendab l\u00f6\u00f6gi- ja kahjustuskindlust. Kerge disainiga (vaid 10 g) kaitse ei m\u00f5juta oluliselt teie drooni lendu, v\u00f5imaldades pikemat ja mugavamat kasutamist. Lisatarvik on loodud spetsiaalselt NEO mudeli jaoks, seega sobib see seadmega ideaalselt, pakkudes kindlat kaitset.<\/p>\n<p>\n<img decoding=\"async\" border=\"0\" src=\"https:\/\/assets.innpro.pl\/10265\/12067\/2.jpg\"\/>\n<\/p>\n<div class=\"table-wrapper\">\n<p>\u0412\u00a0<\/p>\n<h3><\/h3>\n<table>\n<tbody>\n<tr>\n<th>Tootja<\/th>\n<td>Sunnylife<\/td>\n<\/tr>\n<tr>\n<th>Mudel<\/th>\n<td>NE-KC868-GY<\/td>\n<\/tr>\n<tr>\n<th>V\u00e4rv<\/th>\n<td>hall<\/td>\n<\/tr>\n<tr>\n<th>\u00dchilduvus<\/th>\n<td>DJI Neo<\/td>\n<\/tr>\n<tr>\n<th>Materjal<\/th>\n<td>TPE<\/td>\n<\/tr>\n<tr>\n<th>Kaal<\/th>\n<td>10 g<\/td>\n<\/tr>\n<tr>\n<th>M\u00f5\u00f5tmed<\/th>\n<td>144 x 48 mm<\/td>\n<\/tr>\n<\/tbody>\n<\/table>\n<\/div>\n","protected":false},"excerpt":{"rendered":"<p>SUNNYLIFE propellerikaitse DJI Neo jaoks (hall) Sunnylife&#8217;i propellerikaitse pakub teie droonile lisaturvalisust, kasutades TPE-plasti, mis suurendab l\u00f6\u00f6gi- ja kahjustuskindlust. Kerge disainiga (vaid 10 g) kaitse ei m\u00f5juta oluliselt teie drooni lendu, v\u00f5imaldades pikemat ja mugavamat kasutamist. Lisatarvik on loodud spetsiaalselt NEO mudeli jaoks, seega sobib see seadmega ideaalselt, pakkudes kindlat kaitset. \u0412\u00a0 Tootja Sunnylife Mudel [&#8230;]\n","protected":false},"featured_media":29890,"comment_status":"open","ping_status":"closed","template":"","meta":[],"product_brand":[432],"product_cat":[1026],"product_tag":[],"class_list":{"0":"post-29889","1":"product","2":"type-product","3":"status-publish","4":"has-post-thumbnail","6":"product_brand-sunnylife","7":"product_cat-dji","9":"first","10":"outofstock","11":"taxable","12":"shipping-taxable","13":"purchasable","14":"product-type-simple"},"aioseo_notices":[],"_links":{"self":[{"href":"https:\/\/asura.lv\/et\/wp-json\/wp\/v2\/product\/29889","targetHints":{"allow":["GET"]}}],"collection":[{"href":"https:\/\/asura.lv\/et\/wp-json\/wp\/v2\/product"}],"about":[{"href":"https:\/\/asura.lv\/et\/wp-json\/wp\/v2\/types\/product"}],"replies":[{"embeddable":true,"href":"https:\/\/asura.lv\/et\/wp-json\/wp\/v2\/comments?post=29889"}],"wp:featuredmedia":[{"embeddable":true,"href":"https:\/\/asura.lv\/et\/wp-json\/wp\/v2\/media\/29890"}],"wp:attachment":[{"href":"https:\/\/asura.lv\/et\/wp-json\/wp\/v2\/media?parent=29889"}],"wp:term":[{"taxonomy":"product_brand","embeddable":true,"href":"https:\/\/asura.lv\/et\/wp-json\/wp\/v2\/product_brand?post=29889"},{"taxonomy":"product_cat","embeddable":true,"href":"https:\/\/asura.lv\/et\/wp-json\/wp\/v2\/product_cat?post=29889"},{"taxonomy":"product_tag","embeddable":true,"href":"https:\/\/asura.lv\/et\/wp-json\/wp\/v2\/product_tag?post=29889"}],"curies":[{"name":"wp","href":"https:\/\/api.w.org\/{rel}","templated":true}]}}