{"id":29943,"date":"2025-11-28T23:02:48","date_gmt":"2025-11-28T23:02:48","guid":{"rendered":"https:\/\/asura.lv\/product\/gimbal-hohem-isteady-v3-kit-for-smartphones-black\/"},"modified":"2025-12-12T15:09:11","modified_gmt":"2025-12-12T13:09:11","slug":"gimbal-hohem-isteady-v3-kit-for-smartphones-black","status":"publish","type":"product","link":"https:\/\/asura.lv\/et\/toode\/gimbal-hohem-isteady-v3-kit-for-smartphones-black\/","title":{"rendered":"Gimbal Hohem iSteady V3 komplekt nutitelefonidele (must)"},"content":{"rendered":"<h3>Gimbal Hohem iSteady V3 komplekt telefonidele (must)<\/h3>\n<p>Hohem iSteady V3 komplekt on mitmek\u00fclgne t\u00f6\u00f6riist, mis pakub professionaalset stabiliseerimist, suurep\u00e4rast valgustust ja mugavust. Selle t\u00e4iustatud funktsioonid, nagu magnetiline j\u00e4lgija, heleduse reguleerimine ja kokkupandav v\u00f5imalus, muudavad selle ideaalseks valikuks nii algajatele fotograafidele kui ka professionaalidele. Pika aku t\u00f6\u00f6ea ja universaalse \u00fchilduvusega on Hohem iSteady V3 komplekt asendamatu varustus k\u00f5igile, kes soovivad suurep\u00e4raseid salvestus- ja pildistamistulemusi igas olukorras.<\/p>\n<p><img decoding=\"async\" src=\"https:\/\/assets.innpro.pl\/9055\/10578\/6.jpg\" border=\"0\" \/><\/p>\n<h3>Uuenduslik tehnoloogia ja mitmek\u00fclgsus<\/h3>\n<p>iSteady 8.0 tehnoloogiaga varustatud gimbal pakub suurep\u00e4rast stabiliseerimist t\u00e4nu oma t\u00e4iustatud 3-teljelisele algoritmile, mis k\u00f5rvaldab salvestamise ajal k\u00f5ik v\u00e4rinad ja v\u00e4rinad. See seade t\u00f6\u00f6tab h\u00e4sti erinevates stsenaariumides \u2013 alates igap\u00e4evastest vlogidest ja otse\u00fclekannetest kuni professionaalsete videoteni, mis on filmitud reisi v\u00f5i intensiivse treeningu ajal.<\/p>\n<p><img decoding=\"async\" src=\"https:\/\/assets.innpro.pl\/9055\/10578\/1.jpg\" border=\"0\" \/><\/p>\n<h3>Magnetiline j\u00e4lgija ja loomingulised salvestusfunktsioonid<\/h3>\n<p>\u00dcks Hohem iSteady V3 p\u00f5hifunktsioone on sisseehitatud magnetiline j\u00e4lgija, mis v\u00f5imaldab valitud objekti v\u00f5i isikut t\u00e4pselt j\u00e4lgida. Tehnoloogia p\u00f5hineb k\u00e4eliigutustel, v\u00f5imaldades seadet h\u00f5lpsalt juhtida \u2013 vaid \u00f5ige \u017eestiga saate j\u00e4lgimist alustada v\u00f5i peatada, vahetada portree- ja horisontaalre\u017eiimi v\u00f5i l\u00fclitada stabilisaatori v\u00e4lja. Hohem Joy rakenduses oleva Creative Studio abil saate katsetada erinevate salvestusmustrite ja -tehnikatega, n\u00e4iteks panoraamre\u017eiimi, dolly suumi ja aegv\u00f5ttega.<\/p>\n<p><img decoding=\"async\" src=\"https:\/\/assets.innpro.pl\/9055\/10578\/5.jpg\" border=\"0\" \/><\/p>\n<h3>Suurep\u00e4rane valgustus ja heleduse reguleerimine<\/h3>\n<p>Hohem iSteady V3 komplekt on varustatud t\u00e4iustatud valgustusfunktsioonidega, mis pakuvad maksimaalset valgustust 110 luksi. Kolme v\u00e4rvitemperatuuri filtriga (k\u00fclm 6500K, soe 2700K ja neutraalne 5000K) saate valgustust igale olukorrale vastavaks reguleerida. K\u00fclgmine ratas v\u00f5imaldab teil valguse heledust sujuvalt reguleerida 4% kuni 100% ja reguleerimisnupud v\u00f5imaldavad teil valgustuse intensiivsust kiiresti ja lihtsalt muuta, andes teile t\u00e4ieliku kontrolli l\u00f5pptulemuse \u00fcle.<\/p>\n<p><img decoding=\"async\" src=\"https:\/\/assets.innpro.pl\/9055\/10578\/8.jpg\" border=\"0\" \/><\/p>\n<h3>Kaasaskantavus ja kasutusmugavus<\/h3>\n<p>Hohem iSteady V3 stabilisaatoril on kerge, kokkupandav disain, mis muudab selle kaasaskandmise \u00e4\u00e4rmiselt lihtsaks ja mahub igasse kotti v\u00f5i seljakotti, ning selle mugav disain muudab stabilisaatoriga t\u00f6\u00f6tamise mugavaks ja t\u00e4pseks. Sisseehitatud 205 mm pikkust varda saab pikendada, mis v\u00f5imaldab teil j\u00e4\u00e4dvustada laiema perspektiivi ja rohkem inimesi v\u00f5i objekte kaadris. Lisaks saab eemaldatavat kaugjuhtimispulti kasutada nii eraldi kui ka kinnitatuna stabilisaatori k\u00e4epideme k\u00fclge, mis samaaegselt ka pulti laeb, mis on pikkade salvestussessioonide ajal \u00e4\u00e4rmiselt mugav.<\/p>\n<p><img decoding=\"async\" src=\"https:\/\/assets.innpro.pl\/9055\/10578\/9.jpg\" border=\"0\" \/><\/p>\n<h3>Universaalne \u00fchilduvus ja pikk t\u00f6\u00f6aeg<\/h3>\n<p>Hohem iSteady V3 komplekt \u00fchildub erinevate operatsioonis\u00fcsteemidega, n\u00e4iteks iOS ja Android, ning toetab otse\u00fclekandeid ja videokonverentsirakendusi. Seadmel on v\u00f5imas aku, mis pakub \u00fche laadimisega kuni 13 tundi t\u00f6\u00f6aega, muutes selle ideaalseks kaaslaseks pikkade salvestussessioonide jaoks. N\u00fc\u00fcdsest peale \u00e4ra lase millelgi end piirata.<\/p>\n<p><img decoding=\"async\" src=\"https:\/\/assets.innpro.pl\/9055\/10578\/2.jpg\" border=\"0\" \/><\/p>\n<h3>Kaasas<\/h3>\n<ul class=\"list-disc pl-5\">\n<li>gimbal<\/li>\n<li>magnetj\u00e4lgija<\/li>\n<li>eemaldatav kaugjuhtimispult\/kontroller<\/li>\n<li>USB-C kaabel<\/li>\n<li>imbus<\/li>\n<li>hoiukott<\/li>\n<li>kasutusjuhend<\/li>\n<li>garantiikaart<\/li>\n<\/ul>\n<div class=\"table-wrapper\">\n<p>\u0412\u00a0<\/p>\n<h3>\u0412\u00a0<\/h3>\n<table>\n<tbody>\n<tr>\n<th>Tootja<\/th>\n<td>Hohem<\/td>\n<\/tr>\n<tr>\n<th>Mudel<\/th>\n<td>iSteady V3<\/td>\n<\/tr>\n<tr>\n<th>V\u00e4rv<\/th>\n<td>must<\/td>\n<\/tr>\n<tr>\n<th>Kaal<\/th>\n<td>420g<\/td>\n<\/tr>\n<tr>\n<th>M\u00f5\u00f5tmed<\/th>\n<td>127 x 65 x 312 mm; kokkupandult: 98 x 44 x 160,5 mm<\/td>\n<\/tr>\n<tr>\n<th>Valmistamismaterjal<\/th>\n<td>kvaliteetne komposiitmaterjal<\/td>\n<\/tr>\n<tr>\n<th>Maksimaalne koormus<\/th>\n<td>300 g<\/td>\n<\/tr>\n<tr>\n<th>Telefoni laius<\/th>\n<td>58 mm &#8211; 98 mm<\/td>\n<\/tr>\n<tr>\n<th>Aku mahutavus<\/th>\n<td>1400 mAh<\/td>\n<\/tr>\n<tr>\n<th>T\u00f6\u00f6aeg<\/th>\n<td>Ligikaudu 13 tundi (4 tundi j\u00e4lgijaga)<\/td>\n<\/tr>\n<tr>\n<th>Energiatarve<\/th>\n<td>0,8 W<\/td>\n<\/tr>\n<tr>\n<th>Aku laadimisaeg<\/th>\n<td>2,5 tundi<\/td>\n<\/tr>\n<tr>\n<th>Kontrollitud nurgad<\/th>\n<td>Panoraamre\u017eiim vahemikus -120\u00b0 kuni 210\u00b0, p\u00f6\u00f6rlemine vahemikus -195\u00b0 kuni 135\u00b0, kallutus vahemikus -35\u00b0 kuni 45\u00b0<\/td>\n<\/tr>\n<tr>\n<th>T\u00f6\u00f6temperatuur<\/th>\n<td>vahemikus -10\u00b0C kuni 45\u00b0C<\/td>\n<\/tr>\n<tr>\n<th>Mootori kaitse<\/th>\n<td>Gimbal l\u00fclitub mootori kaitsmiseks automaatselt v\u00e4lja eba\u00f5ige kasutamise korral<\/td>\n<\/tr>\n<tr>\n<th>J\u00e4lgija kaal<\/th>\n<td>133,6 g<\/td>\n<\/tr>\n<tr>\n<th>J\u00e4lgija m\u00f5\u00f5tmed<\/th>\n<td>42 x 16,5 x 25 mm<\/td>\n<\/tr>\n<tr>\n<th>J\u00e4lgimisobjektiivi eraldusv\u00f5ime<\/th>\n<td>1 mp<\/td>\n<\/tr>\n<tr>\n<th>\u017destide tuvastamise kaugus<\/th>\n<td>0,5\u20132 m<\/td>\n<\/tr>\n<tr>\n<th>J\u00e4lgimiskaugus<\/th>\n<td>0,5\u20135 m<\/td>\n<\/tr>\n<tr>\n<th>Valgustugevus<\/th>\n<td>2 W<\/td>\n<\/tr>\n<tr>\n<th>Valgustus<\/th>\n<td>110 luksi<\/td>\n<\/tr>\n<tr>\n<th>V\u00e4rvitemperatuur<\/th>\n<td>6500 K (k\u00fclm), 2700 K (soe), 5000 K (neutraalne)<\/td>\n<\/tr>\n<\/tbody>\n<\/table>\n<\/div>\n","protected":false},"excerpt":{"rendered":"<p>Gimbal Hohem iSteady V3 komplekt telefonidele (must) Hohem iSteady V3 komplekt on mitmek\u00fclgne t\u00f6\u00f6riist, mis pakub professionaalset stabiliseerimist, suurep\u00e4rast valgustust ja mugavust. Selle t\u00e4iustatud funktsioonid, nagu magnetiline j\u00e4lgija, heleduse reguleerimine ja kokkupandav v\u00f5imalus, muudavad selle ideaalseks valikuks nii algajatele fotograafidele kui ka professionaalidele. Pika aku t\u00f6\u00f6ea ja universaalse \u00fchilduvusega on Hohem iSteady V3 komplekt asendamatu [&#8230;]\n","protected":false},"featured_media":29944,"comment_status":"open","ping_status":"closed","template":"","meta":[],"product_brand":[675],"product_cat":[1002],"product_tag":[],"class_list":{"0":"post-29943","1":"product","2":"type-product","3":"status-publish","4":"has-post-thumbnail","6":"product_brand-hohem","7":"product_cat-gimbals-and-stabilizers","9":"first","10":"outofstock","11":"taxable","12":"shipping-taxable","13":"purchasable","14":"product-type-simple"},"aioseo_notices":[],"_links":{"self":[{"href":"https:\/\/asura.lv\/et\/wp-json\/wp\/v2\/product\/29943","targetHints":{"allow":["GET"]}}],"collection":[{"href":"https:\/\/asura.lv\/et\/wp-json\/wp\/v2\/product"}],"about":[{"href":"https:\/\/asura.lv\/et\/wp-json\/wp\/v2\/types\/product"}],"replies":[{"embeddable":true,"href":"https:\/\/asura.lv\/et\/wp-json\/wp\/v2\/comments?post=29943"}],"wp:featuredmedia":[{"embeddable":true,"href":"https:\/\/asura.lv\/et\/wp-json\/wp\/v2\/media\/29944"}],"wp:attachment":[{"href":"https:\/\/asura.lv\/et\/wp-json\/wp\/v2\/media?parent=29943"}],"wp:term":[{"taxonomy":"product_brand","embeddable":true,"href":"https:\/\/asura.lv\/et\/wp-json\/wp\/v2\/product_brand?post=29943"},{"taxonomy":"product_cat","embeddable":true,"href":"https:\/\/asura.lv\/et\/wp-json\/wp\/v2\/product_cat?post=29943"},{"taxonomy":"product_tag","embeddable":true,"href":"https:\/\/asura.lv\/et\/wp-json\/wp\/v2\/product_tag?post=29943"}],"curies":[{"name":"wp","href":"https:\/\/api.w.org\/{rel}","templated":true}]}}