{"id":30021,"date":"2025-11-28T23:02:40","date_gmt":"2025-11-28T23:02:40","guid":{"rendered":"https:\/\/asura.lv\/product\/amzchef-gm3001-wt-slow-speed-juicer-white\/"},"modified":"2025-12-12T15:09:06","modified_gmt":"2025-12-12T13:09:06","slug":"amzchef-gm3001-wt-slow-speed-juicer-white","status":"publish","type":"product","link":"https:\/\/asura.lv\/et\/toode\/amzchef-gm3001-wt-slow-speed-juicer-white\/","title":{"rendered":"AMZCHEF GM3001-WT aeglase kiirusega mahlapress (valge)"},"content":{"rendered":"<h3>AMZCHEF GM3001-WT aeglaselt p\u00f6\u00f6rlev mahlapress (valge)<\/h3>\n<p>Tutvuge AMZCHEF GM3001-WT aeglaselt p\u00f6\u00f6rleva mahlapressiga \u2013 seade, mis v\u00f5imaldab teil saada maksimaalse koguse mahla ja s\u00e4ilitada iga joogi t\u00e4ieliku toitev\u00e4\u00e4rtuse. T\u00e4nu uuenduslikule k\u00fclmpressimise tehnoloogiale saate kuivema viljaliha, mis t\u00e4hendab, et teie mahlad on veelgi rikkamad vitamiinide ja mineraalide poolest. AMZCHEF mahlapress on ideaalne viis anda endale ja oma l\u00e4hedastele iga p\u00e4ev terviseannus.<\/p>\n<p>\n<img decoding=\"async\" border=\"0\" src=\"https:\/\/assets.innpro.pl\/11609\/13744\/1.jpg\"\/>\n<\/p>\n<h3>Ohutu kasutamine ja mugavus<\/h3>\n<p>AMZCHEF mahlapress on varustatud ohutu 45,8 mm l\u00e4bim\u00f5\u00f5duga s\u00f6\u00f6tmisavaga, mis tagab koostisosade lihtsa ja mugava ettevalmistamise, kaitstes samal ajal kasutajaid nugadega kokkupuutumise ohu eest. Vaikne mootor, mille m\u00fcratase on alla 60 dB, v\u00f5imaldab teil valmistada v\u00e4rskeid mahlu igal ajal, pakkudes rahulikku keskkonda kogu perele.<\/p>\n<p>\n<img decoding=\"async\" border=\"0\" src=\"https:\/\/assets.innpro.pl\/11609\/13744\/4.jpg\"\/>\n<\/p>\n<h3>Usaldusv\u00e4\u00e4rne igas olukorras \u2013 4-\u00fches seade<\/h3>\n<p>AMZCHEF GM3001-WT ei ole lihtsalt mahlapress \u2013 see on ka mitmek\u00fclgne 4-\u00fches k\u00f6\u00f6giseade. Lisatarvikutega, mida saab eraldi osta, saab mahlapressist teha viilutaja, hakklihamasina v\u00f5i vorstit\u00e4itja, mis teeb sellest ideaalse valiku igasse k\u00f6\u00f6ki.<\/p>\n<p>\n<img decoding=\"async\" border=\"0\" src=\"https:\/\/assets.innpro.pl\/11609\/13744\/6.jpg\"\/>\n<\/p>\n<h3>Kaks kiirusre\u017eiimi<\/h3>\n<p>Seade pakub kahte t\u00f6\u00f6re\u017eiimi: &#8220;pehme&#8221; re\u017eiim (50\u201360 p\/min), mis sobib ideaalselt pehmete puu- ja k\u00f6\u00f6giviljade, n\u00e4iteks apelsinide, viinamarjade v\u00f5i maasikate jaoks, ja &#8220;k\u00f5va&#8221; re\u017eiim (100\u2013110 p\/min) k\u00f5vade toodete, n\u00e4iteks \u00f5unte v\u00f5i porgandite jaoks. See paigutus v\u00f5imaldab koostisosi optimaalselt kasutada ja k\u00f5rgeima kvaliteediga mahla saada.<\/p>\n<p>\n<img decoding=\"async\" border=\"0\" src=\"https:\/\/assets.innpro.pl\/11609\/13744\/10.jpg\"\/>\n<\/p>\n<h3>Nutikad funktsioonid h\u00f5lpsaks kasutamiseks<\/h3>\n<p>AMZCHEF mahlapress on varustatud seitsme spiraalse pressimisetapiga, mis takistavad t\u00f5husalt mahla kinnikiilumist ja tagavad kuni 90% mahla saagise. Protsess h\u00f5lmab l\u00f5ikamist, purustamist, pressimist, jahvatamist, eraldamist, purustamist ja ekstraheerimist, mis tagab valmistatud jookide erakordse kvaliteedi. Lisafunktsioonid, nagu nutikas LED-ekraan, libisemiskindel ketas ja 450 ml lekkekindel kaas, muudavad masina kasutamise veelgi lihtsamaks.<\/p>\n<p>\n<img decoding=\"async\" border=\"0\" src=\"https:\/\/assets.innpro.pl\/11609\/13744\/3.jpg\"\/>\n<\/p>\n<h3>Mugav juurdep\u00e4\u00e4s v\u00e4rskele joogile<\/h3>\n<p>AMZCHEF mahlapressiga on kaasas kaks kaasaskantavat pudelit, millest iga\u00fcks mahutab 500 ml, nii et saate oma v\u00e4rskelt valmistatud mahla nautida igal ajal ja igal pool \u2013 t\u00f6\u00f6l, j\u00f5usaalis v\u00f5i jalutusk\u00e4igul.<\/p>\n<p>\n<img decoding=\"async\" border=\"0\" src=\"https:\/\/assets.innpro.pl\/11609\/13744\/2.jpg\"\/>\n<\/p>\n<h3>Ohutus ja puhastamise lihtsus<\/h3>\n<p>AMZCHEF GM3001-WT mahlapress on valmistatud ohutust PMMA materjalist ja T\u00e4nu h\u00f5lpsasti lahtiv\u00f5etavale disainile on seadet v\u00e4ga lihtne puhastada. Sellel on spetsiaalne hari, mis teeb j\u00e4relej\u00e4\u00e4nud viljaliha eemaldamise lihtsaks, v\u00f5imaldades teil nautida puhtust ja h\u00fcgieeni ilma suurema vaevata.<\/p>\n<p>\n<img decoding=\"async\" border=\"0\" src=\"https:\/\/assets.innpro.pl\/11609\/13744\/5.jpg\"\/>\n<\/p>\n<h3>Zetaw&#8217;s<\/h3>\n<ul class=\"list-disc pl-5\">\n<li>Prees<\/li>\n<li>500 ml pudel (2x)<\/li>\n<li>Mahlatass 450 ml<\/li>\n<li>Puhashari<\/li>\n<li>Kasutusjuhend<\/li>\n<\/ul>\n<div class=\"table-wrapper\">\n<p>\u0412\u00a0<\/p>\n<h3><\/h3>\n<table>\n<tbody>\n<tr>\n<th>Tootja<\/th>\n<td>AMZCHEF<\/td>\n<\/tr>\n<tr>\n<th>Mudel<\/th>\n<td>GM3001-WT<\/td>\n<\/tr>\n<tr>\n<th>V\u00e4rv<\/th>\n<td>valge<\/td>\n<\/tr>\n<tr>\n<th>Reljeeftr\u00fcki tehnoloogia<\/th>\n<td>K\u00fclmtr\u00fckk<\/td>\n<\/tr>\n<tr>\n<th>S\u00f6\u00f6tmisava<\/th>\n<td>45,8 mm<\/td>\n<\/tr>\n<tr>\n<th>M\u00fcratase<\/th>\n<td>< 60 dB<\/td>\n<\/tr>\n<tr>\n<th>Funktsioonid<\/th>\n<td>4-\u00fches (mahlapress, viilutusmasin, hakklihamasin, vorstit\u00e4itja &#8211; lisatarvikud m\u00fc\u00fcakse eraldi)<\/td>\n<\/tr>\n<tr>\n<th>Kiirusre\u017eiimid<\/th>\n<td>2 re\u017eiimi &#8211; pehme: 50\u201360 p\/min (pehmete puu- ja k\u00f6\u00f6giviljade puhul), k\u00f5vade puu- ja k\u00f6\u00f6giviljade puhul: 100\u2013110 p\/min (k\u00f5vade puu- ja k\u00f6\u00f6giviljade puhul)<\/td>\n<\/tr>\n<tr>\n<th>Pressimiss\u00fcsteem<\/th>\n<td>7 spiraalset pressimisetappi<\/td>\n<\/tr>\n<tr>\n<th>Lisafunktsioonid<\/th>\n<td>Nutikas LED-ekraan, libisemiskindel nupp, lekkekindel kaas (450 ml), \u00fcks nupp lahtiv\u00f5tmiseks<\/td>\n<\/tr>\n<tr>\n<th>Materjal<\/th>\n<td>PMMA<\/td>\n<\/tr>\n<tr>\n<th>Kaal<\/th>\n<td>4,5 kg<\/td>\n<\/tr>\n<tr>\n<th>M\u00f5\u00f5tmed<\/th>\n<td>38 x 19 x 31 cm<\/td>\n<\/tr>\n<\/tbody>\n<\/table>\n<\/div>\n","protected":false},"excerpt":{"rendered":"<p>AMZCHEF GM3001-WT aeglaselt p\u00f6\u00f6rlev mahlapress (valge) Tutvuge AMZCHEF GM3001-WT aeglaselt p\u00f6\u00f6rleva mahlapressiga \u2013 seade, mis v\u00f5imaldab teil saada maksimaalse koguse mahla ja s\u00e4ilitada iga joogi t\u00e4ieliku toitev\u00e4\u00e4rtuse. T\u00e4nu uuenduslikule k\u00fclmpressimise tehnoloogiale saate kuivema viljaliha, mis t\u00e4hendab, et teie mahlad on veelgi rikkamad vitamiinide ja mineraalide poolest. AMZCHEF mahlapress on ideaalne viis anda endale ja oma [&#8230;]\n","protected":false},"featured_media":30022,"comment_status":"open","ping_status":"closed","template":"","meta":[],"product_brand":[550],"product_cat":[1383],"product_tag":[],"class_list":{"0":"post-30021","1":"product","2":"type-product","3":"status-publish","4":"has-post-thumbnail","6":"product_brand-amzchef","7":"product_cat-kitchen-accessories","9":"first","10":"outofstock","11":"taxable","12":"shipping-taxable","13":"purchasable","14":"product-type-simple"},"aioseo_notices":[],"_links":{"self":[{"href":"https:\/\/asura.lv\/et\/wp-json\/wp\/v2\/product\/30021","targetHints":{"allow":["GET"]}}],"collection":[{"href":"https:\/\/asura.lv\/et\/wp-json\/wp\/v2\/product"}],"about":[{"href":"https:\/\/asura.lv\/et\/wp-json\/wp\/v2\/types\/product"}],"replies":[{"embeddable":true,"href":"https:\/\/asura.lv\/et\/wp-json\/wp\/v2\/comments?post=30021"}],"wp:featuredmedia":[{"embeddable":true,"href":"https:\/\/asura.lv\/et\/wp-json\/wp\/v2\/media\/30022"}],"wp:attachment":[{"href":"https:\/\/asura.lv\/et\/wp-json\/wp\/v2\/media?parent=30021"}],"wp:term":[{"taxonomy":"product_brand","embeddable":true,"href":"https:\/\/asura.lv\/et\/wp-json\/wp\/v2\/product_brand?post=30021"},{"taxonomy":"product_cat","embeddable":true,"href":"https:\/\/asura.lv\/et\/wp-json\/wp\/v2\/product_cat?post=30021"},{"taxonomy":"product_tag","embeddable":true,"href":"https:\/\/asura.lv\/et\/wp-json\/wp\/v2\/product_tag?post=30021"}],"curies":[{"name":"wp","href":"https:\/\/api.w.org\/{rel}","templated":true}]}}