{"id":30039,"date":"2025-11-28T23:02:38","date_gmt":"2025-11-28T23:02:38","guid":{"rendered":"https:\/\/asura.lv\/product\/thermal-labels-niimbot-stickers-80x50-mm-560-pcs-white\/"},"modified":"2025-12-12T15:09:03","modified_gmt":"2025-12-12T13:09:03","slug":"thermal-labels-niimbot-stickers-80x50-mm-560-pcs-white","status":"publish","type":"product","link":"https:\/\/asura.lv\/et\/toode\/thermal-labels-niimbot-stickers-80x50-mm-560-pcs-white\/","title":{"rendered":"Termosildid Niimboti kleebised 80&#215;50 mm &#8211; 560 tk. Valged"},"content":{"rendered":"<h3>Termosildid Niimboti kleebistega 80&#215;50 mm &#8211; 560 tk (valged)<\/h3>\n<p>Komplekt sisaldab rulli, mis v\u00f5imaldab printida 690 valget silti m\u00f5\u00f5tmetega 80 x 50 mm. See on m\u00f5eldud Niimboti K3 ja K3_W termoprinteritele. Seda kasutatakse hindade, aegumiskuup\u00e4evade, emotikonide, seerianumbri jms printimisel.<\/p>\n<p>\n<img decoding=\"async\" alt=\"\" border=\"0\" src=\"https:\/\/assets.innpro.pl\/8953\/10473\/1.jpg\"\/>\n<\/p>\n<div class=\"table-wrapper\">\n<p>\u0412\u00a0<\/p>\n<h3><\/h3>\n<table>\n<tbody>\n<tr>\n<th>Tootja<\/th>\n<td>Niimbot<\/td>\n<\/tr>\n<tr>\n<th>Mudel<\/th>\n<td>T80*50-560<\/td>\n<\/tr>\n<tr>\n<th>V\u00e4rv<\/th>\n<td>Valge<\/td>\n<\/tr>\n<tr>\n<th>Suurus<\/th>\n<td>80 x 50 mm<\/td>\n<\/tr>\n<tr>\n<th>Prinditud siltide arv<\/th>\n<td>560 tk.<\/td>\n<\/tr>\n<tr>\n<th>Sobib<\/th>\n<td>Niimbot K3 ja K3_W printeritele<\/td>\n<\/tr>\n<\/tbody>\n<\/table>\n<\/div>\n","protected":false},"excerpt":{"rendered":"<p>Termosildid Niimboti kleebistega 80&#215;50 mm &#8211; 560 tk (valged) Komplekt sisaldab rulli, mis v\u00f5imaldab printida 690 valget silti m\u00f5\u00f5tmetega 80 x 50 mm. See on m\u00f5eldud Niimboti K3 ja K3_W termoprinteritele. Seda kasutatakse hindade, aegumiskuup\u00e4evade, emotikonide, seerianumbri jms printimisel. \u0412\u00a0 Tootja Niimbot Mudel T80*50-560 V\u00e4rv Valge Suurus 80 x 50 mm Prinditud siltide arv 560 [&#8230;]\n","protected":false},"featured_media":30040,"comment_status":"open","ping_status":"closed","template":"","meta":[],"product_brand":[470],"product_cat":[1020],"product_tag":[],"class_list":{"0":"post-30039","1":"product","2":"type-product","3":"status-publish","4":"has-post-thumbnail","6":"product_brand-niimbot","7":"product_cat-labels","9":"first","10":"outofstock","11":"taxable","12":"shipping-taxable","13":"purchasable","14":"product-type-simple"},"aioseo_notices":[],"_links":{"self":[{"href":"https:\/\/asura.lv\/et\/wp-json\/wp\/v2\/product\/30039","targetHints":{"allow":["GET"]}}],"collection":[{"href":"https:\/\/asura.lv\/et\/wp-json\/wp\/v2\/product"}],"about":[{"href":"https:\/\/asura.lv\/et\/wp-json\/wp\/v2\/types\/product"}],"replies":[{"embeddable":true,"href":"https:\/\/asura.lv\/et\/wp-json\/wp\/v2\/comments?post=30039"}],"wp:featuredmedia":[{"embeddable":true,"href":"https:\/\/asura.lv\/et\/wp-json\/wp\/v2\/media\/30040"}],"wp:attachment":[{"href":"https:\/\/asura.lv\/et\/wp-json\/wp\/v2\/media?parent=30039"}],"wp:term":[{"taxonomy":"product_brand","embeddable":true,"href":"https:\/\/asura.lv\/et\/wp-json\/wp\/v2\/product_brand?post=30039"},{"taxonomy":"product_cat","embeddable":true,"href":"https:\/\/asura.lv\/et\/wp-json\/wp\/v2\/product_cat?post=30039"},{"taxonomy":"product_tag","embeddable":true,"href":"https:\/\/asura.lv\/et\/wp-json\/wp\/v2\/product_tag?post=30039"}],"curies":[{"name":"wp","href":"https:\/\/api.w.org\/{rel}","templated":true}]}}