{"id":30177,"date":"2025-11-28T23:02:27","date_gmt":"2025-11-28T23:02:27","guid":{"rendered":"https:\/\/asura.lv\/product\/nillkin-camshield-pro-iphone-16-plus-case-black\/"},"modified":"2025-12-12T15:08:53","modified_gmt":"2025-12-12T13:08:53","slug":"nillkin-camshield-pro-iphone-16-plus-case-black","status":"publish","type":"product","link":"https:\/\/asura.lv\/et\/toode\/nillkin-camshield-pro-iphone-16-plus-case-black\/","title":{"rendered":"Nillkin CamShield Pro iPhone 16 Plus \u00fcmbris (must)"},"content":{"rendered":"<h3>Nillkin CamShield Pro \u00fcmbris iPhone 16 Plusile (must)<\/h3>\n<p>Nillkin CamShield Pro \u00fcmbris iPhone 16 Plusile on ideaalne kombinatsioon peenest disainist ja t\u00e4iustatud kaitsest. Tipptasemel objektiivikaitsetehnoloogia, tugeva konstruktsiooni ja praktilise disainiga \u00fcmbris mitte ainult ei kaitse teie telefoni, vaid suurendab ka selle stiilset v\u00e4limust.<\/p>\n<p>\n<img decoding=\"async\" border=\"0\" src=\"https:\/\/assets.innpro.pl\/9482\/11068\/4.jpg\"\/>\n<\/p>\n<h3>Objektiivikaitse libiseva kattega<\/h3>\n<p>CamShield Pro-l on patenteeritud libisev objektiivikate, mis pakub teie kaamerale igak\u00fclgset kaitset kriimustuste ja mustuse eest. Mehhanism t\u00f6\u00f6tab sujuvalt, v\u00f5imaldades teil kaamerat h\u00f5lpsalt paljastada ja katta, tagades selged pildid ilma kahjustusteta.<\/p>\n<p>\n<img decoding=\"async\" border=\"0\" src=\"https:\/\/assets.innpro.pl\/9482\/11068\/2.jpg\"\/>\n<\/p>\n<h3>Tugev telefonikaitse ja kasutusmugavus<\/h3>\n<p>Vastupidavast TPU ja PC materjalidest valmistatud Nillkin CamShield Pro \u00fcmbris pakub suurep\u00e4rast vastupidavust igap\u00e4evastele l\u00f6\u00f6kidele ja p\u00f5rutustele. Spetsiaalsed \u00f5hkpadjad neljas nurgas pehmendavad kukkumisi veelgi, samas kui ekraani ja kaamera \u00fcmber olevad t\u00f5stetud servad pakuvad kaitset kriimustuste eest. Pehmed servad muudavad \u00fcmbrise pealepanemise ja \u00e4rav\u00f5tmise lihtsaks ja ohutuks, minimeerides seadme kahjustamise ohtu. T\u00e4psed v\u00e4ljal\u00f5iked tagavad t\u00e4ieliku juurdep\u00e4\u00e4su k\u00f5igile portidele ja nuppudele, suurendades igap\u00e4evase kasutamise mugavust.<\/p>\n<p>\n<img decoding=\"async\" border=\"0\" src=\"https:\/\/assets.innpro.pl\/9482\/11068\/2.jpg\"\/>\n<\/p>\n<h3>Stiilne ja ajatu disain<\/h3>\n<p>Nillkini \u00fcmbrisel on minimalistlik disain klassikaliste triipudega, mis annavad sellele elegantse ja mitmek\u00fclgse v\u00e4limuse. Pind on libisemiskindel, et tagada turvaline haare k\u00e4es, ja t\u00e4iendav ava paela jaoks suurendab funktsionaalsust ja mugavust igap\u00e4evaseks kasutamiseks.<\/p>\n<p>\n<img decoding=\"async\" border=\"0\" src=\"https:\/\/assets.innpro.pl\/9482\/11068\/1.jpg\"\/>\n<\/p>\n<h3>\u00dchildub magnetilise laadimisega<\/h3>\n<p>Sisseehitatud magnets\u00fcsteemiga Nillkin CamShield Pro \u00fcmbris pakub mitte ainult tugevat kuni 1500 g t\u00f5mbej\u00f5udu, vaid ka \u00fchilduvust magnetiliste laadijatega kiireks ja stabiilseks juhtmevabaks laadimiseks.<\/p>\n<p>\n<img decoding=\"async\" border=\"0\" src=\"https:\/\/assets.innpro.pl\/9482\/11068\/5.jpg\"\/>\n<\/p>\n<div class=\"table-wrapper\">\n<p>\u0412\u00a0<\/p>\n<h3><\/h3>\n<table>\n<tbody>\n<tr>\n<th>Nimi:<\/th>\n<td>Nillkin CamShield Pro iPhone 16 Plus \u00fcmbris (must)<\/td>\n<\/tr>\n<tr>\n<th>Tootja:<\/th>\n<td>Nillkin<\/td>\n<\/tr>\n<tr>\n<th>Mudel:<\/th>\n<td>069606<\/td>\n<\/tr>\n<tr>\n<th>V\u00e4rv:<\/th>\n<td>Must<\/td>\n<\/tr>\n<tr>\n<th>\u00dchildub:<\/th>\n<td>iPhone 16 Plus<\/td>\n<\/tr>\n<\/tbody>\n<\/table>\n<\/div>\n","protected":false},"excerpt":{"rendered":"<p>Nillkin CamShield Pro \u00fcmbris iPhone 16 Plusile (must) Nillkin CamShield Pro \u00fcmbris iPhone 16 Plusile on ideaalne kombinatsioon peenest disainist ja t\u00e4iustatud kaitsest. Tipptasemel objektiivikaitsetehnoloogia, tugeva konstruktsiooni ja praktilise disainiga \u00fcmbris mitte ainult ei kaitse teie telefoni, vaid suurendab ka selle stiilset v\u00e4limust. Objektiivikaitse libiseva kattega CamShield Pro-l on patenteeritud libisev objektiivikate, mis pakub teie [&#8230;]\n","protected":false},"featured_media":30178,"comment_status":"open","ping_status":"closed","template":"","meta":[],"product_brand":[438],"product_cat":[1248],"product_tag":[],"class_list":{"0":"post-30177","1":"product","2":"type-product","3":"status-publish","4":"has-post-thumbnail","6":"product_brand-nillkin","7":"product_cat-protective-cases-for-smartphones-cases-gsm-accessories","9":"first","10":"outofstock","11":"taxable","12":"shipping-taxable","13":"purchasable","14":"product-type-simple"},"aioseo_notices":[],"_links":{"self":[{"href":"https:\/\/asura.lv\/et\/wp-json\/wp\/v2\/product\/30177","targetHints":{"allow":["GET"]}}],"collection":[{"href":"https:\/\/asura.lv\/et\/wp-json\/wp\/v2\/product"}],"about":[{"href":"https:\/\/asura.lv\/et\/wp-json\/wp\/v2\/types\/product"}],"replies":[{"embeddable":true,"href":"https:\/\/asura.lv\/et\/wp-json\/wp\/v2\/comments?post=30177"}],"wp:featuredmedia":[{"embeddable":true,"href":"https:\/\/asura.lv\/et\/wp-json\/wp\/v2\/media\/30178"}],"wp:attachment":[{"href":"https:\/\/asura.lv\/et\/wp-json\/wp\/v2\/media?parent=30177"}],"wp:term":[{"taxonomy":"product_brand","embeddable":true,"href":"https:\/\/asura.lv\/et\/wp-json\/wp\/v2\/product_brand?post=30177"},{"taxonomy":"product_cat","embeddable":true,"href":"https:\/\/asura.lv\/et\/wp-json\/wp\/v2\/product_cat?post=30177"},{"taxonomy":"product_tag","embeddable":true,"href":"https:\/\/asura.lv\/et\/wp-json\/wp\/v2\/product_tag?post=30177"}],"curies":[{"name":"wp","href":"https:\/\/api.w.org\/{rel}","templated":true}]}}