{"id":30219,"date":"2025-11-28T23:02:22","date_gmt":"2025-11-28T23:02:22","guid":{"rendered":"https:\/\/asura.lv\/product\/water-fountain-for-pets-catlink-pure-2\/"},"modified":"2025-12-12T15:08:47","modified_gmt":"2025-12-12T13:08:47","slug":"water-fountain-for-pets-catlink-pure-2","status":"publish","type":"product","link":"https:\/\/asura.lv\/et\/toode\/water-fountain-for-pets-catlink-pure-2\/","title":{"rendered":"Lemmikloomade veefont\u00e4\u00e4n Catlink Pure 2"},"content":{"rendered":"<h3>Nutikas veefont\u00e4\u00e4n\/dosaator koertele ja kassidele Catlink Pure 2<\/h3>\n<p>Nutikas lemmikloomade veedosaator Catlink Pure 2 kasutab t\u00f5husat ultrafiltreerimiss\u00fcsteemi, mis pakub saasteainetest ja kahjulikest ainetest vaba vett, hoolitsedes samal ajal teie lemmikloomade tervise eest. Seade v\u00f5imaldab j\u00e4lgida teie lemmiklooma joomisharjumusi ja reageerida reaalajas k\u00f5ikidele k\u00f5rvalekalletele. Spetsiaalne rakendus muudab selle kasutamise lihtsaks ja pakub juurdep\u00e4\u00e4su kasulikule teabele. \u00dcksikute komponentide puhastamine ei ole teile keeruline. 2,6-liitrine maht v\u00e4listab sagedase t\u00e4itmise vajaduse. Saadaval on 4 t\u00f6\u00f6re\u017eiimi.<\/p>\n<p><img decoding=\"async\" src=\"https:\/\/assets.innpro.pl\/8938\/10458\/2.jpg\" border=\"0\" alt=\"\"><\/p>\n<h3>Filtreerimine lemmikloomade tervise heaks<\/h3>\n<p>Catlink Pure 2 kasutab t\u00e4iustatud filtrit, mis tagab 99,99% vee puhtuse. Rakendatud lahendus aitab eemaldada karvu ja mikrolisandeid. Ebameeldivad l\u00f5hnad k\u00f5rvaldatakse t\u00f5husalt. 0,01 mikroni filtreerimist\u00e4psus tagab, et vesi on saasteainetevaba ja pehmendatud, mis on eriti oluline lemmikloomade kuseteede tervise jaoks ning vajalik ka tiinetele ja imetavatele kassidele. Seadme regulaarne kasutamine v\u00e4hendab kusekivide tekkeriski.<\/p>\n<p><img decoding=\"async\" src=\"https:\/\/assets.innpro.pl\/8938\/10458\/1.jpg\" border=\"0\" alt=\"\"><\/p>\n<h3>Lemmiklooma joomisharjumuste j\u00e4lgimine<\/h3>\n<p>Veeautomaat kogub andmeid joomise sageduse, tarbitud vee koguse ja joomiskordade kestuse kohta. Kogu teave on saadaval Catlinki rakenduses, mis genereerib tervisearuandeid, aidates j\u00e4lgida teie lemmiklooma tervist. Ebanormaalse k\u00e4itumise tuvastamise korral saate teate. See v\u00f5imaldab teil varakult reageerida murettekitavatele s\u00fcmptomitele. Rakendus teavitab ka madalast veetasemest ja filtri vahetamise vajadusest (iga 3 kuu tagant), mis aitab s\u00e4ilitada seadme n\u00f5uetekohast toimimist.<\/p>\n<p><img decoding=\"async\" src=\"https:\/\/assets.innpro.pl\/8938\/10458\/4.jpg\" border=\"0\" alt=\"\"><\/p>\n<h3>Mugavus ja meelerahu iga p\u00e4ev<\/h3>\n<p>Catlink Pure 2 purskkaevu maht on 2,6 liitrit. Seega tagab see puhta vee k\u00e4ttesaadavuse isegi kaheks n\u00e4dalaks, muutes selle suurep\u00e4raseks lahenduseks inimestele, kes veedavad palju aega kodust eemal ja soovivad olla kindlad, et nende lemmikloom on alati korralikult h\u00fcdreeritud.<\/p>\n<p><img decoding=\"async\" src=\"https:\/\/assets.innpro.pl\/8938\/10458\/5.jpg\" border=\"0\" alt=\"\"><\/p>\n<h3>Mitu t\u00f6\u00f6re\u017eiimi<\/h3>\n<p>Valige nelja t\u00f6\u00f6re\u017eiimi vahel \u2013 voolav, \u00f6ko, nutikas ja \u00f6\u00f6re\u017eiim. Iga re\u017eiim on loodud lemmikloomade erinevaid vajadusi ja eelistusi silmas pidades, v\u00f5imaldades teil purskkaevu t\u00f6\u00f6d vastavalt lemmiklooma harjumustele kohandada.<\/p>\n<p><img decoding=\"async\" src=\"https:\/\/assets.innpro.pl\/8938\/10458\/6.jpg\" border=\"0\" alt=\"\"><\/p>\n<h3>L\u00e4bim\u00f5eldud lahendused<\/h3>\n<p>Veeautomaadi tekitatud m\u00fcra ei \u00fcleta 30 dB. Seet\u00f5ttu te Te ei pea muretsema, et Catlink Pure 2 t\u00f6\u00f6 hirmutab teie lemmiklooma v\u00f5i h\u00e4irib pereliikmete rahu. Lisaks on \u00fcksikute komponentide lahtiv\u00f5tmine sujuv ja probleemivaba, mis v\u00f5imaldab teil h\u00f5lpsalt hoolitseda seadme puhtuse eest ja pakkuda oma karvasele kaaslasele k\u00f5rgeimat h\u00fcgieenistandardit.<\/p>\n<p><img decoding=\"async\" src=\"https:\/\/assets.innpro.pl\/8938\/10458\/3.jpg\" border=\"0\" alt=\"\"><\/p>\n<h3>Juhtmevaba veepump<\/h3>\n<p>Catlinki seade on varustatud juhtmevaba veepumbaga, mis v\u00e4listab elektrilekete ohu, suurendades seel\u00e4bi teie lemmiklooma ohutust.<\/p>\n<p><img decoding=\"async\" src=\"https:\/\/assets.innpro.pl\/8938\/10458\/7.jpg\" border=\"0\" alt=\"\"><\/p>\n<h3>Komplekti kuulub:<\/h3>\n<ul>\n<li>Nutikas veejagaja Catlink Pure 2<\/li>\n<li>Filter<\/li>\n<li>Toiteadapter<\/li>\n<li>Toitekaabel<\/li>\n<li>Kasutusjuhend<\/li>\n<\/ul>\n<div class=\"table-wrapper\">\n<p>&nbsp;<\/p>\n<h3><\/h3>\n<table>\n<tbody>\n<tr>\n<th>Tootja<\/th>\n<td>Catlink<\/td>\n<\/tr>\n<tr>\n<th>Mudel<\/th>\n<td>Pure 2<\/td>\n<\/tr>\n<tr>\n<th>Tootjakood<\/th>\n<td>CL-WA-01<\/td>\n<\/tr>\n<tr>\n<th>Maht<\/th>\n<td>2,6 l<\/td>\n<\/tr>\n<tr>\n<th>M\u00fcratase<\/th>\n<td>30 dB<\/td>\n<\/tr>\n<tr>\n<th>Toiteallikas<\/th>\n<td>toide tarne<\/td>\n<\/tr>\n<tr>\n<th>Materjal<\/th>\n<td>vaik<\/td>\n<\/tr>\n<tr>\n<th>M\u00f5\u00f5tmed<\/th>\n<td>19 x 19 x 24,2 cm<\/td>\n<\/tr>\n<tr>\n<th>Kaal<\/th>\n<td>1,49 kg<\/td>\n<\/tr>\n<tr>\n<th>V\u00e4rv<\/th>\n<td>hall<\/td>\n<\/tr>\n<\/tbody>\n<\/table>\n<\/div>\n","protected":false},"excerpt":{"rendered":"<p>Nutikas veefont\u00e4\u00e4n\/dosaator koertele ja kassidele Catlink Pure 2 Nutikas lemmikloomade veedosaator Catlink Pure 2 kasutab t\u00f5husat ultrafiltreerimiss\u00fcsteemi, mis pakub saasteainetest ja kahjulikest ainetest vaba vett, hoolitsedes samal ajal teie lemmikloomade tervise eest. Seade v\u00f5imaldab j\u00e4lgida teie lemmiklooma joomisharjumusi ja reageerida reaalajas k\u00f5ikidele k\u00f5rvalekalletele. Spetsiaalne rakendus muudab selle kasutamise lihtsaks ja pakub juurdep\u00e4\u00e4su kasulikule teabele. \u00dcksikute [&#8230;]\n","protected":false},"featured_media":30220,"comment_status":"open","ping_status":"closed","template":"","meta":[],"product_brand":[344],"product_cat":[1242],"product_tag":[],"class_list":{"0":"post-30219","1":"product","2":"type-product","3":"status-publish","4":"has-post-thumbnail","6":"product_brand-catlink","7":"product_cat-water-dispensers","9":"first","10":"outofstock","11":"taxable","12":"shipping-taxable","13":"purchasable","14":"product-type-simple"},"aioseo_notices":[],"_links":{"self":[{"href":"https:\/\/asura.lv\/et\/wp-json\/wp\/v2\/product\/30219","targetHints":{"allow":["GET"]}}],"collection":[{"href":"https:\/\/asura.lv\/et\/wp-json\/wp\/v2\/product"}],"about":[{"href":"https:\/\/asura.lv\/et\/wp-json\/wp\/v2\/types\/product"}],"replies":[{"embeddable":true,"href":"https:\/\/asura.lv\/et\/wp-json\/wp\/v2\/comments?post=30219"}],"wp:featuredmedia":[{"embeddable":true,"href":"https:\/\/asura.lv\/et\/wp-json\/wp\/v2\/media\/30220"}],"wp:attachment":[{"href":"https:\/\/asura.lv\/et\/wp-json\/wp\/v2\/media?parent=30219"}],"wp:term":[{"taxonomy":"product_brand","embeddable":true,"href":"https:\/\/asura.lv\/et\/wp-json\/wp\/v2\/product_brand?post=30219"},{"taxonomy":"product_cat","embeddable":true,"href":"https:\/\/asura.lv\/et\/wp-json\/wp\/v2\/product_cat?post=30219"},{"taxonomy":"product_tag","embeddable":true,"href":"https:\/\/asura.lv\/et\/wp-json\/wp\/v2\/product_tag?post=30219"}],"curies":[{"name":"wp","href":"https:\/\/api.w.org\/{rel}","templated":true}]}}