{"id":30237,"date":"2025-11-28T23:02:21","date_gmt":"2025-11-28T23:02:21","guid":{"rendered":"https:\/\/asura.lv\/product\/etui-nillkin-camshield-pro-iphone-16-pro-max-zielony\/"},"modified":"2025-12-12T15:08:47","modified_gmt":"2025-12-12T13:08:47","slug":"etui-nillkin-camshield-pro-iphone-16-pro-max-zielony","status":"publish","type":"product","link":"https:\/\/asura.lv\/et\/toode\/etui-nillkin-camshield-pro-iphone-16-pro-max-zielony\/","title":{"rendered":"Etui Nillkin CamShield Pro iPhone 16 Pro Max (zielony)"},"content":{"rendered":"<h3>Nillkin CamShield Pro \u00fcmbris iPhone 16 Pro Maxile (roheline)<\/h3>\n<p>Nillkin CamShield Pro \u00fcmbris iPhone 16 Pro Maxile on ideaalne kombinatsioon t\u00e4iustatud kaitsest ja minimalistlikust disainist. Patenteeritud libiseva objektiivikattega telefoni t\u00e4ielikuks kaitseks ja peenelt viimistletud detailidega pakub \u00fcmbris lisaks turvalisusele ka elegantset v\u00e4limust.<\/p>\n<p>\n<img decoding=\"async\" border=\"0\" src=\"https:\/\/assets.innpro.pl\/9481\/11066\/1.jpg\"\/>\n<\/p>\n<h3>Patenteeritud objektiivkate<\/h3>\n<p>2019. aastal t\u00f6\u00f6tas Nillkin v\u00e4lja libiseva objektiivkatte, mis pakub teie kaamerale maksimaalset kaitset kriimustuste, tolmu ja kahjustuste eest. See ainulaadne omadus on hoolikalt disainitud nii, et see sobiks \u00fcmbrisega sujuvalt, et tagada kasutusmugavus ja vastupidavus. Libisemismehhanism t\u00f6\u00f6tab pingutuseta, v\u00f5imaldades teil objektiivi kiiresti ja mugavalt katta, kui telefoni ei kasutata.<\/p>\n<p>\n<img decoding=\"async\" border=\"0\" src=\"https:\/\/assets.innpro.pl\/9481\/11066\/4.jpg\"\/>\n<\/p>\n<h3>T\u00e4iustatud kaitse teie seadmele<\/h3>\n<p>\u00dcmbris on valmistatud TPU ja PC materjalide kombinatsioonist, mis pakuvad teie iPhone 16 Pro Maxile kindlat kaitset. \u00dcmbrise nurkades olevad t\u00e4iendavad \u00f5hkpadjad kaitsevad l\u00f6\u00f6kide ja p\u00f5rutuste eest, samas kui kaamera ja ekraani \u00fcmber olevad t\u00f5stetud servad (umbes 1 mm) kaitsevad kriimustuste eest igap\u00e4evase kasutamise ajal. See hoiab telefoni turvalisena isegi k\u00f5ige n\u00f5udlikumates olukordades.<\/p>\n<p>\n<img decoding=\"async\" border=\"0\" src=\"https:\/\/assets.innpro.pl\/9481\/11066\/2.jpg\"\/>\n<\/p>\n<h3>Ajatu disain ja minimalistlik elegants<\/h3>\n<p>CamShield Pro \u00fcmbrist iseloomustavad elegantsed klassikalised triibud, mis annavad sellele ajatu tunde. Selle minimalistlik stiil sulandub ideaalselt iPhone&#8217;i moodsa v\u00e4limusega, samas kui l\u00e4bim\u00f5eldult tekstureeritud pind tagab kindla ja stabiilse haarde. Lisaks on \u00fcmbrisel kaelapaela auk igap\u00e4evase funktsionaalsuse lisamiseks.<\/p>\n<p>\n<img decoding=\"async\" border=\"0\" src=\"https:\/\/assets.innpro.pl\/9481\/11066\/3.jpg\"\/>\n<\/p>\n<h3>T\u00e4pne sobivus ja mugav kasutamine<\/h3>\n<p>Nillkin CamShield Pro pakub ideaalset sobivust teie iPhone 16 Pro Maxile. T\u00e4psed v\u00e4ljal\u00f5iked v\u00f5imaldavad h\u00f5lpsat juurdep\u00e4\u00e4su k\u00f5igile portidele ja nuppudele ning \u00fcmarad servad sobivad enamiku kaitseprillidega. \u00dcmbrise pehmed servad v\u00f5imaldavad seda kiiresti peale panna ja \u00e4ra v\u00f5tta, ilma telefoni kahjustamata.<\/p>\n<p>\n<img decoding=\"async\" border=\"0\" src=\"https:\/\/assets.innpro.pl\/9481\/11066\/5.jpg\"\/>\n<\/p>\n<div class=\"table-wrapper\">\n<p>\u0412\u00a0<\/p>\n<h3><\/h3>\n<table>\n<tbody>\n<tr>\n<th>Nimi:<\/th>\n<td>Nillkin CamShield Pro iPhone 16 Pro Max \u00fcmbris (roheline)<\/td>\n<\/tr>\n<tr>\n<th>Tootja:<\/th>\n<td>Nillkin<\/td>\n<\/tr>\n<tr>\n<th>Mudel:<\/th>\n<td>069603<\/td>\n<\/tr>\n<tr>\n<th>V\u00e4rv:<\/th>\n<td>Roheline<\/td>\n<\/tr>\n<tr>\n<th>\u00dchildub:<\/th>\n<td>iPhone 16 Pro Maks<\/td>\n<\/tr>\n<\/tbody>\n<\/table>\n<\/div>\n","protected":false},"excerpt":{"rendered":"<p>Nillkin CamShield Pro \u00fcmbris iPhone 16 Pro Maxile (roheline) Nillkin CamShield Pro \u00fcmbris iPhone 16 Pro Maxile on ideaalne kombinatsioon t\u00e4iustatud kaitsest ja minimalistlikust disainist. Patenteeritud libiseva objektiivikattega telefoni t\u00e4ielikuks kaitseks ja peenelt viimistletud detailidega pakub \u00fcmbris lisaks turvalisusele ka elegantset v\u00e4limust. Patenteeritud objektiivkate 2019. aastal t\u00f6\u00f6tas Nillkin v\u00e4lja libiseva objektiivkatte, mis pakub teie kaamerale [&#8230;]\n","protected":false},"featured_media":30238,"comment_status":"open","ping_status":"closed","template":"","meta":[],"product_brand":[438],"product_cat":[1248],"product_tag":[],"class_list":{"0":"post-30237","1":"product","2":"type-product","3":"status-publish","4":"has-post-thumbnail","6":"product_brand-nillkin","7":"product_cat-protective-cases-for-smartphones-cases-gsm-accessories","9":"first","10":"outofstock","11":"taxable","12":"shipping-taxable","13":"purchasable","14":"product-type-simple"},"aioseo_notices":[],"_links":{"self":[{"href":"https:\/\/asura.lv\/et\/wp-json\/wp\/v2\/product\/30237","targetHints":{"allow":["GET"]}}],"collection":[{"href":"https:\/\/asura.lv\/et\/wp-json\/wp\/v2\/product"}],"about":[{"href":"https:\/\/asura.lv\/et\/wp-json\/wp\/v2\/types\/product"}],"replies":[{"embeddable":true,"href":"https:\/\/asura.lv\/et\/wp-json\/wp\/v2\/comments?post=30237"}],"wp:featuredmedia":[{"embeddable":true,"href":"https:\/\/asura.lv\/et\/wp-json\/wp\/v2\/media\/30238"}],"wp:attachment":[{"href":"https:\/\/asura.lv\/et\/wp-json\/wp\/v2\/media?parent=30237"}],"wp:term":[{"taxonomy":"product_brand","embeddable":true,"href":"https:\/\/asura.lv\/et\/wp-json\/wp\/v2\/product_brand?post=30237"},{"taxonomy":"product_cat","embeddable":true,"href":"https:\/\/asura.lv\/et\/wp-json\/wp\/v2\/product_cat?post=30237"},{"taxonomy":"product_tag","embeddable":true,"href":"https:\/\/asura.lv\/et\/wp-json\/wp\/v2\/product_tag?post=30237"}],"curies":[{"name":"wp","href":"https:\/\/api.w.org\/{rel}","templated":true}]}}