{"id":30381,"date":"2025-11-28T22:13:52","date_gmt":"2025-11-28T22:13:52","guid":{"rendered":"https:\/\/asura.lv\/product\/smart-wifi-led-bulb-msl120eu-meross-non-homekit\/"},"modified":"2025-12-12T15:08:31","modified_gmt":"2025-12-12T13:08:31","slug":"smart-wifi-led-bulb-msl120eu-meross-non-homekit","status":"publish","type":"product","link":"https:\/\/asura.lv\/et\/toode\/smart-wifi-led-bulb-msl120eu-meross-non-homekit\/","title":{"rendered":"Nutikas WiFi LED-pirn MSL120EU Meross (mitte HomeKit)"},"content":{"rendered":"<h3>Meross MSL120EU nutikas LED-pirn (mitte HomeKit)<\/h3>\n<p>Nautige oma valgustuse mugavat kaugjuhtimist ja looge igaks s\u00fcndmuseks ainulaadne atmosf\u00e4\u00e4r. Meross MSL120 nutikas LED-pirn v\u00f5imaldab teil vabalt reguleerida heledust, v\u00e4rvitemperatuuri ja isegi valguse v\u00e4rvi ning on \u00e4\u00e4rmiselt energias\u00e4\u00e4stlik. Saate seda mugavalt kaugjuhtimise teel juhtida Meross rakenduse abil. See \u00fchildub muuhulgas ka Amazon Alexa ja Google Assistantiga, nii et saate seda juhtida ka oma h\u00e4\u00e4lega.<\/p>\n<p><img decoding=\"async\" src=\"https:\/\/b2b.innpro.pl\/data\/include\/cms\/04Meross\/MSL120EU\/5.jpg?v=1634287201361\" border=\"0\" \/><\/p>\n<h3>Valgustuse kaugjuhtimine<\/h3>\n<p>Kas olete kunagi unustanud enne kodust lahkumist tuled kustutada? N\u00fc\u00fcd pole see enam probleem \u2013 saate lambipirni igal ajal oma nutitelefoni abil v\u00e4lja l\u00fclitada! Merossi rakendus v\u00f5imaldab teil seadet juhtida k\u00f5ikjalt \u2013 t\u00f6\u00f6lt, restoranist v\u00f5i isegi v\u00e4lismaal puhkusel olles. N\u00fc\u00fcd on k\u00f5ik vajalik teie k\u00e4eulatuses! Toode t\u00f6\u00f6tab ka Samsung SmartThingsi, Amazon Alexa, Google Assistant ja Line Clovaga.<\/p>\n<p><img decoding=\"async\" src=\"https:\/\/b2b.innpro.pl\/data\/include\/cms\/04Meross\/MSL120EU\/4.jpg?v=1634287201361\" border=\"0\" \/><\/p>\n<h3>Teie elustiiliga kohandatud intelligentne kodu<\/h3>\n<p>Te ei pea enam ise valgust v\u00e4lja l\u00fclitama, kui t\u00f6\u00f6le l\u00e4hete, ega seda t\u00f6\u00f6le tulles sisse l\u00fclitama. Merossi nutikas LED-lamp kohandub teiega! Kuidas see t\u00f6\u00f6tab? Teil tuleb vaid ajakava seadistada. Pane tuled automaatselt sisse l\u00fclituma kell 7.00 \u00e4rgates ja v\u00e4lja l\u00fclituma kell 8.00 t\u00f6\u00f6le minnes. Tavaliselt j\u00f5uad koju umbes kell 17.00? Pane tuled sind tervitama s\u00fcttima! V\u00f5imalused on peaaegu l\u00f5putud.<\/p>\n<p><img decoding=\"async\" src=\"https:\/\/b2b.innpro.pl\/data\/include\/cms\/04Meross\/MSL120EU\/2.jpg?v=1634287201361\" border=\"0\" \/><\/p>\n<h3>Loo oma koju \u00f5ige atmosf\u00e4\u00e4r<\/h3>\n<p>Kas teadsid, et valgustuse v\u00e4rvi ja intensiivsusega saame fantastiliselt r\u00f5hutada valitud s\u00fcndmuse iseloomu ja isegi m\u00f5jutada oma meeleolu? Meross v\u00f5imaldab sul selliseid v\u00f5imalusi mugavalt \u00e4ra kasutada! LED-pirn v\u00f5imaldab valida valgustuse heledust ja v\u00e4rvitemperatuuri ning isegi v\u00e4rvi! Lai RGB-v\u00e4rvide valik teeb endale sobivaima tooni leidmise lihtsaks. Nii saate romantilise \u00f5htus\u00f6\u00f6gi, filmi\u00f5htu v\u00f5i peo ajal h\u00f5lpsalt luua ideaalse atmosf\u00e4\u00e4ri!<\/p>\n<p><img decoding=\"async\" src=\"https:\/\/b2b.innpro.pl\/data\/include\/cms\/04Meross\/MSL120EU\/1.jpg?v=1634287201361\" border=\"0\" \/><\/p>\n<h3>Piisab paarist s\u00f5nast<\/h3>\n<p>Kas te ei viitsi voodist v\u00e4lja tulla, et tuld kustutada? Teie k\u00e4ed on toiduvalmistamisega h\u00f5ivatud ja peate tule sisse l\u00fclitama? N\u00fc\u00fcd pole see enam probleem! Meross MSL120 LED-lamp \u00fchildub Siri, Google Assistant ja Amazon Alexa h\u00e4\u00e4lassistentidega. See t\u00e4hendab, et saate seda mugavalt oma h\u00e4\u00e4lega juhtida. Lihtsalt anna sobiv k\u00e4sklus ja vaata, kuidas tuli s\u00fcttib, kustub, muutub heledamaks v\u00f5i siniseks.<\/p>\n<p><img decoding=\"async\" src=\"https:\/\/b2b.innpro.pl\/data\/include\/cms\/04Meross\/MSL120EU\/3.jpg?v=1634287201361\" border=\"0\" \/><\/p>\n<h3>Lihtne paigaldada ja energias\u00e4\u00e4stlik<\/h3>\n<p>Vali \u00f6koloogilised, kuid s\u00e4\u00e4stlikud lahendused. Pirn tarbib \u00e4\u00e4rmiselt v\u00e4he energiat \u2013 v\u00f5rreldes sarnaste mudelitega s\u00e4\u00e4stab see kuni 78,3% energiast. Selle paigaldamine ja seadistamine ei tekita sulle v\u00e4himaidki probleeme. Seadme korrektseks t\u00f6\u00f6ks on vaja ainult olemasolevat WiFi-\u00fchendust kodus \u2013 pole vaja osta t\u00e4iendavaid jaotureid. Merossiga saate suurte elektriarvetega h\u00fcvasti j\u00e4tta ja raha s\u00e4\u00e4sta!<\/p>\n<p><img decoding=\"async\" src=\"https:\/\/b2b.innpro.pl\/data\/include\/cms\/04Meross\/MSL120EU\/6.jpg?v=1634287201361\" border=\"0\" \/><\/p>\n<h3>Karbis<\/h3>\n<ul>\n<li>Nutikas LED-pirn<\/li>\n<li>Kasutusjuhend<\/li>\n<\/ul>\n<div class=\"table-wrapper\">\n<table>\n<tbody>\n<tr>\n<th>Br\u00e4nd<\/th>\n<td>Meross<\/td>\n<\/tr>\n<tr>\n<th>Mudel<\/th>\n<td>MSL120EU<\/td>\n<\/tr>\n<tr>\n<th>Versioon<\/th>\n<td>EU<\/td>\n<\/tr>\n<tr>\n<th>Sisend<\/th>\n<td>200-240V ~50\/60Hz<\/td>\n<\/tr>\n<tr>\n<th>Heledus<\/th>\n<td>810lm, 60W ekvivalent<\/td>\n<\/tr>\n<tr>\n<th>H\u00e4mardatav<\/th>\n<td>Jah<\/td>\n<\/tr>\n<tr>\n<th>V\u00e4rvitemperatuur<\/th>\n<td>Reguleeritav 2700\u20136500 K<\/td>\n<\/tr>\n<tr>\n<th>RGB<\/th>\n<td>Jah<\/td>\n<\/tr>\n<tr>\n<th>Valgusvihu nurk<\/th>\n<td>180\u00b0<\/td>\n<\/tr>\n<tr>\n<th>Ootere\u017eiimi v\u00f5imsus<\/th>\n<td>&lt;0,5 W<\/td>\n<\/tr>\n<tr>\n<th>Energiatarve<\/th>\n<td>9 W<\/td>\n<\/tr>\n<tr>\n<th>Kasutusiga<\/th>\n<td>Umbes 22,8 aastat umbes 3 tunni p\u00e4evas kasutamisel<\/td>\n<\/tr>\n<tr>\n<th>Vormitegur<\/th>\n<td>A19<\/td>\n<\/tr>\n<tr>\n<th>Antenn<\/th>\n<td>1 sisemine antenn<\/td>\n<\/tr>\n<tr>\n<th>Traadita \u00fchendus standard<\/th>\n<td>IEEE 802.11 b\/g\/n, 2,4 GHz, 1T1R<\/td>\n<\/tr>\n<tr>\n<th>Traadita \u00fchenduse turvalisus<\/th>\n<td>\n<p>Toetab 64\/128-bitist WEP-i, WPA-PSK\/WPA2-PSK-d<\/p>\n<p>*Ei toeta ettev\u00f5tte WiFi-d.<\/p>\n<\/td>\n<\/tr>\n<tr>\n<th>Sertifikaadid<\/th>\n<td>USA: FCC, UL; EL: CE, RoHS, WEEE; JP: Telec, PSE<\/td>\n<\/tr>\n<tr>\n<th>S\u00fcsteemin\u00f5uded<\/th>\n<td>iOS 13.0 v\u00f5i uuem, Android 4.1 v\u00f5i uuem, olemasolev WiFi-\u00fchendus<\/td>\n<\/tr>\n<tr>\n<th>T\u00f6\u00f6temperatuur<\/th>\n<td>0\u201340 \u00b0C<\/td>\n<\/tr>\n<tr>\n<th>S\u00e4ilitustemperatuur<\/th>\n<td>-40\u201370 \u00b0C<\/td>\n<\/tr>\n<tr>\n<th>T\u00f6\u00f6keskkonna \u00f5huniiskus<\/th>\n<td>10\u201390% (mittekondenseeruv)<\/td>\n<\/tr>\n<tr>\n<th>S\u00e4ilituskeskkonna \u00f5huniiskus<\/th>\n<td>5\u201390% (mittekondenseeruv)<\/td>\n<\/tr>\n<tr>\n<th>Rakendus<\/th>\n<td>Meross<\/td>\n<\/tr>\n<tr>\n<th>\u00dchilduvus<\/th>\n<td>Google Assistant, Amazon Alexa, Samsung SmartThings<\/td>\n<\/tr>\n<\/tbody>\n<\/table>\n<\/div>\n","protected":false},"excerpt":{"rendered":"<p>Meross MSL120EU nutikas LED-pirn (mitte HomeKit) Nautige oma valgustuse mugavat kaugjuhtimist ja looge igaks s\u00fcndmuseks ainulaadne atmosf\u00e4\u00e4r. Meross MSL120 nutikas LED-pirn v\u00f5imaldab teil vabalt reguleerida heledust, v\u00e4rvitemperatuuri ja isegi valguse v\u00e4rvi ning on \u00e4\u00e4rmiselt energias\u00e4\u00e4stlik. Saate seda mugavalt kaugjuhtimise teel juhtida Meross rakenduse abil. See \u00fchildub muuhulgas ka Amazon Alexa ja Google Assistantiga, nii et [&#8230;]\n","protected":false},"featured_media":30382,"comment_status":"open","ping_status":"closed","template":"","meta":[],"product_brand":[324],"product_cat":[987],"product_tag":[],"class_list":{"0":"post-30381","1":"product","2":"type-product","3":"status-publish","4":"has-post-thumbnail","6":"product_brand-meross","7":"product_cat-led-bulbs","9":"first","10":"outofstock","11":"taxable","12":"shipping-taxable","13":"purchasable","14":"product-type-simple"},"aioseo_notices":[],"_links":{"self":[{"href":"https:\/\/asura.lv\/et\/wp-json\/wp\/v2\/product\/30381","targetHints":{"allow":["GET"]}}],"collection":[{"href":"https:\/\/asura.lv\/et\/wp-json\/wp\/v2\/product"}],"about":[{"href":"https:\/\/asura.lv\/et\/wp-json\/wp\/v2\/types\/product"}],"replies":[{"embeddable":true,"href":"https:\/\/asura.lv\/et\/wp-json\/wp\/v2\/comments?post=30381"}],"wp:featuredmedia":[{"embeddable":true,"href":"https:\/\/asura.lv\/et\/wp-json\/wp\/v2\/media\/30382"}],"wp:attachment":[{"href":"https:\/\/asura.lv\/et\/wp-json\/wp\/v2\/media?parent=30381"}],"wp:term":[{"taxonomy":"product_brand","embeddable":true,"href":"https:\/\/asura.lv\/et\/wp-json\/wp\/v2\/product_brand?post=30381"},{"taxonomy":"product_cat","embeddable":true,"href":"https:\/\/asura.lv\/et\/wp-json\/wp\/v2\/product_cat?post=30381"},{"taxonomy":"product_tag","embeddable":true,"href":"https:\/\/asura.lv\/et\/wp-json\/wp\/v2\/product_tag?post=30381"}],"curies":[{"name":"wp","href":"https:\/\/api.w.org\/{rel}","templated":true}]}}